{"id":8934,"date":"2025-01-11T07:23:03","date_gmt":"2025-01-11T00:23:03","guid":{"rendered":"https:\/\/ladigi.vn\/thiet-ke-website\/?post_type=product&#038;p=8934"},"modified":"2025-01-11T07:24:43","modified_gmt":"2025-01-11T00:24:43","slug":"theme-wordpress-landing-page-ao-dai","status":"publish","type":"product","link":"https:\/\/ladigi.vn\/thiet-ke-website\/mau-web\/theme-wordpress-landing-page-ao-dai\/","title":{"rendered":"C\u1eeda h\u00e0ng \u00e1o d\u00e0i"},"content":{"rendered":"<h1>\n D\u1ecbch v\u1ee5 Thi\u1ebft k\u1ebf website Theme WordPress Landing page \u00e1o d\u00e0i<br \/>\n<\/h1>\n<p>\n Ch\u00e0o m\u1eebng b\u1ea1n \u0111\u1ebfn v\u1edbi d\u1ecbch v\u1ee5 thi\u1ebft k\u1ebf website chuy\u00ean nghi\u1ec7p cho landing page \u00e1o d\u00e0i! Ch\u00fang t\u00f4i hi\u1ec3u r\u1eb1ng m\u1ed9t trang web \u0111\u1eb9p v\u00e0 d\u1ec5 s\u1eed d\u1ee5ng l\u00e0 y\u1ebfu t\u1ed1 then ch\u1ed1t \u0111\u1ec3 thu h\u00fat kh\u00e1ch h\u00e0ng v\u00e0 t\u1ea1o n\u00ean nh\u1eefng tr\u1ea3i nghi\u1ec7m tuy\u1ec7t v\u1eddi. D\u01b0\u1edbi \u0111\u00e2y l\u00e0 nh\u1eefng \u0111i\u1ec3m n\u1ed5i b\u1eadt c\u1ee7a d\u1ecbch v\u1ee5 ch\u00fang t\u00f4i cung c\u1ea5p:\n<\/p>\n<h2>\n Giao di\u1ec7n web \u0111\u1eb9p, chuy\u00ean nghi\u1ec7p, d\u1ec5 s\u1eed d\u1ee5ng<br \/>\n<\/h2>\n<p>\n Ch\u00fang t\u00f4i cam k\u1ebft mang \u0111\u1ebfn cho b\u1ea1n m\u1ed9t giao di\u1ec7n website \u0111\u01b0\u1ee3c thi\u1ebft k\u1ebf tinh t\u1ebf, chuy\u00ean nghi\u1ec7p, v\u00e0 d\u1ec5 d\u00e0ng s\u1eed d\u1ee5ng. T\u1eebng chi ti\u1ebft nh\u1ecf \u0111\u1ec1u \u0111\u01b0\u1ee3c ch\u0103m ch\u00fat c\u1ea9n th\u1eadn \u0111\u1ec3 t\u1ea1o n\u00ean v\u1ebb \u0111\u1eb9p ho\u00e0n h\u1ea3o cho trang web c\u1ee7a b\u1ea1n.\n<\/p>\n<h2>\n T\u01b0\u01a1ng th\u00edch tr\u00ean m\u1ecdi thi\u1ebft b\u1ecb<br \/>\n<\/h2>\n<p>\n Trang web c\u1ee7a b\u1ea1n s\u1ebd \u0111\u01b0\u1ee3c t\u1ed1i \u01b0u h\u00f3a \u0111\u1ec3 hi\u1ec3n th\u1ecb ho\u00e0n h\u1ea3o tr\u00ean m\u1ecdi thi\u1ebft b\u1ecb, t\u1eeb m\u00e1y t\u00ednh, m\u00e1y t\u00ednh b\u1ea3ng \u0111\u1ebfn \u0111i\u1ec7n tho\u1ea1i di \u0111\u1ed9ng. \u0110i\u1ec1u n\u00e0y gi\u00fap kh\u00e1ch h\u00e0ng d\u1ec5 d\u00e0ng ti\u1ebfp c\u1eadn v\u00e0 tr\u1ea3i nghi\u1ec7m s\u1ea3n ph\u1ea9m \u00e1o d\u00e0i m\u1ecdi l\u00fac, m\u1ecdi n\u01a1i.\n<\/p>\n<h2>\n M\u00e3 ngu\u1ed3n WordPress v\u1edbi Theme Flatsome v\u00e0 UX Builder d\u1ec5 t\u00f9y bi\u1ebfn<br \/>\n<\/h2>\n<p>\n Ch\u00fang t\u00f4i s\u1eed d\u1ee5ng m\u00e3 ngu\u1ed3n WordPress c\u00f9ng v\u1edbi Theme Flatsome, k\u1ebft h\u1ee3p v\u1edbi UX Builder, gi\u00fap vi\u1ec7c t\u00f9y bi\u1ebfn giao di\u1ec7n tr\u1edf n\u00ean d\u1ec5 d\u00e0ng v\u00e0 linh ho\u1ea1t. B\u1ea1n c\u00f3 th\u1ec3 t\u1ef1 do \u0111i\u1ec1u ch\u1ec9nh phong c\u00e1ch v\u00e0 n\u1ed9i dung c\u1ee7a trang web m\u00e0 kh\u00f4ng c\u1ea7n ph\u1ea3i c\u00f3 ki\u1ebfn th\u1ee9c l\u1eadp tr\u00ecnh.\n<\/p>\n<h2>\n T\u1ed1c \u0111\u1ed9 t\u1ea3i trang nhanh<br \/>\n<\/h2>\n<p>\n T\u1ed1c \u0111\u1ed9 t\u1ea3i trang l\u00e0 m\u1ed9t trong nh\u1eefng y\u1ebfu t\u1ed1 quan tr\u1ecdng \u1ea3nh h\u01b0\u1edfng \u0111\u1ebfn tr\u1ea3i nghi\u1ec7m ng\u01b0\u1eddi d\u00f9ng. Ch\u00fang t\u00f4i \u0111\u1ea3m b\u1ea3o r\u1eb1ng trang web c\u1ee7a b\u1ea1n s\u1ebd c\u00f3 t\u1ed1c \u0111\u1ed9 t\u1ea3i nhanh, gi\u00fap gi\u1eef ch\u00e2n kh\u00e1ch h\u00e0ng v\u00e0 n\u00e2ng cao kh\u1ea3 n\u0103ng chuy\u1ec3n \u0111\u1ed5i.\n<\/p>\n<h3>\n Gi\u1edbi thi\u1ec7u \u0111\u01a1n v\u1ecb thi\u1ebft k\u1ebf website LADIGI<br \/>\n<\/h3>\n<p>\n Ch\u00fang t\u00f4i,<br \/>\n <a href=\"https:\/\/ladigi.vn\/thiet-ke-website\/\"><br \/>\n  LADIGI Agency<br \/>\n <\/a><br \/>\n , chuy\u00ean cung c\u1ea5p d\u1ecbch v\u1ee5 thi\u1ebft k\u1ebf website hi\u1ec7n \u0111\u1ea1i, \u0111\u1ed9c \u0111\u00e1o v\u00e0 t\u1ed1i \u01b0u h\u00f3a cho SEO. H\u00e3y \u0111\u1ec3 ch\u00fang t\u00f4i gi\u00fap b\u1ea1n x\u00e2y d\u1ef1ng m\u1ed9t trang web \u00e1o d\u00e0i \u1ea5n t\u01b0\u1ee3ng, g\u00f3p ph\u1ea7n v\u00e0o s\u1ef1 ph\u00e1t tri\u1ec3n th\u01b0\u01a1ng hi\u1ec7u c\u1ee7a b\u1ea1n!<\/p>\n","protected":false},"excerpt":{"rendered":"<p>D\u1ecbch v\u1ee5 thi\u1ebft k\u1ebf website Theme WordPress Landing page \u00e1o d\u00e0i cung c\u1ea5p giao di\u1ec7n \u0111\u1eb9p, chuy\u00ean nghi\u1ec7p v\u00e0 d\u1ec5 s\u1eed d\u1ee5ng. Website t\u01b0\u01a1ng th\u00edch tr\u00ean m\u1ecdi thi\u1ebft b\u1ecb, s\u1eed d\u1ee5ng m\u00e3 ngu\u1ed3n WordPress v\u1edbi Theme Flatsome v\u00e0 UX Builder d\u1ec5 t\u00f9y bi\u1ebfn. T\u1ed1c \u0111\u1ed9 t\u1ea3i trang nhanh, thu h\u00fat kh\u00e1ch h\u00e0ng ngay t\u1eeb c\u00e1i nh\u00ecn \u0111\u1ea7u ti\u00ean.<\/p>\n","protected":false},"featured_media":8935,"comment_status":"open","ping_status":"closed","template":"","meta":[],"product_cat":[16],"product_tag":[],"class_list":{"0":"post-8934","1":"product","2":"type-product","3":"status-publish","4":"has-post-thumbnail","6":"product_cat-tat-ca","8":"first","9":"instock","10":"shipping-taxable","11":"product-type-external"},"_links":{"self":[{"href":"https:\/\/ladigi.vn\/thiet-ke-website\/wp-json\/wp\/v2\/product\/8934","targetHints":{"allow":["GET"]}}],"collection":[{"href":"https:\/\/ladigi.vn\/thiet-ke-website\/wp-json\/wp\/v2\/product"}],"about":[{"href":"https:\/\/ladigi.vn\/thiet-ke-website\/wp-json\/wp\/v2\/types\/product"}],"replies":[{"embeddable":true,"href":"https:\/\/ladigi.vn\/thiet-ke-website\/wp-json\/wp\/v2\/comments?post=8934"}],"wp:featuredmedia":[{"embeddable":true,"href":"https:\/\/ladigi.vn\/thiet-ke-website\/wp-json\/wp\/v2\/media\/8935"}],"wp:attachment":[{"href":"https:\/\/ladigi.vn\/thiet-ke-website\/wp-json\/wp\/v2\/media?parent=8934"}],"wp:term":[{"taxonomy":"product_cat","embeddable":true,"href":"https:\/\/ladigi.vn\/thiet-ke-website\/wp-json\/wp\/v2\/product_cat?post=8934"},{"taxonomy":"product_tag","embeddable":true,"href":"https:\/\/ladigi.vn\/thiet-ke-website\/wp-json\/wp\/v2\/product_tag?post=8934"}],"curies":[{"name":"wp","href":"https:\/\/api.w.org\/{rel}","templated":true}]}}