{"id":8944,"date":"2025-01-12T08:34:56","date_gmt":"2025-01-12T01:34:56","guid":{"rendered":"https:\/\/ladigi.vn\/thiet-ke-website\/?post_type=product&#038;p=8944"},"modified":"2025-01-12T19:38:03","modified_gmt":"2025-01-12T12:38:03","slug":"theme-wordpress-landing-page-du-hoc-nghe","status":"publish","type":"product","link":"https:\/\/ladigi.vn\/thiet-ke-website\/mau-web\/theme-wordpress-landing-page-du-hoc-nghe\/","title":{"rendered":"Du h\u1ecdc ngh\u1ec1"},"content":{"rendered":"<p>\n Ch\u00e0o m\u1ecdi ng\u01b0\u1eddi,\n<\/p>\n<p>\n B\u1ea1n \u0111ang c\u00f3 nhu c\u1ea7u t\u00ecm ki\u1ebfm m\u1ed9t giao di\u1ec7n website \u0111\u1eb9p, chuy\u00ean nghi\u1ec7p v\u00e0 d\u1ec5 s\u1eed d\u1ee5ng \u0111\u1ec3 qu\u1ea3ng b\u00e1 d\u1ecbch v\u1ee5 du h\u1ecdc ngh\u1ec1 c\u1ee7a m\u00ecnh? B\u1ea1n lo l\u1eafng v\u1ec1 vi\u1ec7c kh\u00f4ng c\u00f3 ki\u1ebfn th\u1ee9c v\u1ec1 l\u1eadp tr\u00ecnh v\u00e0 thi\u1ebft k\u1ebf website? \u0110\u1eebng lo, v\u00ec d\u1ecbch v\u1ee5 Thi\u1ebft k\u1ebf website Theme WordPress landing page du h\u1ecdc ngh\u1ec1 c\u1ee7a ch\u00fang t\u00f4i s\u1ebd gi\u00fap b\u1ea1n gi\u1ea3i quy\u1ebft m\u1ecdi v\u1ea5n \u0111\u1ec1 \u0111\u00f3.\n<\/p>\n<p>\n Giao di\u1ec7n web l\u00e0 m\u1ed9t y\u1ebfu t\u1ed1 quan tr\u1ecdng \u0111\u1ec3 thu h\u00fat kh\u00e1ch h\u00e0ng v\u00e0 t\u1ea1o d\u1ef1ng ni\u1ec1m tin cho kh\u00e1ch h\u00e0ng v\u1ec1 d\u1ecbch v\u1ee5 c\u1ee7a b\u1ea1n. V\u1edbi s\u1ef1 ph\u00e1t tri\u1ec3n c\u1ee7a c\u00f4ng ngh\u1ec7, vi\u1ec7c s\u1edf h\u1eefu m\u1ed9t website t\u01b0\u01a1ng th\u00edch tr\u00ean m\u1ecdi thi\u1ebft b\u1ecb l\u00e0 \u0111i\u1ec1u c\u1ea7n thi\u1ebft. Ch\u00ednh v\u00ec v\u1eady, ch\u00fang t\u00f4i cam k\u1ebft s\u1ebd thi\u1ebft k\u1ebf cho b\u1ea1n m\u1ed9t giao di\u1ec7n web ho\u00e0n h\u1ea3o, t\u01b0\u01a1ng th\u00edch tr\u00ean m\u1ecdi thi\u1ebft b\u1ecb nh\u01b0 m\u00e1y t\u00ednh, \u0111i\u1ec7n tho\u1ea1i v\u00e0 m\u00e1y t\u00ednh b\u1ea3ng.\n<\/p>\n<p>\n \u0110\u1ec3 \u0111\u1ea3m b\u1ea3o t\u00ednh chuy\u00ean nghi\u1ec7p v\u00e0 d\u1ec5 s\u1eed d\u1ee5ng cho website c\u1ee7a b\u1ea1n, ch\u00fang t\u00f4i s\u1eed d\u1ee5ng m\u00e3 ngu\u1ed3n WordPress v\u1edbi Theme Flatsome v\u00e0 UX Builder. \u0110\u00e2y l\u00e0 nh\u1eefng c\u00f4ng c\u1ee5 \u0111\u01b0\u1ee3c \u0111\u00e1nh gi\u00e1 cao trong vi\u1ec7c t\u1ea1o ra giao di\u1ec7n web \u0111\u1eb9p v\u00e0 d\u1ec5 t\u00f9y bi\u1ebfn. V\u1edbi s\u1ef1 s\u00e1ng t\u1ea1o v\u00e0 kinh nghi\u1ec7m c\u1ee7a \u0111\u1ed9i ng\u0169 thi\u1ebft k\u1ebf c\u1ee7a ch\u00fang t\u00f4i, ch\u00fang t\u00f4i cam k\u1ebft s\u1ebd mang \u0111\u1ebfn cho b\u1ea1n m\u1ed9t website \u0111\u1eb9p v\u00e0 chuy\u00ean nghi\u1ec7p nh\u1ea5t.\n<\/p>\n<p>\n Ngo\u00e0i ra, ch\u00fang t\u00f4i c\u00f2n \u0111\u1ea3m b\u1ea3o t\u1ed1c \u0111\u1ed9 t\u1ea3i trang nhanh \u0111\u1ec3 \u0111\u1ea3m b\u1ea3o tr\u1ea3i nghi\u1ec7m t\u1ed1t nh\u1ea5t cho ng\u01b0\u1eddi d\u00f9ng. V\u1edbi vi\u1ec7c t\u1ed1i \u01b0u h\u00f3a m\u00e3 ngu\u1ed3n v\u00e0 h\u1ec7 th\u1ed1ng hosting ch\u1ea5t l\u01b0\u1ee3ng, ch\u00fang t\u00f4i cam k\u1ebft s\u1ebd gi\u00fap website c\u1ee7a b\u1ea1n t\u1ea3i nhanh v\u00e0 m\u01b0\u1ee3t m\u00e0 tr\u00ean m\u1ecdi thi\u1ebft b\u1ecb.\n<\/p>\n<p>\n V\u1edbi kinh nghi\u1ec7m v\u00e0 t\u00e2m huy\u1ebft trong l\u0129nh v\u1ef1c thi\u1ebft k\u1ebf website, ch\u00fang t\u00f4i t\u1ef1 tin mang \u0111\u1ebfn cho b\u1ea1n d\u1ecbch v\u1ee5 t\u1ed1t nh\u1ea5t. LADIGI Agency l\u00e0 \u0111\u01a1n v\u1ecb chuy\u00ean thi\u1ebft k\u1ebf website chuy\u00ean nghi\u1ec7p v\u1edbi nhi\u1ec1u n\u0103m kinh nghi\u1ec7m trong l\u0129nh v\u1ef1c n\u00e0y. Ch\u00fang t\u00f4i cam k\u1ebft s\u1ebd mang \u0111\u1ebfn cho b\u1ea1n m\u1ed9t website \u0111\u1eb9p, chuy\u00ean nghi\u1ec7p v\u00e0 hi\u1ec7u qu\u1ea3 nh\u1ea5t.\n<\/p>\n<p>\n \u0110\u1eebng ch\u1ea7n ch\u1eeb n\u1eefa, h\u00e3y li\u00ean h\u1ec7 v\u1edbi ch\u00fang t\u00f4i ngay h\u00f4m nay \u0111\u1ec3 \u0111\u01b0\u1ee3c t\u01b0 v\u1ea5n v\u00e0 thi\u1ebft k\u1ebf website theo \u00fd c\u1ee7a b\u1ea1n. V\u1edbi d\u1ecbch v\u1ee5 Thi\u1ebft k\u1ebf website Theme WordPress landing page du h\u1ecdc ngh\u1ec1 c\u1ee7a ch\u00fang t\u00f4i, b\u1ea1n s\u1ebd kh\u00f4ng ph\u1ea3i lo l\u1eafng v\u1ec1 vi\u1ec7c thi\u1ebft k\u1ebf v\u00e0 qu\u1ea3n l\u00fd website n\u1eefa. H\u00e3y \u0111\u1ec3 ch\u00fang t\u00f4i gi\u00fap b\u1ea1n th\u00e0nh c\u00f4ng tr\u00ean con \u0111\u01b0\u1eddng du h\u1ecdc ngh\u1ec1 c\u1ee7a m\u00ecnh.\n<\/p>\n<p>\n <a href=\"https:\/\/ladigi.vn\/thiet-ke-website\/\"><br \/>\n  Thi\u1ebft k\u1ebf giao di\u1ec7n website LADIGI<br \/>\n <\/a><br \/>\n &#8211; Ch\u00fang t\u00f4i cam k\u1ebft s\u1ebd mang \u0111\u1ebfn cho b\u1ea1n m\u1ed9t website \u0111\u1eb9p, chuy\u00ean nghi\u1ec7p v\u00e0 hi\u1ec7u qu\u1ea3 nh\u1ea5t. H\u00e3y \u0111\u1ec3 ch\u00fang t\u00f4i tr\u1edf th\u00e0nh \u0111\u1ed1i t\u00e1c tin c\u1eady c\u1ee7a b\u1ea1n trong vi\u1ec7c ph\u00e1t tri\u1ec3n d\u1ecbch v\u1ee5 du h\u1ecdc ngh\u1ec1 c\u1ee7a b\u1ea1n.<\/p>\n","protected":false},"excerpt":{"rendered":"<p>D\u1ecbch v\u1ee5 Thi\u1ebft k\u1ebf website Theme WordPress landing page du h\u1ecdc ngh\u1ec1 mang \u0111\u1ebfn cho kh\u00e1ch h\u00e0ng m\u1ed9t trang web \u0111\u1eb9p v\u00e0 chuy\u00ean nghi\u1ec7p v\u1edbi giao di\u1ec7n d\u1ec5 s\u1eed d\u1ee5ng. V\u1edbi s\u1ef1 t\u01b0\u01a1ng th\u00edch tr\u00ean m\u1ecdi thi\u1ebft b\u1ecb, kh\u00e1ch h\u00e0ng c\u00f3 th\u1ec3 truy c\u1eadp trang web m\u1ecdi l\u00fac, m\u1ecdi n\u01a1i. \u0110\u01b0\u1ee3c x\u00e2y d\u1ef1ng tr\u00ean m\u00e3 ngu\u1ed3n WordPress v\u00e0 s\u1eed d\u1ee5ng Theme Flatsome v\u00e0 UX Builder, trang web c\u00f3 th\u1ec3 d\u1ec5 d\u00e0ng t\u00f9y bi\u1ebfn \u0111\u1ec3 ph\u00f9 h\u1ee3p v\u1edbi nhu c\u1ea7u c\u1ee7a kh\u00e1ch h\u00e0ng. Ngo\u00e0i ra, t\u1ed1c \u0111\u1ed9 t\u1ea3i trang nhanh c\u0169ng l\u00e0 m\u1ed9t \u0111i\u1ec3m n\u1ed5i b\u1eadt c\u1ee7a d\u1ecbch v\u1ee5 n\u00e0y.<\/p>\n","protected":false},"featured_media":8945,"comment_status":"open","ping_status":"closed","template":"","meta":[],"product_cat":[16],"product_tag":[],"class_list":{"0":"post-8944","1":"product","2":"type-product","3":"status-publish","4":"has-post-thumbnail","6":"product_cat-tat-ca","8":"first","9":"instock","10":"shipping-taxable","11":"product-type-external"},"_links":{"self":[{"href":"https:\/\/ladigi.vn\/thiet-ke-website\/wp-json\/wp\/v2\/product\/8944","targetHints":{"allow":["GET"]}}],"collection":[{"href":"https:\/\/ladigi.vn\/thiet-ke-website\/wp-json\/wp\/v2\/product"}],"about":[{"href":"https:\/\/ladigi.vn\/thiet-ke-website\/wp-json\/wp\/v2\/types\/product"}],"replies":[{"embeddable":true,"href":"https:\/\/ladigi.vn\/thiet-ke-website\/wp-json\/wp\/v2\/comments?post=8944"}],"wp:featuredmedia":[{"embeddable":true,"href":"https:\/\/ladigi.vn\/thiet-ke-website\/wp-json\/wp\/v2\/media\/8945"}],"wp:attachment":[{"href":"https:\/\/ladigi.vn\/thiet-ke-website\/wp-json\/wp\/v2\/media?parent=8944"}],"wp:term":[{"taxonomy":"product_cat","embeddable":true,"href":"https:\/\/ladigi.vn\/thiet-ke-website\/wp-json\/wp\/v2\/product_cat?post=8944"},{"taxonomy":"product_tag","embeddable":true,"href":"https:\/\/ladigi.vn\/thiet-ke-website\/wp-json\/wp\/v2\/product_tag?post=8944"}],"curies":[{"name":"wp","href":"https:\/\/api.w.org\/{rel}","templated":true}]}}