{"id":8946,"date":"2025-01-12T11:30:46","date_gmt":"2025-01-12T04:30:46","guid":{"rendered":"https:\/\/ladigi.vn\/thiet-ke-website\/?post_type=product&#038;p=8946"},"modified":"2025-01-12T11:32:26","modified_gmt":"2025-01-12T04:32:26","slug":"theme-wordpress-landing-page-dau-tu-trai-phieu-tai-chinh","status":"publish","type":"product","link":"https:\/\/ladigi.vn\/thiet-ke-website\/mau-web\/theme-wordpress-landing-page-dau-tu-trai-phieu-tai-chinh\/","title":{"rendered":"T\u00e0i ch\u00ednh\/tr\u00e1i phi\u1ebfu"},"content":{"rendered":"<p>\n Ch\u00e0o m\u1ecdi ng\u01b0\u1eddi,\n<\/p>\n<p>\n B\u1ea1n \u0111ang t\u00ecm ki\u1ebfm m\u1ed9t giao di\u1ec7n web \u0111\u1eb9p, chuy\u00ean nghi\u1ec7p v\u00e0 d\u1ec5 s\u1eed d\u1ee5ng \u0111\u1ec3 qu\u1ea3ng b\u00e1 d\u1ecbch v\u1ee5 \u0111\u1ea7u t\u01b0 tr\u00e1i phi\u1ebfu t\u00e0i ch\u00ednh c\u1ee7a m\u00ecnh? H\u00e3y \u0111\u1ec3 LADIGI Agency gi\u00fap b\u1ea1n v\u1edbi d\u1ecbch v\u1ee5 Thi\u1ebft k\u1ebf website Theme WordPress landing page \u0111\u1ea7u t\u01b0 tr\u00e1i phi\u1ebfu t\u00e0i ch\u00ednh.\n<\/p>\n<p>\n V\u1edbi s\u1ef1 ph\u00e1t tri\u1ec3n c\u1ee7a c\u00f4ng ngh\u1ec7, vi\u1ec7c s\u1edf h\u1eefu m\u1ed9t giao di\u1ec7n web \u0111\u1eb9p v\u00e0 chuy\u00ean nghi\u1ec7p l\u00e0 \u0111i\u1ec1u c\u1ea7n thi\u1ebft \u0111\u1ec3 thu h\u00fat kh\u00e1ch h\u00e0ng v\u00e0 t\u1ea1o s\u1ef1 tin t\u01b0\u1edfng cho d\u1ecbch v\u1ee5 c\u1ee7a b\u1ea1n. V\u1edbi d\u1ecbch v\u1ee5 Thi\u1ebft k\u1ebf website Theme WordPress landing page \u0111\u1ea7u t\u01b0 tr\u00e1i phi\u1ebfu t\u00e0i ch\u00ednh c\u1ee7a LADIGI Agency, b\u1ea1n s\u1ebd \u0111\u01b0\u1ee3c tr\u1ea3i nghi\u1ec7m nh\u1eefng t\u00ednh n\u0103ng v\u01b0\u1ee3t tr\u1ed9i nh\u01b0:\n<\/p>\n<ul>\n<li>\n  Giao di\u1ec7n web \u0111\u01b0\u1ee3c thi\u1ebft k\u1ebf \u0111\u1eb9p v\u00e0 chuy\u00ean nghi\u1ec7p, gi\u00fap t\u0103ng t\u00ednh th\u1ea9m m\u1ef9 v\u00e0 \u0111\u1ed9 tin c\u1eady c\u1ee7a d\u1ecbch v\u1ee5 c\u1ee7a b\u1ea1n.\n <\/li>\n<li>\n  T\u01b0\u01a1ng th\u00edch tr\u00ean m\u1ecdi thi\u1ebft b\u1ecb, gi\u00fap kh\u00e1ch h\u00e0ng d\u1ec5 d\u00e0ng truy c\u1eadp v\u00e0 tr\u1ea3i nghi\u1ec7m d\u1ecbch v\u1ee5 c\u1ee7a b\u1ea1n tr\u00ean m\u1ecdi n\u1ec1n t\u1ea3ng.\n <\/li>\n<li>\n  S\u1eed d\u1ee5ng m\u00e3 ngu\u1ed3n WordPress v\u1edbi Theme Flatsome v\u00e0 UX Builder, gi\u00fap b\u1ea1n d\u1ec5 d\u00e0ng t\u00f9y bi\u1ebfn giao di\u1ec7n web theo \u00fd mu\u1ed1n v\u00e0 \u0111\u00e1p \u1ee9ng \u0111\u01b0\u1ee3c nh\u1eefng y\u00eau c\u1ea7u c\u1ee5 th\u1ec3 c\u1ee7a d\u1ecbch v\u1ee5 \u0111\u1ea7u t\u01b0 tr\u00e1i phi\u1ebfu t\u00e0i ch\u00ednh.\n <\/li>\n<li>\n  T\u1ed1c \u0111\u1ed9 t\u1ea3i trang nhanh, gi\u00fap kh\u00e1ch h\u00e0ng c\u00f3 tr\u1ea3i nghi\u1ec7m t\u1ed1t h\u01a1n v\u00e0 t\u0103ng kh\u1ea3 n\u0103ng t\u01b0\u01a1ng t\u00e1c v\u1edbi giao di\u1ec7n web c\u1ee7a b\u1ea1n.\n <\/li>\n<\/ul>\n<p>\n V\u1edbi \u0111\u1ed9i ng\u0169 nh\u00e2n vi\u00ean gi\u00e0u kinh nghi\u1ec7m v\u00e0 t\u00e0i n\u0103ng, LADIGI Agency cam k\u1ebft \u0111em \u0111\u1ebfn cho b\u1ea1n m\u1ed9t giao di\u1ec7n web \u0111\u1eb9p, chuy\u00ean nghi\u1ec7p v\u00e0 t\u1ed1i \u01b0u h\u00f3a hi\u1ec7u qu\u1ea3 cho d\u1ecbch v\u1ee5 \u0111\u1ea7u t\u01b0 tr\u00e1i phi\u1ebfu t\u00e0i ch\u00ednh c\u1ee7a b\u1ea1n.\n<\/p>\n<p>\n \u0110\u1eebng ch\u1ea7n ch\u1eeb n\u1eefa, h\u00e3y \u0111\u1ebfn v\u1edbi LADIGI Agency \u0111\u1ec3 \u0111\u01b0\u1ee3c t\u01b0 v\u1ea5n v\u00e0 thi\u1ebft k\u1ebf m\u1ed9t giao di\u1ec7n web chuy\u00ean nghi\u1ec7p cho d\u1ecbch v\u1ee5 c\u1ee7a b\u1ea1n. Xem th\u00eam th\u00f4ng tin t\u1ea1i<br \/>\n <a href=\"https:\/\/ladigi.vn\/thiet-ke-website\/\"><br \/>\n  \u0111\u00e2y<br \/>\n <\/a><br \/>\n ho\u1eb7c li\u00ean h\u1ec7 v\u1edbi ch\u00fang t\u00f4i qua hotline: 0123 456 789 \u0111\u1ec3 bi\u1ebft th\u00eam chi ti\u1ebft.\n<\/p>\n<p>\n Ch\u00fang t\u00f4i lu\u00f4n s\u1eb5n s\u00e0ng h\u1ed7 tr\u1ee3 b\u1ea1n trong m\u1ecdi v\u1ea5n \u0111\u1ec1 li\u00ean quan \u0111\u1ebfn thi\u1ebft k\u1ebf website. H\u00e3y \u0111\u1ec3 LADIGI Agency tr\u1edf th\u00e0nh \u0111\u1ed1i t\u00e1c \u0111\u00e1ng tin c\u1eady c\u1ee7a b\u1ea1n trong vi\u1ec7c qu\u1ea3ng b\u00e1 d\u1ecbch v\u1ee5 \u0111\u1ea7u t\u01b0 tr\u00e1i phi\u1ebfu t\u00e0i ch\u00ednh.\n<\/p>\n<p>\n Tr\u00e2n tr\u1ecdng,\n<\/p>\n<p>\n LADIGI Agency<\/p>\n","protected":false},"excerpt":{"rendered":"<p>D\u1ecbch v\u1ee5 Thi\u1ebft k\u1ebf website Theme WordPress landing page \u0111\u1ea7u t\u01b0 tr\u00e1i phi\u1ebfu t\u00e0i ch\u00ednh mang \u0111\u1ebfn cho kh\u00e1ch h\u00e0ng m\u1ed9t giao di\u1ec7n web \u0111\u1eb9p v\u00e0 chuy\u00ean nghi\u1ec7p, d\u1ec5 s\u1eed d\u1ee5ng tr\u00ean m\u1ecdi thi\u1ebft b\u1ecb. V\u1edbi s\u1eed d\u1ee5ng m\u00e3 ngu\u1ed3n Wordpress v\u00e0 Theme Flatsome c\u00f9ng UX Builder, kh\u00e1ch h\u00e0ng c\u00f3 th\u1ec3 d\u1ec5 d\u00e0ng t\u00f9y bi\u1ebfn n\u1ed9i dung trang web theo \u00fd mu\u1ed1n. \u0110\u1eb7c bi\u1ec7t, t\u1ed1c \u0111\u1ed9 t\u1ea3i trang nhanh gi\u00fap kh\u00e1ch h\u00e0ng ti\u1ebft ki\u1ec7m th\u1eddi gian v\u00e0 \u0111\u1ea3m b\u1ea3o tr\u1ea3i nghi\u1ec7m t\u1ed1t nh\u1ea5t cho ng\u01b0\u1eddi d\u00f9ng.<\/p>\n","protected":false},"featured_media":8947,"comment_status":"open","ping_status":"closed","template":"","meta":[],"product_cat":[16],"product_tag":[],"class_list":{"0":"post-8946","1":"product","2":"type-product","3":"status-publish","4":"has-post-thumbnail","6":"product_cat-tat-ca","8":"first","9":"instock","10":"shipping-taxable","11":"product-type-external"},"_links":{"self":[{"href":"https:\/\/ladigi.vn\/thiet-ke-website\/wp-json\/wp\/v2\/product\/8946","targetHints":{"allow":["GET"]}}],"collection":[{"href":"https:\/\/ladigi.vn\/thiet-ke-website\/wp-json\/wp\/v2\/product"}],"about":[{"href":"https:\/\/ladigi.vn\/thiet-ke-website\/wp-json\/wp\/v2\/types\/product"}],"replies":[{"embeddable":true,"href":"https:\/\/ladigi.vn\/thiet-ke-website\/wp-json\/wp\/v2\/comments?post=8946"}],"wp:featuredmedia":[{"embeddable":true,"href":"https:\/\/ladigi.vn\/thiet-ke-website\/wp-json\/wp\/v2\/media\/8947"}],"wp:attachment":[{"href":"https:\/\/ladigi.vn\/thiet-ke-website\/wp-json\/wp\/v2\/media?parent=8946"}],"wp:term":[{"taxonomy":"product_cat","embeddable":true,"href":"https:\/\/ladigi.vn\/thiet-ke-website\/wp-json\/wp\/v2\/product_cat?post=8946"},{"taxonomy":"product_tag","embeddable":true,"href":"https:\/\/ladigi.vn\/thiet-ke-website\/wp-json\/wp\/v2\/product_tag?post=8946"}],"curies":[{"name":"wp","href":"https:\/\/api.w.org\/{rel}","templated":true}]}}