{"id":8948,"date":"2025-01-11T08:02:18","date_gmt":"2025-01-11T01:02:18","guid":{"rendered":"https:\/\/ladigi.vn\/thiet-ke-website\/?post_type=product&#038;p=8948"},"modified":"2025-01-12T08:29:13","modified_gmt":"2025-01-12T01:29:13","slug":"theme-wordpress-landing-page-bim-cho-be","status":"publish","type":"product","link":"https:\/\/ladigi.vn\/thiet-ke-website\/mau-web\/theme-wordpress-landing-page-bim-cho-be\/","title":{"rendered":"Landing Page B\u1ec9m cho b\u00e9 => B\u1ec9m cho b\u00e9"},"content":{"rendered":"<p>\n Ch\u00e0o m\u1ecdi ng\u01b0\u1eddi,\n<\/p>\n<p>\n B\u1ea1n \u0111ang t\u00ecm ki\u1ebfm m\u1ed9t giao di\u1ec7n website \u0111\u1eb9p, chuy\u00ean nghi\u1ec7p v\u00e0 d\u1ec5 s\u1eed d\u1ee5ng \u0111\u1ec3 qu\u1ea3ng b\u00e1 s\u1ea3n ph\u1ea9m b\u1ec9m cho b\u00e9 c\u1ee7a m\u00ecnh? V\u1eady th\u00ec h\u00e3y \u0111\u1ebfn v\u1edbi d\u1ecbch v\u1ee5 Thi\u1ebft k\u1ebf website Theme WordPress landing page b\u1ec9m cho b\u00e9 c\u1ee7a ch\u00fang t\u00f4i!\n<\/p>\n<p>\n V\u1edbi s\u1ef1 ph\u00e1t tri\u1ec3n kh\u00f4ng ng\u1eebng c\u1ee7a c\u00f4ng ngh\u1ec7, vi\u1ec7c c\u00f3 m\u1ed9t website \u0111\u1ec3 gi\u1edbi thi\u1ec7u s\u1ea3n ph\u1ea9m c\u1ee7a m\u00ecnh \u0111\u00e3 tr\u1edf th\u00e0nh m\u1ed9t ph\u1ea7n quan tr\u1ecdng trong chi\u1ebfn l\u01b0\u1ee3c kinh doanh c\u1ee7a c\u00e1c doanh nghi\u1ec7p. Ch\u00ednh v\u00ec v\u1eady, ch\u00fang t\u00f4i \u0111\u00e3 nghi\u00ean c\u1ee9u v\u00e0 ph\u00e1t tri\u1ec3n d\u1ecbch v\u1ee5 thi\u1ebft k\u1ebf website Theme WordPress landing page b\u1ec9m cho b\u00e9, nh\u1eb1m mang \u0111\u1ebfn cho kh\u00e1ch h\u00e0ng m\u1ed9t giao di\u1ec7n \u0111\u1eb9p m\u1eaft, chuy\u00ean nghi\u1ec7p v\u00e0 d\u1ec5 s\u1eed d\u1ee5ng.\n<\/p>\n<p>\n Giao di\u1ec7n web \u0111\u01b0\u1ee3c thi\u1ebft k\u1ebf b\u1edfi \u0111\u1ed9i ng\u0169 thi\u1ebft k\u1ebf chuy\u00ean nghi\u1ec7p c\u1ee7a ch\u00fang t\u00f4i, \u0111\u1ea3m b\u1ea3o s\u1ebd l\u00e0m h\u00e0i l\u00f2ng c\u1ea3 nh\u1eefng kh\u00e1ch h\u00e0ng kh\u00f3 t\u00ednh nh\u1ea5t. V\u1edbi s\u1ef1 tinh t\u1ebf v\u00e0 s\u00e1ng t\u1ea1o, ch\u00fang t\u00f4i cam k\u1ebft s\u1ebd th\u1ec3 hi\u1ec7n \u0111\u01b0\u1ee3c \u0111\u1ea7y \u0111\u1ee7 th\u00f4ng tin v\u1ec1 s\u1ea3n ph\u1ea9m b\u1ec9m cho b\u00e9 c\u1ee7a b\u1ea1n m\u1ed9t c\u00e1ch r\u00f5 r\u00e0ng v\u00e0 h\u1ea5p d\u1eabn.\n<\/p>\n<p>\n M\u1ed9t \u0111i\u1ec3m \u0111\u00e1ng ch\u00fa \u00fd kh\u00e1c c\u1ee7a giao di\u1ec7n web n\u00e0y l\u00e0 t\u00ednh t\u01b0\u01a1ng th\u00edch tr\u00ean m\u1ecdi thi\u1ebft b\u1ecb. V\u1edbi s\u1ef1 ph\u1ed5 bi\u1ebfn c\u1ee7a \u0111i\u1ec7n tho\u1ea1i th\u00f4ng minh v\u00e0 m\u00e1y t\u00ednh b\u1ea3ng, vi\u1ec7c c\u00f3 m\u1ed9t giao di\u1ec7n web t\u01b0\u01a1ng th\u00edch tr\u00ean c\u00e1c thi\u1ebft b\u1ecb n\u00e0y l\u00e0 v\u00f4 c\u00f9ng quan tr\u1ecdng. Ch\u00fang t\u00f4i cam k\u1ebft giao di\u1ec7n web c\u1ee7a b\u1ea1n s\u1ebd hi\u1ec3n th\u1ecb \u0111\u1ea7y \u0111\u1ee7 v\u00e0 \u0111\u1eb9p m\u1eaft tr\u00ean m\u1ecdi lo\u1ea1i thi\u1ebft b\u1ecb.\n<\/p>\n<p>\n \u0110\u1ec3 \u0111\u1ea3m b\u1ea3o t\u00ednh t\u00f9y bi\u1ebfn cao v\u00e0 d\u1ec5 d\u00e0ng s\u1eed d\u1ee5ng, ch\u00fang t\u00f4i s\u1eed d\u1ee5ng m\u00e3 ngu\u1ed3n WordPress v\u1edbi Theme Flatsome v\u00e0 UX Builder. \u0110i\u1ec1u n\u00e0y cho ph\u00e9p b\u1ea1n d\u1ec5 d\u00e0ng t\u00f9y ch\u1ec9nh giao di\u1ec7n web theo \u00fd th\u00edch c\u1ee7a m\u00ecnh m\u00e0 kh\u00f4ng c\u1ea7n c\u00f3 ki\u1ebfn th\u1ee9c v\u1ec1 l\u1eadp tr\u00ecnh. Ch\u00fang t\u00f4i cam k\u1ebft s\u1ebd h\u1ed7 tr\u1ee3 b\u1ea1n trong qu\u00e1 tr\u00ecnh t\u00f9y bi\u1ebfn giao di\u1ec7n web \u0111\u1ec3 \u0111\u1ea3m b\u1ea3o \u0111\u00e1p \u1ee9ng \u0111\u01b0\u1ee3c t\u1ea5t c\u1ea3 c\u00e1c y\u00eau c\u1ea7u c\u1ee7a b\u1ea1n.\n<\/p>\n<p>\n Kh\u00f4ng ch\u1ec9 \u0111\u1eb9p m\u1eaft v\u00e0 d\u1ec5 s\u1eed d\u1ee5ng, giao di\u1ec7n web n\u00e0y c\u00f2n c\u00f3 t\u1ed1c \u0111\u1ed9 t\u1ea3i trang nhanh. Ch\u00fang t\u00f4i hi\u1ec3u r\u1eb1ng t\u1ed1c \u0111\u1ed9 t\u1ea3i trang l\u00e0 m\u1ed9t y\u1ebfu t\u1ed1 quan tr\u1ecdng trong vi\u1ec7c thu h\u00fat v\u00e0 gi\u1eef ch\u00e2n kh\u00e1ch h\u00e0ng tr\u00ean website. V\u00ec v\u1eady, ch\u00fang t\u00f4i \u0111\u00e3 t\u1ed1i \u01b0u h\u00f3a giao di\u1ec7n web \u0111\u1ec3 \u0111\u1ea3m b\u1ea3o t\u1ed1c \u0111\u1ed9 t\u1ea3i trang nhanh nh\u1ea5t c\u00f3 th\u1ec3.\n<\/p>\n<p>\n Cu\u1ed1i c\u00f9ng, ch\u00fang t\u00f4i xin gi\u1edbi thi\u1ec7u \u0111\u01a1n v\u1ecb thi\u1ebft k\u1ebf website LADIGI (LADIGI Agency). V\u1edbi nhi\u1ec1u n\u0103m kinh nghi\u1ec7m trong l\u0129nh v\u1ef1c thi\u1ebft k\u1ebf website v\u00e0 s\u1ef1 chuy\u00ean nghi\u1ec7p, ch\u00fang t\u00f4i cam k\u1ebft s\u1ebd \u0111em \u0111\u1ebfn cho b\u1ea1n m\u1ed9t giao di\u1ec7n web \u0111\u1eb9p v\u00e0 ch\u1ea5t l\u01b0\u1ee3ng nh\u1ea5t.\n<\/p>\n<p>\n N\u1ebfu b\u1ea1n quan t\u00e2m v\u00e0 mu\u1ed1n bi\u1ebft th\u00eam th\u00f4ng tin v\u1ec1 d\u1ecbch v\u1ee5 Thi\u1ebft k\u1ebf website Theme WordPress landing page b\u1ec9m cho b\u00e9 c\u1ee7a ch\u00fang t\u00f4i, h\u00e3y truy c\u1eadp v\u00e0o \u0111\u01b0\u1eddng link sau:<br \/>\n <a href=\"https:\/\/ladigi.vn\/thiet-ke-website\/\"><br \/>\n  Thi\u1ebft k\u1ebf web gi\u00e1 r\u1ebb LADIGI<br \/>\n <\/a><br \/>\n . Ch\u00fang t\u00f4i hy v\u1ecdng s\u1ebd c\u00f3 c\u01a1 h\u1ed9i \u0111\u01b0\u1ee3c h\u1ee3p t\u00e1c c\u00f9ng b\u1ea1n trong t\u01b0\u01a1ng lai g\u1ea7n.\n<\/p>\n<p>\n H\u00e3y \u0111\u1ec3 ch\u00fang t\u00f4i gi\u00fap b\u1ea1n th\u1ec3 hi\u1ec7n s\u1ea3n ph\u1ea9m b\u1ec9m cho b\u00e9 c\u1ee7a b\u1ea1n m\u1ed9t c\u00e1ch chuy\u00ean nghi\u1ec7p v\u00e0 hi\u1ec7u qu\u1ea3 nh\u1ea5t tr\u00ean giao di\u1ec7n web \u0111\u1eb9p m\u1eaft v\u00e0 t\u1ed1t nh\u1ea5t!\n<\/p>\n<p>\n Tr\u00e2n tr\u1ecdng,\n<\/p>\n<p>\n LADIGI Agency.<\/p>\n","protected":false},"excerpt":{"rendered":"<p>D\u1ecbch v\u1ee5 Thi\u1ebft k\u1ebf website Theme WordPress landing page b\u1ec9m cho b\u00e9 mang \u0111\u1ebfn cho kh\u00e1ch h\u00e0ng m\u1ed9t trang web ho\u00e0n h\u1ea3o v\u1edbi giao di\u1ec7n \u0111\u1eb9p, chuy\u00ean nghi\u1ec7p v\u00e0 d\u1ec5 s\u1eed d\u1ee5ng. V\u1edbi t\u00ednh n\u0103ng t\u01b0\u01a1ng th\u00edch tr\u00ean m\u1ecdi thi\u1ebft b\u1ecb, kh\u00e1ch h\u00e0ng c\u00f3 th\u1ec3 truy c\u1eadp v\u00e0 tr\u1ea3i nghi\u1ec7m trang web m\u1ed9t c\u00e1ch thu\u1eadn ti\u1ec7n. \u0110\u01b0\u1ee3c x\u00e2y d\u1ef1ng tr\u00ean m\u00e3 ngu\u1ed3n Wordpress v\u1edbi Theme Flatsome v\u00e0 UX Builder, trang web c\u00f3 th\u1ec3 d\u1ec5 d\u00e0ng t\u00f9y bi\u1ebfn theo nhu c\u1ea7u c\u1ee7a kh\u00e1ch h\u00e0ng. \u0110\u1eb7c bi\u1ec7t, t\u1ed1c \u0111\u1ed9 t\u1ea3i trang nhanh gi\u00fap trang web lu\u00f4n ho\u1ea1t \u0111\u1ed9ng m\u01b0\u1ee3t m\u00e0 v\u00e0 thu h\u00fat kh\u00e1ch h\u00e0ng.<\/p>\n","protected":false},"featured_media":8949,"comment_status":"open","ping_status":"closed","template":"","meta":[],"product_cat":[16],"product_tag":[],"class_list":{"0":"post-8948","1":"product","2":"type-product","3":"status-publish","4":"has-post-thumbnail","6":"product_cat-tat-ca","8":"first","9":"instock","10":"shipping-taxable","11":"product-type-external"},"_links":{"self":[{"href":"https:\/\/ladigi.vn\/thiet-ke-website\/wp-json\/wp\/v2\/product\/8948","targetHints":{"allow":["GET"]}}],"collection":[{"href":"https:\/\/ladigi.vn\/thiet-ke-website\/wp-json\/wp\/v2\/product"}],"about":[{"href":"https:\/\/ladigi.vn\/thiet-ke-website\/wp-json\/wp\/v2\/types\/product"}],"replies":[{"embeddable":true,"href":"https:\/\/ladigi.vn\/thiet-ke-website\/wp-json\/wp\/v2\/comments?post=8948"}],"wp:featuredmedia":[{"embeddable":true,"href":"https:\/\/ladigi.vn\/thiet-ke-website\/wp-json\/wp\/v2\/media\/8949"}],"wp:attachment":[{"href":"https:\/\/ladigi.vn\/thiet-ke-website\/wp-json\/wp\/v2\/media?parent=8948"}],"wp:term":[{"taxonomy":"product_cat","embeddable":true,"href":"https:\/\/ladigi.vn\/thiet-ke-website\/wp-json\/wp\/v2\/product_cat?post=8948"},{"taxonomy":"product_tag","embeddable":true,"href":"https:\/\/ladigi.vn\/thiet-ke-website\/wp-json\/wp\/v2\/product_tag?post=8948"}],"curies":[{"name":"wp","href":"https:\/\/api.w.org\/{rel}","templated":true}]}}