{"id":8950,"date":"2025-01-11T07:27:26","date_gmt":"2025-01-11T00:27:26","guid":{"rendered":"https:\/\/ladigi.vn\/thiet-ke-website\/?post_type=product&#038;p=8950"},"modified":"2025-01-11T07:29:05","modified_gmt":"2025-01-11T00:29:05","slug":"theme-wordpress-landing-page-ban-ao-so-mi","status":"publish","type":"product","link":"https:\/\/ladigi.vn\/thiet-ke-website\/mau-web\/theme-wordpress-landing-page-ban-ao-so-mi\/","title":{"rendered":"Shop b\u00e1n \u00e1o s\u01a1 mi"},"content":{"rendered":"<h1>\n D\u1ecbch v\u1ee5 Thi\u1ebft k\u1ebf website Theme WordPress landing page b\u00e1n \u00e1o s\u01a1 mi<br \/>\n<\/h1>\n<p>\n B\u1ea1n \u0111ang t\u00ecm ki\u1ebfm m\u1ed9t gi\u1ea3i ph\u00e1p ho\u00e0n h\u1ea3o \u0111\u1ec3 gi\u1edbi thi\u1ec7u v\u00e0 b\u00e1n \u00e1o s\u01a1 mi c\u1ee7a m\u00ecnh? D\u1ecbch v\u1ee5 thi\u1ebft k\u1ebf website landing page b\u1eb1ng Theme WordPress v\u1edbi giao di\u1ec7n chuy\u00ean nghi\u1ec7p v\u00e0 \u0111\u1eb9p m\u1eaft ch\u00ednh l\u00e0 l\u1ef1a ch\u1ecdn t\u1ed1t nh\u1ea5t d\u00e0nh cho b\u1ea1n!\n<\/p>\n<p>\n <strong><br \/>\n  Giao di\u1ec7n web \u0111\u01b0\u1ee3c thi\u1ebft k\u1ebf \u0111\u1eb9p, chuy\u00ean nghi\u1ec7p, d\u1ec5 s\u1eed d\u1ee5ng<br \/>\n <\/strong><br \/>\n <br \/>\n Ch\u00fang t\u00f4i mang \u0111\u1ebfn cho b\u1ea1n m\u1ed9t giao di\u1ec7n th\u00e2n thi\u1ec7n v\u1edbi ng\u01b0\u1eddi d\u00f9ng, gi\u00fap kh\u00e1ch h\u00e0ng c\u00f3 tr\u1ea3i nghi\u1ec7m tuy\u1ec7t v\u1eddi khi truy c\u1eadp trang web. M\u1ecdi y\u1ebfu t\u1ed1 thi\u1ebft k\u1ebf \u0111\u1ec1u \u0111\u01b0\u1ee3c ch\u0103m ch\u00fat t\u1ec9 m\u1ec9, t\u1eeb m\u00e0u s\u1eafc \u0111\u1ebfn c\u00e1ch b\u1ed1 tr\u00ed, \u0111\u1ea3m b\u1ea3o t\u00ednh th\u1ea9m m\u1ef9 cao v\u00e0 d\u1ec5 d\u00e0ng \u0111i\u1ec1u h\u01b0\u1edbng.\n<\/p>\n<p>\n <strong><br \/>\n  T\u01b0\u01a1ng th\u00edch tr\u00ean m\u1ecdi thi\u1ebft b\u1ecb<br \/>\n <\/strong><br \/>\n <br \/>\n Trang web c\u1ee7a b\u1ea1n s\u1ebd t\u1ef1 \u0111\u1ed9ng t\u1ed1i \u01b0u h\u00f3a cho m\u1ecdi lo\u1ea1i thi\u1ebft b\u1ecb, t\u1eeb m\u00e1y t\u00ednh \u0111\u1ebfn \u0111i\u1ec7n tho\u1ea1i di \u0111\u1ed9ng hay m\u00e1y t\u00ednh b\u1ea3ng. \u0110i\u1ec1u n\u00e0y gi\u00fap b\u1ea1n ti\u1ebfp c\u1eadn kh\u00e1ch h\u00e0ng t\u1eeb nhi\u1ec1u ngu\u1ed3n kh\u00e1c nhau v\u00e0 n\u00e2ng cao kh\u1ea3 n\u0103ng chuy\u1ec3n \u0111\u1ed5i doanh thu.\n<\/p>\n<p>\n <strong><br \/>\n  M\u00e3 ngu\u1ed3n WordPress v\u1edbi Theme Flatsome v\u00e0 UX Builder d\u1ec5 t\u00f9y bi\u1ebfn<br \/>\n <\/strong><br \/>\n <br \/>\n S\u1eed d\u1ee5ng m\u00e3 ngu\u1ed3n WordPress k\u1ebft h\u1ee3p v\u1edbi Theme Flatsome c\u00f9ng UX Builder, b\u1ea1n ho\u00e0n to\u00e0n c\u00f3 th\u1ec3 t\u00f9y ch\u1ec9nh trang web c\u1ee7a m\u00ecnh theo \u00fd th\u00edch m\u1ed9t c\u00e1ch d\u1ec5 d\u00e0ng. Kh\u00f4ng c\u1ea7n ph\u1ea3i c\u00f3 ki\u1ebfn th\u1ee9c l\u1eadp tr\u00ecnh ph\u1ee9c t\u1ea1p, b\u1ea1n v\u1eabn c\u00f3 th\u1ec3 t\u1ea1o ra m\u1ed9t website \u0111\u1ed9c \u0111\u00e1o m\u00e0 kh\u00f4ng m\u1ea5t nhi\u1ec1u th\u1eddi gian.\n<\/p>\n<p>\n <strong><br \/>\n  T\u1ed1c \u0111\u1ed9 t\u1ea3i trang nhanh<br \/>\n <\/strong><br \/>\n <br \/>\n M\u1ed9t trang web nhanh ch\u00f3ng kh\u00f4ng ch\u1ec9 gi\u00fap c\u1ea3i thi\u1ec7n tr\u1ea3i nghi\u1ec7m ng\u01b0\u1eddi d\u00f9ng m\u00e0 c\u00f2n \u1ea3nh h\u01b0\u1edfng t\u1edbi SEO. Ch\u00fang t\u00f4i t\u1ed1i \u01b0u h\u00f3a to\u00e0n b\u1ed9 c\u1ea5u tr\u00fac trang web \u0111\u1ec3 \u0111\u1ea3m b\u1ea3o t\u1ed1c \u0111\u1ed9 t\u1ea3i nhanh nh\u1ea5t, gi\u00fap kh\u00e1ch h\u00e0ng d\u1ec5 d\u00e0ng truy c\u1eadp v\u00e0 t\u00ecm ki\u1ebfm s\u1ea3n ph\u1ea9m.\n<\/p>\n<p>\n H\u00e3y \u0111\u1ebfn v\u1edbi<br \/>\n <strong><br \/>\n  LADIGI Agency<br \/>\n <\/strong><br \/>\n \u0111\u1ec3 \u0111\u01b0\u1ee3c t\u01b0 v\u1ea5n v\u00e0 h\u1ed7 tr\u1ee3 thi\u1ebft k\u1ebf website landing page b\u00e1n \u00e1o s\u01a1 mi chuy\u00ean nghi\u1ec7p v\u00e0 hi\u1ec7u qu\u1ea3 nh\u1ea5t.<br \/>\n <a href=\"https:\/\/ladigi.vn\/thiet-ke-website\/\"><br \/>\n  Thi\u1ebft k\u1ebf website doanh nghi\u1ec7p LADIGI<br \/>\n <\/a><br \/>\n s\u1ebd gi\u00fap b\u1ea1n n\u00e2ng t\u1ea7m th\u01b0\u01a1ng hi\u1ec7u v\u00e0 t\u0103ng doanh thu m\u1ed9t c\u00e1ch b\u1ec1n v\u1eefng!<\/p>\n","protected":false},"excerpt":{"rendered":"<p>D\u1ecbch v\u1ee5 thi\u1ebft k\u1ebf website landing page b\u00e1n \u00e1o s\u01a1 mi chuy\u00ean nghi\u1ec7p v\u1edbi giao di\u1ec7n \u0111\u1eb9p, d\u1ec5 s\u1eed d\u1ee5ng, t\u01b0\u01a1ng th\u00edch tr\u00ean m\u1ecdi thi\u1ebft b\u1ecb. S\u1eed d\u1ee5ng m\u00e3 ngu\u1ed3n WordPress k\u1ebft h\u1ee3p Theme Flatsome v\u00e0 UX Builder d\u1ec5 t\u00f9y bi\u1ebfn, \u0111\u1ea3m b\u1ea3o t\u1ed1c \u0111\u1ed9 t\u1ea3i trang nhanh ch\u00f3ng, mang \u0111\u1ebfn tr\u1ea3i nghi\u1ec7m tuy\u1ec7t v\u1eddi cho kh\u00e1ch h\u00e0ng.<\/p>\n","protected":false},"featured_media":8951,"comment_status":"open","ping_status":"closed","template":"","meta":[],"product_cat":[16],"product_tag":[],"class_list":{"0":"post-8950","1":"product","2":"type-product","3":"status-publish","4":"has-post-thumbnail","6":"product_cat-tat-ca","8":"first","9":"instock","10":"shipping-taxable","11":"product-type-external"},"_links":{"self":[{"href":"https:\/\/ladigi.vn\/thiet-ke-website\/wp-json\/wp\/v2\/product\/8950","targetHints":{"allow":["GET"]}}],"collection":[{"href":"https:\/\/ladigi.vn\/thiet-ke-website\/wp-json\/wp\/v2\/product"}],"about":[{"href":"https:\/\/ladigi.vn\/thiet-ke-website\/wp-json\/wp\/v2\/types\/product"}],"replies":[{"embeddable":true,"href":"https:\/\/ladigi.vn\/thiet-ke-website\/wp-json\/wp\/v2\/comments?post=8950"}],"wp:featuredmedia":[{"embeddable":true,"href":"https:\/\/ladigi.vn\/thiet-ke-website\/wp-json\/wp\/v2\/media\/8951"}],"wp:attachment":[{"href":"https:\/\/ladigi.vn\/thiet-ke-website\/wp-json\/wp\/v2\/media?parent=8950"}],"wp:term":[{"taxonomy":"product_cat","embeddable":true,"href":"https:\/\/ladigi.vn\/thiet-ke-website\/wp-json\/wp\/v2\/product_cat?post=8950"},{"taxonomy":"product_tag","embeddable":true,"href":"https:\/\/ladigi.vn\/thiet-ke-website\/wp-json\/wp\/v2\/product_tag?post=8950"}],"curies":[{"name":"wp","href":"https:\/\/api.w.org\/{rel}","templated":true}]}}