{"id":8964,"date":"2025-01-12T12:22:06","date_gmt":"2025-01-12T05:22:06","guid":{"rendered":"https:\/\/ladigi.vn\/thiet-ke-website\/?post_type=product&#038;p=8964"},"modified":"2025-01-12T19:36:02","modified_gmt":"2025-01-12T12:36:02","slug":"theme-wordpress-landing-page-toa-dam-shark-hung","status":"publish","type":"product","link":"https:\/\/ladigi.vn\/thiet-ke-website\/mau-web\/theme-wordpress-landing-page-toa-dam-shark-hung\/","title":{"rendered":"T\u1ecda \u0111\u00e0m shark H\u01b0ng"},"content":{"rendered":"<p>\n <strong><br \/>\n  D\u1ecbch v\u1ee5 Thi\u1ebft k\u1ebf website Theme WordPress Landing page t\u1ecda \u0111\u00e0m shark H\u01b0ng<br \/>\n <\/strong>\n<\/p>\n<p>\n B\u1ea1n \u0111ang mu\u1ed1n t\u1ea1o ra m\u1ed9t website chuy\u00ean nghi\u1ec7p, \u0111\u1eb9p m\u1eaft v\u00e0 d\u1ec5 s\u1eed d\u1ee5ng \u0111\u1ec3 gi\u1edbi thi\u1ec7u s\u1ea3n ph\u1ea9m ho\u1eb7c d\u1ecbch v\u1ee5 c\u1ee7a m\u00ecnh? B\u1ea1n kh\u00f4ng bi\u1ebft ph\u1ea3i b\u1eaft \u0111\u1ea7u t\u1eeb \u0111\u00e2u v\u00e0 c\u1ea7n m\u1ed9t gi\u1ea3i ph\u00e1p hi\u1ec7u qu\u1ea3? H\u00e3y \u0111\u1ebfn v\u1edbi LADIGI Agency &#8211; \u0111\u01a1n v\u1ecb chuy\u00ean thi\u1ebft k\u1ebf website chuy\u00ean nghi\u1ec7p v\u1edbi d\u1ecbch v\u1ee5 Thi\u1ebft k\u1ebf website Theme WordPress Landing page t\u1ecda \u0111\u00e0m shark H\u01b0ng.\n<\/p>\n<p>\n Ch\u00fang t\u00f4i cam k\u1ebft mang \u0111\u1ebfn cho b\u1ea1n m\u1ed9t giao di\u1ec7n website \u0111\u1eb9p m\u1eaft, chuy\u00ean nghi\u1ec7p v\u00e0 d\u1ec5 s\u1eed d\u1ee5ng. V\u1edbi s\u1ef1 k\u1ebft h\u1ee3p gi\u1eefa m\u00e3 ngu\u1ed3n WordPress v\u00e0 Theme Flatsome c\u00f9ng v\u1edbi UX Builder, ch\u00fang t\u00f4i \u0111\u1ea3m b\u1ea3o giao di\u1ec7n website c\u1ee7a b\u1ea1n s\u1ebd \u0111\u01b0\u1ee3c t\u00f9y bi\u1ebfn m\u1ed9t c\u00e1ch d\u1ec5 d\u00e0ng v\u00e0 linh ho\u1ea1t theo \u00fd mu\u1ed1n.\n<\/p>\n<p>\n Kh\u00f4ng ch\u1ec9 v\u1eady, website c\u1ee7a b\u1ea1n c\u00f2n \u0111\u01b0\u1ee3c \u0111\u1ea3m b\u1ea3o t\u01b0\u01a1ng th\u00edch tr\u00ean m\u1ecdi thi\u1ebft b\u1ecb, t\u1eeb m\u00e1y t\u00ednh \u0111\u1ec3 b\u00e0n \u0111\u1ebfn \u0111i\u1ec7n tho\u1ea1i di \u0111\u1ed9ng. \u0110i\u1ec1u n\u00e0y s\u1ebd gi\u00fap b\u1ea1n ti\u1ebfp c\u1eadn \u0111\u01b0\u1ee3c nhi\u1ec1u kh\u00e1ch h\u00e0ng h\u01a1n, \u0111\u1ed3ng th\u1eddi t\u0103ng c\u01b0\u1eddng tr\u1ea3i nghi\u1ec7m ng\u01b0\u1eddi d\u00f9ng.\n<\/p>\n<p>\n V\u1edbi s\u1ef1 t\u1ed1i \u01b0u h\u00f3a m\u00e3 ngu\u1ed3n v\u00e0 h\u00ecnh \u1ea3nh, website c\u1ee7a b\u1ea1n s\u1ebd c\u00f3 t\u1ed1c \u0111\u1ed9 t\u1ea3i trang nhanh, gi\u00fap ng\u01b0\u1eddi d\u00f9ng kh\u00f4ng b\u1ecb ch\u1edd \u0111\u1ee3i qu\u00e1 l\u00e2u v\u00e0 t\u0103ng c\u01b0\u1eddng \u0111\u1ed9 tin c\u1eady c\u1ee7a kh\u00e1ch h\u00e0ng \u0111\u1ed1i v\u1edbi s\u1ea3n ph\u1ea9m ho\u1eb7c d\u1ecbch v\u1ee5 c\u1ee7a b\u1ea1n.\n<\/p>\n<p>\n LADIGI Agency l\u00e0 \u0111\u01a1n v\u1ecb c\u00f3 nhi\u1ec1u n\u0103m kinh nghi\u1ec7m trong l\u0129nh v\u1ef1c thi\u1ebft k\u1ebf website v\u00e0 \u0111\u00e3 t\u1eebng th\u1ef1c hi\u1ec7n nhi\u1ec1u d\u1ef1 \u00e1n th\u00e0nh c\u00f4ng cho c\u00e1c doanh nghi\u1ec7p l\u1edbn v\u00e0 nh\u1ecf. Ch\u00fang t\u00f4i cam k\u1ebft s\u1ebd \u0111em \u0111\u1ebfn cho b\u1ea1n m\u1ed9t website ho\u00e0n h\u1ea3o v\u00e0 \u0111\u00e1p \u1ee9ng \u0111\u01b0\u1ee3c m\u1ecdi y\u00eau c\u1ea7u c\u1ee7a b\u1ea1n.\n<\/p>\n<p>\n N\u1ebfu b\u1ea1n \u0111ang c\u00f3 nhu c\u1ea7u thi\u1ebft k\u1ebf giao di\u1ec7n website, h\u00e3y \u0111\u1ebfn v\u1edbi LADIGI Agency v\u00e0 \u0111\u1ec3 ch\u00fang t\u00f4i gi\u00fap b\u1ea1n th\u1ef1c hi\u1ec7n \u00fd t\u01b0\u1edfng c\u1ee7a m\u00ecnh. \u0110\u1ec3 bi\u1ebft th\u00eam chi ti\u1ebft v\u1ec1 d\u1ecbch v\u1ee5 Thi\u1ebft k\u1ebf website c\u1ee7a ch\u00fang t\u00f4i, vui l\u00f2ng truy c\u1eadp<br \/>\n <a href=\"https:\/\/ladigi.vn\/thiet-ke-website\/\"><br \/>\n  \u0111\u00e2y<br \/>\n <\/a><br \/>\n .\n<\/p>\n<p>\n H\u00e3y \u0111\u1ec3 LADIGI Agency gi\u00fap b\u1ea1n t\u1ea1o n\u00ean m\u1ed9t website chuy\u00ean nghi\u1ec7p v\u00e0 \u1ea5n t\u01b0\u1ee3ng \u0111\u1ec3 thu h\u00fat kh\u00e1ch h\u00e0ng v\u00e0 ph\u00e1t tri\u1ec3n doanh nghi\u1ec7p c\u1ee7a b\u1ea1n!<\/p>\n","protected":false},"excerpt":{"rendered":"<p>D\u1ecbch v\u1ee5 Thi\u1ebft k\u1ebf website Theme WordPress Landing page t\u1ecda \u0111\u00e0m shark H\u01b0ng l\u00e0 s\u1ef1 l\u1ef1a ch\u1ecdn tuy\u1ec7t v\u1eddi cho b\u1ea5t k\u1ef3 ai mu\u1ed1n c\u00f3 m\u1ed9t giao di\u1ec7n web \u0111\u1eb9p v\u00e0 chuy\u00ean nghi\u1ec7p. V\u1edbi s\u1ef1 k\u1ebft h\u1ee3p gi\u1eefa m\u00e3 ngu\u1ed3n Wordpress v\u00e0 Theme Flatsome c\u00f9ng UX Builder, kh\u00e1ch h\u00e0ng c\u00f3 th\u1ec3 d\u1ec5 d\u00e0ng t\u00f9y bi\u1ebfn giao di\u1ec7n theo \u00fd mu\u1ed1n c\u1ee7a m\u00ecnh. \u0110\u1eb7c bi\u1ec7t, giao di\u1ec7n \u0111\u01b0\u1ee3c t\u1ed1i \u01b0u h\u00f3a \u0111\u1ec3 t\u01b0\u01a1ng th\u00edch tr\u00ean m\u1ecdi thi\u1ebft b\u1ecb v\u00e0 t\u1ed1c \u0111\u1ed9 t\u1ea3i trang nhanh, mang l\u1ea1i tr\u1ea3i nghi\u1ec7m tuy\u1ec7t v\u1eddi cho ng\u01b0\u1eddi d\u00f9ng.<\/p>\n","protected":false},"featured_media":8965,"comment_status":"open","ping_status":"closed","template":"","meta":[],"product_cat":[16],"product_tag":[],"class_list":{"0":"post-8964","1":"product","2":"type-product","3":"status-publish","4":"has-post-thumbnail","6":"product_cat-tat-ca","8":"first","9":"instock","10":"shipping-taxable","11":"product-type-external"},"_links":{"self":[{"href":"https:\/\/ladigi.vn\/thiet-ke-website\/wp-json\/wp\/v2\/product\/8964","targetHints":{"allow":["GET"]}}],"collection":[{"href":"https:\/\/ladigi.vn\/thiet-ke-website\/wp-json\/wp\/v2\/product"}],"about":[{"href":"https:\/\/ladigi.vn\/thiet-ke-website\/wp-json\/wp\/v2\/types\/product"}],"replies":[{"embeddable":true,"href":"https:\/\/ladigi.vn\/thiet-ke-website\/wp-json\/wp\/v2\/comments?post=8964"}],"wp:featuredmedia":[{"embeddable":true,"href":"https:\/\/ladigi.vn\/thiet-ke-website\/wp-json\/wp\/v2\/media\/8965"}],"wp:attachment":[{"href":"https:\/\/ladigi.vn\/thiet-ke-website\/wp-json\/wp\/v2\/media?parent=8964"}],"wp:term":[{"taxonomy":"product_cat","embeddable":true,"href":"https:\/\/ladigi.vn\/thiet-ke-website\/wp-json\/wp\/v2\/product_cat?post=8964"},{"taxonomy":"product_tag","embeddable":true,"href":"https:\/\/ladigi.vn\/thiet-ke-website\/wp-json\/wp\/v2\/product_tag?post=8964"}],"curies":[{"name":"wp","href":"https:\/\/api.w.org\/{rel}","templated":true}]}}