{"id":8970,"date":"2025-01-11T07:36:04","date_gmt":"2025-01-11T00:36:04","guid":{"rendered":"https:\/\/ladigi.vn\/thiet-ke-website\/?post_type=product&#038;p=8970"},"modified":"2025-01-11T07:37:43","modified_gmt":"2025-01-11T00:37:43","slug":"theme-wordpress-landing-page-ban-hang-noi-y","status":"publish","type":"product","link":"https:\/\/ladigi.vn\/thiet-ke-website\/mau-web\/theme-wordpress-landing-page-ban-hang-noi-y\/","title":{"rendered":"Landing Page B\u00e1n h\u00e0ng n\u1ed9i y => Ng\u00e0nh h\u00e0ng n\u1ed9i y"},"content":{"rendered":"<h1>\n D\u1ecbch v\u1ee5 Thi\u1ebft k\u1ebf website Theme WordPress Landing Page B\u00e1n H\u00e0ng N\u1ed9i Y<br \/>\n<\/h1>\n<p>\n Ch\u00e0o m\u1eebng b\u1ea1n \u0111\u1ebfn v\u1edbi d\u1ecbch v\u1ee5 thi\u1ebft k\u1ebf website Theme WordPress Landing Page chuy\u00ean bi\u1ec7t cho ng\u00e0nh h\u00e0ng n\u1ed9i y. Ch\u00fang t\u00f4i hi\u1ec3u r\u1eb1ng m\u1ed9t trang web \u0111\u1eb9p v\u00e0 chuy\u00ean nghi\u1ec7p kh\u00f4ng ch\u1ec9 l\u00e0 n\u01a1i \u0111\u1ec3 gi\u1edbi thi\u1ec7u s\u1ea3n ph\u1ea9m, m\u00e0 c\u00f2n l\u00e0 m\u1ed9t c\u00f4ng c\u1ee5 m\u1ea1nh m\u1ebd gi\u00fap b\u1ea1n thu h\u00fat v\u00e0 gi\u1eef ch\u00e2n kh\u00e1ch h\u00e0ng.\n<\/p>\n<h2>\n Giao di\u1ec7n \u0111\u1eb9p, chuy\u00ean nghi\u1ec7p v\u00e0 d\u1ec5 s\u1eed d\u1ee5ng<br \/>\n<\/h2>\n<p>\n Ch\u00fang t\u00f4i cam k\u1ebft mang \u0111\u1ebfn cho b\u1ea1n m\u1ed9t giao di\u1ec7n website \u0111\u01b0\u1ee3c thi\u1ebft k\u1ebf t\u1ec9 m\u1ec9, b\u1eaft m\u1eaft v\u00e0 ph\u00f9 h\u1ee3p v\u1edbi phong c\u00e1ch th\u01b0\u01a1ng hi\u1ec7u c\u1ee7a b\u1ea1n. T\u1eeb m\u00e0u s\u1eafc, h\u00ecnh \u1ea3nh cho \u0111\u1ebfn c\u00e1ch b\u1ed1 tr\u00ed s\u1ea3n ph\u1ea9m, t\u1ea5t c\u1ea3 \u0111\u1ec1u \u0111\u01b0\u1ee3c t\u1ed1i \u01b0u h\u00f3a \u0111\u1ec3 t\u1ea1o ra tr\u1ea3i nghi\u1ec7m ng\u01b0\u1eddi d\u00f9ng t\u1ed1t nh\u1ea5t. V\u1edbi giao di\u1ec7n d\u1ec5 s\u1eed d\u1ee5ng, kh\u00e1ch h\u00e0ng c\u1ee7a b\u1ea1n s\u1ebd d\u1ec5 d\u00e0ng t\u00ecm th\u1ea5y s\u1ea3n ph\u1ea9m m\u00e0 h\u1ecd y\u00eau th\u00edch ch\u1ec9 trong v\u00e0i c\u00fa click chu\u1ed9t.\n<\/p>\n<h2>\n T\u01b0\u01a1ng th\u00edch tr\u00ean m\u1ecdi thi\u1ebft b\u1ecb<br \/>\n<\/h2>\n<p>\n Trong th\u1eddi \u0111\u1ea1i c\u00f4ng ngh\u1ec7 hi\u1ec7n nay, vi\u1ec7c s\u1edf h\u1eefu m\u1ed9t trang web t\u01b0\u01a1ng th\u00edch v\u1edbi m\u1ecdi thi\u1ebft b\u1ecb l\u00e0 v\u00f4 c\u00f9ng quan tr\u1ecdng. Website c\u1ee7a ch\u00fang t\u00f4i s\u1ebd ho\u1ea1t \u0111\u1ed9ng m\u01b0\u1ee3t m\u00e0 tr\u00ean c\u1ea3 m\u00e1y t\u00ednh, tablet v\u00e0 \u0111i\u1ec7n tho\u1ea1i di \u0111\u1ed9ng. Ch\u00fang t\u00f4i \u0111\u1ea3m b\u1ea3o r\u1eb1ng m\u1ecdi kh\u00e1ch h\u00e0ng s\u1ebd c\u00f3 tr\u1ea3i nghi\u1ec7m t\u00ecm ki\u1ebfm v\u00e0 mua s\u1eafm tuy\u1ec7t v\u1eddi, kh\u00f4ng b\u1ecb gi\u00e1n \u0111o\u1ea1n b\u1edfi c\u00e1c v\u1ea5n \u0111\u1ec1 v\u1ec1 hi\u1ec3n th\u1ecb.\n<\/p>\n<h2>\n M\u00e3 ngu\u1ed3n WordPress v\u1edbi Theme Flatsome v\u00e0 UX Builder d\u1ec5 t\u00f9y bi\u1ebfn<br \/>\n<\/h2>\n<p>\n Ch\u00fang t\u00f4i s\u1eed d\u1ee5ng m\u00e3 ngu\u1ed3n WordPress v\u1edbi Theme Flatsome, k\u1ebft h\u1ee3p c\u00f9ng c\u00f4ng c\u1ee5 UX Builder gi\u00fap b\u1ea1n d\u1ec5 d\u00e0ng t\u00f9y ch\u1ec9nh n\u1ed9i dung website m\u00e0 kh\u00f4ng c\u1ea7n c\u00f3 ki\u1ebfn th\u1ee9c l\u1eadp tr\u00ecnh. B\u1ea1n c\u00f3 th\u1ec3 thay \u0111\u1ed5i h\u00ecnh \u1ea3nh, b\u1ed1 c\u1ee5c v\u00e0 m\u00e0u s\u1eafc m\u1ed9t c\u00e1ch nhanh ch\u00f3ng, gi\u00fap b\u1ea1n linh ho\u1ea1t h\u01a1n trong vi\u1ec7c c\u1eadp nh\u1eadt s\u1ea3n ph\u1ea9m c\u0169ng nh\u01b0 th\u1ef1c hi\u1ec7n c\u00e1c ch\u01b0\u01a1ng tr\u00ecnh khuy\u1ebfn m\u00e3i.\n<\/p>\n<h2>\n T\u1ed1c \u0111\u1ed9 t\u1ea3i trang nhanh<br \/>\n<\/h2>\n<p>\n T\u1ed1c \u0111\u1ed9 t\u1ea3i trang l\u00e0 y\u1ebfu t\u1ed1 quan tr\u1ecdng \u1ea3nh h\u01b0\u1edfng \u0111\u1ebfn tr\u1ea3i nghi\u1ec7m ng\u01b0\u1eddi d\u00f9ng v\u00e0 t\u1ef7 l\u1ec7 chuy\u1ec3n \u0111\u1ed5i. Ch\u00fang t\u00f4i t\u1ed1i \u01b0u h\u00f3a website \u0111\u1ec3 \u0111\u1ea3m b\u1ea3o t\u1ed1c \u0111\u1ed9 t\u1ea3i trang nhanh nh\u1ea5t c\u00f3 th\u1ec3, gi\u00fap gi\u1eef ch\u00e2n kh\u00e1ch h\u00e0ng v\u00e0 t\u0103ng kh\u1ea3 n\u0103ng chuy\u1ec3n \u0111\u1ed5i cho c\u1eeda h\u00e0ng c\u1ee7a b\u1ea1n.\n<\/p>\n<h2>\n Gi\u1edbi thi\u1ec7u \u0111\u01a1n v\u1ecb thi\u1ebft k\u1ebf website LADIGI<br \/>\n<\/h2>\n<p>\n Ch\u00fang t\u00f4i &#8211; LADIGI Agency &#8211; l\u00e0 \u0111\u01a1n v\u1ecb h\u00e0ng \u0111\u1ea7u trong l\u0129nh v\u1ef1c thi\u1ebft k\u1ebf website. V\u1edbi \u0111\u1ed9i ng\u0169 thi\u1ebft k\u1ebf chuy\u00ean nghi\u1ec7p v\u00e0 nhi\u1ec1u n\u0103m kinh nghi\u1ec7m, ch\u00fang t\u00f4i cam k\u1ebft mang \u0111\u1ebfn cho b\u1ea1n nh\u1eefng gi\u1ea3i ph\u00e1p t\u1ed1i \u01b0u nh\u1ea5t. H\u00e3y \u0111\u1ebfn v\u1edbi ch\u00fang t\u00f4i \u0111\u1ec3 kh\u00e1m ph\u00e1 c\u00e1c d\u1ecbch v\u1ee5 thi\u1ebft k\u1ebf website t\u1ed1t nh\u1ea5t ph\u00f9 h\u1ee3p v\u1edbi nhu c\u1ea7u c\u1ee7a b\u1ea1n.\n<\/p>\n<p>\n Ch\u00fang t\u00f4i lu\u00f4n s\u1eb5n s\u00e0ng h\u1ed7 tr\u1ee3 b\u1ea1n.<br \/>\n <a href=\"https:\/\/ladigi.vn\/thiet-ke-website\/\"><br \/>\n  Thi\u1ebft k\u1ebf website th\u00e2n thi\u1ec7n v\u1edbi di \u0111\u1ed9ng LADIGI<br \/>\n <\/a><br \/>\n \u0111\u1ec3 gi\u00fap b\u1ea1n b\u1eaft \u0111\u1ea7u h\u00e0nh tr\u00ecnh kinh doanh th\u00e0nh c\u00f4ng ngay h\u00f4m nay!<\/p>\n","protected":false},"excerpt":{"rendered":"<p>D\u1ecbch v\u1ee5 thi\u1ebft k\u1ebf website landing page b\u00e1n h\u00e0ng n\u1ed9i y s\u1eed d\u1ee5ng m\u00e3 ngu\u1ed3n WordPress v\u1edbi theme Flatsome v\u00e0 UX Builder, gi\u00fap t\u1ea1o giao di\u1ec7n \u0111\u1eb9p, chuy\u00ean nghi\u1ec7p v\u00e0 d\u1ec5 s\u1eed d\u1ee5ng. Website t\u01b0\u01a1ng th\u00edch tr\u00ean m\u1ecdi thi\u1ebft b\u1ecb, v\u1edbi t\u1ed1c \u0111\u1ed9 t\u1ea3i trang nhanh, mang \u0111\u1ebfn tr\u1ea3i nghi\u1ec7m mua s\u1eafm tuy\u1ec7t v\u1eddi cho kh\u00e1ch h\u00e0ng.<\/p>\n","protected":false},"featured_media":8971,"comment_status":"open","ping_status":"closed","template":"","meta":[],"product_cat":[16],"product_tag":[],"class_list":{"0":"post-8970","1":"product","2":"type-product","3":"status-publish","4":"has-post-thumbnail","6":"product_cat-tat-ca","8":"first","9":"instock","10":"shipping-taxable","11":"product-type-external"},"_links":{"self":[{"href":"https:\/\/ladigi.vn\/thiet-ke-website\/wp-json\/wp\/v2\/product\/8970","targetHints":{"allow":["GET"]}}],"collection":[{"href":"https:\/\/ladigi.vn\/thiet-ke-website\/wp-json\/wp\/v2\/product"}],"about":[{"href":"https:\/\/ladigi.vn\/thiet-ke-website\/wp-json\/wp\/v2\/types\/product"}],"replies":[{"embeddable":true,"href":"https:\/\/ladigi.vn\/thiet-ke-website\/wp-json\/wp\/v2\/comments?post=8970"}],"wp:featuredmedia":[{"embeddable":true,"href":"https:\/\/ladigi.vn\/thiet-ke-website\/wp-json\/wp\/v2\/media\/8971"}],"wp:attachment":[{"href":"https:\/\/ladigi.vn\/thiet-ke-website\/wp-json\/wp\/v2\/media?parent=8970"}],"wp:term":[{"taxonomy":"product_cat","embeddable":true,"href":"https:\/\/ladigi.vn\/thiet-ke-website\/wp-json\/wp\/v2\/product_cat?post=8970"},{"taxonomy":"product_tag","embeddable":true,"href":"https:\/\/ladigi.vn\/thiet-ke-website\/wp-json\/wp\/v2\/product_tag?post=8970"}],"curies":[{"name":"wp","href":"https:\/\/api.w.org\/{rel}","templated":true}]}}