{"id":8994,"date":"2025-01-10T20:11:06","date_gmt":"2025-01-10T13:11:06","guid":{"rendered":"https:\/\/ladigi.vn\/thiet-ke-website\/?post_type=product&#038;p=8994"},"modified":"2025-01-10T20:12:42","modified_gmt":"2025-01-10T13:12:42","slug":"theme-wordpress-ban-san-go","status":"publish","type":"product","link":"https:\/\/ladigi.vn\/thiet-ke-website\/mau-web\/theme-wordpress-ban-san-go\/","title":{"rendered":"S\u00e0n g\u1ed7"},"content":{"rendered":"<h1>\n D\u1ecbch v\u1ee5 Thi\u1ebft k\u1ebf website Theme WordPress b\u00e1n s\u00e0n g\u1ed7<br \/>\n<\/h1>\n<p>\n B\u1ea1n \u0111ang t\u00ecm ki\u1ebfm m\u1ed9t gi\u1ea3i ph\u00e1p thi\u1ebft k\u1ebf website b\u00e1n s\u00e0n g\u1ed7 \u0111\u1eb9p m\u1eaft, chuy\u00ean nghi\u1ec7p v\u00e0 d\u1ec5 s\u1eed d\u1ee5ng? Ch\u00fang t\u00f4i cung c\u1ea5p d\u1ecbch v\u1ee5 thi\u1ebft k\u1ebf website v\u1edbi Theme WordPress, s\u1ebd gi\u00fap c\u1eeda h\u00e0ng c\u1ee7a b\u1ea1n n\u1ed5i b\u1eadt gi\u1eefa mu\u00f4n v\u00e0n \u0111\u1ed1i th\u1ee7.\n<\/p>\n<h2>\n Giao di\u1ec7n \u0111\u1eb9p m\u1eaft v\u00e0 chuy\u00ean nghi\u1ec7p<br \/>\n<\/h2>\n<p>\n Giao di\u1ec7n website \u0111\u01b0\u1ee3c thi\u1ebft k\u1ebf theo ti\u00eau ch\u00ed \u0111\u1eb9p v\u00e0 chuy\u00ean nghi\u1ec7p, kh\u00f4ng ch\u1ec9 thu h\u00fat kh\u00e1ch h\u00e0ng m\u00e0 c\u00f2n gi\u00fap n\u00e2ng t\u1ea7m th\u01b0\u01a1ng hi\u1ec7u c\u1ee7a b\u1ea1n. V\u1edbi nh\u1eefng y\u1ebfu t\u1ed1 thi\u1ebft k\u1ebf hi\u1ec7n \u0111\u1ea1i, trang web c\u1ee7a b\u1ea1n s\u1ebd mang l\u1ea1i tr\u1ea3i nghi\u1ec7m tuy\u1ec7t v\u1eddi cho ng\u01b0\u1eddi d\u00f9ng.\n<\/p>\n<h2>\n T\u01b0\u01a1ng th\u00edch tr\u00ean m\u1ecdi thi\u1ebft b\u1ecb<br \/>\n<\/h2>\n<p>\n Website c\u1ee7a b\u1ea1n s\u1ebd \u0111\u01b0\u1ee3c t\u1ed1i \u01b0u h\u00f3a \u0111\u1ec3 ho\u1ea1t \u0111\u1ed9ng m\u01b0\u1ee3t m\u00e0 tr\u00ean m\u1ecdi thi\u1ebft b\u1ecb t\u1eeb m\u00e1y t\u00ednh, laptop cho \u0111\u1ebfn \u0111i\u1ec7n tho\u1ea1i di \u0111\u1ed9ng. \u0110i\u1ec1u n\u00e0y \u0111\u1ea3m b\u1ea3o r\u1eb1ng kh\u00e1ch h\u00e0ng c\u00f3 th\u1ec3 truy c\u1eadp th\u00f4ng tin v\u1ec1 s\u1ea3n ph\u1ea9m c\u1ee7a b\u1ea1n m\u1ecdi l\u00fac, m\u1ecdi n\u01a1i.\n<\/p>\n<h2>\n M\u00e3 ngu\u1ed3n WordPress v\u1edbi Theme Flatsome v\u00e0 UX Builder<br \/>\n<\/h2>\n<p>\n Ch\u00fang t\u00f4i s\u1eed d\u1ee5ng m\u00e3 ngu\u1ed3n WordPress k\u1ebft h\u1ee3p v\u1edbi Theme Flatsome v\u00e0 UX Builder, mang \u0111\u1ebfn kh\u1ea3 n\u0103ng t\u00f9y bi\u1ebfn t\u1ed1i \u0111a cho b\u1ea1n. D\u00f9 b\u1ea1n kh\u00f4ng c\u00f3 nhi\u1ec1u kinh nghi\u1ec7m v\u1ec1 l\u1eadp tr\u00ecnh, b\u1ea1n v\u1eabn c\u00f3 th\u1ec3 d\u1ec5 d\u00e0ng ch\u1ec9nh s\u1eeda v\u00e0 n\u00e2ng c\u1ea5p website theo \u00fd t\u01b0\u1edfng v\u00e0 nhu c\u1ea7u c\u1ee7a m\u00ecnh.\n<\/p>\n<h2>\n T\u1ed1c \u0111\u1ed9 t\u1ea3i trang nhanh<br \/>\n<\/h2>\n<p>\n T\u1ed1c \u0111\u1ed9 t\u1ea3i trang l\u00e0 y\u1ebfu t\u1ed1 quan tr\u1ecdng \u1ea3nh h\u01b0\u1edfng \u0111\u1ebfn tr\u1ea3i nghi\u1ec7m ng\u01b0\u1eddi d\u00f9ng. Website \u0111\u01b0\u1ee3c thi\u1ebft k\u1ebf c\u1ee7a ch\u00fang t\u00f4i cam k\u1ebft \u0111\u1ea1t t\u1ed1c \u0111\u1ed9 t\u1ea3i nhanh, gi\u00fap gi\u1ea3m thi\u1ec3u t\u1ef7 l\u1ec7 tho\u00e1t v\u00e0 gi\u1eef ch\u00e2n kh\u00e1ch h\u00e0ng \u1edf l\u1ea1i l\u00e2u h\u01a1n.\n<\/p>\n<hr\/>\n<p>\n C\u00f4ng ty thi\u1ebft k\u1ebf website LADIGI (LADIGI Agency) t\u1ef1 h\u00e0o mang \u0111\u1ebfn d\u1ecbch v\u1ee5 thi\u1ebft k\u1ebf web th\u01b0\u01a1ng m\u1ea1i \u0111i\u1ec7n t\u1eed ch\u1ea5t l\u01b0\u1ee3ng cao. Ch\u00fang t\u00f4i lu\u00f4n n\u1ed7 l\u1ef1c \u0111\u1ec3 \u0111\u00e1p \u1ee9ng nhu c\u1ea7u c\u1ee7a kh\u00e1ch h\u00e0ng v\u00e0 mang l\u1ea1i nh\u1eefng s\u1ea3n ph\u1ea9m t\u1ed1t nh\u1ea5t cho doanh nghi\u1ec7p b\u1ea1n.\n<\/p>\n<p>\n \u0110\u1ec3 t\u00ecm hi\u1ec3u th\u00eam, h\u00e3y tham kh\u1ea3o<br \/>\n <a href=\"https:\/\/ladigi.vn\/thiet-ke-website\/\"><br \/>\n  Thi\u1ebft k\u1ebf web th\u01b0\u01a1ng m\u1ea1i \u0111i\u1ec7n t\u1eed<br \/>\n <\/a><br \/>\n .<\/p>\n","protected":false},"excerpt":{"rendered":"<p>D\u1ecbch v\u1ee5 thi\u1ebft k\u1ebf website b\u00e1n s\u00e0n g\u1ed7 s\u1eed d\u1ee5ng WordPress v\u1edbi theme Flatsome v\u00e0 UX Builder, mang \u0111\u1ebfn giao di\u1ec7n \u0111\u1eb9p m\u1eaft, chuy\u00ean nghi\u1ec7p v\u00e0 d\u1ec5 s\u1eed d\u1ee5ng. Trang web t\u01b0\u01a1ng th\u00edch tr\u00ean m\u1ecdi thi\u1ebft b\u1ecb, \u0111\u1ea3m b\u1ea3o t\u1ed1c \u0111\u1ed9 t\u1ea3i trang nhanh, gi\u00fap kh\u00e1ch h\u00e0ng c\u00f3 tr\u1ea3i nghi\u1ec7m t\u1ed1t nh\u1ea5t khi mua s\u1eafm.<\/p>\n","protected":false},"featured_media":8995,"comment_status":"open","ping_status":"closed","template":"","meta":[],"product_cat":[16],"product_tag":[],"class_list":{"0":"post-8994","1":"product","2":"type-product","3":"status-publish","4":"has-post-thumbnail","6":"product_cat-tat-ca","8":"first","9":"instock","10":"shipping-taxable","11":"product-type-external"},"_links":{"self":[{"href":"https:\/\/ladigi.vn\/thiet-ke-website\/wp-json\/wp\/v2\/product\/8994","targetHints":{"allow":["GET"]}}],"collection":[{"href":"https:\/\/ladigi.vn\/thiet-ke-website\/wp-json\/wp\/v2\/product"}],"about":[{"href":"https:\/\/ladigi.vn\/thiet-ke-website\/wp-json\/wp\/v2\/types\/product"}],"replies":[{"embeddable":true,"href":"https:\/\/ladigi.vn\/thiet-ke-website\/wp-json\/wp\/v2\/comments?post=8994"}],"wp:featuredmedia":[{"embeddable":true,"href":"https:\/\/ladigi.vn\/thiet-ke-website\/wp-json\/wp\/v2\/media\/8995"}],"wp:attachment":[{"href":"https:\/\/ladigi.vn\/thiet-ke-website\/wp-json\/wp\/v2\/media?parent=8994"}],"wp:term":[{"taxonomy":"product_cat","embeddable":true,"href":"https:\/\/ladigi.vn\/thiet-ke-website\/wp-json\/wp\/v2\/product_cat?post=8994"},{"taxonomy":"product_tag","embeddable":true,"href":"https:\/\/ladigi.vn\/thiet-ke-website\/wp-json\/wp\/v2\/product_tag?post=8994"}],"curies":[{"name":"wp","href":"https:\/\/api.w.org\/{rel}","templated":true}]}}