{"id":8996,"date":"2025-01-12T14:30:57","date_gmt":"2025-01-12T07:30:57","guid":{"rendered":"https:\/\/ladigi.vn\/thiet-ke-website\/?post_type=product&#038;p=8996"},"modified":"2025-01-12T14:32:37","modified_gmt":"2025-01-12T07:32:37","slug":"theme-wordpress-phong-kham-02","status":"publish","type":"product","link":"https:\/\/ladigi.vn\/thiet-ke-website\/mau-web\/theme-wordpress-phong-kham-02\/","title":{"rendered":"Ph\u00f2ng kh\u00e1m nha khoa"},"content":{"rendered":"<p>\n Ch\u00e0o m\u1eebng \u0111\u1ebfn v\u1edbi LADIGI Agency &#8211; \u0111\u01a1n v\u1ecb chuy\u00ean thi\u1ebft k\u1ebf website \u0111\u1eb9p v\u00e0 chuy\u00ean nghi\u1ec7p cho ph\u00f2ng kh\u00e1m c\u1ee7a b\u1ea1n!\n<\/p>\n<p>\n B\u1ea1n \u0111ang t\u00ecm ki\u1ebfm m\u1ed9t giao di\u1ec7n web \u0111\u1eb9p, d\u1ec5 s\u1eed d\u1ee5ng v\u00e0 t\u01b0\u01a1ng th\u00edch tr\u00ean m\u1ecdi thi\u1ebft b\u1ecb cho ph\u00f2ng kh\u00e1m c\u1ee7a m\u00ecnh? H\u00e3y \u0111\u1ec3 LADIGI gi\u00fap b\u1ea1n v\u1edbi d\u1ecbch v\u1ee5 Thi\u1ebft k\u1ebf website Theme wordpress ph\u00f2ng kh\u00e1m 02.\n<\/p>\n<p>\n V\u1edbi giao di\u1ec7n \u0111\u01b0\u1ee3c thi\u1ebft k\u1ebf \u0111\u1eb9p v\u00e0 chuy\u00ean nghi\u1ec7p, website c\u1ee7a b\u1ea1n s\u1ebd g\u00e2y \u1ea5n t\u01b0\u1ee3ng m\u1ea1nh v\u1edbi kh\u00e1ch h\u00e0ng ngay t\u1eeb c\u00e1i nh\u00ecn \u0111\u1ea7u ti\u00ean. B\u00ean c\u1ea1nh \u0111\u00f3, giao di\u1ec7n c\u00f2n \u0111\u01b0\u1ee3c t\u1ed1i \u01b0u h\u00f3a \u0111\u1ec3 \u0111\u1ea3m b\u1ea3o s\u1ef1 d\u1ec5 s\u1eed d\u1ee5ng cho c\u1ea3 ng\u01b0\u1eddi d\u00f9ng m\u1edbi v\u00e0 c\u0169.\n<\/p>\n<p>\n Kh\u00f4ng ch\u1ec9 d\u1eebng l\u1ea1i \u1edf \u0111\u00f3, website c\u1ee7a b\u1ea1n c\u00f2n \u0111\u01b0\u1ee3c \u0111\u1ea3m b\u1ea3o t\u01b0\u01a1ng th\u00edch tr\u00ean m\u1ecdi thi\u1ebft b\u1ecb, t\u1eeb m\u00e1y t\u00ednh \u0111\u1ec3 b\u00e0n, laptop, \u0111\u1ebfn \u0111i\u1ec7n tho\u1ea1i di \u0111\u1ed9ng v\u00e0 m\u00e1y t\u00ednh b\u1ea3ng. \u0110i\u1ec1u n\u00e0y gi\u00fap b\u1ea1n ti\u1ebfp c\u1eadn \u0111\u01b0\u1ee3c \u0111a d\u1ea1ng kh\u00e1ch h\u00e0ng v\u00e0 t\u0103ng c\u01a1 h\u1ed9i kinh doanh.\n<\/p>\n<p>\n LADIGI s\u1eed d\u1ee5ng m\u00e3 ngu\u1ed3n WordPress v\u1edbi Theme Flatsome v\u00e0 UX Builder \u0111\u1ec3 thi\u1ebft k\u1ebf website cho ph\u00f2ng kh\u00e1m c\u1ee7a b\u1ea1n. \u0110\u00e2y l\u00e0 nh\u1eefng c\u00f4ng c\u1ee5 m\u1ea1nh m\u1ebd v\u00e0 d\u1ec5 t\u00f9y bi\u1ebfn, gi\u00fap b\u1ea1n c\u00f3 \u0111\u01b0\u1ee3c m\u1ed9t website \u0111\u1eb9p v\u00e0 ch\u1ee9c n\u0103ng \u0111\u1ea7y \u0111\u1ee7 theo \u00fd mu\u1ed1n.\n<\/p>\n<p>\n Ngo\u00e0i ra, website c\u1ee7a b\u1ea1n c\u00f2n \u0111\u01b0\u1ee3c \u0111\u1ea3m b\u1ea3o t\u1ed1c \u0111\u1ed9 t\u1ea3i trang nhanh. \u0110i\u1ec1u n\u00e0y r\u1ea5t quan tr\u1ecdng \u0111\u1ec3 \u0111\u1ea3m b\u1ea3o kh\u00e1ch h\u00e0ng kh\u00f4ng b\u1ecb ch\u1edd \u0111\u1ee3i l\u00e2u v\u00e0 t\u0103ng tr\u1ea3i nghi\u1ec7m c\u1ee7a h\u1ecd tr\u00ean website c\u1ee7a b\u1ea1n.\n<\/p>\n<p>\n LADIGI Agency l\u00e0 \u0111\u01a1n v\u1ecb chuy\u00ean thi\u1ebft k\u1ebf website \u0111a n\u1ec1n t\u1ea3ng. Ch\u00fang t\u00f4i cam k\u1ebft mang \u0111\u1ebfn cho b\u1ea1n m\u1ed9t website \u0111\u1eb9p, chuy\u00ean nghi\u1ec7p v\u00e0 hi\u1ec7u qu\u1ea3 trong vi\u1ec7c thu h\u00fat kh\u00e1ch h\u00e0ng v\u00e0 t\u0103ng doanh thu.\n<\/p>\n<p>\n H\u00e3y \u0111\u1ec3 LADIGI gi\u00fap b\u1ea1n c\u00f3 \u0111\u01b0\u1ee3c m\u1ed9t website ph\u00f2ng kh\u00e1m ho\u00e0n h\u1ea3o v\u1edbi d\u1ecbch v\u1ee5 Thi\u1ebft k\u1ebf website Theme wordpress ph\u00f2ng kh\u00e1m 02. \u0110\u1eebng ng\u1ea7n ng\u1ea1i li\u00ean h\u1ec7 v\u1edbi ch\u00fang t\u00f4i ngay h\u00f4m nay \u0111\u1ec3 bi\u1ebft th\u00eam th\u00f4ng tin chi ti\u1ebft.\n<\/p>\n<p>\n <a href=\"https:\/\/ladigi.vn\/thiet-ke-website\/\"><br \/>\n  D\u1ecbch v\u1ee5 thi\u1ebft k\u1ebf website \u0111a n\u1ec1n t\u1ea3ng LADIGI<br \/>\n <\/a><br \/>\n &#8211; \u0111\u1ed3ng h\u00e0nh c\u00f9ng b\u1ea1n trong vi\u1ec7c ph\u00e1t tri\u1ec3n th\u01b0\u01a1ng hi\u1ec7u v\u00e0 kinh doanh tr\u1ef1c tuy\u1ebfn. H\u00e3y \u0111\u1ec3 ch\u00fang t\u00f4i gi\u00fap b\u1ea1n \u0111\u1ea1t \u0111\u01b0\u1ee3c th\u00e0nh c\u00f4ng!<\/p>\n","protected":false},"excerpt":{"rendered":"<p>D\u1ecbch v\u1ee5 Thi\u1ebft k\u1ebf website Theme wordpress ph\u00f2ng kh\u00e1m 02 mang \u0111\u1ebfn cho kh\u00e1ch h\u00e0ng m\u1ed9t giao di\u1ec7n web \u0111\u1eb9p, chuy\u00ean nghi\u1ec7p v\u00e0 d\u1ec5 s\u1eed d\u1ee5ng. V\u1edbi vi\u1ec7c t\u01b0\u01a1ng th\u00edch tr\u00ean m\u1ecdi thi\u1ebft b\u1ecb, ng\u01b0\u1eddi d\u00f9ng c\u00f3 th\u1ec3 truy c\u1eadp v\u00e0 s\u1eed d\u1ee5ng d\u1ecbch v\u1ee5 m\u1ed9t c\u00e1ch thu\u1eadn ti\u1ec7n. M\u00e3 ngu\u1ed3n Wordpress s\u1eed d\u1ee5ng Theme Flatsome v\u00e0 UX Builder gi\u00fap t\u00f9y bi\u1ebfn nhanh ch\u00f3ng v\u00e0 linh ho\u1ea1t. \u0110\u1eb7c bi\u1ec7t, t\u1ed1c \u0111\u1ed9 t\u1ea3i trang nhanh s\u1ebd mang l\u1ea1i tr\u1ea3i nghi\u1ec7m t\u1ed1t h\u01a1n cho ng\u01b0\u1eddi d\u00f9ng.<\/p>\n","protected":false},"featured_media":8997,"comment_status":"open","ping_status":"closed","template":"","meta":[],"product_cat":[16],"product_tag":[],"class_list":{"0":"post-8996","1":"product","2":"type-product","3":"status-publish","4":"has-post-thumbnail","6":"product_cat-tat-ca","8":"first","9":"instock","10":"shipping-taxable","11":"product-type-external"},"_links":{"self":[{"href":"https:\/\/ladigi.vn\/thiet-ke-website\/wp-json\/wp\/v2\/product\/8996","targetHints":{"allow":["GET"]}}],"collection":[{"href":"https:\/\/ladigi.vn\/thiet-ke-website\/wp-json\/wp\/v2\/product"}],"about":[{"href":"https:\/\/ladigi.vn\/thiet-ke-website\/wp-json\/wp\/v2\/types\/product"}],"replies":[{"embeddable":true,"href":"https:\/\/ladigi.vn\/thiet-ke-website\/wp-json\/wp\/v2\/comments?post=8996"}],"wp:featuredmedia":[{"embeddable":true,"href":"https:\/\/ladigi.vn\/thiet-ke-website\/wp-json\/wp\/v2\/media\/8997"}],"wp:attachment":[{"href":"https:\/\/ladigi.vn\/thiet-ke-website\/wp-json\/wp\/v2\/media?parent=8996"}],"wp:term":[{"taxonomy":"product_cat","embeddable":true,"href":"https:\/\/ladigi.vn\/thiet-ke-website\/wp-json\/wp\/v2\/product_cat?post=8996"},{"taxonomy":"product_tag","embeddable":true,"href":"https:\/\/ladigi.vn\/thiet-ke-website\/wp-json\/wp\/v2\/product_tag?post=8996"}],"curies":[{"name":"wp","href":"https:\/\/api.w.org\/{rel}","templated":true}]}}