{"id":9014,"date":"2025-01-12T17:19:11","date_gmt":"2025-01-12T10:19:11","guid":{"rendered":"https:\/\/ladigi.vn\/thiet-ke-website\/?post_type=product&#038;p=9014"},"modified":"2025-01-12T17:20:53","modified_gmt":"2025-01-12T10:20:53","slug":"theme-wordpress-thoi-trang-12","status":"publish","type":"product","link":"https:\/\/ladigi.vn\/thiet-ke-website\/mau-web\/theme-wordpress-thoi-trang-12\/","title":{"rendered":"Th\u1eddi trang"},"content":{"rendered":"<p>\n Ch\u00e0o m\u1ecdi ng\u01b0\u1eddi,\n<\/p>\n<p>\n B\u1ea1n \u0111ang t\u00ecm ki\u1ebfm m\u1ed9t d\u1ecbch v\u1ee5 thi\u1ebft k\u1ebf website chuy\u00ean nghi\u1ec7p, \u0111\u1eb9p v\u00e0 d\u1ec5 s\u1eed d\u1ee5ng cho th\u01b0\u01a1ng hi\u1ec7u th\u1eddi trang c\u1ee7a m\u00ecnh? V\u1eady th\u00ec h\u00e3y c\u00f9ng LADIGI Agency kh\u00e1m ph\u00e1 d\u1ecbch v\u1ee5 Thi\u1ebft k\u1ebf website Theme wordpress th\u1eddi trang 12 c\u1ee7a ch\u00fang t\u00f4i.\n<\/p>\n<p>\n V\u1edbi s\u1ef1 ph\u00e1t tri\u1ec3n c\u1ee7a c\u00f4ng ngh\u1ec7, vi\u1ec7c c\u00f3 m\u1ed9t website th\u1eddi trang \u0111\u1eb9p v\u00e0 chuy\u00ean nghi\u1ec7p l\u00e0 r\u1ea5t quan tr\u1ecdng \u0111\u1ec3 thu h\u00fat kh\u00e1ch h\u00e0ng v\u00e0 t\u0103ng c\u01b0\u1eddng th\u01b0\u01a1ng hi\u1ec7u. \u0110i\u1ec1u \u0111\u00f3 c\u00e0ng tr\u1edf n\u00ean d\u1ec5 d\u00e0ng h\u01a1n v\u1edbi d\u1ecbch v\u1ee5 Thi\u1ebft k\u1ebf website Theme wordpress th\u1eddi trang 12 c\u1ee7a LADIGI.\n<\/p>\n<p>\n Giao di\u1ec7n web \u0111\u01b0\u1ee3c thi\u1ebft k\u1ebf b\u1edfi c\u00e1c chuy\u00ean gia \u0111\u1ea7y kinh nghi\u1ec7m c\u1ee7a ch\u00fang t\u00f4i, \u0111\u1ea3m b\u1ea3o s\u1ebd mang \u0111\u1ebfn cho b\u1ea1n m\u1ed9t trang web th\u1eddi trang \u0111\u1eb9p m\u1eaft v\u00e0 chuy\u00ean nghi\u1ec7p. V\u1edbi s\u1ef1 k\u1ebft h\u1ee3p ho\u00e0n h\u1ea3o gi\u1eefa m\u00e0u s\u1eafc, h\u00ecnh \u1ea3nh v\u00e0 \u0111\u1ecbnh d\u1ea1ng, website c\u1ee7a b\u1ea1n s\u1ebd th\u1ec3 hi\u1ec7n \u0111\u01b0\u1ee3c phong c\u00e1ch v\u00e0 c\u00e1 t\u00ednh c\u1ee7a th\u01b0\u01a1ng hi\u1ec7u.\n<\/p>\n<p>\n Kh\u00f4ng ch\u1ec9 \u0111\u1eb9p m\u1eaft, giao di\u1ec7n web c\u1ee7a ch\u00fang t\u00f4i c\u00f2n t\u01b0\u01a1ng th\u00edch tr\u00ean m\u1ecdi thi\u1ebft b\u1ecb. \u0110i\u1ec1u n\u00e0y \u0111\u1ea3m b\u1ea3o kh\u00e1ch h\u00e0ng c\u1ee7a b\u1ea1n c\u00f3 th\u1ec3 truy c\u1eadp website c\u1ee7a b\u1ea1n m\u1ed9t c\u00e1ch d\u1ec5 d\u00e0ng v\u00e0 thu\u1eadn ti\u1ec7n tr\u00ean m\u1ecdi n\u1ec1n t\u1ea3ng, t\u1eeb m\u00e1y t\u00ednh \u0111\u1ec3 b\u00e0n \u0111\u1ebfn \u0111i\u1ec7n tho\u1ea1i di \u0111\u1ed9ng.\n<\/p>\n<p>\n M\u00e3 ngu\u1ed3n WordPress v\u1edbi Theme Flatsome v\u00e0 UX Builder \u0111\u01b0\u1ee3c s\u1eed d\u1ee5ng trong vi\u1ec7c thi\u1ebft k\u1ebf website c\u1ee7a ch\u00fang t\u00f4i. \u0110i\u1ec1u n\u00e0y cho ph\u00e9p ch\u00fang t\u00f4i t\u00f9y bi\u1ebfn giao di\u1ec7n web theo \u00fd mu\u1ed1n c\u1ee7a b\u1ea1n, t\u1eeb vi\u1ec7c thay \u0111\u1ed5i m\u00e0u s\u1eafc, b\u1ed1 c\u1ee5c \u0111\u1ebfn th\u00eam c\u00e1c t\u00ednh n\u0103ng m\u1edbi. Vi\u1ec7c t\u00f9y bi\u1ebfn n\u00e0y gi\u00fap website c\u1ee7a b\u1ea1n tr\u1edf n\u00ean \u0111\u1ed9c \u0111\u00e1o v\u00e0 kh\u00e1c bi\u1ec7t v\u1edbi c\u00e1c \u0111\u1ed1i th\u1ee7 c\u1ea1nh tranh.\n<\/p>\n<p>\n Kh\u00f4ng ch\u1ec9 \u0111\u1eb9p v\u00e0 d\u1ec5 s\u1eed d\u1ee5ng, website c\u1ee7a ch\u00fang t\u00f4i c\u00f2n c\u00f3 t\u1ed1c \u0111\u1ed9 t\u1ea3i trang nhanh. \u0110i\u1ec1u n\u00e0y gi\u00fap kh\u00e1ch h\u00e0ng c\u1ee7a b\u1ea1n c\u00f3 tr\u1ea3i nghi\u1ec7m t\u1ed1t h\u01a1n khi truy c\u1eadp website v\u00e0 t\u0103ng kh\u1ea3 n\u0103ng kh\u00e1ch h\u00e0ng \u1edf l\u1ea1i trang web l\u00e2u h\u01a1n.\n<\/p>\n<p>\n \u0110\u1ec3 \u0111\u1ea3m b\u1ea3o ch\u1ea5t l\u01b0\u1ee3ng v\u00e0 s\u1ef1 h\u00e0i l\u00f2ng c\u1ee7a kh\u00e1ch h\u00e0ng, ch\u00fang t\u00f4i cam k\u1ebft s\u1ebd h\u1ed7 tr\u1ee3 b\u1ea1n trong qu\u00e1 tr\u00ecnh s\u1eed d\u1ee5ng website v\u00e0 \u0111\u1ea3m b\u1ea3o website lu\u00f4n ho\u1ea1t \u0111\u1ed9ng \u1ed5n \u0111\u1ecbnh.\n<\/p>\n<p>\n V\u1edbi d\u1ecbch v\u1ee5 Thi\u1ebft k\u1ebf website Theme wordpress th\u1eddi trang 12 c\u1ee7a LADIGI, b\u1ea1n s\u1ebd c\u00f3 m\u1ed9t website th\u1eddi trang \u0111\u1eb9p, chuy\u00ean nghi\u1ec7p v\u00e0 d\u1ec5 s\u1eed d\u1ee5ng, gi\u00fap th\u01b0\u01a1ng hi\u1ec7u c\u1ee7a b\u1ea1n tr\u1edf n\u00ean n\u1ed5i b\u1eadt v\u00e0 thu h\u00fat kh\u00e1ch h\u00e0ng.\n<\/p>\n<p>\n H\u00e3y \u0111\u1ec3 LADIGI Agency gi\u00fap b\u1ea1n th\u1ec3 hi\u1ec7n phong c\u00e1ch v\u00e0 c\u00e1 t\u00ednh c\u1ee7a th\u01b0\u01a1ng hi\u1ec7u th\u00f4ng qua website c\u1ee7a m\u00ecnh. \u0110\u1ec3 bi\u1ebft th\u00eam th\u00f4ng tin chi ti\u1ebft, vui l\u00f2ng truy c\u1eadp<br \/>\n <a href=\"https:\/\/ladigi.vn\/thiet-ke-website\/\"><br \/>\n  Thi\u1ebft k\u1ebf website \u0111a ng\u00f4n ng\u1eef LADIGI<br \/>\n <\/a><br \/>\n .\n<\/p>\n<p>\n C\u1ea3m \u01a1n b\u1ea1n \u0111\u00e3 \u0111\u1ecdc b\u00e0i vi\u1ebft c\u1ee7a ch\u00fang t\u00f4i. H\u00e3y li\u00ean h\u1ec7 v\u1edbi ch\u00fang t\u00f4i ngay \u0111\u1ec3 c\u00f3 m\u1ed9t website th\u1eddi trang ho\u00e0n h\u1ea3o cho th\u01b0\u01a1ng hi\u1ec7u c\u1ee7a b\u1ea1n. Ch\u00fang t\u00f4i lu\u00f4n s\u1eb5n s\u00e0ng h\u1ed7 tr\u1ee3 b\u1ea1n!<\/p>\n","protected":false},"excerpt":{"rendered":"<p>D\u1ecbch v\u1ee5 Thi\u1ebft k\u1ebf website Theme wordpress th\u1eddi trang 12 l\u00e0 s\u1ef1 l\u1ef1a ch\u1ecdn ho\u00e0n h\u1ea3o cho c\u00e1c th\u01b0\u01a1ng hi\u1ec7u th\u1eddi trang mu\u1ed1n c\u00f3 m\u1ed9t giao di\u1ec7n web \u0111\u1eb9p, chuy\u00ean nghi\u1ec7p v\u00e0 d\u1ec5 s\u1eed d\u1ee5ng. V\u1edbi s\u1ef1 k\u1ebft h\u1ee3p gi\u1eefa m\u00e3 ngu\u1ed3n Wordpress, Theme Flatsome v\u00e0 UX Builder, ch\u00fang t\u00f4i \u0111\u1ea3m b\u1ea3o giao di\u1ec7n web c\u1ee7a b\u1ea1n s\u1ebd t\u01b0\u01a1ng th\u00edch tr\u00ean m\u1ecdi thi\u1ebft b\u1ecb v\u00e0 c\u00f3 t\u1ed1c \u0111\u1ed9 t\u1ea3i trang nhanh ch\u00f3ng. Kh\u00f4ng ch\u1ec9 \u0111\u01a1n thu\u1ea7n l\u00e0 m\u1ed9t website, m\u00e0 ch\u00fang t\u00f4i c\u00f2n mang \u0111\u1ebfn cho b\u1ea1n m\u1ed9t tr\u1ea3i nghi\u1ec7m tuy\u1ec7t v\u1eddi tr\u00ean m\u00f4i tr\u01b0\u1eddng tr\u1ef1c tuy\u1ebfn.<\/p>\n","protected":false},"featured_media":9015,"comment_status":"open","ping_status":"closed","template":"","meta":[],"product_cat":[16],"product_tag":[],"class_list":{"0":"post-9014","1":"product","2":"type-product","3":"status-publish","4":"has-post-thumbnail","6":"product_cat-tat-ca","8":"first","9":"instock","10":"shipping-taxable","11":"product-type-external"},"_links":{"self":[{"href":"https:\/\/ladigi.vn\/thiet-ke-website\/wp-json\/wp\/v2\/product\/9014","targetHints":{"allow":["GET"]}}],"collection":[{"href":"https:\/\/ladigi.vn\/thiet-ke-website\/wp-json\/wp\/v2\/product"}],"about":[{"href":"https:\/\/ladigi.vn\/thiet-ke-website\/wp-json\/wp\/v2\/types\/product"}],"replies":[{"embeddable":true,"href":"https:\/\/ladigi.vn\/thiet-ke-website\/wp-json\/wp\/v2\/comments?post=9014"}],"wp:featuredmedia":[{"embeddable":true,"href":"https:\/\/ladigi.vn\/thiet-ke-website\/wp-json\/wp\/v2\/media\/9015"}],"wp:attachment":[{"href":"https:\/\/ladigi.vn\/thiet-ke-website\/wp-json\/wp\/v2\/media?parent=9014"}],"wp:term":[{"taxonomy":"product_cat","embeddable":true,"href":"https:\/\/ladigi.vn\/thiet-ke-website\/wp-json\/wp\/v2\/product_cat?post=9014"},{"taxonomy":"product_tag","embeddable":true,"href":"https:\/\/ladigi.vn\/thiet-ke-website\/wp-json\/wp\/v2\/product_tag?post=9014"}],"curies":[{"name":"wp","href":"https:\/\/api.w.org\/{rel}","templated":true}]}}