{"id":9016,"date":"2025-01-11T12:18:30","date_gmt":"2025-01-11T05:18:30","guid":{"rendered":"https:\/\/ladigi.vn\/thiet-ke-website\/?post_type=product&#038;p=9016"},"modified":"2025-01-11T12:20:31","modified_gmt":"2025-01-11T05:20:31","slug":"theme-wordpress-ban-thuc-pham-07","status":"publish","type":"product","link":"https:\/\/ladigi.vn\/thiet-ke-website\/mau-web\/theme-wordpress-ban-thuc-pham-07\/","title":{"rendered":"Shop b\u00e1n th\u1ef1c ph\u1ea9m"},"content":{"rendered":"<h1>\n D\u1ecbch v\u1ee5 Thi\u1ebft k\u1ebf website Theme WordPress b\u00e1n th\u1ef1c ph\u1ea9m 07<br \/>\n<\/h1>\n<p>\n Ch\u1eafc ch\u1eafn r\u1eb1ng m\u1ed9t trang web h\u1ea5p d\u1eabn v\u00e0 d\u1ec5 s\u1eed d\u1ee5ng l\u00e0 m\u1ed9t ph\u1ea7n quan tr\u1ecdng trong th\u00e0nh c\u00f4ng c\u1ee7a b\u1ea5t k\u1ef3 doanh nghi\u1ec7p n\u00e0o, \u0111\u1eb7c bi\u1ec7t l\u00e0 trong l\u0129nh v\u1ef1c b\u00e1n th\u1ef1c ph\u1ea9m. D\u1ecbch v\u1ee5 thi\u1ebft k\u1ebf website Theme WordPress b\u00e1n th\u1ef1c ph\u1ea9m 07 c\u1ee7a ch\u00fang t\u00f4i mang \u0111\u1ebfn m\u1ed9t gi\u1ea3i ph\u00e1p ho\u00e0n h\u1ea3o v\u1edbi nhi\u1ec1u t\u00ednh n\u0103ng n\u1ed5i b\u1eadt.\n<\/p>\n<h2>\n Giao di\u1ec7n web \u0111\u1eb9p v\u00e0 chuy\u00ean nghi\u1ec7p<br \/>\n<\/h2>\n<p>\n Giao di\u1ec7n c\u1ee7a website \u0111\u01b0\u1ee3c thi\u1ebft k\u1ebf \u0111\u1eb9p m\u1eaft, chuy\u00ean nghi\u1ec7p v\u1edbi m\u00e0u s\u1eafc h\u00e0i h\u00f2a v\u00e0 h\u00ecnh \u1ea3nh s\u1ed1ng \u0111\u1ed9ng. \u0110i\u1ec1u n\u00e0y kh\u00f4ng ch\u1ec9 thu h\u00fat ng\u01b0\u1eddi d\u00f9ng m\u00e0 c\u00f2n mang \u0111\u1ebfn tr\u1ea3i nghi\u1ec7m t\u1ed1t nh\u1ea5t khi h\u1ecd duy\u1ec7t web.\n<\/p>\n<h2>\n T\u01b0\u01a1ng th\u00edch tr\u00ean m\u1ecdi thi\u1ebft b\u1ecb<br \/>\n<\/h2>\n<p>\n Website \u0111\u01b0\u1ee3c t\u1ed1i \u01b0u h\u00f3a cho m\u1ecdi thi\u1ebft b\u1ecb, t\u1eeb m\u00e1y t\u00ednh \u0111\u1ec3 b\u00e0n \u0111\u1ebfn \u0111i\u1ec7n tho\u1ea1i di \u0111\u1ed9ng. B\u1ea1n c\u00f3 th\u1ec3 t\u1ef1 tin r\u1eb1ng kh\u00e1ch h\u00e0ng c\u1ee7a m\u00ecnh s\u1ebd c\u00f3 \u0111\u01b0\u1ee3c tr\u1ea3i nghi\u1ec7m ho\u00e0n h\u1ea3o d\u00f9 h\u1ecd truy c\u1eadp qua b\u1ea5t k\u1ef3 thi\u1ebft b\u1ecb n\u00e0o.\n<\/p>\n<h2>\n M\u00e3 ngu\u1ed3n WordPress v\u1edbi Theme Flatsome v\u00e0 UX Builder<br \/>\n<\/h2>\n<p>\n V\u1edbi m\u00e3 ngu\u1ed3n WordPress, website c\u1ee7a b\u1ea1n s\u1eed d\u1ee5ng Theme Flatsome v\u00e0 UX Builder d\u1ec5 t\u00f9y bi\u1ebfn, cho ph\u00e9p b\u1ea1n ch\u1ec9nh s\u1eeda v\u00e0 thay \u0111\u1ed5i giao di\u1ec7n m\u1ed9t c\u00e1ch linh ho\u1ea1t ch\u1ec9 trong v\u00e0i c\u00fa nh\u1ea5p chu\u1ed9t. Vi\u1ec7c qu\u1ea3n l\u00fd v\u00e0 c\u1eadp nh\u1eadt n\u1ed9i dung tr\u00ean trang web tr\u1edf n\u00ean \u0111\u01a1n gi\u1ea3n h\u01a1n bao gi\u1edd h\u1ebft.\n<\/p>\n<h2>\n T\u1ed1c \u0111\u1ed9 t\u1ea3i trang nhanh<br \/>\n<\/h2>\n<p>\n Ch\u00fang t\u00f4i cam k\u1ebft website c\u1ee7a b\u1ea1n s\u1ebd c\u00f3 t\u1ed1c \u0111\u1ed9 t\u1ea3i trang nhanh ch\u00f3ng, gi\u00fap ng\u01b0\u1eddi d\u00f9ng duy\u1ec7t web m\u01b0\u1ee3t m\u00e0 v\u00e0 gi\u1ea3m t\u1ef7 l\u1ec7 tho\u00e1t. \u0110i\u1ec1u n\u00e0y c\u0169ng g\u00f3p ph\u1ea7n n\u00e2ng cao v\u1ecb tr\u00ed c\u1ee7a b\u1ea1n tr\u00ean c\u00e1c c\u00f4ng c\u1ee5 t\u00ecm ki\u1ebfm.\n<\/p>\n<hr\/>\n<p>\n N\u1ebfu b\u1ea1n \u0111ang t\u00ecm ki\u1ebfm m\u1ed9t \u0111\u01a1n v\u1ecb thi\u1ebft k\u1ebf website chuy\u00ean nghi\u1ec7p v\u00e0 uy t\u00edn, h\u00e3y li\u00ean h\u1ec7 v\u1edbi LADIGI Agency. Ch\u00fang t\u00f4i chuy\u00ean cung c\u1ea5p d\u1ecbch v\u1ee5<br \/>\n <a href=\"https:\/\/ladigi.vn\/thiet-ke-website\/\"><br \/>\n  Thi\u1ebft k\u1ebf web tr\u1ecdn g\u00f3i gi\u00e1 r\u1ebb<br \/>\n <\/a><br \/>\n v\u1edbi ch\u1ea5t l\u01b0\u1ee3ng v\u01b0\u1ee3t tr\u1ed9i v\u00e0 cam k\u1ebft \u0111em l\u1ea1i s\u1ef1 h\u00e0i l\u00f2ng cho kh\u00e1ch h\u00e0ng.<\/p>\n","protected":false},"excerpt":{"rendered":"<p>D\u1ecbch v\u1ee5 thi\u1ebft k\u1ebf website cho b\u00e1n th\u1ef1c ph\u1ea9m s\u1eed d\u1ee5ng m\u00e3 ngu\u1ed3n WordPress v\u1edbi theme Flatsome v\u00e0 UX Builder, mang l\u1ea1i giao di\u1ec7n \u0111\u1eb9p, chuy\u00ean nghi\u1ec7p v\u00e0 d\u1ec5 s\u1eed d\u1ee5ng. Website t\u01b0\u01a1ng th\u00edch tr\u00ean m\u1ecdi thi\u1ebft b\u1ecb, t\u1ed1c \u0111\u1ed9 t\u1ea3i trang nhanh, gi\u00fap t\u0103ng tr\u1ea3i nghi\u1ec7m ng\u01b0\u1eddi d\u00f9ng v\u00e0 t\u1ed1i \u01b0u h\u00f3a doanh thu.<\/p>\n","protected":false},"featured_media":9017,"comment_status":"open","ping_status":"closed","template":"","meta":[],"product_cat":[16],"product_tag":[],"class_list":{"0":"post-9016","1":"product","2":"type-product","3":"status-publish","4":"has-post-thumbnail","6":"product_cat-tat-ca","8":"first","9":"instock","10":"shipping-taxable","11":"product-type-external"},"_links":{"self":[{"href":"https:\/\/ladigi.vn\/thiet-ke-website\/wp-json\/wp\/v2\/product\/9016","targetHints":{"allow":["GET"]}}],"collection":[{"href":"https:\/\/ladigi.vn\/thiet-ke-website\/wp-json\/wp\/v2\/product"}],"about":[{"href":"https:\/\/ladigi.vn\/thiet-ke-website\/wp-json\/wp\/v2\/types\/product"}],"replies":[{"embeddable":true,"href":"https:\/\/ladigi.vn\/thiet-ke-website\/wp-json\/wp\/v2\/comments?post=9016"}],"wp:featuredmedia":[{"embeddable":true,"href":"https:\/\/ladigi.vn\/thiet-ke-website\/wp-json\/wp\/v2\/media\/9017"}],"wp:attachment":[{"href":"https:\/\/ladigi.vn\/thiet-ke-website\/wp-json\/wp\/v2\/media?parent=9016"}],"wp:term":[{"taxonomy":"product_cat","embeddable":true,"href":"https:\/\/ladigi.vn\/thiet-ke-website\/wp-json\/wp\/v2\/product_cat?post=9016"},{"taxonomy":"product_tag","embeddable":true,"href":"https:\/\/ladigi.vn\/thiet-ke-website\/wp-json\/wp\/v2\/product_tag?post=9016"}],"curies":[{"name":"wp","href":"https:\/\/api.w.org\/{rel}","templated":true}]}}