{"id":9032,"date":"2025-01-10T17:49:17","date_gmt":"2025-01-10T10:49:17","guid":{"rendered":"https:\/\/ladigi.vn\/thiet-ke-website\/?post_type=product&#038;p=9032"},"modified":"2025-01-12T19:49:30","modified_gmt":"2025-01-12T12:49:30","slug":"theme-wordpress-ban-dong-trung-ha-thao","status":"publish","type":"product","link":"https:\/\/ladigi.vn\/thiet-ke-website\/mau-web\/theme-wordpress-ban-dong-trung-ha-thao\/","title":{"rendered":"B\u00e1n \u0111\u00f4ng tr\u00f9ng h\u1ea1 th\u1ea3o"},"content":{"rendered":"<h1>\n D\u1ecbch v\u1ee5 Thi\u1ebft k\u1ebf website Theme WordPress b\u00e1n \u0110\u00f4ng tr\u00f9ng h\u1ea1 th\u1ea3o<br \/>\n<\/h1>\n<p>\n Ch\u00e0o m\u1eebng b\u1ea1n \u0111\u1ebfn v\u1edbi d\u1ecbch v\u1ee5 thi\u1ebft k\u1ebf website chuy\u00ean nghi\u1ec7p d\u00e0nh cho c\u00e1c doanh nghi\u1ec7p b\u00e1n \u0111\u00f4ng tr\u00f9ng h\u1ea1 th\u1ea3o. Ch\u00fang t\u00f4i t\u1ef1 h\u00e0o mang \u0111\u1ebfn cho b\u1ea1n m\u1ed9t gi\u1ea3i ph\u00e1p t\u1ed1i \u01b0u cho vi\u1ec7c x\u00e2y d\u1ef1ng th\u01b0\u01a1ng hi\u1ec7u v\u00e0 k\u00eanh b\u00e1n h\u00e0ng tr\u1ef1c tuy\u1ebfn hi\u1ec7u qu\u1ea3.\n<\/p>\n<h2>\n Giao di\u1ec7n \u0111\u1eb9p, chuy\u00ean nghi\u1ec7p, d\u1ec5 s\u1eed d\u1ee5ng<br \/>\n<\/h2>\n<p>\n Website c\u1ee7a b\u1ea1n s\u1ebd \u0111\u01b0\u1ee3c thi\u1ebft k\u1ebf v\u1edbi giao di\u1ec7n hi\u1ec7n \u0111\u1ea1i, \u0111\u1eb9p m\u1eaft v\u00e0 chuy\u00ean nghi\u1ec7p. Ch\u00fang t\u00f4i cam k\u1ebft t\u1ea1o ra m\u1ed9t tr\u1ea3i nghi\u1ec7m ng\u01b0\u1eddi d\u00f9ng t\u1ed1t nh\u1ea5t, gi\u00fap kh\u00e1ch h\u00e0ng d\u1ec5 d\u00e0ng t\u00ecm ki\u1ebfm th\u00f4ng tin v\u00e0 s\u1ea3n ph\u1ea9m m\u00e0 h\u1ecd c\u1ea7n. T\u1eeb m\u00e0u s\u1eafc, b\u1ed1 c\u1ee5c \u0111\u1ebfn h\u00ecnh \u1ea3nh, t\u1ea5t c\u1ea3 \u0111\u1ec1u \u0111\u01b0\u1ee3c t\u1ed1i \u01b0u h\u00f3a \u0111\u1ec3 \u0111em l\u1ea1i \u1ea5n t\u01b0\u1ee3ng m\u1ea1nh m\u1ebd cho ng\u01b0\u1eddi truy c\u1eadp.\n<\/p>\n<h2>\n T\u01b0\u01a1ng th\u00edch tr\u00ean m\u1ecdi thi\u1ebft b\u1ecb<br \/>\n<\/h2>\n<p>\n Ch\u00fang t\u00f4i hi\u1ec3u r\u1eb1ng ng\u01b0\u1eddi d\u00f9ng hi\u1ec7n nay truy c\u1eadp internet qua nhi\u1ec1u thi\u1ebft b\u1ecb kh\u00e1c nhau. V\u00ec v\u1eady, website s\u1ebd \u0111\u01b0\u1ee3c thi\u1ebft k\u1ebf responsive, \u0111\u1ea3m b\u1ea3o ho\u1ea1t \u0111\u1ed9ng m\u01b0\u1ee3t m\u00e0 v\u00e0 hi\u1ec3n th\u1ecb \u0111\u1eb9p tr\u00ean m\u1ecdi lo\u1ea1i m\u00e0n h\u00ecnh, t\u1eeb m\u00e1y t\u00ednh \u0111\u1ec3 b\u00e0n, laptop \u0111\u1ebfn smartphone v\u00e0 tablet.\n<\/p>\n<h2>\n M\u00e3 ngu\u1ed3n WordPress v\u1edbi Theme Flatsome v\u00e0 UX Builder<br \/>\n<\/h2>\n<p>\n Website c\u1ee7a b\u1ea1n s\u1ebd \u0111\u01b0\u1ee3c x\u00e2y d\u1ef1ng tr\u00ean n\u1ec1n t\u1ea3ng WordPress v\u1edbi Theme Flatsome, m\u1ed9t trong nh\u1eefng theme b\u00e1n h\u00e0ng h\u00e0ng \u0111\u1ea7u hi\u1ec7n nay. K\u1ebft h\u1ee3p v\u1edbi UX Builder, vi\u1ec7c t\u00f9y bi\u1ebfn giao di\u1ec7n v\u00e0 b\u1ed1 c\u1ee5c tr\u1edf n\u00ean d\u1ec5 d\u00e0ng h\u01a1n bao gi\u1edd h\u1ebft, gi\u00fap b\u1ea1n tho\u1ea3i m\u00e1i ch\u1ec9nh s\u1eeda theo \u00fd mu\u1ed1n m\u00e0 kh\u00f4ng c\u1ea7n qu\u00e1 nhi\u1ec1u ki\u1ebfn th\u1ee9c v\u1ec1 l\u1eadp tr\u00ecnh.\n<\/p>\n<h2>\n T\u1ed1c \u0111\u1ed9 t\u1ea3i trang nhanh<br \/>\n<\/h2>\n<p>\n Ch\u00fang t\u00f4i cam k\u1ebft t\u1ed1i \u01b0u h\u00f3a t\u1ed1c \u0111\u1ed9 t\u1ea3i trang \u0111\u1ec3 \u0111\u1ea3m b\u1ea3o r\u1eb1ng kh\u00e1ch h\u00e0ng c\u1ee7a b\u1ea1n kh\u00f4ng ph\u1ea3i ch\u1edd \u0111\u1ee3i l\u00e2u khi truy c\u1eadp v\u00e0o website. T\u1ed1c \u0111\u1ed9 t\u1ea3i trang nhanh kh\u00f4ng ch\u1ec9 t\u1ea1o c\u1ea3m gi\u00e1c tho\u1ea3i m\u00e1i cho ng\u01b0\u1eddi d\u00f9ng m\u00e0 c\u00f2n g\u00f3p ph\u1ea7n quan tr\u1ecdng trong vi\u1ec7c n\u00e2ng cao th\u1ee9 h\u1ea1ng SEO v\u00e0 c\u1ea3i thi\u1ec7n tr\u1ea3i nghi\u1ec7m mua s\u1eafm tr\u1ef1c tuy\u1ebfn.\n<\/p>\n<hr\/>\n<p>\n N\u1ebfu b\u1ea1n \u0111ang t\u00ecm ki\u1ebfm m\u1ed9t \u0111\u01a1n v\u1ecb thi\u1ebft k\u1ebf website uy t\u00edn v\u00e0 chuy\u00ean nghi\u1ec7p cho s\u1ea3n ph\u1ea9m \u0111\u00f4ng tr\u00f9ng h\u1ea1 th\u1ea3o c\u1ee7a m\u00ecnh, h\u00e3y \u0111\u1ebfn v\u1edbi LADIGI Agency. Ch\u00fang t\u00f4i s\u1ebd gi\u00fap b\u1ea1n hi\u1ec7n th\u1ef1c h\u00f3a \u00fd t\u01b0\u1edfng v\u00e0 ph\u00e1t tri\u1ec3n website m\u1ed9t c\u00e1ch to\u00e0n di\u1ec7n.\n<\/p>\n<p>\n <a href=\"https:\/\/ladigi.vn\/thiet-ke-website\/\"><br \/>\n  D\u1ecbch v\u1ee5 X\u00e2y d\u1ef1ng website to\u00e0n di\u1ec7n LADIGI<br \/>\n <\/a><\/p>\n","protected":false},"excerpt":{"rendered":"<p>D\u1ecbch v\u1ee5 thi\u1ebft k\u1ebf website b\u00e1n \u0111\u00f4ng tr\u00f9ng h\u1ea1 th\u1ea3o chuy\u00ean nghi\u1ec7p v\u1edbi giao di\u1ec7n \u0111\u1eb9p, d\u1ec5 s\u1eed d\u1ee5ng. T\u01b0\u01a1ng th\u00edch m\u1ecdi thi\u1ebft b\u1ecb, s\u1eed d\u1ee5ng m\u00e3 ngu\u1ed3n Wordpress, Theme Flatsome k\u1ebft h\u1ee3p UX Builder gi\u00fap t\u00f9y bi\u1ebfn d\u1ec5 d\u00e0ng. T\u1ed1c \u0111\u1ed9 t\u1ea3i trang nhanh, n\u00e2ng cao tr\u1ea3i nghi\u1ec7m ng\u01b0\u1eddi d\u00f9ng.<\/p>\n","protected":false},"featured_media":9033,"comment_status":"open","ping_status":"closed","template":"","meta":[],"product_cat":[16],"product_tag":[],"class_list":{"0":"post-9032","1":"product","2":"type-product","3":"status-publish","4":"has-post-thumbnail","6":"product_cat-tat-ca","8":"first","9":"instock","10":"shipping-taxable","11":"product-type-external"},"_links":{"self":[{"href":"https:\/\/ladigi.vn\/thiet-ke-website\/wp-json\/wp\/v2\/product\/9032","targetHints":{"allow":["GET"]}}],"collection":[{"href":"https:\/\/ladigi.vn\/thiet-ke-website\/wp-json\/wp\/v2\/product"}],"about":[{"href":"https:\/\/ladigi.vn\/thiet-ke-website\/wp-json\/wp\/v2\/types\/product"}],"replies":[{"embeddable":true,"href":"https:\/\/ladigi.vn\/thiet-ke-website\/wp-json\/wp\/v2\/comments?post=9032"}],"wp:featuredmedia":[{"embeddable":true,"href":"https:\/\/ladigi.vn\/thiet-ke-website\/wp-json\/wp\/v2\/media\/9033"}],"wp:attachment":[{"href":"https:\/\/ladigi.vn\/thiet-ke-website\/wp-json\/wp\/v2\/media?parent=9032"}],"wp:term":[{"taxonomy":"product_cat","embeddable":true,"href":"https:\/\/ladigi.vn\/thiet-ke-website\/wp-json\/wp\/v2\/product_cat?post=9032"},{"taxonomy":"product_tag","embeddable":true,"href":"https:\/\/ladigi.vn\/thiet-ke-website\/wp-json\/wp\/v2\/product_tag?post=9032"}],"curies":[{"name":"wp","href":"https:\/\/api.w.org\/{rel}","templated":true}]}}