{"id":9038,"date":"2025-01-11T13:38:48","date_gmt":"2025-01-11T06:38:48","guid":{"rendered":"https:\/\/ladigi.vn\/thiet-ke-website\/?post_type=product&#038;p=9038"},"modified":"2025-01-11T13:40:50","modified_gmt":"2025-01-11T06:40:50","slug":"theme-wordpress-bao-hiem-daichi","status":"publish","type":"product","link":"https:\/\/ladigi.vn\/thiet-ke-website\/mau-web\/theme-wordpress-bao-hiem-daichi\/","title":{"rendered":"B\u1ea3o hi\u1ec3m"},"content":{"rendered":"<h1>\n D\u1ecbch v\u1ee5 Thi\u1ebft k\u1ebf website Theme WordPress B\u1ea3o hi\u1ec3m Daichi<br \/>\n<\/h1>\n<p>\n Ch\u00e0o m\u1eebng b\u1ea1n \u0111\u1ebfn v\u1edbi d\u1ecbch v\u1ee5 thi\u1ebft k\u1ebf website Theme WordPress cho B\u1ea3o hi\u1ec3m Daichi! Ch\u00fang t\u00f4i t\u1ef1 h\u00e0o mang \u0111\u1ebfn cho b\u1ea1n m\u1ed9t giao di\u1ec7n web \u0111\u01b0\u1ee3c thi\u1ebft k\u1ebf \u0111\u1eb9p m\u1eaft, chuy\u00ean nghi\u1ec7p v\u00e0 d\u1ec5 s\u1eed d\u1ee5ng, gi\u00fap b\u1ea1n d\u1ec5 d\u00e0ng gi\u1edbi thi\u1ec7u d\u1ecbch v\u1ee5 b\u1ea3o hi\u1ec3m c\u1ee7a m\u00ecnh \u0111\u1ebfn v\u1edbi kh\u00e1ch h\u00e0ng.\n<\/p>\n<h2>\n Giao di\u1ec7n th\u00e2n thi\u1ec7n v\u00e0 chuy\u00ean nghi\u1ec7p<br \/>\n<\/h2>\n<p>\n V\u1edbi thi\u1ebft k\u1ebf \u01b0u vi\u1ec7t, giao di\u1ec7n website kh\u00f4ng ch\u1ec9 thu h\u00fat \u00e1nh nh\u00ecn m\u00e0 c\u00f2n mang l\u1ea1i tr\u1ea3i nghi\u1ec7m tuy\u1ec7t v\u1eddi cho ng\u01b0\u1eddi d\u00f9ng. Ch\u00fang t\u00f4i cam k\u1ebft r\u1eb1ng m\u1ed7i chi ti\u1ebft trong thi\u1ebft k\u1ebf \u0111\u1ec1u h\u01b0\u1edbng t\u1edbi s\u1ef1 ti\u1ec7n l\u1ee3i v\u00e0 d\u1ec5 d\u00e0ng thao t\u00e1c, gi\u00fap kh\u00e1ch h\u00e0ng c\u00f3 th\u1ec3 t\u00ecm ki\u1ebfm th\u00f4ng tin m\u1ed9t c\u00e1ch nhanh ch\u00f3ng v\u00e0 hi\u1ec7u qu\u1ea3.\n<\/p>\n<h2>\n T\u01b0\u01a1ng th\u00edch tr\u00ean m\u1ecdi thi\u1ebft b\u1ecb<br \/>\n<\/h2>\n<p>\n Website B\u1ea3o hi\u1ec3m Daichi \u0111\u01b0\u1ee3c t\u1ed1i \u01b0u h\u00f3a \u0111\u1ec3 ho\u1ea1t \u0111\u1ed9ng m\u01b0\u1ee3t m\u00e0 tr\u00ean m\u1ecdi thi\u1ebft b\u1ecb, t\u1eeb m\u00e1y t\u00ednh \u0111\u1ec3 b\u00e0n cho \u0111\u1ebfn \u0111i\u1ec7n tho\u1ea1i di \u0111\u1ed9ng. \u0110i\u1ec1u n\u00e0y \u0111\u1ea3m b\u1ea3o r\u1eb1ng kh\u00e1ch h\u00e0ng c\u1ee7a b\u1ea1n c\u00f3 th\u1ec3 truy c\u1eadp th\u00f4ng tin c\u1ea7n thi\u1ebft m\u1ecdi l\u00fac, m\u1ecdi n\u01a1i m\u00e0 kh\u00f4ng g\u1eb7p ph\u1ea3i b\u1ea5t k\u1ef3 r\u00e0o c\u1ea3n n\u00e0o.\n<\/p>\n<h2>\n M\u00e3 ngu\u1ed3n WordPress v\u1edbi Theme Flatsome v\u00e0 UX Builder<br \/>\n<\/h2>\n<p>\n V\u1edbi m\u00e3 ngu\u1ed3n WordPress, ch\u00fang t\u00f4i s\u1eed d\u1ee5ng Theme Flatsome v\u00e0 UX Builder, cho ph\u00e9p d\u1ec5 d\u00e0ng t\u00f9y bi\u1ebfn v\u00e0 thay \u0111\u1ed5i giao di\u1ec7n theo nhu c\u1ea7u c\u1ee5 th\u1ec3 c\u1ee7a B\u1ea3o hi\u1ec3m Daichi. B\u1eb1ng c\u00e1ch n\u00e0y, b\u1ea1n c\u00f3 th\u1ec3 c\u1eadp nh\u1eadt th\u00f4ng tin, th\u00eam h\u00ecnh \u1ea3nh v\u00e0 \u0111i\u1ec1u ch\u1ec9nh b\u1ed1 c\u1ee5c m\u1ed9t c\u00e1ch nhanh ch\u00f3ng m\u00e0 kh\u00f4ng c\u1ea7n nhi\u1ec1u ki\u1ebfn th\u1ee9c v\u1ec1 l\u1eadp tr\u00ecnh.\n<\/p>\n<h2>\n T\u1ed1c \u0111\u1ed9 t\u1ea3i trang nhanh<br \/>\n<\/h2>\n<p>\n Ch\u00fang t\u00f4i hi\u1ec3u r\u1eb1ng t\u1ed1c \u0111\u1ed9 t\u1ea3i trang l\u00e0 y\u1ebfu t\u1ed1 quan tr\u1ecdng quy\u1ebft \u0111\u1ecbnh tr\u1ea3i nghi\u1ec7m c\u1ee7a ng\u01b0\u1eddi d\u00f9ng. V\u00ec v\u1eady, website B\u1ea3o hi\u1ec3m Daichi \u0111\u01b0\u1ee3c t\u1ed1i \u01b0u h\u00f3a \u0111\u1ec3 t\u1ea3i trang nhanh ch\u00f3ng, gi\u00fap kh\u00e1ch h\u00e0ng kh\u00f4ng ph\u1ea3i ch\u1edd \u0111\u1ee3i v\u00e0 lu\u00f4n gi\u1eef ch\u00e2n h\u1ecd \u1edf l\u1ea1i v\u1edbi d\u1ecbch v\u1ee5 c\u1ee7a b\u1ea1n.\n<\/p>\n<hr\/>\n<p>\n N\u1ebfu b\u1ea1n \u0111ang t\u00ecm ki\u1ebfm m\u1ed9t \u0111\u01a1n v\u1ecb thi\u1ebft k\u1ebf website uy t\u00edn, h\u00e3y \u0111\u1ebfn v\u1edbi LADIGI Agency. Ch\u00fang t\u00f4i s\u1ebd h\u1ed7 tr\u1ee3 b\u1ea1n t\u1ea1o ra m\u1ed9t website chuy\u00ean nghi\u1ec7p, ch\u1ea5t l\u01b0\u1ee3ng v\u00e0 ph\u00f9 h\u1ee3p v\u1edbi m\u1ecdi nhu c\u1ea7u kinh doanh c\u1ee7a b\u1ea1n. \u0110\u1ec3 bi\u1ebft th\u00eam chi ti\u1ebft, m\u1eddi b\u1ea1n tham kh\u1ea3o<br \/>\n <a href=\"https:\/\/ladigi.vn\/thiet-ke-website\/\"><br \/>\n  Thi\u1ebft k\u1ebf website doanh nghi\u1ec7p<br \/>\n <\/a><br \/>\n .<\/p>\n","protected":false},"excerpt":{"rendered":"<p>D\u1ecbch v\u1ee5 Thi\u1ebft k\u1ebf website Theme WordPress b\u1ea3o hi\u1ec3m Daichi cung c\u1ea5p giao di\u1ec7n \u0111\u1eb9p, chuy\u00ean nghi\u1ec7p v\u00e0 d\u1ec5 s\u1eed d\u1ee5ng, t\u01b0\u01a1ng th\u00edch tr\u00ean m\u1ecdi thi\u1ebft b\u1ecb. S\u1eed d\u1ee5ng m\u00e3 ngu\u1ed3n WordPress v\u1edbi Theme Flatsome v\u00e0 UX Builder, kh\u00e1ch h\u00e0ng d\u1ec5 d\u00e0ng t\u00f9y bi\u1ebfn n\u1ed9i dung. T\u1ed1c \u0111\u1ed9 t\u1ea3i trang v\u01b0\u1ee3t tr\u1ed9i, n\u00e2ng cao tr\u1ea3i nghi\u1ec7m ng\u01b0\u1eddi d\u00f9ng.<\/p>\n","protected":false},"featured_media":9039,"comment_status":"open","ping_status":"closed","template":"","meta":[],"product_cat":[16],"product_tag":[],"class_list":{"0":"post-9038","1":"product","2":"type-product","3":"status-publish","4":"has-post-thumbnail","6":"product_cat-tat-ca","8":"first","9":"instock","10":"shipping-taxable","11":"product-type-external"},"_links":{"self":[{"href":"https:\/\/ladigi.vn\/thiet-ke-website\/wp-json\/wp\/v2\/product\/9038","targetHints":{"allow":["GET"]}}],"collection":[{"href":"https:\/\/ladigi.vn\/thiet-ke-website\/wp-json\/wp\/v2\/product"}],"about":[{"href":"https:\/\/ladigi.vn\/thiet-ke-website\/wp-json\/wp\/v2\/types\/product"}],"replies":[{"embeddable":true,"href":"https:\/\/ladigi.vn\/thiet-ke-website\/wp-json\/wp\/v2\/comments?post=9038"}],"wp:featuredmedia":[{"embeddable":true,"href":"https:\/\/ladigi.vn\/thiet-ke-website\/wp-json\/wp\/v2\/media\/9039"}],"wp:attachment":[{"href":"https:\/\/ladigi.vn\/thiet-ke-website\/wp-json\/wp\/v2\/media?parent=9038"}],"wp:term":[{"taxonomy":"product_cat","embeddable":true,"href":"https:\/\/ladigi.vn\/thiet-ke-website\/wp-json\/wp\/v2\/product_cat?post=9038"},{"taxonomy":"product_tag","embeddable":true,"href":"https:\/\/ladigi.vn\/thiet-ke-website\/wp-json\/wp\/v2\/product_tag?post=9038"}],"curies":[{"name":"wp","href":"https:\/\/api.w.org\/{rel}","templated":true}]}}