{"id":9040,"date":"2025-01-10T16:54:19","date_gmt":"2025-01-10T09:54:19","guid":{"rendered":"https:\/\/ladigi.vn\/thiet-ke-website\/?post_type=product&#038;p=9040"},"modified":"2025-01-10T16:55:53","modified_gmt":"2025-01-10T09:55:53","slug":"theme-wordpress-ban-den-trang-tri","status":"publish","type":"product","link":"https:\/\/ladigi.vn\/thiet-ke-website\/mau-web\/theme-wordpress-ban-den-trang-tri\/","title":{"rendered":"Shop b\u00e1n \u0111\u00e8n trang tr\u00ed"},"content":{"rendered":"<h2>\n D\u1ecbch v\u1ee5 Thi\u1ebft k\u1ebf website Theme WordPress b\u00e1n \u0111\u00e8n trang tr\u00ed<br \/>\n<\/h2>\n<p>\n Ch\u00e0o m\u1eebng b\u1ea1n \u0111\u1ebfn v\u1edbi d\u1ecbch v\u1ee5 thi\u1ebft k\u1ebf website chuy\u00ean nghi\u1ec7p c\u1ee7a ch\u00fang t\u00f4i, n\u01a1i mang \u0111\u1ebfn cho b\u1ea1n m\u1ed9t giao di\u1ec7n web \u0111\u1eb9p m\u1eaft, chuy\u00ean nghi\u1ec7p v\u00e0 d\u1ec5 s\u1eed d\u1ee5ng cho vi\u1ec7c kinh doanh \u0111\u00e8n trang tr\u00ed.\n<\/p>\n<h3>\n Giao di\u1ec7n \u0110\u1eb9p v\u00e0 Chuy\u00ean Nghi\u1ec7p<br \/>\n<\/h3>\n<p>\n Ch\u00fang t\u00f4i cam k\u1ebft mang \u0111\u1ebfn cho b\u1ea1n m\u1ed9t giao di\u1ec7n website \u0111\u01b0\u1ee3c thi\u1ebft k\u1ebf t\u1ec9 m\u1ec9, b\u1eaft m\u1eaft v\u00e0 th\u00e2n thi\u1ec7n v\u1edbi ng\u01b0\u1eddi d\u00f9ng. M\u1ecdi chi ti\u1ebft \u0111\u1ec1u \u0111\u01b0\u1ee3c c\u00e2n nh\u1eafc k\u1ef9 l\u01b0\u1ee1ng \u0111\u1ec3 t\u1ea1o n\u00ean tr\u1ea3i nghi\u1ec7m t\u1ed1t nh\u1ea5t cho kh\u00e1ch h\u00e0ng khi kh\u00e1m ph\u00e1 c\u00e1c s\u1ea3n ph\u1ea9m \u0111\u00e8n trang tr\u00ed c\u1ee7a b\u1ea1n.\n<\/p>\n<h3>\n T\u01b0\u01a1ng Th\u00edch Tr\u00ean M\u1ecdi Thi\u1ebft B\u1ecb<br \/>\n<\/h3>\n<p>\n Website s\u1ebd ho\u1ea1t \u0111\u1ed9ng ho\u00e0n h\u1ea3o tr\u00ean m\u1ecdi thi\u1ebft b\u1ecb, t\u1eeb m\u00e1y t\u00ednh \u0111\u1ec3 b\u00e0n \u0111\u1ebfn smartphone. \u0110i\u1ec1u n\u00e0y \u0111\u1ea3m b\u1ea3o r\u1eb1ng kh\u00e1ch h\u00e0ng c\u1ee7a b\u1ea1n c\u00f3 th\u1ec3 d\u1ec5 d\u00e0ng truy c\u1eadp v\u00e0 mua s\u1eafm s\u1ea3n ph\u1ea9m b\u1ea5t c\u1ee9 l\u00fac n\u00e0o, \u1edf \u0111\u00e2u.\n<\/p>\n<h3>\n M\u00e3 Ngu\u1ed3n WordPress v\u1edbi Theme Flatsome v\u00e0 UX Builder<br \/>\n<\/h3>\n<p>\n Ch\u00fang t\u00f4i s\u1eed d\u1ee5ng m\u00e3 ngu\u1ed3n WordPress k\u1ebft h\u1ee3p v\u1edbi Theme Flatsome v\u00e0 UX Builder, mang l\u1ea1i s\u1ef1 d\u1ec5 d\u00e0ng trong vi\u1ec7c t\u00f9y bi\u1ebfn v\u00e0 ch\u1ec9nh s\u1eeda. B\u1ea1n kh\u00f4ng c\u1ea7n ph\u1ea3i l\u00e0 m\u1ed9t chuy\u00ean gia l\u1eadp tr\u00ecnh \u0111\u1ec3 qu\u1ea3n l\u00fd v\u00e0 c\u1eadp nh\u1eadt n\u1ed9i dung website c\u1ee7a m\u00ecnh.\n<\/p>\n<h3>\n T\u1ed1c \u0110\u1ed9 T\u1ea3i Trang Nhanh<br \/>\n<\/h3>\n<p>\n V\u1edbi s\u1ef1 t\u1ed1i \u01b0u h\u00f3a t\u1ed1c \u0111\u1ed9 t\u1ea3i trang, kh\u00e1ch h\u00e0ng s\u1ebd kh\u00f4ng ph\u1ea3i ch\u1edd \u0111\u1ee3i l\u00e2u \u0111\u1ec3 xem c\u00e1c s\u1ea3n ph\u1ea9m c\u1ee7a b\u1ea1n. T\u1ed1c \u0111\u1ed9 t\u1ea3i nhanh kh\u00f4ng ch\u1ec9 c\u1ea3i thi\u1ec7n tr\u1ea3i nghi\u1ec7m ng\u01b0\u1eddi d\u00f9ng m\u00e0 c\u00f2n gi\u00fap gia t\u0103ng SEO cho website c\u1ee7a b\u1ea1n.\n<\/p>\n<hr\/>\n<p>\n H\u00e3y \u0111\u1ec3 LADIGI Agency \u0111\u1ed3ng h\u00e0nh c\u00f9ng b\u1ea1n trong vi\u1ec7c thi\u1ebft k\u1ebf website b\u00e1n \u0111\u00e8n trang tr\u00ed chuy\u00ean nghi\u1ec7p v\u00e0 \u1ea5n t\u01b0\u1ee3ng. Ch\u00fang t\u00f4i cam k\u1ebft mang l\u1ea1i gi\u1ea3i ph\u00e1p t\u1ed1t nh\u1ea5t cho b\u1ea1n. \u0110\u1ec3 t\u00ecm hi\u1ec3u th\u00eam v\u1ec1 d\u1ecbch v\u1ee5 c\u1ee7a ch\u00fang t\u00f4i, h\u00e3y truy c\u1eadp v\u00e0o link d\u01b0\u1edbi \u0111\u00e2y:\n<\/p>\n<p>\n <a href=\"https:\/\/ladigi.vn\/thiet-ke-website\/\"><br \/>\n  Thi\u1ebft k\u1ebf website t\u00f9y ch\u1ec9nh theo y\u00eau c\u1ea7u<br \/>\n <\/a><\/p>\n","protected":false},"excerpt":{"rendered":"<p>D\u1ecbch v\u1ee5 thi\u1ebft k\u1ebf website b\u00e1n \u0111\u00e8n trang tr\u00ed mang \u0111\u1ebfn giao di\u1ec7n \u0111\u1eb9p, chuy\u00ean nghi\u1ec7p v\u00e0 d\u1ec5 s\u1eed d\u1ee5ng. Website ho\u00e0n to\u00e0n t\u01b0\u01a1ng th\u00edch tr\u00ean m\u1ecdi thi\u1ebft b\u1ecb, s\u1eed d\u1ee5ng m\u00e3 ngu\u1ed3n Wordpress v\u1edbi Theme Flatsome v\u00e0 UX Builder cho ph\u00e9p t\u00f9y bi\u1ebfn linh ho\u1ea1t. \u0110\u1eb7c bi\u1ec7t, t\u1ed1c \u0111\u1ed9 t\u1ea3i trang r\u1ea5t nhanh ch\u00f3ng.<\/p>\n","protected":false},"featured_media":9041,"comment_status":"open","ping_status":"closed","template":"","meta":[],"product_cat":[16],"product_tag":[],"class_list":{"0":"post-9040","1":"product","2":"type-product","3":"status-publish","4":"has-post-thumbnail","6":"product_cat-tat-ca","8":"first","9":"instock","10":"shipping-taxable","11":"product-type-external"},"_links":{"self":[{"href":"https:\/\/ladigi.vn\/thiet-ke-website\/wp-json\/wp\/v2\/product\/9040","targetHints":{"allow":["GET"]}}],"collection":[{"href":"https:\/\/ladigi.vn\/thiet-ke-website\/wp-json\/wp\/v2\/product"}],"about":[{"href":"https:\/\/ladigi.vn\/thiet-ke-website\/wp-json\/wp\/v2\/types\/product"}],"replies":[{"embeddable":true,"href":"https:\/\/ladigi.vn\/thiet-ke-website\/wp-json\/wp\/v2\/comments?post=9040"}],"wp:featuredmedia":[{"embeddable":true,"href":"https:\/\/ladigi.vn\/thiet-ke-website\/wp-json\/wp\/v2\/media\/9041"}],"wp:attachment":[{"href":"https:\/\/ladigi.vn\/thiet-ke-website\/wp-json\/wp\/v2\/media?parent=9040"}],"wp:term":[{"taxonomy":"product_cat","embeddable":true,"href":"https:\/\/ladigi.vn\/thiet-ke-website\/wp-json\/wp\/v2\/product_cat?post=9040"},{"taxonomy":"product_tag","embeddable":true,"href":"https:\/\/ladigi.vn\/thiet-ke-website\/wp-json\/wp\/v2\/product_tag?post=9040"}],"curies":[{"name":"wp","href":"https:\/\/api.w.org\/{rel}","templated":true}]}}