{"id":9048,"date":"2025-01-10T17:40:04","date_gmt":"2025-01-10T10:40:04","guid":{"rendered":"https:\/\/ladigi.vn\/thiet-ke-website\/?post_type=product&#038;p=9048"},"modified":"2025-01-12T19:49:44","modified_gmt":"2025-01-12T12:49:44","slug":"theme-wordpress-ban-do-tre-em-01","status":"publish","type":"product","link":"https:\/\/ladigi.vn\/thiet-ke-website\/mau-web\/theme-wordpress-ban-do-tre-em-01\/","title":{"rendered":"B\u00e1n \u0111\u1ed3 tr\u1ebb em"},"content":{"rendered":"<h1>\n D\u1ecbch v\u1ee5 Thi\u1ebft k\u1ebf website Theme WordPress b\u00e1n \u0111\u1ed3 tr\u1ebb em<br \/>\n<\/h1>\n<p>\n B\u1ea1n \u0111ang t\u00ecm ki\u1ebfm m\u1ed9t gi\u1ea3i ph\u00e1p ho\u00e0n h\u1ea3o \u0111\u1ec3 gi\u1edbi thi\u1ec7u s\u1ea3n ph\u1ea9m \u0111\u1ed3 tr\u1ebb em c\u1ee7a m\u00ecnh? D\u1ecbch v\u1ee5 thi\u1ebft k\u1ebf website Theme WordPress b\u00e1n \u0111\u1ed3 tr\u1ebb em c\u1ee7a ch\u00fang t\u00f4i s\u1ebd \u0111\u00e1p \u1ee9ng \u0111\u1ea7y \u0111\u1ee7 nhu c\u1ea7u c\u1ee7a b\u1ea1n. D\u01b0\u1edbi \u0111\u00e2y l\u00e0 nh\u1eefng \u0111i\u1ec3m n\u1ed5i b\u1eadt m\u00e0 d\u1ecbch v\u1ee5 c\u1ee7a ch\u00fang t\u00f4i mang l\u1ea1i:\n<\/p>\n<h2>\n Giao di\u1ec7n \u0111\u1eb9p, chuy\u00ean nghi\u1ec7p v\u00e0 d\u1ec5 s\u1eed d\u1ee5ng<br \/>\n<\/h2>\n<p>\n Giao di\u1ec7n c\u1ee7a website \u0111\u01b0\u1ee3c thi\u1ebft k\u1ebf tinh t\u1ebf, hi\u1ec7n \u0111\u1ea1i v\u00e0 th\u00e2n thi\u1ec7n v\u1edbi ng\u01b0\u1eddi d\u00f9ng, gi\u00fap kh\u00e1ch h\u00e0ng d\u1ec5 d\u00e0ng t\u00ecm ki\u1ebfm v\u00e0 l\u1ef1a ch\u1ecdn s\u1ea3n ph\u1ea9m m\u1ed9t c\u00e1ch nhanh ch\u00f3ng. B\u1ea1n c\u00f3 th\u1ec3 t\u1ea1o \u1ea5n t\u01b0\u1ee3ng m\u1ea1nh t\u1eeb c\u00e1i nh\u00ecn \u0111\u1ea7u ti\u00ean!\n<\/p>\n<h2>\n T\u01b0\u01a1ng th\u00edch tr\u00ean m\u1ecdi thi\u1ebft b\u1ecb<br \/>\n<\/h2>\n<p>\n Website c\u1ee7a b\u1ea1n s\u1ebd \u0111\u01b0\u1ee3c t\u1ed1i \u01b0u h\u00f3a \u0111\u1ec3 ho\u1ea1t \u0111\u1ed9ng ho\u00e0n h\u1ea3o tr\u00ean t\u1ea5t c\u1ea3 c\u00e1c thi\u1ebft b\u1ecb, t\u1eeb m\u00e1y t\u00ednh \u0111\u1ec3 b\u00e0n \u0111\u1ebfn \u0111i\u1ec7n tho\u1ea1i di \u0111\u1ed9ng v\u00e0 m\u00e1y t\u00ednh b\u1ea3ng. \u0110i\u1ec1u n\u00e0y \u0111\u1ea3m b\u1ea3o r\u1eb1ng kh\u00e1ch h\u00e0ng c\u1ee7a b\u1ea1n c\u00f3 tr\u1ea3i nghi\u1ec7m mua s\u1eafm m\u01b0\u1ee3t m\u00e0 v\u00e0 ti\u1ec7n l\u1ee3i \u1edf b\u1ea5t k\u1ef3 \u0111\u00e2u.\n<\/p>\n<h2>\n M\u00e3 ngu\u1ed3n WordPress v\u1edbi Theme Flatsome v\u00e0 UX Builder d\u1ec5 t\u00f9y bi\u1ebfn<br \/>\n<\/h2>\n<p>\n Ch\u00fang t\u00f4i s\u1eed d\u1ee5ng WordPress c\u00f9ng v\u1edbi theme Flatsome v\u00e0 UX Builder, mang \u0111\u1ebfn cho b\u1ea1n kh\u1ea3 n\u0103ng t\u00f9y bi\u1ebfn linh ho\u1ea1t. B\u1ea1n c\u00f3 th\u1ec3 d\u1ec5 d\u00e0ng ch\u1ec9nh s\u1eeda, c\u1eadp nh\u1eadt n\u1ed9i dung v\u00e0 thi\u1ebft k\u1ebf m\u00e0 kh\u00f4ng c\u1ea7n nhi\u1ec1u ki\u1ebfn th\u1ee9c l\u1eadp tr\u00ecnh.\n<\/p>\n<h2>\n T\u1ed1c \u0111\u1ed9 t\u1ea3i trang nhanh<br \/>\n<\/h2>\n<p>\n Ch\u00fang t\u00f4i cam k\u1ebft t\u1ed1i \u01b0u h\u00f3a t\u1ed1c \u0111\u1ed9 t\u1ea3i trang, gi\u00fap kh\u00e1ch h\u00e0ng kh\u00f4ng ph\u1ea3i ch\u1edd \u0111\u1ee3i l\u00e2u khi truy c\u1eadp v\u00e0o website c\u1ee7a b\u1ea1n. T\u1ed1c \u0111\u1ed9 t\u1ea3i nhanh kh\u00f4ng ch\u1ec9 n\u00e2ng cao tr\u1ea3i nghi\u1ec7m ng\u01b0\u1eddi d\u00f9ng m\u00e0 c\u00f2n c\u1ea3i thi\u1ec7n th\u1ee9 h\u1ea1ng SEO cho website c\u1ee7a b\u1ea1n.\n<\/p>\n<p>\n \u0110\u1ec3 tr\u1ea3i nghi\u1ec7m d\u1ecbch v\u1ee5 thi\u1ebft k\u1ebf website chuy\u00ean nghi\u1ec7p v\u00e0 th\u00e2n thi\u1ec7n v\u1edbi di \u0111\u1ed9ng, h\u00e3y li\u00ean h\u1ec7 v\u1edbi<br \/>\n <strong><br \/>\n  LADIGI Agency<br \/>\n <\/strong><br \/>\n . Ch\u00fang t\u00f4i lu\u00f4n s\u1eb5n s\u00e0ng h\u1ed7 tr\u1ee3 b\u1ea1n trong vi\u1ec7c ph\u00e1t tri\u1ec3n th\u01b0\u01a1ng hi\u1ec7u v\u00e0 gia t\u0103ng doanh thu.\n<\/p>\n<p>\n <a href=\"https:\/\/ladigi.vn\/thiet-ke-website\/\"><br \/>\n  Thi\u1ebft k\u1ebf website th\u00e2n thi\u1ec7n v\u1edbi di \u0111\u1ed9ng LADIGI<br \/>\n <\/a><\/p>\n","protected":false},"excerpt":{"rendered":"<p>D\u1ecbch v\u1ee5 thi\u1ebft k\u1ebf website Theme Wordpress b\u00e1n \u0111\u1ed3 tr\u1ebb em 01 mang \u0111\u1ebfn giao di\u1ec7n \u0111\u1eb9p, chuy\u00ean nghi\u1ec7p v\u00e0 d\u1ec5 s\u1eed d\u1ee5ng. Website t\u01b0\u01a1ng th\u00edch m\u1ecdi thi\u1ebft b\u1ecb, s\u1eed d\u1ee5ng m\u00e3 ngu\u1ed3n Wordpress v\u1edbi Theme Flatsome v\u00e0 UX Builder d\u1ec5 d\u00e0ng t\u00f9y bi\u1ebfn. \u0110\u1eb7c bi\u1ec7t, t\u1ed1c \u0111\u1ed9 t\u1ea3i trang nhanh ch\u00f3ng cho tr\u1ea3i nghi\u1ec7m ng\u01b0\u1eddi d\u00f9ng t\u1ed1t nh\u1ea5t.<\/p>\n","protected":false},"featured_media":9049,"comment_status":"open","ping_status":"closed","template":"","meta":[],"product_cat":[16],"product_tag":[],"class_list":{"0":"post-9048","1":"product","2":"type-product","3":"status-publish","4":"has-post-thumbnail","6":"product_cat-tat-ca","8":"first","9":"instock","10":"shipping-taxable","11":"product-type-external"},"_links":{"self":[{"href":"https:\/\/ladigi.vn\/thiet-ke-website\/wp-json\/wp\/v2\/product\/9048","targetHints":{"allow":["GET"]}}],"collection":[{"href":"https:\/\/ladigi.vn\/thiet-ke-website\/wp-json\/wp\/v2\/product"}],"about":[{"href":"https:\/\/ladigi.vn\/thiet-ke-website\/wp-json\/wp\/v2\/types\/product"}],"replies":[{"embeddable":true,"href":"https:\/\/ladigi.vn\/thiet-ke-website\/wp-json\/wp\/v2\/comments?post=9048"}],"wp:featuredmedia":[{"embeddable":true,"href":"https:\/\/ladigi.vn\/thiet-ke-website\/wp-json\/wp\/v2\/media\/9049"}],"wp:attachment":[{"href":"https:\/\/ladigi.vn\/thiet-ke-website\/wp-json\/wp\/v2\/media?parent=9048"}],"wp:term":[{"taxonomy":"product_cat","embeddable":true,"href":"https:\/\/ladigi.vn\/thiet-ke-website\/wp-json\/wp\/v2\/product_cat?post=9048"},{"taxonomy":"product_tag","embeddable":true,"href":"https:\/\/ladigi.vn\/thiet-ke-website\/wp-json\/wp\/v2\/product_tag?post=9048"}],"curies":[{"name":"wp","href":"https:\/\/api.w.org\/{rel}","templated":true}]}}