{"id":9060,"date":"2025-01-12T16:42:31","date_gmt":"2025-01-12T09:42:31","guid":{"rendered":"https:\/\/ladigi.vn\/thiet-ke-website\/?post_type=product&#038;p=9060"},"modified":"2025-01-12T16:58:56","modified_gmt":"2025-01-12T09:58:56","slug":"theme-wordpress-tinh-bot-nghe-01","status":"publish","type":"product","link":"https:\/\/ladigi.vn\/thiet-ke-website\/mau-web\/theme-wordpress-tinh-bot-nghe-01\/","title":{"rendered":"Tinh b\u1ed9t ngh\u1ec7"},"content":{"rendered":"<p>\n Ch\u00e0o m\u1ecdi ng\u01b0\u1eddi,\n<\/p>\n<p>\n B\u1ea1n \u0111ang t\u00ecm ki\u1ebfm m\u1ed9t giao di\u1ec7n web \u0111\u1eb9p, chuy\u00ean nghi\u1ec7p v\u00e0 d\u1ec5 s\u1eed d\u1ee5ng cho doanh nghi\u1ec7p c\u1ee7a m\u00ecnh? B\u1ea1n mu\u1ed1n website c\u1ee7a m\u00ecnh c\u00f3 th\u1ec3 t\u01b0\u01a1ng th\u00edch tr\u00ean m\u1ecdi thi\u1ebft b\u1ecb v\u00e0 c\u00f3 t\u1ed1c \u0111\u1ed9 t\u1ea3i trang nhanh? H\u00e3y \u0111\u1ec3 LADIGI Agency gi\u00fap b\u1ea1n v\u1edbi d\u1ecbch v\u1ee5 Thi\u1ebft k\u1ebf website Theme wordpress tinh b\u1ed9t ngh\u1ec7 01.\n<\/p>\n<p>\n V\u1edbi s\u1ef1 k\u1ebft h\u1ee3p gi\u1eefa m\u00e3 ngu\u1ed3n WordPress, Theme Flatsome v\u00e0 UX Builder, ch\u00fang t\u00f4i cam k\u1ebft mang \u0111\u1ebfn cho b\u1ea1n m\u1ed9t giao di\u1ec7n web \u0111\u1eb9p m\u1eaft v\u00e0 chuy\u00ean nghi\u1ec7p, \u0111\u1ed3ng th\u1eddi cung c\u1ea5p t\u00ednh n\u0103ng t\u00f9y bi\u1ebfn d\u1ec5 d\u00e0ng. V\u1edbi t\u1ed1c \u0111\u1ed9 t\u1ea3i trang nhanh, website c\u1ee7a b\u1ea1n s\u1ebd lu\u00f4n \u0111\u01b0\u1ee3c t\u1ed1i \u01b0u v\u00e0 \u0111\u00e1p \u1ee9ng nhu c\u1ea7u c\u1ee7a kh\u00e1ch h\u00e0ng.\n<\/p>\n<p>\n V\u1edbi nhi\u1ec1u n\u0103m kinh nghi\u1ec7m trong l\u0129nh v\u1ef1c thi\u1ebft k\u1ebf website, LADIGI Agency t\u1ef1 tin \u0111em \u0111\u1ebfn cho b\u1ea1n nh\u1eefng gi\u1ea3i ph\u00e1p t\u1ed1i \u01b0u v\u00e0 \u0111\u00e1p \u1ee9ng m\u1ecdi y\u00eau c\u1ea7u c\u1ee7a b\u1ea1n. Ch\u00fang t\u00f4i cam k\u1ebft s\u1ebd l\u00e0m h\u00e0i l\u00f2ng b\u1ea1n v\u1edbi d\u1ecbch v\u1ee5 thi\u1ebft k\u1ebf website tr\u1ecdn g\u00f3i ch\u1ea5t l\u01b0\u1ee3ng cao.\n<\/p>\n<p>\n H\u00e3y \u0111\u1ec3 LADIGI Agency tr\u1edf th\u00e0nh \u0111\u1ed1i t\u00e1c \u0111\u00e1ng tin c\u1eady c\u1ee7a b\u1ea1n trong vi\u1ec7c x\u00e2y d\u1ef1ng v\u00e0 ph\u00e1t tri\u1ec3n th\u01b0\u01a1ng hi\u1ec7u tr\u1ef1c tuy\u1ebfn. \u0110\u1ec3 bi\u1ebft th\u00eam th\u00f4ng tin chi ti\u1ebft v\u1ec1 d\u1ecbch v\u1ee5 thi\u1ebft k\u1ebf website tr\u1ecdn g\u00f3i c\u1ee7a ch\u00fang t\u00f4i, vui l\u00f2ng truy c\u1eadp<br \/>\n <a href=\"https:\/\/ladigi.vn\/thiet-ke-website\/\"><br \/>\n  \u0111\u01b0\u1eddng link gi\u1edbi thi\u1ec7u<br \/>\n <\/a><br \/>\n .\n<\/p>\n<p>\n H\u00e3y \u0111\u1ec3 ch\u00fang t\u00f4i gi\u00fap b\u1ea1n mang \u0111\u1ebfn s\u1ef1 th\u00e0nh c\u00f4ng cho doanh nghi\u1ec7p c\u1ee7a b\u1ea1n v\u1edbi m\u1ed9t giao di\u1ec7n web \u0111\u1eb9p v\u00e0 chuy\u00ean nghi\u1ec7p.\n<\/p>\n<p>\n Tr\u00e2n tr\u1ecdng,\n<\/p>\n<p>\n LADIGI Agency.<\/p>\n","protected":false},"excerpt":{"rendered":"<p>D\u1ecbch v\u1ee5 Thi\u1ebft k\u1ebf website Theme wordpress tinh b\u1ed9t ngh\u1ec7 01 l\u00e0 s\u1ef1 k\u1ebft h\u1ee3p ho\u00e0n h\u1ea3o gi\u1eefa s\u1ef1 \u0111\u1eb9p m\u1eaft v\u00e0 chuy\u00ean nghi\u1ec7p. V\u1edbi giao di\u1ec7n tinh t\u1ebf, d\u1ec5 s\u1eed d\u1ee5ng v\u00e0 t\u01b0\u01a1ng th\u00edch tr\u00ean m\u1ecdi thi\u1ebft b\u1ecb, website s\u1ebd mang \u0111\u1ebfn tr\u1ea3i nghi\u1ec7m tuy\u1ec7t v\u1eddi cho ng\u01b0\u1eddi d\u00f9ng. S\u1eed d\u1ee5ng m\u00e3 ngu\u1ed3n Wordpress v\u1edbi Theme Flatsome v\u00e0 UX Builder, kh\u00e1ch h\u00e0ng c\u00f3 th\u1ec3 d\u1ec5 d\u00e0ng t\u00f9y bi\u1ebfn theo \u00fd th\u00edch. \u0110\u1eb7c bi\u1ec7t, t\u1ed1c \u0111\u1ed9 t\u1ea3i trang nhanh s\u1ebd gi\u00fap website c\u1ee7a b\u1ea1n lu\u00f4n \u0111\u00f3n nh\u1eadn \u0111\u01b0\u1ee3c s\u1ef1 quan t\u00e2m c\u1ee7a kh\u00e1ch h\u00e0ng.<\/p>\n","protected":false},"featured_media":9061,"comment_status":"open","ping_status":"closed","template":"","meta":[],"product_cat":[16],"product_tag":[],"class_list":{"0":"post-9060","1":"product","2":"type-product","3":"status-publish","4":"has-post-thumbnail","6":"product_cat-tat-ca","8":"first","9":"instock","10":"shipping-taxable","11":"product-type-external"},"_links":{"self":[{"href":"https:\/\/ladigi.vn\/thiet-ke-website\/wp-json\/wp\/v2\/product\/9060","targetHints":{"allow":["GET"]}}],"collection":[{"href":"https:\/\/ladigi.vn\/thiet-ke-website\/wp-json\/wp\/v2\/product"}],"about":[{"href":"https:\/\/ladigi.vn\/thiet-ke-website\/wp-json\/wp\/v2\/types\/product"}],"replies":[{"embeddable":true,"href":"https:\/\/ladigi.vn\/thiet-ke-website\/wp-json\/wp\/v2\/comments?post=9060"}],"wp:featuredmedia":[{"embeddable":true,"href":"https:\/\/ladigi.vn\/thiet-ke-website\/wp-json\/wp\/v2\/media\/9061"}],"wp:attachment":[{"href":"https:\/\/ladigi.vn\/thiet-ke-website\/wp-json\/wp\/v2\/media?parent=9060"}],"wp:term":[{"taxonomy":"product_cat","embeddable":true,"href":"https:\/\/ladigi.vn\/thiet-ke-website\/wp-json\/wp\/v2\/product_cat?post=9060"},{"taxonomy":"product_tag","embeddable":true,"href":"https:\/\/ladigi.vn\/thiet-ke-website\/wp-json\/wp\/v2\/product_tag?post=9060"}],"curies":[{"name":"wp","href":"https:\/\/api.w.org\/{rel}","templated":true}]}}