{"id":9068,"date":"2025-01-10T19:51:31","date_gmt":"2025-01-10T12:51:31","guid":{"rendered":"https:\/\/ladigi.vn\/thiet-ke-website\/?post_type=product&#038;p=9068"},"modified":"2025-01-10T19:53:08","modified_gmt":"2025-01-10T12:53:08","slug":"theme-wordpress-ban-qua-tang-cao-cap","status":"publish","type":"product","link":"https:\/\/ladigi.vn\/thiet-ke-website\/mau-web\/theme-wordpress-ban-qua-tang-cao-cap\/","title":{"rendered":"B\u00e1n qu\u00e0 t\u1eb7ng cao c\u1ea5p"},"content":{"rendered":"<h1>\n D\u1ecbch v\u1ee5 Thi\u1ebft k\u1ebf website Theme WordPress b\u00e1n qu\u00e0 t\u1eb7ng cao c\u1ea5p<br \/>\n<\/h1>\n<p>\n B\u1ea1n \u0111ang t\u00ecm ki\u1ebfm m\u1ed9t gi\u1ea3i ph\u00e1p thi\u1ebft k\u1ebf website ho\u00e0n h\u1ea3o cho c\u1eeda h\u00e0ng qu\u00e0 t\u1eb7ng cao c\u1ea5p c\u1ee7a m\u00ecnh? H\u00e3y \u0111\u1ec3 ch\u00fang t\u00f4i gi\u1edbi thi\u1ec7u d\u1ecbch v\u1ee5 thi\u1ebft k\u1ebf website v\u1edbi theme WordPress \u0111\u1ed9c \u0111\u00e1o, ph\u00f9 h\u1ee3p v\u1edbi m\u1ecdi nhu c\u1ea7u c\u1ee7a b\u1ea1n.\n<\/p>\n<h2>\n 1. Giao di\u1ec7n \u0111\u1eb9p, chuy\u00ean nghi\u1ec7p<br \/>\n<\/h2>\n<p>\n Website c\u1ee7a b\u1ea1n s\u1ebd \u0111\u01b0\u1ee3c thi\u1ebft k\u1ebf v\u1edbi giao di\u1ec7n hi\u1ec7n \u0111\u1ea1i, \u0111\u1eb9p m\u1eaft v\u00e0 chuy\u00ean nghi\u1ec7p. Ch\u00fang t\u00f4i cam k\u1ebft t\u1ea1o ra tr\u1ea3i nghi\u1ec7m ng\u01b0\u1eddi d\u00f9ng t\u1ed1t nh\u1ea5t v\u1edbi c\u00e1ch b\u1ed1 tr\u00ed h\u1ee3p l\u00fd, m\u00e0u s\u1eafc h\u00e0i h\u00f2a v\u00e0 h\u00ecnh \u1ea3nh s\u1eafc n\u00e9t, gi\u00fap thu h\u00fat kh\u00e1ch h\u00e0ng ngay t\u1eeb c\u00e1i nh\u00ecn \u0111\u1ea7u ti\u00ean.\n<\/p>\n<h2>\n 2. D\u1ec5 s\u1eed d\u1ee5ng<br \/>\n<\/h2>\n<p>\n Ch\u00fang t\u00f4i ch\u00fa tr\u1ecdng v\u00e0o vi\u1ec7c thi\u1ebft k\u1ebf giao di\u1ec7n th\u00e2n thi\u1ec7n v\u1edbi ng\u01b0\u1eddi d\u00f9ng, \u0111\u1ea3m b\u1ea3o t\u1ea5t c\u1ea3 c\u00e1c ph\u1ea7n c\u1ee7a website \u0111\u1ec1u d\u1ec5 d\u00e0ng truy c\u1eadp v\u00e0 s\u1eed d\u1ee5ng. Kh\u00e1ch h\u00e0ng c\u1ee7a b\u1ea1n s\u1ebd kh\u00f4ng g\u1eb7p b\u1ea5t k\u1ef3 kh\u00f3 kh\u0103n n\u00e0o trong vi\u1ec7c t\u00ecm ki\u1ebfm s\u1ea3n ph\u1ea9m v\u00e0 th\u1ef1c hi\u1ec7n mua s\u1eafm.\n<\/p>\n<h2>\n 3. T\u01b0\u01a1ng th\u00edch tr\u00ean m\u1ecdi thi\u1ebft b\u1ecb<br \/>\n<\/h2>\n<p>\n V\u1edbi xu h\u01b0\u1edbng s\u1eed d\u1ee5ng thi\u1ebft b\u1ecb di \u0111\u1ed9ng ng\u00e0y c\u00e0ng t\u0103ng, website c\u1ee7a b\u1ea1n s\u1ebd \u0111\u01b0\u1ee3c t\u1ed1i \u01b0u h\u00f3a \u0111\u1ec3 hi\u1ec3n th\u1ecb ho\u00e0n h\u1ea3o tr\u00ean m\u1ecdi thi\u1ebft b\u1ecb, t\u1eeb m\u00e1y t\u00ednh b\u00e0n \u0111\u1ebfn \u0111i\u1ec7n tho\u1ea1i di \u0111\u1ed9ng v\u00e0 m\u00e1y t\u00ednh b\u1ea3ng. Kh\u00e1ch h\u00e0ng c\u00f3 th\u1ec3 d\u1ec5 d\u00e0ng ti\u1ebfp c\u1eadn c\u1eeda h\u00e0ng c\u1ee7a b\u1ea1n m\u1ecdi l\u00fac, m\u1ecdi n\u01a1i.\n<\/p>\n<h2>\n 4. M\u00e3 ngu\u1ed3n WordPress v\u1edbi Theme Flatsome v\u00e0 UX Builder<br \/>\n<\/h2>\n<p>\n Ch\u00fang t\u00f4i s\u1eed d\u1ee5ng m\u00e3 ngu\u1ed3n WordPress c\u00f9ng v\u1edbi theme Flatsome v\u00e0 UX Builder, gi\u00fap b\u1ea1n t\u00f9y bi\u1ebfn website m\u1ed9t c\u00e1ch d\u1ec5 d\u00e0ng v\u00e0 linh ho\u1ea1t. B\u1ea1n c\u00f3 th\u1ec3 thay \u0111\u1ed5i b\u1ed1 c\u1ee5c, th\u00eam n\u1ed9i dung v\u00e0 c\u1eadp nh\u1eadt c\u00e1c s\u1ea3n ph\u1ea9m ch\u1ec9 v\u1edbi v\u00e0i c\u00fa nh\u1ea5p chu\u1ed9t.\n<\/p>\n<h2>\n 5. T\u1ed1c \u0111\u1ed9 t\u1ea3i trang nhanh<br \/>\n<\/h2>\n<p>\n T\u1ed1c \u0111\u1ed9 t\u1ea3i trang l\u00e0 y\u1ebfu t\u1ed1 quy\u1ebft \u0111\u1ecbnh \u0111\u1ebfn tr\u1ea3i nghi\u1ec7m c\u1ee7a ng\u01b0\u1eddi d\u00f9ng. Ch\u00fang t\u00f4i cam k\u1ebft thi\u1ebft k\u1ebf website c\u00f3 t\u1ed1c \u0111\u1ed9 t\u1ea3i nhanh, gi\u00fap gi\u1eef ch\u00e2n kh\u00e1ch h\u00e0ng v\u00e0 t\u0103ng c\u01b0\u1eddng t\u1ef7 l\u1ec7 chuy\u1ec3n \u0111\u1ed5i.\n<\/p>\n<hr\/>\n<p>\n Tham kh\u1ea3o th\u00eam v\u1ec1 d\u1ecbch v\u1ee5 c\u1ee7a ch\u00fang t\u00f4i v\u00e0 t\u00ecm hi\u1ec3u c\u00e1ch ch\u00fang t\u00f4i c\u00f3 th\u1ec3 gi\u00fap b\u1ea1n ph\u00e1t tri\u1ec3n doanh nghi\u1ec7p t\u1eeb vi\u1ec7c x\u00e2y d\u1ef1ng trang web chuy\u00ean nghi\u1ec7p t\u1ea1i<br \/>\n <a href=\"https:\/\/ladigi.vn\/thiet-ke-website\/\"><br \/>\n  T\u01b0 v\u1ea5n thi\u1ebft k\u1ebf web chuy\u00ean nghi\u1ec7p<br \/>\n <\/a><br \/>\n .\n<\/p>\n<p>\n Li\u00ean h\u1ec7 ngay h\u00f4m nay \u0111\u1ec3 \u0111\u01b0\u1ee3c t\u01b0 v\u1ea5n v\u00e0 nh\u1eadn b\u00e1o gi\u00e1 mi\u1ec5n ph\u00ed t\u1eeb LADIGI Agency!<\/p>\n","protected":false},"excerpt":{"rendered":"<p>Ch\u00fang t\u00f4i cung c\u1ea5p d\u1ecbch v\u1ee5 thi\u1ebft k\u1ebf website b\u00e1n qu\u00e0 t\u1eb7ng cao c\u1ea5p v\u1edbi giao di\u1ec7n \u0111\u1eb9p, chuy\u00ean nghi\u1ec7p v\u00e0 d\u1ec5 s\u1eed d\u1ee5ng. Website t\u01b0\u01a1ng th\u00edch tr\u00ean m\u1ecdi thi\u1ebft b\u1ecb, s\u1eed d\u1ee5ng m\u00e3 ngu\u1ed3n Wordpress v\u1edbi Theme Flatsome v\u00e0 UX Builder d\u1ec5 t\u00f9y bi\u1ebfn. \u0110\u1eb7c bi\u1ec7t, t\u1ed1c \u0111\u1ed9 t\u1ea3i trang nhanh ch\u00f3ng \u0111\u1ea3m b\u1ea3o tr\u1ea3i nghi\u1ec7m m\u01b0\u1ee3t m\u00e0 cho ng\u01b0\u1eddi d\u00f9ng.<\/p>\n","protected":false},"featured_media":9069,"comment_status":"open","ping_status":"closed","template":"","meta":[],"product_cat":[16],"product_tag":[],"class_list":{"0":"post-9068","1":"product","2":"type-product","3":"status-publish","4":"has-post-thumbnail","6":"product_cat-tat-ca","8":"first","9":"instock","10":"shipping-taxable","11":"product-type-external"},"_links":{"self":[{"href":"https:\/\/ladigi.vn\/thiet-ke-website\/wp-json\/wp\/v2\/product\/9068","targetHints":{"allow":["GET"]}}],"collection":[{"href":"https:\/\/ladigi.vn\/thiet-ke-website\/wp-json\/wp\/v2\/product"}],"about":[{"href":"https:\/\/ladigi.vn\/thiet-ke-website\/wp-json\/wp\/v2\/types\/product"}],"replies":[{"embeddable":true,"href":"https:\/\/ladigi.vn\/thiet-ke-website\/wp-json\/wp\/v2\/comments?post=9068"}],"wp:featuredmedia":[{"embeddable":true,"href":"https:\/\/ladigi.vn\/thiet-ke-website\/wp-json\/wp\/v2\/media\/9069"}],"wp:attachment":[{"href":"https:\/\/ladigi.vn\/thiet-ke-website\/wp-json\/wp\/v2\/media?parent=9068"}],"wp:term":[{"taxonomy":"product_cat","embeddable":true,"href":"https:\/\/ladigi.vn\/thiet-ke-website\/wp-json\/wp\/v2\/product_cat?post=9068"},{"taxonomy":"product_tag","embeddable":true,"href":"https:\/\/ladigi.vn\/thiet-ke-website\/wp-json\/wp\/v2\/product_tag?post=9068"}],"curies":[{"name":"wp","href":"https:\/\/api.w.org\/{rel}","templated":true}]}}