{"id":9078,"date":"2025-01-11T15:49:03","date_gmt":"2025-01-11T08:49:03","guid":{"rendered":"https:\/\/ladigi.vn\/thiet-ke-website\/?post_type=product&#038;p=9078"},"modified":"2025-01-11T15:51:44","modified_gmt":"2025-01-11T08:51:44","slug":"theme-wordpress-dich-vu-in-an-quang-cao","status":"publish","type":"product","link":"https:\/\/ladigi.vn\/thiet-ke-website\/mau-web\/theme-wordpress-dich-vu-in-an-quang-cao\/","title":{"rendered":"D\u1ecbch v\u1ee5 in \u1ea5n &#8211; qu\u1ea3ng c\u00e1o"},"content":{"rendered":"<h1>\n D\u1ecbch v\u1ee5 Thi\u1ebft k\u1ebf website Theme WordPress cho ng\u00e0nh in \u1ea5n \u2013 qu\u1ea3ng c\u00e1o<br \/>\n<\/h1>\n<p>\n Trong th\u1ebf gi\u1edbi kinh doanh ng\u00e0y nay, m\u1ed9t trang web \u0111\u1eb9p v\u00e0 chuy\u00ean nghi\u1ec7p kh\u00f4ng ch\u1ec9 l\u00e0 m\u1ed9t c\u00f4ng c\u1ee5 truy\u1ec1n th\u00f4ng m\u00e0 c\u00f2n l\u00e0 b\u1ed9 m\u1eb7t c\u1ee7a doanh nghi\u1ec7p. \u0110\u1eb7c bi\u1ec7t trong l\u0129nh v\u1ef1c in \u1ea5n v\u00e0 qu\u1ea3ng c\u00e1o, m\u1ed9t giao di\u1ec7n website \u1ea5n t\u01b0\u1ee3ng, d\u1ec5 s\u1eed d\u1ee5ng c\u00f3 th\u1ec3 t\u1ea1o ra s\u1ef1 kh\u00e1c bi\u1ec7t l\u1edbn, thu h\u00fat kh\u00e1ch h\u00e0ng v\u00e0 t\u0103ng c\u01b0\u1eddng th\u01b0\u01a1ng hi\u1ec7u.\n<\/p>\n<h3>\n <strong><br \/>\n  Giao di\u1ec7n web \u0111\u1eb9p v\u00e0 chuy\u00ean nghi\u1ec7p<br \/>\n <\/strong><br \/>\n<\/h3>\n<p>\n Ch\u00fang t\u00f4i cung c\u1ea5p d\u1ecbch v\u1ee5 thi\u1ebft k\u1ebf website v\u1edbi giao di\u1ec7n th\u00e2n thi\u1ec7n v\u00e0 chuy\u00ean nghi\u1ec7p. Giao di\u1ec7n \u0111\u01b0\u1ee3c thi\u1ebft k\u1ebf t\u01b0\u01a1m t\u1ea5t kh\u00f4ng ch\u1ec9 gi\u00fap ng\u01b0\u1eddi d\u00f9ng d\u1ec5 d\u00e0ng t\u00ecm ki\u1ebfm th\u00f4ng tin m\u00e0 c\u00f2n t\u1ea1o \u1ea5n t\u01b0\u1ee3ng t\u1ed1t ngay t\u1eeb c\u00e1i nh\u00ecn \u0111\u1ea7u ti\u00ean.\n<\/p>\n<h3>\n <strong><br \/>\n  T\u01b0\u01a1ng th\u00edch tr\u00ean m\u1ecdi thi\u1ebft b\u1ecb<br \/>\n <\/strong><br \/>\n<\/h3>\n<p>\n M\u1ed9t trang web c\u1ea7n ph\u1ea3i ho\u1ea1t \u0111\u1ed9ng t\u1ed1t tr\u00ean m\u1ecdi thi\u1ebft b\u1ecb, t\u1eeb m\u00e1y t\u00ednh b\u00e0n \u0111\u1ebfn \u0111i\u1ec7n tho\u1ea1i di \u0111\u1ed9ng. Nh\u1edd thi\u1ebft k\u1ebf responsive, trang web c\u1ee7a b\u1ea1n s\u1ebd hi\u1ec3n th\u1ecb m\u1ed9t c\u00e1ch t\u1ed1i \u01b0u tr\u00ean m\u1ecdi m\u00e0n h\u00ecnh, mang l\u1ea1i tr\u1ea3i nghi\u1ec7m t\u1ed1t nh\u1ea5t cho ng\u01b0\u1eddi d\u00f9ng.\n<\/p>\n<h3>\n <strong><br \/>\n  M\u00e3 ngu\u1ed3n WordPress v\u1edbi Theme Flatsome v\u00e0 UX Builder<br \/>\n <\/strong><br \/>\n<\/h3>\n<p>\n Ch\u00fang t\u00f4i s\u1eed d\u1ee5ng m\u00e3 ngu\u1ed3n WordPress v\u1edbi theme Flatsome v\u00e0 c\u00f4ng c\u1ee5 UX Builder, gi\u00fap b\u1ea1n d\u1ec5 d\u00e0ng t\u00f9y bi\u1ebfn v\u00e0 c\u1eadp nh\u1eadt n\u1ed9i dung tr\u00ean trang web c\u1ee7a m\u00ecnh m\u00e0 kh\u00f4ng c\u1ea7n ki\u1ebfn th\u1ee9c l\u1eadp tr\u00ecnh. \u0110i\u1ec1u n\u00e0y cho ph\u00e9p b\u1ea1n linh ho\u1ea1t trong vi\u1ec7c qu\u1ea3n l\u00fd n\u1ed9i dung v\u00e0 t\u1ea1o ra nh\u1eefng trang web theo \u00fd t\u01b0\u1edfng c\u1ee7a ri\u00eang m\u00ecnh.\n<\/p>\n<h3>\n <strong><br \/>\n  T\u1ed1c \u0111\u1ed9 t\u1ea3i trang nhanh<br \/>\n <\/strong><br \/>\n<\/h3>\n<p>\n \u0110\u00e1p \u1ee9ng nhu c\u1ea7u th\u01b0\u1edfng th\u1ee9c c\u1ee7a ng\u01b0\u1eddi d\u00f9ng, ch\u00fang t\u00f4i cam k\u1ebft t\u1ed1i \u01b0u t\u1ed1c \u0111\u1ed9 t\u1ea3i trang nhanh ch\u00f3ng. M\u1ed9t trang web load nhanh kh\u00f4ng ch\u1ec9 c\u1ea3i thi\u1ec7n tr\u1ea3i nghi\u1ec7m c\u1ee7a ng\u01b0\u1eddi d\u00f9ng m\u00e0 c\u00f2n gi\u00fap n\u00e2ng cao th\u1ee9 h\u1ea1ng SEO, l\u00e0m cho doanh nghi\u1ec7p c\u1ee7a b\u1ea1n d\u1ec5 d\u00e0ng ti\u1ebfp c\u1eadn h\u01a1n v\u1edbi kh\u00e1ch h\u00e0ng.\n<\/p>\n<hr\/>\n<p>\n N\u1ebfu b\u1ea1n \u0111ang t\u00ecm ki\u1ebfm m\u1ed9t \u0111\u1ed1i t\u00e1c thi\u1ebft k\u1ebf website chuy\u00ean nghi\u1ec7p cho l\u0129nh v\u1ef1c in \u1ea5n v\u00e0 qu\u1ea3ng c\u00e1o, h\u00e3y \u0111\u1ebfn v\u1edbi<br \/>\n <strong><br \/>\n  LADIGI Agency<br \/>\n <\/strong><br \/>\n . Ch\u00fang t\u00f4i t\u1ef1 h\u00e0o l\u00e0 \u0111\u01a1n v\u1ecb thi\u1ebft k\u1ebf web h\u00e0ng \u0111\u1ea7u cung c\u1ea5p gi\u1ea3i ph\u00e1p t\u1ed1i \u01b0u cho doanh nghi\u1ec7p c\u1ee7a b\u1ea1n. \u0110\u1ec3 t\u00ecm hi\u1ec3u th\u00eam v\u1ec1 d\u1ecbch v\u1ee5 c\u1ee7a ch\u00fang t\u00f4i, h\u00e3y tham kh\u1ea3o<br \/>\n <a href=\"https:\/\/ladigi.vn\/thiet-ke-website\/\"><br \/>\n  D\u1ecbch v\u1ee5 thi\u1ebft k\u1ebf web doanh nghi\u1ec7p<br \/>\n <\/a><br \/>\n .<\/p>\n","protected":false},"excerpt":{"rendered":"<p>Ch\u00fang t\u00f4i cung c\u1ea5p d\u1ecbch v\u1ee5 thi\u1ebft k\u1ebf website WordPress chuy\u00ean nghi\u1ec7p v\u1edbi giao di\u1ec7n \u0111\u1eb9p, d\u1ec5 s\u1eed d\u1ee5ng v\u00e0 t\u01b0\u01a1ng th\u00edch \u0111a thi\u1ebft b\u1ecb. S\u1eed d\u1ee5ng m\u00e3 ngu\u1ed3n WordPress v\u1edbi Theme Flatsome v\u00e0 UX Builder, kh\u00e1ch h\u00e0ng d\u1ec5 d\u00e0ng t\u00f9y bi\u1ebfn n\u1ed9i dung. \u0110\u1eb7c bi\u1ec7t, t\u1ed1c \u0111\u1ed9 t\u1ea3i trang nhanh ch\u00f3ng, n\u00e2ng cao tr\u1ea3i nghi\u1ec7m ng\u01b0\u1eddi d\u00f9ng.<\/p>\n","protected":false},"featured_media":9079,"comment_status":"open","ping_status":"closed","template":"","meta":[],"product_cat":[16],"product_tag":[],"class_list":{"0":"post-9078","1":"product","2":"type-product","3":"status-publish","4":"has-post-thumbnail","6":"product_cat-tat-ca","8":"first","9":"instock","10":"shipping-taxable","11":"product-type-external"},"_links":{"self":[{"href":"https:\/\/ladigi.vn\/thiet-ke-website\/wp-json\/wp\/v2\/product\/9078","targetHints":{"allow":["GET"]}}],"collection":[{"href":"https:\/\/ladigi.vn\/thiet-ke-website\/wp-json\/wp\/v2\/product"}],"about":[{"href":"https:\/\/ladigi.vn\/thiet-ke-website\/wp-json\/wp\/v2\/types\/product"}],"replies":[{"embeddable":true,"href":"https:\/\/ladigi.vn\/thiet-ke-website\/wp-json\/wp\/v2\/comments?post=9078"}],"wp:featuredmedia":[{"embeddable":true,"href":"https:\/\/ladigi.vn\/thiet-ke-website\/wp-json\/wp\/v2\/media\/9079"}],"wp:attachment":[{"href":"https:\/\/ladigi.vn\/thiet-ke-website\/wp-json\/wp\/v2\/media?parent=9078"}],"wp:term":[{"taxonomy":"product_cat","embeddable":true,"href":"https:\/\/ladigi.vn\/thiet-ke-website\/wp-json\/wp\/v2\/product_cat?post=9078"},{"taxonomy":"product_tag","embeddable":true,"href":"https:\/\/ladigi.vn\/thiet-ke-website\/wp-json\/wp\/v2\/product_tag?post=9078"}],"curies":[{"name":"wp","href":"https:\/\/api.w.org\/{rel}","templated":true}]}}