{"id":9080,"date":"2025-01-12T11:45:28","date_gmt":"2025-01-12T04:45:28","guid":{"rendered":"https:\/\/ladigi.vn\/thiet-ke-website\/?post_type=product&#038;p=9080"},"modified":"2025-01-12T11:47:11","modified_gmt":"2025-01-12T04:47:11","slug":"theme-wordpress-landing-page-gioi-thieu-ca-nhan","status":"publish","type":"product","link":"https:\/\/ladigi.vn\/thiet-ke-website\/mau-web\/theme-wordpress-landing-page-gioi-thieu-ca-nhan\/","title":{"rendered":"L\u0129nh v\u1ef1c\/ng\u00e0nh ngh\u1ec1: Gi\u1edbi thi\u1ec7u c\u00e1 nh\u00e2n"},"content":{"rendered":"<p>\n Ch\u00e0o m\u1ecdi ng\u01b0\u1eddi!\n<\/p>\n<p>\n B\u1ea1n \u0111ang t\u00ecm ki\u1ebfm m\u1ed9t giao di\u1ec7n web chuy\u00ean nghi\u1ec7p v\u00e0 \u0111\u1eb9p m\u1eaft \u0111\u1ec3 gi\u1edbi thi\u1ec7u b\u1ea3n th\u00e2n v\u00e0 kinh nghi\u1ec7m l\u00e0m vi\u1ec7c c\u1ee7a m\u00ecnh? B\u1ea1n mu\u1ed1n c\u00f3 m\u1ed9t trang landing page c\u00e1 nh\u00e2n \u0111\u1ec3 thu h\u00fat s\u1ef1 ch\u00fa \u00fd c\u1ee7a nh\u00e0 tuy\u1ec3n d\u1ee5ng ho\u1eb7c kh\u00e1ch h\u00e0ng? H\u00e3y \u0111\u1ec3 LADIGI Agency gi\u00fap b\u1ea1n!\n<\/p>\n<p>\n V\u1edbi d\u1ecbch v\u1ee5 Thi\u1ebft k\u1ebf website Theme wordpress landing page gi\u1edbi thi\u1ec7u c\u00e1 nh\u00e2n c\u1ee7a ch\u00fang t\u00f4i, b\u1ea1n s\u1ebd \u0111\u01b0\u1ee3c tr\u1ea3i nghi\u1ec7m m\u1ed9t giao di\u1ec7n web \u0111\u1eb9p, chuy\u00ean nghi\u1ec7p v\u00e0 d\u1ec5 s\u1eed d\u1ee5ng. Ch\u00fang t\u00f4i cam k\u1ebft t\u1ea1o ra m\u1ed9t trang web th\u1eadt s\u1ef1 \u0111\u1eb7c bi\u1ec7t v\u00e0 ph\u00f9 h\u1ee3p v\u1edbi c\u00e1 nh\u00e2n c\u1ee7a b\u1ea1n.\n<\/p>\n<p>\n M\u00e3 ngu\u1ed3n WordPress v\u1edbi Theme Flatsome v\u00e0 UX Builder \u0111\u01b0\u1ee3c s\u1eed d\u1ee5ng \u0111\u1ec3 t\u1ea1o n\u00ean giao di\u1ec7n web c\u1ee7a b\u1ea1n. \u0110i\u1ec1u n\u00e0y cho ph\u00e9p b\u1ea1n t\u00f9y bi\u1ebfn v\u00e0 thay \u0111\u1ed5i giao di\u1ec7n m\u1ed9t c\u00e1ch d\u1ec5 d\u00e0ng v\u00e0 nhanh ch\u00f3ng. B\u1ea1n c\u00f3 th\u1ec3 th\u00eam ho\u1eb7c b\u1edbt c\u00e1c ph\u1ea7n t\u1eed, thay \u0111\u1ed5i m\u00e0u s\u1eafc v\u00e0 hi\u1ec7u \u1ee9ng \u0111\u1ec3 t\u1ea1o ra m\u1ed9t trang web \u0111\u1ed9c \u0111\u00e1o v\u00e0 ph\u00f9 h\u1ee3p v\u1edbi c\u00e1 nh\u00e2n c\u1ee7a m\u00ecnh.\n<\/p>\n<p>\n Kh\u00f4ng ch\u1ec9 \u0111\u1eb9p m\u1eaft v\u00e0 d\u1ec5 s\u1eed d\u1ee5ng, giao di\u1ec7n web c\u1ee7a ch\u00fang t\u00f4i c\u00f2n \u0111\u01b0\u1ee3c t\u1ed1i \u01b0u h\u00f3a \u0111\u1ec3 t\u01b0\u01a1ng th\u00edch tr\u00ean m\u1ecdi thi\u1ebft b\u1ecb. \u0110i\u1ec1u n\u00e0y \u0111\u1ea3m b\u1ea3o r\u1eb1ng kh\u00e1ch h\u00e0ng c\u1ee7a b\u1ea1n c\u00f3 th\u1ec3 truy c\u1eadp v\u00e0 tr\u1ea3i nghi\u1ec7m trang web c\u1ee7a b\u1ea1n m\u1ed9t c\u00e1ch thu\u1eadn ti\u1ec7n tr\u00ean c\u1ea3 m\u00e1y t\u00ednh, \u0111i\u1ec7n tho\u1ea1i v\u00e0 m\u00e1y t\u00ednh b\u1ea3ng.\n<\/p>\n<p>\n M\u1ed9t trong nh\u1eefng y\u1ebfu t\u1ed1 quan tr\u1ecdng c\u1ee7a m\u1ed9t trang web l\u00e0 t\u1ed1c \u0111\u1ed9 t\u1ea3i trang. Ch\u00fang t\u00f4i hi\u1ec3u r\u1eb1ng vi\u1ec7c \u0111\u1ee3i l\u00e2u \u0111\u1ec3 trang web t\u1ea3i l\u00ean c\u00f3 th\u1ec3 l\u00e0m m\u1ea5t \u0111i s\u1ef1 h\u1ee9ng th\u00fa c\u1ee7a kh\u00e1ch h\u00e0ng. V\u00ec v\u1eady, ch\u00fang t\u00f4i \u0111\u1ea3m b\u1ea3o r\u1eb1ng giao di\u1ec7n web c\u1ee7a b\u1ea1n \u0111\u01b0\u1ee3c t\u1ed1i \u01b0u h\u00f3a \u0111\u1ec3 t\u1ea3i nhanh v\u00e0 m\u01b0\u1ee3t m\u00e0, gi\u00fap kh\u00e1ch h\u00e0ng c\u00f3 tr\u1ea3i nghi\u1ec7m t\u1ed1t h\u01a1n khi truy c\u1eadp trang web c\u1ee7a b\u1ea1n.\n<\/p>\n<p>\n V\u1edbi kinh nghi\u1ec7m l\u00e2u n\u0103m trong l\u0129nh v\u1ef1c thi\u1ebft k\u1ebf website v\u00e0 s\u1ef1 t\u1eadn t\u00e2m c\u1ee7a \u0111\u1ed9i ng\u0169 nh\u00e2n vi\u00ean, LADIGI Agency t\u1ef1 tin mang \u0111\u1ebfn cho b\u1ea1n m\u1ed9t trang web \u0111\u1eb9p v\u00e0 chuy\u00ean nghi\u1ec7p nh\u01b0 mong \u0111\u1ee3i. Ch\u00fang t\u00f4i cam k\u1ebft s\u1ebd lu\u00f4n \u0111\u1ed3ng h\u00e0nh c\u00f9ng b\u1ea1n \u0111\u1ec3 \u0111\u01b0a ra nh\u1eefng gi\u1ea3i ph\u00e1p t\u1ed1t nh\u1ea5t cho trang web c\u1ee7a b\u1ea1n.\n<\/p>\n<p>\n \u0110\u1eebng ch\u1ea7n ch\u1eeb n\u1eefa, h\u00e3y \u0111\u1ec3 LADIGI Agency gi\u00fap b\u1ea1n t\u1ea1o n\u00ean m\u1ed9t trang web c\u00e1 nh\u00e2n \u0111\u1eb9p v\u00e0 \u1ea5n t\u01b0\u1ee3ng. Truy c\u1eadp<br \/>\n <a href=\"https:\/\/ladigi.vn\/thiet-ke-website\/\"><br \/>\n  C\u00f4ng ty l\u1eadp tr\u00ecnh website LADIGI<br \/>\n <\/a><br \/>\n \u0111\u1ec3 bi\u1ebft th\u00eam th\u00f4ng tin chi ti\u1ebft v\u00e0 li\u00ean h\u1ec7 v\u1edbi ch\u00fang t\u00f4i ngay h\u00f4m nay!\n<\/p>\n<p>\n C\u1ea3m \u01a1n b\u1ea1n \u0111\u00e3 d\u00e0nh th\u1eddi gian \u0111\u1ec3 \u0111\u1ecdc b\u00e0i vi\u1ebft c\u1ee7a ch\u00fang t\u00f4i. Ch\u00fac b\u1ea1n th\u00e0nh c\u00f4ng trong vi\u1ec7c t\u00ecm ki\u1ebfm m\u1ed9t giao di\u1ec7n web chuy\u00ean nghi\u1ec7p v\u00e0 \u0111\u1eb9p m\u1eaft cho trang web c\u00e1 nh\u00e2n c\u1ee7a m\u00ecnh!<\/p>\n","protected":false},"excerpt":{"rendered":"<p>D\u1ecbch v\u1ee5 thi\u1ebft k\u1ebf website Theme Wordpress landing page gi\u1edbi thi\u1ec7u c\u00e1 nh\u00e2n mang \u0111\u1ebfn cho b\u1ea1n m\u1ed9t giao di\u1ec7n web \u0111\u1eb9p v\u00e0 chuy\u00ean nghi\u1ec7p, gi\u00fap b\u1ea1n d\u1ec5 d\u00e0ng truy\u1ec1n t\u1ea3i th\u00f4ng tin v\u1ec1 b\u1ea3n th\u00e2n. V\u1edbi t\u1ed1c \u0111\u1ed9 t\u1ea3i trang nhanh v\u00e0 t\u00ednh t\u01b0\u01a1ng th\u00edch tr\u00ean m\u1ecdi thi\u1ebft b\u1ecb, \u0111\u1ea3m b\u1ea3o ng\u01b0\u1eddi d\u00f9ng c\u00f3 tr\u1ea3i nghi\u1ec7m th\u00fa v\u1ecb v\u00e0 thu\u1eadn ti\u1ec7n. M\u00e3 ngu\u1ed3n Wordpress v\u00e0 s\u1eed d\u1ee5ng Theme Flatsome c\u00f9ng UX Builder cho ph\u00e9p t\u00f9y bi\u1ebfn linh ho\u1ea1t, gi\u00fap website c\u1ee7a b\u1ea1n tr\u1edf n\u00ean \u0111\u1ed9c \u0111\u00e1o v\u00e0 ph\u00f9 h\u1ee3p v\u1edbi c\u00e1 t\u00ednh ri\u00eang c\u1ee7a b\u1ea1n.<\/p>\n","protected":false},"featured_media":9081,"comment_status":"open","ping_status":"closed","template":"","meta":[],"product_cat":[16],"product_tag":[],"class_list":{"0":"post-9080","1":"product","2":"type-product","3":"status-publish","4":"has-post-thumbnail","6":"product_cat-tat-ca","8":"first","9":"instock","10":"shipping-taxable","11":"product-type-external"},"_links":{"self":[{"href":"https:\/\/ladigi.vn\/thiet-ke-website\/wp-json\/wp\/v2\/product\/9080","targetHints":{"allow":["GET"]}}],"collection":[{"href":"https:\/\/ladigi.vn\/thiet-ke-website\/wp-json\/wp\/v2\/product"}],"about":[{"href":"https:\/\/ladigi.vn\/thiet-ke-website\/wp-json\/wp\/v2\/types\/product"}],"replies":[{"embeddable":true,"href":"https:\/\/ladigi.vn\/thiet-ke-website\/wp-json\/wp\/v2\/comments?post=9080"}],"wp:featuredmedia":[{"embeddable":true,"href":"https:\/\/ladigi.vn\/thiet-ke-website\/wp-json\/wp\/v2\/media\/9081"}],"wp:attachment":[{"href":"https:\/\/ladigi.vn\/thiet-ke-website\/wp-json\/wp\/v2\/media?parent=9080"}],"wp:term":[{"taxonomy":"product_cat","embeddable":true,"href":"https:\/\/ladigi.vn\/thiet-ke-website\/wp-json\/wp\/v2\/product_cat?post=9080"},{"taxonomy":"product_tag","embeddable":true,"href":"https:\/\/ladigi.vn\/thiet-ke-website\/wp-json\/wp\/v2\/product_tag?post=9080"}],"curies":[{"name":"wp","href":"https:\/\/api.w.org\/{rel}","templated":true}]}}