{"id":9082,"date":"2025-01-10T20:08:57","date_gmt":"2025-01-10T13:08:57","guid":{"rendered":"https:\/\/ladigi.vn\/thiet-ke-website\/?post_type=product&#038;p=9082"},"modified":"2025-01-10T20:10:34","modified_gmt":"2025-01-10T13:10:34","slug":"theme-wordpress-ban-sach-01","status":"publish","type":"product","link":"https:\/\/ladigi.vn\/thiet-ke-website\/mau-web\/theme-wordpress-ban-sach-01\/","title":{"rendered":"C\u1eeda h\u00e0ng b\u00e1n s\u00e1ch"},"content":{"rendered":"<h1>\n D\u1ecbch v\u1ee5 Thi\u1ebft k\u1ebf website Theme WordPress b\u00e1n s\u00e1ch<br \/>\n<\/h1>\n<p>\n Ch\u00e0o m\u1eebng b\u1ea1n \u0111\u1ebfn v\u1edbi d\u1ecbch v\u1ee5 thi\u1ebft k\u1ebf website Theme WordPress b\u00e1n s\u00e1ch c\u1ee7a ch\u00fang t\u00f4i! V\u1edbi mong mu\u1ed1n mang \u0111\u1ebfn cho b\u1ea1n m\u1ed9t trang web b\u00e1n s\u00e1ch ho\u00e0n h\u1ea3o, ch\u00fang t\u00f4i t\u1ef1 h\u00e0o gi\u1edbi thi\u1ec7u nh\u1eefng \u0111\u1eb7c \u0111i\u1ec3m n\u1ed5i b\u1eadt c\u1ee7a d\u1ecbch v\u1ee5 thi\u1ebft k\u1ebf website n\u00e0y:\n<\/p>\n<h2>\n Giao di\u1ec7n \u0111\u1eb9p, chuy\u00ean nghi\u1ec7p, d\u1ec5 s\u1eed d\u1ee5ng<br \/>\n<\/h2>\n<p>\n Ch\u00fang t\u00f4i hi\u1ec3u r\u1eb1ng m\u1ed9t giao di\u1ec7n website \u0111\u1eb9p v\u00e0 chuy\u00ean nghi\u1ec7p l\u00e0 y\u1ebfu t\u1ed1 quan tr\u1ecdng gi\u00fap thu h\u00fat kh\u00e1ch h\u00e0ng. Thi\u1ebft k\u1ebf c\u1ee7a ch\u00fang t\u00f4i kh\u00f4ng ch\u1ec9 \u1ea5n t\u01b0\u1ee3ng m\u00e0 c\u00f2n d\u1ec5 s\u1eed d\u1ee5ng, gi\u00fap kh\u00e1ch h\u00e0ng nhanh ch\u00f3ng t\u00ecm ki\u1ebfm v\u00e0 mua s\u00e1ch m\u00e0 h\u1ecd y\u00eau th\u00edch.\n<\/p>\n<h2>\n T\u01b0\u01a1ng th\u00edch tr\u00ean m\u1ecdi thi\u1ebft b\u1ecb<br \/>\n<\/h2>\n<p>\n \u0110\u00e3 \u0111\u1ebfn l\u00fac ng\u1eebng lo l\u1eafng v\u1ec1 vi\u1ec7c website c\u1ee7a b\u1ea1n c\u00f3 th\u1ec3 hi\u1ec3n th\u1ecb t\u1ed1t tr\u00ean c\u00e1c thi\u1ebft b\u1ecb kh\u00e1c nhau hay kh\u00f4ng! V\u1edbi thi\u1ebft k\u1ebf responsive, trang web c\u1ee7a b\u1ea1n s\u1ebd ho\u1ea1t \u0111\u1ed9ng ho\u00e0n h\u1ea3o tr\u00ean m\u00e1y t\u00ednh, tablet v\u00e0 \u0111i\u1ec7n tho\u1ea1i di \u0111\u1ed9ng.\n<\/p>\n<h2>\n M\u00e3 ngu\u1ed3n WordPress v\u1edbi Theme Flatsome v\u00e0 UX Builder d\u1ec5 t\u00f9y bi\u1ebfn<br \/>\n<\/h2>\n<p>\n T\u1eadn d\u1ee5ng s\u1ee9c m\u1ea1nh c\u1ee7a WordPress, ch\u00fang t\u00f4i s\u1eed d\u1ee5ng Theme Flatsome k\u1ebft h\u1ee3p v\u1edbi UX Builder, cho ph\u00e9p b\u1ea1n d\u1ec5 d\u00e0ng t\u00f9y ch\u1ec9nh trang web c\u1ee7a m\u00ecnh m\u00e0 kh\u00f4ng c\u1ea7n b\u1ea5t k\u1ef3 ki\u1ebfn th\u1ee9c l\u1eadp tr\u00ecnh n\u00e0o. B\u1ea1n c\u00f3 th\u1ec3 thay \u0111\u1ed5i h\u00ecnh \u1ea3nh, m\u00e0u s\u1eafc, b\u1ed1 c\u1ee5c \u0111\u1ec3 ph\u00f9 h\u1ee3p v\u1edbi th\u01b0\u01a1ng hi\u1ec7u c\u1ee7a m\u00ecnh m\u1ed9t c\u00e1ch nhanh ch\u00f3ng.\n<\/p>\n<h2>\n T\u1ed1c \u0111\u1ed9 t\u1ea3i trang nhanh<br \/>\n<\/h2>\n<p>\n Ch\u00fang t\u00f4i cam k\u1ebft r\u1eb1ng website c\u1ee7a b\u1ea1n s\u1ebd c\u00f3 t\u1ed1c \u0111\u1ed9 t\u1ea3i trang nhanh nh\u1ea5t c\u00f3 th\u1ec3. \u0110i\u1ec1u n\u00e0y kh\u00f4ng ch\u1ec9 c\u1ea3i thi\u1ec7n tr\u1ea3i nghi\u1ec7m ng\u01b0\u1eddi d\u00f9ng m\u00e0 c\u00f2n g\u00f3p ph\u1ea7n n\u00e2ng cao th\u1ee9 h\u1ea1ng t\u00ecm ki\u1ebfm tr\u00ean Google.\n<\/p>\n<p>\n N\u1ebfu b\u1ea1n \u0111ang t\u00ecm ki\u1ebfm m\u1ed9t \u0111\u01a1n v\u1ecb thi\u1ebft k\u1ebf website uy t\u00edn, h\u00e3y li\u00ean h\u1ec7 v\u1edbi<br \/>\n <strong><br \/>\n  LADIGI Agency<br \/>\n <\/strong><br \/>\n . Ch\u00fang t\u00f4i s\u1ebd \u0111\u1ed3ng h\u00e0nh c\u00f9ng b\u1ea1n trong h\u00e0nh tr\u00ecnh x\u00e2y d\u1ef1ng m\u1ed9t website b\u00e1n s\u00e1ch xu\u1ea5t s\u1eafc nh\u1ea5t!\n<\/p>\n<p>\n B\u1ea1n c\u00f3 th\u1ec3 t\u00ecm hi\u1ec3u th\u00eam t\u1ea1i<br \/>\n <a href=\"https:\/\/ladigi.vn\/thiet-ke-website\/\"><br \/>\n  C\u00f4ng ty thi\u1ebft k\u1ebf giao di\u1ec7n website LADIGI<br \/>\n <\/a><br \/>\n .<\/p>\n","protected":false},"excerpt":{"rendered":"<p>D\u1ecbch v\u1ee5 thi\u1ebft k\u1ebf website b\u00e1n s\u00e1ch s\u1eed d\u1ee5ng m\u00e3 ngu\u1ed3n Wordpress v\u1edbi Theme Flatsome v\u00e0 UX Builder, mang \u0111\u1ebfn giao di\u1ec7n \u0111\u1eb9p, chuy\u00ean nghi\u1ec7p v\u00e0 d\u1ec5 s\u1eed d\u1ee5ng. Website t\u01b0\u01a1ng th\u00edch tr\u00ean m\u1ecdi thi\u1ebft b\u1ecb, gi\u00fap tr\u1ea3i nghi\u1ec7m ng\u01b0\u1eddi d\u00f9ng t\u1ed1i \u01b0u. T\u1ed1c \u0111\u1ed9 t\u1ea3i trang nhanh, thu h\u00fat kh\u00e1ch h\u00e0ng h\u01a1n.<\/p>\n","protected":false},"featured_media":0,"comment_status":"open","ping_status":"closed","template":"","meta":[],"product_cat":[16],"product_tag":[],"class_list":{"0":"post-9082","1":"product","2":"type-product","3":"status-publish","5":"product_cat-tat-ca","7":"first","8":"instock","9":"shipping-taxable","10":"product-type-external"},"_links":{"self":[{"href":"https:\/\/ladigi.vn\/thiet-ke-website\/wp-json\/wp\/v2\/product\/9082","targetHints":{"allow":["GET"]}}],"collection":[{"href":"https:\/\/ladigi.vn\/thiet-ke-website\/wp-json\/wp\/v2\/product"}],"about":[{"href":"https:\/\/ladigi.vn\/thiet-ke-website\/wp-json\/wp\/v2\/types\/product"}],"replies":[{"embeddable":true,"href":"https:\/\/ladigi.vn\/thiet-ke-website\/wp-json\/wp\/v2\/comments?post=9082"}],"wp:attachment":[{"href":"https:\/\/ladigi.vn\/thiet-ke-website\/wp-json\/wp\/v2\/media?parent=9082"}],"wp:term":[{"taxonomy":"product_cat","embeddable":true,"href":"https:\/\/ladigi.vn\/thiet-ke-website\/wp-json\/wp\/v2\/product_cat?post=9082"},{"taxonomy":"product_tag","embeddable":true,"href":"https:\/\/ladigi.vn\/thiet-ke-website\/wp-json\/wp\/v2\/product_tag?post=9082"}],"curies":[{"name":"wp","href":"https:\/\/api.w.org\/{rel}","templated":true}]}}