{"id":9085,"date":"2025-01-10T15:55:32","date_gmt":"2025-01-10T08:55:32","guid":{"rendered":"https:\/\/ladigi.vn\/thiet-ke-website\/?post_type=product&#038;p=9085"},"modified":"2025-01-10T15:56:48","modified_gmt":"2025-01-10T08:56:48","slug":"theme-wordpress-ban-bao-bi","status":"publish","type":"product","link":"https:\/\/ladigi.vn\/thiet-ke-website\/mau-web\/theme-wordpress-ban-bao-bi\/","title":{"rendered":"Ng\u00e0nh b\u00e1n bao b\u00ec"},"content":{"rendered":"<p>\n &#8220;`markdown\n<\/p>\n<h1>\n D\u1ecbch v\u1ee5 Thi\u1ebft k\u1ebf website Theme WordPress b\u00e1n bao b\u00ec<br \/>\n<\/h1>\n<p>\n Ch\u00e0o m\u1eebng b\u1ea1n \u0111\u1ebfn v\u1edbi d\u1ecbch v\u1ee5 thi\u1ebft k\u1ebf website chuy\u00ean nghi\u1ec7p chuy\u00ean v\u1ec1 l\u0129nh v\u1ef1c bao b\u00ec! Ch\u00fang t\u00f4i t\u1ef1 h\u00e0o cung c\u1ea5p cho b\u1ea1n m\u1ed9t giao di\u1ec7n web \u0111\u01b0\u1ee3c thi\u1ebft k\u1ebf \u0111\u1eb9p m\u1eaft, chuy\u00ean nghi\u1ec7p v\u00e0 d\u1ec5 s\u1eed d\u1ee5ng, gi\u00fap kh\u00e1ch h\u00e0ng tr\u1ea3i nghi\u1ec7m t\u1ed1t nh\u1ea5t khi t\u00ecm ki\u1ebfm s\u1ea3n ph\u1ea9m c\u1ee7a b\u1ea1n.\n<\/p>\n<h2>\n Giao di\u1ec7n th\u00e2n thi\u1ec7n<br \/>\n<\/h2>\n<p>\n V\u1edbi thi\u1ebft k\u1ebf giao di\u1ec7n hi\u1ec7n \u0111\u1ea1i, \u0111\u00e1p \u1ee9ng t\u1ed1i \u0111a nhu c\u1ea7u ng\u01b0\u1eddi d\u00f9ng, website c\u1ee7a b\u1ea1n s\u1ebd thu h\u00fat v\u00e0 gi\u1eef ch\u00e2n kh\u00e1ch h\u00e0ng l\u00e2u h\u01a1n. Giao di\u1ec7n n\u00e0y kh\u00f4ng ch\u1ec9 \u0111\u1eb9p m\u00e0 c\u00f2n d\u1ec5 d\u00e0ng \u0111i\u1ec1u h\u01b0\u1edbng, cho ph\u00e9p ng\u01b0\u1eddi d\u00f9ng t\u00ecm ki\u1ebfm th\u00f4ng tin nhanh ch\u00f3ng.\n<\/p>\n<h2>\n T\u01b0\u01a1ng th\u00edch tr\u00ean m\u1ecdi thi\u1ebft b\u1ecb<br \/>\n<\/h2>\n<p>\n Ch\u00fang t\u00f4i cam k\u1ebft r\u1eb1ng website c\u1ee7a b\u1ea1n s\u1ebd t\u01b0\u01a1ng th\u00edch ho\u00e0n h\u1ea3o tr\u00ean m\u1ecdi thi\u1ebft b\u1ecb, t\u1eeb m\u00e1y t\u00ednh \u0111\u1ec3 b\u00e0n, laptop cho \u0111\u1ebfn \u0111i\u1ec7n tho\u1ea1i di \u0111\u1ed9ng, gi\u00fap kh\u00e1ch h\u00e0ng c\u00f3 th\u1ec3 truy c\u1eadp v\u00e0 mua s\u1eafm m\u1ecdi l\u00fac, m\u1ecdi n\u01a1i.\n<\/p>\n<h2>\n M\u00e3 ngu\u1ed3n WordPress<br \/>\n<\/h2>\n<p>\n Website c\u1ee7a b\u1ea1n s\u1ebd \u0111\u01b0\u1ee3c x\u00e2y d\u1ef1ng tr\u00ean m\u00e3 ngu\u1ed3n WordPress v\u1edbi Theme Flatsome v\u00e0 UX Builder, gi\u00fap b\u1ea1n d\u1ec5 d\u00e0ng t\u00f9y bi\u1ebfn v\u00e0 \u0111i\u1ec1u ch\u1ec9nh theo nhu c\u1ea7u ri\u00eang. B\u1ea1n ho\u00e0n to\u00e0n c\u00f3 th\u1ec3 thay \u0111\u1ed5i b\u1ed1 c\u1ee5c, m\u00e0u s\u1eafc hay h\u00ecnh \u1ea3nh m\u00e0 kh\u00f4ng c\u1ea7n ph\u1ea3i l\u00e0 m\u1ed9t l\u1eadp tr\u00ecnh vi\u00ean gi\u1ecfi.\n<\/p>\n<h2>\n T\u1ed1c \u0111\u1ed9 t\u1ea3i trang nhanh<br \/>\n<\/h2>\n<p>\n Ch\u00fang t\u00f4i hi\u1ec3u r\u1eb1ng t\u1ed1c \u0111\u1ed9 t\u1ea3i trang l\u00e0 y\u1ebfu t\u1ed1 quan tr\u1ecdng \u1ea3nh h\u01b0\u1edfng \u0111\u1ebfn tr\u1ea3i nghi\u1ec7m ng\u01b0\u1eddi d\u00f9ng. V\u1edbi c\u00e1c t\u1ed1i \u01b0u h\u00f3a ph\u00f9 h\u1ee3p, website c\u1ee7a b\u1ea1n s\u1ebd c\u00f3 t\u1ed1c \u0111\u1ed9 t\u1ea3i nhanh ch\u00f3ng, \u0111\u1ea3m b\u1ea3o kh\u00e1ch h\u00e0ng kh\u00f4ng ph\u1ea3i \u0111\u1ee3i l\u00e2u \u0111\u1ec3 ti\u1ebfp c\u1eadn th\u00f4ng tin v\u00e0 s\u1ea3n ph\u1ea9m.\n<\/p>\n<p>\n H\u00e3y \u0111\u1ec3 LADIGI (LADIGI Agency) gi\u00fap b\u1ea1n hi\u1ec7n th\u1ef1c h\u00f3a gi\u1ea5c m\u01a1 kinh doanh v\u1edbi m\u1ed9t website chuy\u00ean nghi\u1ec7p, \u0111\u1eb9p m\u1eaft v\u00e0 hi\u1ec7u qu\u1ea3!<br \/>\n <a href=\"https:\/\/ladigi.vn\/thiet-ke-website\/\"><br \/>\n  Thi\u1ebft k\u1ebf website th\u00e2n thi\u1ec7n v\u1edbi di \u0111\u1ed9ng LADIGI<br \/>\n <\/a><br \/>\n &#8220;`<\/p>\n","protected":false},"excerpt":{"rendered":"<p>D\u1ecbch v\u1ee5 thi\u1ebft k\u1ebf website theme WordPress chuy\u00ean b\u00e1n bao b\u00ec cung c\u1ea5p giao di\u1ec7n \u0111\u1eb9p, chuy\u00ean nghi\u1ec7p v\u00e0 d\u1ec5 s\u1eed d\u1ee5ng. Website t\u01b0\u01a1ng th\u00edch m\u1ecdi thi\u1ebft b\u1ecb, s\u1eed d\u1ee5ng m\u00e3 ngu\u1ed3n WordPress v\u1edbi theme Flatsome v\u00e0 UX Builder d\u1ec5 t\u00f9y bi\u1ebfn. T\u1ed1c \u0111\u1ed9 t\u1ea3i trang nhanh, \u0111\u1ea3m b\u1ea3o tr\u1ea3i nghi\u1ec7m ng\u01b0\u1eddi d\u00f9ng tuy\u1ec7t v\u1eddi.<\/p>\n","protected":false},"featured_media":9086,"comment_status":"open","ping_status":"closed","template":"","meta":[],"product_cat":[16],"product_tag":[],"class_list":{"0":"post-9085","1":"product","2":"type-product","3":"status-publish","4":"has-post-thumbnail","6":"product_cat-tat-ca","8":"first","9":"instock","10":"shipping-taxable","11":"product-type-external"},"_links":{"self":[{"href":"https:\/\/ladigi.vn\/thiet-ke-website\/wp-json\/wp\/v2\/product\/9085","targetHints":{"allow":["GET"]}}],"collection":[{"href":"https:\/\/ladigi.vn\/thiet-ke-website\/wp-json\/wp\/v2\/product"}],"about":[{"href":"https:\/\/ladigi.vn\/thiet-ke-website\/wp-json\/wp\/v2\/types\/product"}],"replies":[{"embeddable":true,"href":"https:\/\/ladigi.vn\/thiet-ke-website\/wp-json\/wp\/v2\/comments?post=9085"}],"wp:featuredmedia":[{"embeddable":true,"href":"https:\/\/ladigi.vn\/thiet-ke-website\/wp-json\/wp\/v2\/media\/9086"}],"wp:attachment":[{"href":"https:\/\/ladigi.vn\/thiet-ke-website\/wp-json\/wp\/v2\/media?parent=9085"}],"wp:term":[{"taxonomy":"product_cat","embeddable":true,"href":"https:\/\/ladigi.vn\/thiet-ke-website\/wp-json\/wp\/v2\/product_cat?post=9085"},{"taxonomy":"product_tag","embeddable":true,"href":"https:\/\/ladigi.vn\/thiet-ke-website\/wp-json\/wp\/v2\/product_tag?post=9085"}],"curies":[{"name":"wp","href":"https:\/\/api.w.org\/{rel}","templated":true}]}}