{"id":9107,"date":"2025-01-11T12:46:12","date_gmt":"2025-01-11T05:46:12","guid":{"rendered":"https:\/\/ladigi.vn\/thiet-ke-website\/?post_type=product&#038;p=9107"},"modified":"2025-01-11T12:48:15","modified_gmt":"2025-01-11T05:48:15","slug":"theme-wordpress-ban-trung-thu-banh-ngot","status":"publish","type":"product","link":"https:\/\/ladigi.vn\/thiet-ke-website\/mau-web\/theme-wordpress-ban-trung-thu-banh-ngot\/","title":{"rendered":"Shop b\u00e1n b\u00e1nh trung thu v\u00e0 b\u00e1nh ng\u1ecdt"},"content":{"rendered":"<h1>\n D\u1ecbch v\u1ee5 Thi\u1ebft k\u1ebf website Theme WordPress b\u00e1n trung thu, b\u00e1nh ng\u1ecdt<br \/>\n<\/h1>\n<p>\n Ch\u00e0o m\u1eebng b\u1ea1n \u0111\u1ebfn v\u1edbi d\u1ecbch v\u1ee5 thi\u1ebft k\u1ebf website chuy\u00ean nghi\u1ec7p t\u1ea1i LADIGI! Ch\u00fang t\u00f4i t\u1ef1 h\u00e0o cung c\u1ea5p gi\u1ea3i ph\u00e1p thi\u1ebft k\u1ebf website v\u1edbi t\u00ednh n\u0103ng v\u00e0 giao di\u1ec7n ho\u00e0n h\u1ea3o nh\u1ea5t cho c\u00e1c c\u1eeda h\u00e0ng b\u00e1n trung thu v\u00e0 b\u00e1nh ng\u1ecdt. D\u01b0\u1edbi \u0111\u00e2y l\u00e0 nh\u1eefng \u0111i\u1ec3m n\u1ed5i b\u1eadt c\u1ee7a d\u1ecbch v\u1ee5 m\u00e0 ch\u00fang t\u00f4i cung c\u1ea5p:\n<\/p>\n<h2>\n Giao di\u1ec7n web \u0111\u1eb9p, chuy\u00ean nghi\u1ec7p, d\u1ec5 s\u1eed d\u1ee5ng<br \/>\n<\/h2>\n<p>\n Ch\u00fang t\u00f4i hi\u1ec3u r\u1eb1ng \u1ea5n t\u01b0\u1ee3ng \u0111\u1ea7u ti\u00ean l\u00e0 r\u1ea5t quan tr\u1ecdng. V\u00ec v\u1eady, giao di\u1ec7n website c\u1ee7a b\u1ea1n s\u1ebd \u0111\u01b0\u1ee3c thi\u1ebft k\u1ebf m\u1ed9t c\u00e1ch tinh t\u1ebf, hi\u1ec7n \u0111\u1ea1i v\u00e0 th\u00e2n thi\u1ec7n v\u1edbi ng\u01b0\u1eddi d\u00f9ng. Vi\u1ec7c truy c\u1eadp v\u00e0 mua s\u1eafm s\u1ebd tr\u1edf n\u00ean d\u1ec5 d\u00e0ng h\u01a1n bao gi\u1edd h\u1ebft cho kh\u00e1ch h\u00e0ng c\u1ee7a b\u1ea1n.\n<\/p>\n<h2>\n T\u01b0\u01a1ng th\u00edch tr\u00ean m\u1ecdi thi\u1ebft b\u1ecb<br \/>\n<\/h2>\n<p>\n V\u1edbi xu h\u01b0\u1edbng s\u1eed d\u1ee5ng di \u0111\u1ed9ng ng\u00e0y c\u00e0ng cao, website c\u1ee7a b\u1ea1n s\u1ebd \u0111\u01b0\u1ee3c t\u1ed1i \u01b0u h\u00f3a ho\u00e0n to\u00e0n \u0111\u1ec3 hi\u1ec3n th\u1ecb t\u1ed1t tr\u00ean m\u1ecdi thi\u1ebft b\u1ecb: m\u00e1y t\u00ednh, tablet v\u00e0 smartphone. Kh\u00e1ch h\u00e0ng s\u1ebd c\u00f3 tr\u1ea3i nghi\u1ec7m mua s\u1eafm m\u01b0\u1ee3t m\u00e0 d\u00f9 \u1edf \u0111\u00e2u.\n<\/p>\n<h2>\n M\u00e3 ngu\u1ed3n WordPress v\u1edbi Theme Flatsome v\u00e0 UX Builder d\u1ec5 t\u00f9y bi\u1ebfn<br \/>\n<\/h2>\n<p>\n S\u1eed d\u1ee5ng m\u00e3 ngu\u1ed3n WordPress k\u1ebft h\u1ee3p v\u1edbi Theme Flatsome v\u00e0 UX Builder, ch\u00fang t\u00f4i mang \u0111\u1ebfn cho b\u1ea1n kh\u1ea3 n\u0103ng t\u00f9y bi\u1ebfn v\u00f4 h\u1ea1n. B\u1ea1n c\u00f3 th\u1ec3 d\u1ec5 d\u00e0ng thay \u0111\u1ed5i giao di\u1ec7n, b\u1ed1 c\u1ee5c v\u00e0 c\u00e1c t\u00ednh n\u0103ng c\u1ee7a website m\u00e0 kh\u00f4ng c\u1ea7n ki\u1ebfn th\u1ee9c l\u1eadp tr\u00ecnh ph\u1ee9c t\u1ea1p.\n<\/p>\n<h2>\n T\u1ed1c \u0111\u1ed9 t\u1ea3i trang nhanh<br \/>\n<\/h2>\n<p>\n M\u1ed9t website nhanh ch\u00f3ng s\u1ebd gi\u1eef ch\u00e2n kh\u00e1ch h\u00e0ng l\u00e2u h\u01a1n. Ch\u00fang t\u00f4i t\u1ed1i \u01b0u h\u00f3a t\u1ed1c \u0111\u1ed9 t\u1ea3i trang \u0111\u1ec3 \u0111\u1ea3m b\u1ea3o kh\u00e1ch h\u00e0ng c\u1ee7a b\u1ea1n kh\u00f4ng ph\u1ea3i ch\u1edd \u0111\u1ee3i, t\u1eeb \u0111\u00f3 n\u00e2ng cao tr\u1ea3i nghi\u1ec7m v\u00e0 t\u1ef7 l\u1ec7 chuy\u1ec3n \u0111\u1ed5i.\n<\/p>\n<hr\/>\n<p>\n H\u00e3y \u0111\u1ec3 LADIGI \u0111\u1ed3ng h\u00e0nh c\u00f9ng b\u1ea1n trong vi\u1ec7c n\u00e2ng cao tr\u1ea3i nghi\u1ec7m mua s\u1eafm tr\u1ef1c tuy\u1ebfn cho kh\u00e1ch h\u00e0ng. Ch\u00fang t\u00f4i cam k\u1ebft mang \u0111\u1ebfn d\u1ecbch v\u1ee5 thi\u1ebft k\u1ebf website t\u1ed1t nh\u1ea5t v\u1edbi gi\u00e1 c\u1ea3 h\u1ee3p l\u00fd.\n<\/p>\n<p>\n B\u1ea1n c\u00f3 th\u1ec3 t\u00ecm hi\u1ec3u th\u00eam v\u1ec1 ch\u00fang t\u00f4i qua<br \/>\n <a href=\"https:\/\/ladigi.vn\/thiet-ke-website\/\"><br \/>\n  Thi\u1ebft k\u1ebf website th\u00e2n thi\u1ec7n v\u1edbi di \u0111\u1ed9ng LADIGI<br \/>\n <\/a><br \/>\n .\n<\/p>\n<p>\n Li\u00ean h\u1ec7 ngay h\u00f4m nay \u0111\u1ec3 b\u1eaft \u0111\u1ea7u x\u00e2y d\u1ef1ng website b\u00e1n h\u00e0ng h\u1ea5p d\u1eabn c\u1ee7a b\u1ea1n!<\/p>\n","protected":false},"excerpt":{"rendered":"<p>D\u1ecbch v\u1ee5 thi\u1ebft k\u1ebf website Theme WordPress chuy\u00ean nghi\u1ec7p cho b\u00e1n trung thu, b\u00e1nh ng\u1ecdt. Giao di\u1ec7n \u0111\u1eb9p, d\u1ec5 s\u1eed d\u1ee5ng, t\u01b0\u01a1ng th\u00edch m\u1ecdi thi\u1ebft b\u1ecb. S\u1eed d\u1ee5ng m\u00e3 ngu\u1ed3n WordPress v\u1edbi Theme Flatsome v\u00e0 UX Builder, cho ph\u00e9p t\u00f9y bi\u1ebfn linh ho\u1ea1t. T\u1ed1c \u0111\u1ed9 t\u1ea3i trang nhanh ch\u00f3ng, n\u00e2ng cao tr\u1ea3i nghi\u1ec7m ng\u01b0\u1eddi d\u00f9ng.<\/p>\n","protected":false},"featured_media":9108,"comment_status":"open","ping_status":"closed","template":"","meta":[],"product_cat":[16],"product_tag":[],"class_list":{"0":"post-9107","1":"product","2":"type-product","3":"status-publish","4":"has-post-thumbnail","6":"product_cat-tat-ca","8":"first","9":"instock","10":"shipping-taxable","11":"product-type-external"},"_links":{"self":[{"href":"https:\/\/ladigi.vn\/thiet-ke-website\/wp-json\/wp\/v2\/product\/9107","targetHints":{"allow":["GET"]}}],"collection":[{"href":"https:\/\/ladigi.vn\/thiet-ke-website\/wp-json\/wp\/v2\/product"}],"about":[{"href":"https:\/\/ladigi.vn\/thiet-ke-website\/wp-json\/wp\/v2\/types\/product"}],"replies":[{"embeddable":true,"href":"https:\/\/ladigi.vn\/thiet-ke-website\/wp-json\/wp\/v2\/comments?post=9107"}],"wp:featuredmedia":[{"embeddable":true,"href":"https:\/\/ladigi.vn\/thiet-ke-website\/wp-json\/wp\/v2\/media\/9108"}],"wp:attachment":[{"href":"https:\/\/ladigi.vn\/thiet-ke-website\/wp-json\/wp\/v2\/media?parent=9107"}],"wp:term":[{"taxonomy":"product_cat","embeddable":true,"href":"https:\/\/ladigi.vn\/thiet-ke-website\/wp-json\/wp\/v2\/product_cat?post=9107"},{"taxonomy":"product_tag","embeddable":true,"href":"https:\/\/ladigi.vn\/thiet-ke-website\/wp-json\/wp\/v2\/product_tag?post=9107"}],"curies":[{"name":"wp","href":"https:\/\/api.w.org\/{rel}","templated":true}]}}