{"id":9122,"date":"2025-01-11T19:01:29","date_gmt":"2025-01-11T12:01:29","guid":{"rendered":"https:\/\/ladigi.vn\/thiet-ke-website\/?post_type=product&#038;p=9122"},"modified":"2025-01-11T20:13:44","modified_gmt":"2025-01-11T13:13:44","slug":"theme-wordpress-du-lich-16","status":"publish","type":"product","link":"https:\/\/ladigi.vn\/thiet-ke-website\/mau-web\/theme-wordpress-du-lich-16\/","title":{"rendered":"Du l\u1ecbch"},"content":{"rendered":"<h1>\n D\u1ecbch v\u1ee5 Thi\u1ebft k\u1ebf website Theme WordPress du l\u1ecbch 16<br \/>\n<\/h1>\n<p>\n Ch\u00e0o m\u1eebng b\u1ea1n \u0111\u1ebfn v\u1edbi d\u1ecbch v\u1ee5 thi\u1ebft k\u1ebf website Theme WordPress du l\u1ecbch 16! Ch\u00fang t\u00f4i t\u1ef1 h\u00e0o mang \u0111\u1ebfn cho b\u1ea1n m\u1ed9t giao di\u1ec7n web \u0111\u1eb9p, chuy\u00ean nghi\u1ec7p v\u00e0 d\u1ec5 s\u1eed d\u1ee5ng, gi\u00fap n\u00e2ng t\u1ea7m th\u01b0\u01a1ng hi\u1ec7u du l\u1ecbch c\u1ee7a b\u1ea1n tr\u00ean m\u00f4i tr\u01b0\u1eddng tr\u1ef1c tuy\u1ebfn.\n<\/p>\n<h2>\n Giao di\u1ec7n \u0111\u1eb9p, chuy\u00ean nghi\u1ec7p, d\u1ec5 s\u1eed d\u1ee5ng<br \/>\n<\/h2>\n<p>\n Ch\u00fang t\u00f4i t\u1eadp trung v\u00e0o vi\u1ec7c t\u1ea1o ra m\u1ed9t tr\u1ea3i nghi\u1ec7m ng\u01b0\u1eddi d\u00f9ng tuy\u1ec7t v\u1eddi v\u1edbi thi\u1ebft k\u1ebf giao di\u1ec7n th\u00e2n thi\u1ec7n v\u00e0 h\u1ea5p d\u1eabn. M\u1ecdi y\u1ebfu t\u1ed1 trong trang web \u0111\u01b0\u1ee3c ch\u0103m ch\u00fat c\u1ea9n th\u1eadn, nh\u1eb1m \u0111\u1ea3m b\u1ea3o r\u1eb1ng du kh\u00e1ch s\u1ebd d\u1ec5 d\u00e0ng t\u00ecm ki\u1ebfm th\u00f4ng tin v\u00e0 booking c\u00e1c d\u1ecbch v\u1ee5 c\u1ee7a b\u1ea1n.\n<\/p>\n<h2>\n T\u01b0\u01a1ng th\u00edch tr\u00ean m\u1ecdi thi\u1ebft b\u1ecb<br \/>\n<\/h2>\n<p>\n Trong th\u1eddi \u0111\u1ea1i c\u00f4ng ngh\u1ec7 hi\u1ec7n \u0111\u1ea1i, vi\u1ec7c ti\u1ebfp c\u1eadn v\u1edbi kh\u00e1ch h\u00e0ng qua nhi\u1ec1u thi\u1ebft b\u1ecb kh\u00e1c nhau l\u00e0 r\u1ea5t quan tr\u1ecdng. Website c\u1ee7a ch\u00fang t\u00f4i \u0111\u01b0\u1ee3c thi\u1ebft k\u1ebf \u0111\u1ec3 t\u01b0\u01a1ng th\u00edch ho\u00e0n h\u1ea3o tr\u00ean c\u1ea3 m\u00e1y t\u00ednh, tablet v\u00e0 \u0111i\u1ec7n tho\u1ea1i di \u0111\u1ed9ng, gi\u00fap b\u1ea1n ti\u1ebfp c\u1eadn kh\u00e1ch h\u00e0ng m\u1ecdi l\u00fac m\u1ecdi n\u01a1i.\n<\/p>\n<h2>\n M\u00e3 ngu\u1ed3n WordPress v\u1edbi Theme Flatsome v\u00e0 UX Builder d\u1ec5 t\u00f9y bi\u1ebfn<br \/>\n<\/h2>\n<p>\n Website c\u1ee7a b\u1ea1n s\u1ebd \u0111\u01b0\u1ee3c x\u00e2y d\u1ef1ng tr\u00ean n\u1ec1n t\u1ea3ng WordPress v\u1eefng m\u1ea1nh, s\u1eed d\u1ee5ng Theme Flatsome v\u1edbi UX Builder. \u0110i\u1ec1u n\u00e0y gi\u00fap vi\u1ec7c t\u00f9y bi\u1ebfn giao di\u1ec7n tr\u1edf n\u00ean d\u1ec5 d\u00e0ng v\u00e0 linh ho\u1ea1t. B\u1ea1n c\u00f3 th\u1ec3 thay \u0111\u1ed5i h\u00ecnh \u1ea3nh, m\u00e0u s\u1eafc, v\u00e0 c\u1ea5u tr\u00fac m\u00e0 kh\u00f4ng c\u1ea7n nhi\u1ec1u ki\u1ebfn th\u1ee9c v\u1ec1 l\u1eadp tr\u00ecnh.\n<\/p>\n<h2>\n T\u1ed1c \u0111\u1ed9 t\u1ea3i trang nhanh<br \/>\n<\/h2>\n<p>\n Ch\u00fang t\u00f4i hi\u1ec3u r\u1eb1ng t\u1ed1c \u0111\u1ed9 t\u1ea3i trang c\u00f3 \u1ea3nh h\u01b0\u1edfng tr\u1ef1c ti\u1ebfp \u0111\u1ebfn tr\u1ea3i nghi\u1ec7m ng\u01b0\u1eddi d\u00f9ng v\u00e0 SEO. V\u00ec v\u1eady, c\u00e1c website du l\u1ecbch m\u00e0 ch\u00fang t\u00f4i thi\u1ebft k\u1ebf lu\u00f4n \u0111\u1ea3m b\u1ea3o t\u1ed1c \u0111\u1ed9 t\u1ea3i trang nhanh, gi\u00fap gi\u1eef ch\u00e2n du kh\u00e1ch v\u00e0 t\u0103ng kh\u1ea3 n\u0103ng chuy\u1ec3n \u0111\u1ed5i.\n<\/p>\n<h3>\n Gi\u1edbi thi\u1ec7u LADIGI<br \/>\n<\/h3>\n<p>\n N\u1ebfu b\u1ea1n \u0111ang t\u00ecm ki\u1ebfm m\u1ed9t \u0111\u01a1n v\u1ecb thi\u1ebft k\u1ebf website uy t\u00edn v\u00e0 chuy\u00ean nghi\u1ec7p, h\u00e3y \u0111\u1ebfn v\u1edbi<br \/>\n <a href=\"https:\/\/ladigi.vn\/thiet-ke-website\/\"><br \/>\n  C\u00f4ng ty thi\u1ebft k\u1ebf web chu\u1ea9n SEO LADIGI<br \/>\n <\/a><br \/>\n . Ch\u00fang t\u00f4i cam k\u1ebft mang \u0111\u1ebfn cho b\u1ea1n gi\u1ea3i ph\u00e1p thi\u1ebft k\u1ebf website ch\u1ea5t l\u01b0\u1ee3ng nh\u1ea5t, gi\u00fap b\u1ea1n t\u1ecfa s\u00e1ng trong ng\u00e0nh du l\u1ecbch.<\/p>\n","protected":false},"excerpt":{"rendered":"<p>D\u1ecbch v\u1ee5 thi\u1ebft k\u1ebf website Theme WordPress du l\u1ecbch 16 cung c\u1ea5p giao di\u1ec7n \u0111\u1eb9p, chuy\u00ean nghi\u1ec7p v\u00e0 d\u1ec5 s\u1eed d\u1ee5ng. Website t\u01b0\u01a1ng th\u00edch tr\u00ean m\u1ecdi thi\u1ebft b\u1ecb, s\u1eed d\u1ee5ng m\u00e3 ngu\u1ed3n WordPress v\u1edbi Theme Flatsome v\u00e0 UX Builder \u0111\u1ec3 d\u1ec5 d\u00e0ng t\u00f9y bi\u1ebfn. \u0110\u1eb7c bi\u1ec7t, t\u1ed1c \u0111\u1ed9 t\u1ea3i trang nhanh ch\u00f3ng, n\u00e2ng cao tr\u1ea3i nghi\u1ec7m ng\u01b0\u1eddi d\u00f9ng.<\/p>\n","protected":false},"featured_media":9123,"comment_status":"open","ping_status":"closed","template":"","meta":[],"product_cat":[16],"product_tag":[],"class_list":{"0":"post-9122","1":"product","2":"type-product","3":"status-publish","4":"has-post-thumbnail","6":"product_cat-tat-ca","8":"first","9":"instock","10":"shipping-taxable","11":"product-type-external"},"_links":{"self":[{"href":"https:\/\/ladigi.vn\/thiet-ke-website\/wp-json\/wp\/v2\/product\/9122","targetHints":{"allow":["GET"]}}],"collection":[{"href":"https:\/\/ladigi.vn\/thiet-ke-website\/wp-json\/wp\/v2\/product"}],"about":[{"href":"https:\/\/ladigi.vn\/thiet-ke-website\/wp-json\/wp\/v2\/types\/product"}],"replies":[{"embeddable":true,"href":"https:\/\/ladigi.vn\/thiet-ke-website\/wp-json\/wp\/v2\/comments?post=9122"}],"wp:featuredmedia":[{"embeddable":true,"href":"https:\/\/ladigi.vn\/thiet-ke-website\/wp-json\/wp\/v2\/media\/9123"}],"wp:attachment":[{"href":"https:\/\/ladigi.vn\/thiet-ke-website\/wp-json\/wp\/v2\/media?parent=9122"}],"wp:term":[{"taxonomy":"product_cat","embeddable":true,"href":"https:\/\/ladigi.vn\/thiet-ke-website\/wp-json\/wp\/v2\/product_cat?post=9122"},{"taxonomy":"product_tag","embeddable":true,"href":"https:\/\/ladigi.vn\/thiet-ke-website\/wp-json\/wp\/v2\/product_tag?post=9122"}],"curies":[{"name":"wp","href":"https:\/\/api.w.org\/{rel}","templated":true}]}}