{"id":9124,"date":"2025-01-12T15:24:16","date_gmt":"2025-01-12T08:24:16","guid":{"rendered":"https:\/\/ladigi.vn\/thiet-ke-website\/?post_type=product&#038;p=9124"},"modified":"2025-01-12T15:25:56","modified_gmt":"2025-01-12T08:25:56","slug":"theme-wordpress-spa-06","status":"publish","type":"product","link":"https:\/\/ladigi.vn\/thiet-ke-website\/mau-web\/theme-wordpress-spa-06\/","title":{"rendered":"Spa"},"content":{"rendered":"<p>\n Ch\u00e0o m\u1ecdi ng\u01b0\u1eddi,\n<\/p>\n<p>\n B\u1ea1n \u0111ang t\u00ecm ki\u1ebfm m\u1ed9t giao di\u1ec7n website \u0111\u1eb9p, chuy\u00ean nghi\u1ec7p v\u00e0 d\u1ec5 s\u1eed d\u1ee5ng \u0111\u1ec3 th\u1ec3 hi\u1ec7n n\u00e9t \u0111\u1eb9p v\u00e0 s\u1ef1 sang tr\u1ecdng c\u1ee7a spa c\u1ee7a b\u1ea1n? \u0110\u1eebng lo l\u1eafng n\u1eefa, v\u00ec ch\u00fang t\u00f4i c\u00f3 gi\u1ea3i ph\u00e1p ho\u00e0n h\u1ea3o cho b\u1ea1n &#8211; D\u1ecbch v\u1ee5 Thi\u1ebft k\u1ebf website Theme wordpress spa 06.\n<\/p>\n<p>\n V\u1edbi giao di\u1ec7n \u0111\u01b0\u1ee3c thi\u1ebft k\u1ebf tinh t\u1ebf v\u00e0 \u0111\u1eb9p m\u1eaft, ch\u00fang t\u00f4i cam k\u1ebft s\u1ebd mang \u0111\u1ebfn cho b\u1ea1n m\u1ed9t website \u0111\u1eb9p v\u00e0 thu h\u00fat kh\u00e1ch h\u00e0ng ngay t\u1eeb c\u00e1i nh\u00ecn \u0111\u1ea7u ti\u00ean. B\u1ea1n s\u1ebd kh\u00f4ng c\u1ea7n ph\u1ea3i lo l\u1eafng v\u1ec1 vi\u1ec7c thi\u1ebft k\u1ebf giao di\u1ec7n n\u1eefa, v\u00ec ch\u00fang t\u00f4i \u0111\u00e3 l\u00e0m t\u1ea5t c\u1ea3 cho b\u1ea1n.\n<\/p>\n<p>\n Kh\u00f4ng ch\u1ec9 \u0111\u1eb9p m\u1eaft, giao di\u1ec7n c\u1ee7a website c\u00f2n \u0111\u01b0\u1ee3c t\u1ed1i \u01b0u h\u00f3a \u0111\u1ec3 t\u01b0\u01a1ng th\u00edch tr\u00ean m\u1ecdi thi\u1ebft b\u1ecb, t\u1eeb m\u00e1y t\u00ednh \u0111\u1ec3 b\u00e0n \u0111\u1ebfn \u0111i\u1ec7n tho\u1ea1i di \u0111\u1ed9ng. \u0110i\u1ec1u n\u00e0y \u0111\u1ea3m b\u1ea3o r\u1eb1ng kh\u00e1ch h\u00e0ng c\u1ee7a b\u1ea1n c\u00f3 th\u1ec3 truy c\u1eadp v\u00e0 tr\u1ea3i nghi\u1ec7m website c\u1ee7a b\u1ea1n m\u1ed9t c\u00e1ch thu\u1eadn ti\u1ec7n v\u00e0 d\u1ec5 d\u00e0ng.\n<\/p>\n<p>\n M\u00e3 ngu\u1ed3n WordPress v\u1edbi Theme Flatsome v\u00e0 UX Builder \u0111\u01b0\u1ee3c s\u1eed d\u1ee5ng trong vi\u1ec7c thi\u1ebft k\u1ebf website, cho ph\u00e9p ch\u00fang t\u00f4i t\u00f9y bi\u1ebfn giao di\u1ec7n v\u00e0 ch\u1ee9c n\u0103ng c\u1ee7a website theo \u00fd mu\u1ed1n c\u1ee7a b\u1ea1n. \u0110i\u1ec1u n\u00e0y gi\u00fap website c\u1ee7a b\u1ea1n tr\u1edf n\u00ean \u0111\u1ed9c \u0111\u00e1o v\u00e0 ph\u00f9 h\u1ee3p v\u1edbi th\u01b0\u01a1ng hi\u1ec7u c\u1ee7a b\u1ea1n.\n<\/p>\n<p>\n Kh\u00f4ng ch\u1ec9 \u0111\u1eb9p v\u00e0 d\u1ec5 s\u1eed d\u1ee5ng, website c\u1ee7a b\u1ea1n c\u00f2n \u0111\u01b0\u1ee3c \u0111\u1ea3m b\u1ea3o t\u1ed1c \u0111\u1ed9 t\u1ea3i trang nhanh. \u0110i\u1ec1u n\u00e0y s\u1ebd gi\u00fap t\u0103ng tr\u1ea3i nghi\u1ec7m c\u1ee7a kh\u00e1ch h\u00e0ng v\u00e0 \u0111\u1ea3m b\u1ea3o h\u1ecd kh\u00f4ng b\u1ecb ch\u00e1n n\u1ea3n khi truy c\u1eadp v\u00e0o trang c\u1ee7a b\u1ea1n.\n<\/p>\n<p>\n V\u1eady t\u1ea1i sao b\u1ea1n kh\u00f4ng th\u1eed ngay d\u1ecbch v\u1ee5 Thi\u1ebft k\u1ebf website Theme wordpress spa 06 c\u1ee7a ch\u00fang t\u00f4i? Ch\u00fang t\u00f4i cam k\u1ebft s\u1ebd mang \u0111\u1ebfn cho b\u1ea1n m\u1ed9t website \u0111\u1eb9p, chuy\u00ean nghi\u1ec7p v\u00e0 hi\u1ec7u qu\u1ea3.\n<\/p>\n<p>\n \u0110\u1ec3 bi\u1ebft th\u00eam th\u00f4ng tin chi ti\u1ebft v\u1ec1 d\u1ecbch v\u1ee5 Thi\u1ebft k\u1ebf website c\u1ee7a ch\u00fang t\u00f4i, h\u00e3y truy c\u1eadp v\u00e0o \u0111\u01b0\u1eddng link<br \/>\n <a href=\"https:\/\/ladigi.vn\/thiet-ke-website\/\"><br \/>\n  Thi\u1ebft k\u1ebf website b\u00e1n h\u00e0ng tr\u1ecdn g\u00f3i<br \/>\n <\/a><br \/>\n . V\u1edbi \u0111\u1ed9i ng\u0169 nh\u00e2n vi\u00ean gi\u00e0u kinh nghi\u1ec7m v\u00e0 t\u00e2m huy\u1ebft, LADIGI Agency s\u1ebd l\u00e0 \u0111\u01a1n v\u1ecb \u0111\u00e1ng tin c\u1eady \u0111\u1ec3 b\u1ea1n tin t\u01b0\u1edfng giao ph\u00f3 c\u00f4ng vi\u1ec7c thi\u1ebft k\u1ebf website cho spa c\u1ee7a b\u1ea1n.\n<\/p>\n<p>\n H\u00e3y \u0111\u1ec3 ch\u00fang t\u00f4i gi\u00fap b\u1ea1n th\u1ec3 hi\u1ec7n s\u1ef1 sang tr\u1ecdng v\u00e0 chuy\u00ean nghi\u1ec7p c\u1ee7a spa c\u1ee7a b\u1ea1n th\u00f4ng qua website \u0111\u1eb9p v\u00e0 hi\u1ec7u qu\u1ea3 nh\u1ea5t. H\u00e3y li\u00ean h\u1ec7 v\u1edbi ch\u00fang t\u00f4i ngay h\u00f4m nay \u0111\u1ec3 b\u1eaft \u0111\u1ea7u h\u00e0nh tr\u00ecnh t\u1ea1o n\u00ean m\u1ed9t website th\u00e0nh c\u00f4ng cho b\u1ea1n!<\/p>\n","protected":false},"excerpt":{"rendered":"<p>D\u1ecbch v\u1ee5 Thi\u1ebft k\u1ebf website Theme wordpress spa 06 mang \u0111\u1ebfn cho kh\u00e1ch h\u00e0ng m\u1ed9t giao di\u1ec7n web \u0111\u1eb9p, chuy\u00ean nghi\u1ec7p v\u00e0 d\u1ec5 s\u1eed d\u1ee5ng. V\u1edbi s\u1ef1 t\u01b0\u01a1ng th\u00edch tr\u00ean m\u1ecdi thi\u1ebft b\u1ecb, kh\u00e1ch h\u00e0ng c\u00f3 th\u1ec3 tr\u1ea3i nghi\u1ec7m trang web m\u1ed9t c\u00e1ch thu\u1eadn ti\u1ec7n. M\u00e3 ngu\u1ed3n Wordpress s\u1eed d\u1ee5ng Theme Flatsome v\u00e0 UX Builder gi\u00fap d\u1ec5 d\u00e0ng t\u00f9y bi\u1ebfn v\u00e0 ph\u00f9 h\u1ee3p v\u1edbi nhu c\u1ea7u c\u1ee7a t\u1eebng kh\u00e1ch h\u00e0ng. \u0110\u1eb7c bi\u1ec7t, t\u1ed1c \u0111\u1ed9 t\u1ea3i trang nhanh gi\u00fap trang web ho\u1ea1t \u0111\u1ed9ng m\u01b0\u1ee3t m\u00e0 v\u00e0 thu h\u00fat \u0111\u01b0\u1ee3c nhi\u1ec1u ng\u01b0\u1eddi d\u00f9ng.<\/p>\n","protected":false},"featured_media":9125,"comment_status":"open","ping_status":"closed","template":"","meta":[],"product_cat":[16],"product_tag":[],"class_list":{"0":"post-9124","1":"product","2":"type-product","3":"status-publish","4":"has-post-thumbnail","6":"product_cat-tat-ca","8":"first","9":"instock","10":"shipping-taxable","11":"product-type-external"},"_links":{"self":[{"href":"https:\/\/ladigi.vn\/thiet-ke-website\/wp-json\/wp\/v2\/product\/9124","targetHints":{"allow":["GET"]}}],"collection":[{"href":"https:\/\/ladigi.vn\/thiet-ke-website\/wp-json\/wp\/v2\/product"}],"about":[{"href":"https:\/\/ladigi.vn\/thiet-ke-website\/wp-json\/wp\/v2\/types\/product"}],"replies":[{"embeddable":true,"href":"https:\/\/ladigi.vn\/thiet-ke-website\/wp-json\/wp\/v2\/comments?post=9124"}],"wp:featuredmedia":[{"embeddable":true,"href":"https:\/\/ladigi.vn\/thiet-ke-website\/wp-json\/wp\/v2\/media\/9125"}],"wp:attachment":[{"href":"https:\/\/ladigi.vn\/thiet-ke-website\/wp-json\/wp\/v2\/media?parent=9124"}],"wp:term":[{"taxonomy":"product_cat","embeddable":true,"href":"https:\/\/ladigi.vn\/thiet-ke-website\/wp-json\/wp\/v2\/product_cat?post=9124"},{"taxonomy":"product_tag","embeddable":true,"href":"https:\/\/ladigi.vn\/thiet-ke-website\/wp-json\/wp\/v2\/product_tag?post=9124"}],"curies":[{"name":"wp","href":"https:\/\/api.w.org\/{rel}","templated":true}]}}