{"id":9126,"date":"2025-01-12T17:47:33","date_gmt":"2025-01-12T10:47:33","guid":{"rendered":"https:\/\/ladigi.vn\/thiet-ke-website\/?post_type=product&#038;p=9126"},"modified":"2025-01-12T17:49:16","modified_gmt":"2025-01-12T10:49:16","slug":"theme-wordpress-thuc-pham-06","status":"publish","type":"product","link":"https:\/\/ladigi.vn\/thiet-ke-website\/mau-web\/theme-wordpress-thuc-pham-06\/","title":{"rendered":"Th\u1ef1c ph\u1ea9m"},"content":{"rendered":"<p>\n Ch\u00e0o c\u00e1c b\u1ea1n,\n<\/p>\n<p>\n B\u1ea1n l\u00e0 ch\u1ee7 s\u1edf h\u1eefu c\u1ee7a m\u1ed9t c\u00f4ng ty th\u1ef1c ph\u1ea9m v\u00e0 \u0111ang mu\u1ed1n m\u1edf r\u1ed9ng th\u1ecb tr\u01b0\u1eddng b\u1eb1ng c\u00e1ch t\u1ea1o m\u1ed9t website chuy\u00ean nghi\u1ec7p \u0111\u1ec3 gi\u1edbi thi\u1ec7u s\u1ea3n ph\u1ea9m c\u1ee7a m\u00ecnh? B\u1ea1n \u0111ang t\u00ecm ki\u1ebfm m\u1ed9t \u0111\u01a1n v\u1ecb thi\u1ebft k\u1ebf website ch\u1ea5t l\u01b0\u1ee3ng v\u00e0 \u0111\u00e1ng tin c\u1eady? H\u00e3y \u0111\u1ec3 LADIGI Agency gi\u00fap b\u1ea1n!\n<\/p>\n<p>\n V\u1edbi nhi\u1ec1u n\u0103m kinh nghi\u1ec7m trong l\u0129nh v\u1ef1c thi\u1ebft k\u1ebf website, LADIGI t\u1ef1 tin mang \u0111\u1ebfn cho b\u1ea1n d\u1ecbch v\u1ee5 Thi\u1ebft k\u1ebf website Theme wordpress th\u1ef1c ph\u1ea9m 06 \u0111\u1eb9p, chuy\u00ean nghi\u1ec7p v\u00e0 d\u1ec5 s\u1eed d\u1ee5ng.\n<\/p>\n<p>\n Giao di\u1ec7n web c\u1ee7a ch\u00fang t\u00f4i \u0111\u01b0\u1ee3c thi\u1ebft k\u1ebf v\u1edbi s\u1ef1 tinh t\u1ebf v\u00e0 chuy\u00ean nghi\u1ec7p, \u0111\u1ea3m b\u1ea3o t\u1ea1o \u0111\u01b0\u1ee3c \u1ea5n t\u01b0\u1ee3ng m\u1ea1nh v\u1edbi kh\u00e1ch h\u00e0ng ngay t\u1eeb c\u00e1i nh\u00ecn \u0111\u1ea7u ti\u00ean. B\u00ean c\u1ea1nh \u0111\u00f3, giao di\u1ec7n c\u00f2n \u0111\u01b0\u1ee3c t\u1ed1i \u01b0u h\u00f3a \u0111\u1ec3 hi\u1ec3n th\u1ecb t\u1ed1t tr\u00ean m\u1ecdi thi\u1ebft b\u1ecb, t\u1eeb m\u00e1y t\u00ednh \u0111\u1ec3 b\u00e0n \u0111\u1ebfn \u0111i\u1ec7n tho\u1ea1i di \u0111\u1ed9ng.\n<\/p>\n<p>\n \u0110\u1ec3 \u0111\u1ea3m b\u1ea3o s\u1ef1 linh ho\u1ea1t v\u00e0 t\u00f9y bi\u1ebfn cao cho website c\u1ee7a b\u1ea1n, ch\u00fang t\u00f4i s\u1eed d\u1ee5ng m\u00e3 ngu\u1ed3n WordPress v\u1edbi Theme Flatsome v\u00e0 UX Builder. \u0110i\u1ec1u n\u00e0y gi\u00fap b\u1ea1n d\u1ec5 d\u00e0ng t\u00f9y ch\u1ec9nh v\u00e0 thay \u0111\u1ed5i giao di\u1ec7n, n\u1ed9i dung v\u00e0 t\u00ednh n\u0103ng c\u1ee7a website m\u1ed9t c\u00e1ch nhanh ch\u00f3ng v\u00e0 d\u1ec5 d\u00e0ng.\n<\/p>\n<p>\n B\u00ean c\u1ea1nh \u0111\u00f3, ch\u00fang t\u00f4i c\u0169ng \u0111\u1ea3m b\u1ea3o t\u1ed1c \u0111\u1ed9 t\u1ea3i trang nhanh, gi\u00fap kh\u00e1ch h\u00e0ng truy c\u1eadp website c\u1ee7a b\u1ea1n m\u1ed9t c\u00e1ch thu\u1eadn ti\u1ec7n v\u00e0 nhanh ch\u00f3ng.\n<\/p>\n<p>\n \u0110\u1ec3 kh\u00f4ng ph\u1ea3i lo l\u1eafng v\u1ec1 vi\u1ec7c qu\u1ea3n l\u00fd v\u00e0 duy tr\u00ec website, LADIGI c\u00f2n cung c\u1ea5p d\u1ecbch v\u1ee5 thi\u1ebft k\u1ebf website chuy\u00ean nghi\u1ec7p tr\u1ecdn g\u00f3i. Ch\u00fang t\u00f4i s\u1ebd gi\u00fap b\u1ea1n t\u1eeb kh\u00e2u l\u00ean \u00fd t\u01b0\u1edfng, thi\u1ebft k\u1ebf, \u0111\u1ebfn tri\u1ec3n khai v\u00e0 qu\u1ea3n l\u00fd website m\u1ed9t c\u00e1ch chuy\u00ean nghi\u1ec7p v\u00e0 hi\u1ec7u qu\u1ea3.\n<\/p>\n<p>\n N\u1ebfu b\u1ea1n \u0111ang c\u00f3 nhu c\u1ea7u thi\u1ebft k\u1ebf website cho c\u00f4ng ty th\u1ef1c ph\u1ea9m c\u1ee7a m\u00ecnh, h\u00e3y \u0111\u1ebfn v\u1edbi LADIGI Agency. Ch\u00fang t\u00f4i cam k\u1ebft s\u1ebd mang \u0111\u1ebfn cho b\u1ea1n m\u1ed9t website ch\u1ea5t l\u01b0\u1ee3ng v\u00e0 \u0111\u1eb3ng c\u1ea5p, gi\u00fap t\u0103ng c\u01b0\u1eddng th\u01b0\u01a1ng hi\u1ec7u v\u00e0 thu h\u00fat kh\u00e1ch h\u00e0ng.\n<\/p>\n<p>\n \u0110\u1ec3 bi\u1ebft th\u00eam th\u00f4ng tin chi ti\u1ebft v\u1ec1 d\u1ecbch v\u1ee5 Thi\u1ebft k\u1ebf website chuy\u00ean nghi\u1ec7p tr\u1ecdn g\u00f3i c\u1ee7a LADIGI, vui l\u00f2ng truy c\u1eadp<br \/>\n <a href=\"https:\/\/ladigi.vn\/thiet-ke-website\/\"><br \/>\n  Thi\u1ebft k\u1ebf website chuy\u00ean nghi\u1ec7p tr\u1ecdn g\u00f3i LADIGI<br \/>\n <\/a><br \/>\n .\n<\/p>\n<p>\n H\u00e3y \u0111\u1ec3 LADIGI Agency tr\u1edf th\u00e0nh \u0111\u1ed1i t\u00e1c tin c\u1eady c\u1ee7a b\u1ea1n trong vi\u1ec7c ph\u00e1t tri\u1ec3n th\u01b0\u01a1ng hi\u1ec7u v\u00e0 kinh doanh tr\u1ef1c tuy\u1ebfn. Ch\u00fang t\u00f4i cam k\u1ebft s\u1ebd mang \u0111\u1ebfn cho b\u1ea1n nh\u1eefng gi\u1ea3i ph\u00e1p t\u1ed1i \u01b0u v\u00e0 hi\u1ec7u qu\u1ea3 nh\u1ea5t. H\u00e3y li\u00ean h\u1ec7 v\u1edbi ch\u00fang t\u00f4i ngay h\u00f4m nay \u0111\u1ec3 b\u1eaft \u0111\u1ea7u!\n<\/p>\n<p>\n Tr\u00e2n tr\u1ecdng,\n<\/p>\n<p>\n LADIGI Agency<\/p>\n","protected":false},"excerpt":{"rendered":"<p>D\u1ecbch v\u1ee5 Thi\u1ebft k\u1ebf website Theme wordpress th\u1ef1c ph\u1ea9m 06 l\u00e0 l\u1ef1a ch\u1ecdn ho\u00e0n h\u1ea3o cho c\u00e1c doanh nghi\u1ec7p trong l\u0129nh v\u1ef1c th\u1ef1c ph\u1ea9m. V\u1edbi giao di\u1ec7n \u0111\u1eb9p m\u1eaft, chuy\u00ean nghi\u1ec7p v\u00e0 d\u1ec5 s\u1eed d\u1ee5ng, website s\u1ebd t\u1ea1o \u1ea5n t\u01b0\u1ee3ng m\u1ea1nh m\u1ebd \u0111\u1ebfn kh\u00e1ch h\u00e0ng. B\u00ean c\u1ea1nh \u0111\u00f3, giao di\u1ec7n \u0111\u01b0\u1ee3c t\u1ed1i \u01b0u h\u00f3a \u0111\u1ec3 t\u01b0\u01a1ng th\u00edch tr\u00ean m\u1ecdi thi\u1ebft b\u1ecb, gi\u00fap kh\u00e1ch h\u00e0ng d\u1ec5 d\u00e0ng truy c\u1eadp v\u00e0 t\u00ecm ki\u1ebfm th\u00f4ng tin. S\u1eed d\u1ee5ng m\u00e3 ngu\u1ed3n Wordpress v\u1edbi Theme Flatsome v\u00e0 UX Builder, kh\u00e1ch h\u00e0ng c\u00f3 th\u1ec3 t\u00f9y bi\u1ebfn n\u1ed9i dung m\u1ed9t c\u00e1ch d\u1ec5 d\u00e0ng. \u0110i\u1ec1u \u0111\u1eb7c bi\u1ec7t, t\u1ed1c \u0111\u1ed9 t\u1ea3i trang nhanh s\u1ebd gi\u00fap website c\u1ee7a b\u1ea1n tr\u1edf n\u00ean n\u1ed5i b\u1eadt v\u00e0 thu h\u00fat \u0111\u01b0\u1ee3c nhi\u1ec1u kh\u00e1ch h\u00e0ng h\u01a1n.<\/p>\n","protected":false},"featured_media":9127,"comment_status":"open","ping_status":"closed","template":"","meta":[],"product_cat":[16],"product_tag":[],"class_list":{"0":"post-9126","1":"product","2":"type-product","3":"status-publish","4":"has-post-thumbnail","6":"product_cat-tat-ca","8":"first","9":"instock","10":"shipping-taxable","11":"product-type-external"},"_links":{"self":[{"href":"https:\/\/ladigi.vn\/thiet-ke-website\/wp-json\/wp\/v2\/product\/9126","targetHints":{"allow":["GET"]}}],"collection":[{"href":"https:\/\/ladigi.vn\/thiet-ke-website\/wp-json\/wp\/v2\/product"}],"about":[{"href":"https:\/\/ladigi.vn\/thiet-ke-website\/wp-json\/wp\/v2\/types\/product"}],"replies":[{"embeddable":true,"href":"https:\/\/ladigi.vn\/thiet-ke-website\/wp-json\/wp\/v2\/comments?post=9126"}],"wp:featuredmedia":[{"embeddable":true,"href":"https:\/\/ladigi.vn\/thiet-ke-website\/wp-json\/wp\/v2\/media\/9127"}],"wp:attachment":[{"href":"https:\/\/ladigi.vn\/thiet-ke-website\/wp-json\/wp\/v2\/media?parent=9126"}],"wp:term":[{"taxonomy":"product_cat","embeddable":true,"href":"https:\/\/ladigi.vn\/thiet-ke-website\/wp-json\/wp\/v2\/product_cat?post=9126"},{"taxonomy":"product_tag","embeddable":true,"href":"https:\/\/ladigi.vn\/thiet-ke-website\/wp-json\/wp\/v2\/product_tag?post=9126"}],"curies":[{"name":"wp","href":"https:\/\/api.w.org\/{rel}","templated":true}]}}