{"id":9132,"date":"2025-01-11T16:27:45","date_gmt":"2025-01-11T09:27:45","guid":{"rendered":"https:\/\/ladigi.vn\/thiet-ke-website\/?post_type=product&#038;p=9132"},"modified":"2025-01-11T17:09:17","modified_gmt":"2025-01-11T10:09:17","slug":"theme-wordpress-dich-vu-spa-me-bau","status":"publish","type":"product","link":"https:\/\/ladigi.vn\/thiet-ke-website\/mau-web\/theme-wordpress-dich-vu-spa-me-bau\/","title":{"rendered":"D\u1ecbch v\u1ee5 spa m\u1eb9 b\u1ea7u"},"content":{"rendered":"<h1>\n D\u1ecbch v\u1ee5 Thi\u1ebft k\u1ebf website Theme WordPress cho d\u1ecbch v\u1ee5 spa m\u1eb9 b\u1ea7u<br \/>\n<\/h1>\n<p>\n Khi \u0111i\u1ec1u ki\u1ec7n s\u1ed1ng ng\u00e0y c\u00e0ng c\u1ea3i thi\u1ec7n, nhu c\u1ea7u ch\u0103m s\u00f3c s\u1ee9c kh\u1ecfe v\u00e0 l\u00e0m \u0111\u1eb9p c\u1ee7a c\u00e1c m\u1eb9 b\u1ea7u ng\u00e0y c\u00e0ng t\u0103ng cao. \u0110\u1ec3 thu h\u00fat v\u00e0 ph\u1ee5c v\u1ee5 t\u1ed1t nh\u1ea5t cho kh\u00e1ch h\u00e0ng, vi\u1ec7c s\u1edf h\u1eefu m\u1ed9t website chuy\u00ean nghi\u1ec7p l\u00e0 \u0111i\u1ec1u v\u00f4 c\u00f9ng c\u1ea7n thi\u1ebft. Ch\u00fang t\u00f4i cung c\u1ea5p d\u1ecbch v\u1ee5<br \/>\n <strong><br \/>\n  Thi\u1ebft k\u1ebf website Theme WordPress<br \/>\n <\/strong><br \/>\n d\u00e0nh ri\u00eang cho c\u00e1c d\u1ecbch v\u1ee5 spa m\u1eb9 b\u1ea7u, \u0111\u1ea3m b\u1ea3o \u0111\u00e1p \u1ee9ng \u0111\u1ea7y \u0111\u1ee7 nhu c\u1ea7u c\u1ee7a b\u1ea1n.\n<\/p>\n<h2>\n Giao di\u1ec7n web \u0111\u1eb9p, chuy\u00ean nghi\u1ec7p v\u00e0 d\u1ec5 s\u1eed d\u1ee5ng<br \/>\n<\/h2>\n<p>\n V\u1edbi thi\u1ebft k\u1ebf giao di\u1ec7n \u0111\u1eb9p m\u1eaft v\u00e0 chuy\u00ean nghi\u1ec7p, website c\u1ee7a b\u1ea1n s\u1ebd g\u00e2y \u1ea5n t\u01b0\u1ee3ng m\u1ea1nh m\u1ebd v\u1edbi kh\u00e1ch h\u00e0ng ngay t\u1eeb c\u00e1i nh\u00ecn \u0111\u1ea7u ti\u00ean. Ch\u00fang t\u00f4i ch\u00fa tr\u1ecdng \u0111\u1ebfn tr\u1ea3i nghi\u1ec7m ng\u01b0\u1eddi d\u00f9ng, gi\u00fap kh\u00e1ch h\u00e0ng d\u1ec5 d\u00e0ng t\u00ecm ki\u1ebfm th\u00f4ng tin v\u00e0 \u0111\u1eb7t d\u1ecbch v\u1ee5 ch\u1ec9 v\u1edbi v\u00e0i c\u00fa nh\u1ea5p chu\u1ed9t.\n<\/p>\n<h2>\n T\u01b0\u01a1ng th\u00edch tr\u00ean m\u1ecdi thi\u1ebft b\u1ecb<br \/>\n<\/h2>\n<p>\n Website c\u1ee7a ch\u00fang t\u00f4i \u0111\u01b0\u1ee3c t\u1ed1i \u01b0u h\u00f3a \u0111\u1ec3 t\u01b0\u01a1ng th\u00edch ho\u00e0n h\u1ea3o tr\u00ean m\u1ecdi thi\u1ebft b\u1ecb, t\u1eeb m\u00e1y t\u00ednh \u0111\u1ec3 b\u00e0n \u0111\u1ebfn \u0111i\u1ec7n tho\u1ea1i di \u0111\u1ed9ng. Kh\u00e1ch h\u00e0ng c\u1ee7a b\u1ea1n c\u00f3 th\u1ec3 d\u1ec5 d\u00e0ng truy c\u1eadp v\u00e0 s\u1eed d\u1ee5ng d\u1ecbch v\u1ee5 m\u1ecdi l\u00fac, m\u1ecdi n\u01a1i, gi\u00fap t\u0103ng kh\u1ea3 n\u0103ng ti\u1ebfp c\u1eadn v\u00e0 doanh thu cho spa c\u1ee7a b\u1ea1n.\n<\/p>\n<h2>\n M\u00e3 ngu\u1ed3n WordPress v\u1edbi Theme Flatsome v\u00e0 UX Builder<br \/>\n<\/h2>\n<p>\n Ch\u00fang t\u00f4i s\u1eed d\u1ee5ng m\u00e3 ngu\u1ed3n WordPress m\u1ea1nh m\u1ebd k\u1ebft h\u1ee3p v\u1edbi Theme Flatsome v\u00e0 UX Builder, mang \u0111\u1ebfn cho b\u1ea1n m\u1ed9t n\u1ec1n t\u1ea3ng d\u1ec5 d\u00e0ng t\u00f9y bi\u1ebfn. B\u1ea1n c\u00f3 th\u1ec3 thay \u0111\u1ed5i n\u1ed9i dung, h\u00ecnh \u1ea3nh v\u00e0 phong c\u00e1ch thi\u1ebft k\u1ebf theo \u00fd th\u00edch m\u00e0 kh\u00f4ng c\u1ea7n ph\u1ea3i c\u00f3 ki\u1ebfn th\u1ee9c l\u1eadp tr\u00ecnh s\u00e2u.\n<\/p>\n<h2>\n T\u1ed1c \u0111\u1ed9 t\u1ea3i trang nhanh<br \/>\n<\/h2>\n<p>\n M\u1ed9t trong nh\u1eefng y\u1ebfu t\u1ed1 quan tr\u1ecdng \u0111\u1ec3 gi\u1eef ch\u00e2n kh\u00e1ch h\u00e0ng ch\u00ednh l\u00e0 t\u1ed1c \u0111\u1ed9 t\u1ea3i trang. Website c\u1ee7a ch\u00fang t\u00f4i \u0111\u01b0\u1ee3c t\u1ed1i \u01b0u h\u00f3a \u0111\u1ec3 c\u00f3 t\u1ed1c \u0111\u1ed9 t\u1ea3i nhanh ch\u00f3ng, gi\u00fap c\u1ea3i thi\u1ec7n tr\u1ea3i nghi\u1ec7m ng\u01b0\u1eddi d\u00f9ng v\u00e0 t\u0103ng kh\u1ea3 n\u0103ng chuy\u1ec3n \u0111\u1ed5i.\n<\/p>\n<hr\/>\n<p>\n N\u1ebfu b\u1ea1n \u0111ang t\u00ecm ki\u1ebfm m\u1ed9t \u0111\u01a1n v\u1ecb thi\u1ebft k\u1ebf website ch\u1ea5t l\u01b0\u1ee3ng cho spa m\u1eb9 b\u1ea7u c\u1ee7a m\u00ecnh, h\u00e3y li\u00ean h\u1ec7 v\u1edbi<br \/>\n <strong><br \/>\n  LADIGI Agency<br \/>\n <\/strong><br \/>\n . Ch\u00fang t\u00f4i cam k\u1ebft mang \u0111\u1ebfn cho b\u1ea1n nh\u1eefng gi\u1ea3i ph\u00e1p thi\u1ebft k\u1ebf web t\u1ed1i \u01b0u nh\u1ea5t.\n<\/p>\n<p>\n T\u00ecm hi\u1ec3u th\u00eam v\u1ec1 d\u1ecbch v\u1ee5 c\u1ee7a ch\u00fang t\u00f4i t\u1ea1i \u0111\u00e2y:<br \/>\n <a href=\"https:\/\/ladigi.vn\/thiet-ke-website\/\"><br \/>\n  D\u1ecbch v\u1ee5 thi\u1ebft k\u1ebf web theo y\u00eau c\u1ea7u LADIGI<br \/>\n <\/a><\/p>\n","protected":false},"excerpt":{"rendered":"<p>D\u1ecbch v\u1ee5 thi\u1ebft k\u1ebf website spa m\u1eb9 b\u1ea7u s\u1eed d\u1ee5ng m\u00e3 ngu\u1ed3n Wordpress v\u1edbi theme Flatsome v\u00e0 UX Builder, mang \u0111\u1ebfn giao di\u1ec7n \u0111\u1eb9p, chuy\u00ean nghi\u1ec7p v\u00e0 d\u1ec5 s\u1eed d\u1ee5ng. Website t\u01b0\u01a1ng th\u00edch tr\u00ean m\u1ecdi thi\u1ebft b\u1ecb, \u0111\u1ea3m b\u1ea3o t\u1ed1c \u0111\u1ed9 t\u1ea3i trang nhanh, gi\u00fap thu h\u00fat kh\u00e1ch h\u00e0ng hi\u1ec7u qu\u1ea3.<\/p>\n","protected":false},"featured_media":9133,"comment_status":"open","ping_status":"closed","template":"","meta":[],"product_cat":[16],"product_tag":[],"class_list":{"0":"post-9132","1":"product","2":"type-product","3":"status-publish","4":"has-post-thumbnail","6":"product_cat-tat-ca","8":"first","9":"instock","10":"shipping-taxable","11":"product-type-external"},"_links":{"self":[{"href":"https:\/\/ladigi.vn\/thiet-ke-website\/wp-json\/wp\/v2\/product\/9132","targetHints":{"allow":["GET"]}}],"collection":[{"href":"https:\/\/ladigi.vn\/thiet-ke-website\/wp-json\/wp\/v2\/product"}],"about":[{"href":"https:\/\/ladigi.vn\/thiet-ke-website\/wp-json\/wp\/v2\/types\/product"}],"replies":[{"embeddable":true,"href":"https:\/\/ladigi.vn\/thiet-ke-website\/wp-json\/wp\/v2\/comments?post=9132"}],"wp:featuredmedia":[{"embeddable":true,"href":"https:\/\/ladigi.vn\/thiet-ke-website\/wp-json\/wp\/v2\/media\/9133"}],"wp:attachment":[{"href":"https:\/\/ladigi.vn\/thiet-ke-website\/wp-json\/wp\/v2\/media?parent=9132"}],"wp:term":[{"taxonomy":"product_cat","embeddable":true,"href":"https:\/\/ladigi.vn\/thiet-ke-website\/wp-json\/wp\/v2\/product_cat?post=9132"},{"taxonomy":"product_tag","embeddable":true,"href":"https:\/\/ladigi.vn\/thiet-ke-website\/wp-json\/wp\/v2\/product_tag?post=9132"}],"curies":[{"name":"wp","href":"https:\/\/api.w.org\/{rel}","templated":true}]}}