{"id":9140,"date":"2025-01-12T15:46:03","date_gmt":"2025-01-12T08:46:03","guid":{"rendered":"https:\/\/ladigi.vn\/thiet-ke-website\/?post_type=product&#038;p=9140"},"modified":"2025-01-12T15:47:44","modified_gmt":"2025-01-12T08:47:44","slug":"theme-wordpress-su-kien-marathon","status":"publish","type":"product","link":"https:\/\/ladigi.vn\/thiet-ke-website\/mau-web\/theme-wordpress-su-kien-marathon\/","title":{"rendered":"S\u1ef1 ki\u1ec7n\/Th\u1ec3 thao"},"content":{"rendered":"<p>\n Ch\u00e0o m\u1ecdi ng\u01b0\u1eddi,\n<\/p>\n<p>\n B\u1ea1n \u0111ang c\u00f3 \u00fd \u0111\u1ecbnh t\u1ed5 ch\u1ee9c m\u1ed9t s\u1ef1 ki\u1ec7n marathon v\u00e0 mu\u1ed1n c\u00f3 m\u1ed9t website chuy\u00ean nghi\u1ec7p \u0111\u1ec3 qu\u1ea3ng b\u00e1 cho s\u1ef1 ki\u1ec7n c\u1ee7a m\u00ecnh? \u0110\u1eebng lo, LADIGI Agency s\u1eb5n s\u00e0ng cung c\u1ea5p d\u1ecbch v\u1ee5 thi\u1ebft k\u1ebf website Theme wordpress s\u1ef1 ki\u1ec7n marathon \u0111\u1eb9p, chuy\u00ean nghi\u1ec7p v\u00e0 d\u1ec5 s\u1eed d\u1ee5ng.\n<\/p>\n<p>\n Giao di\u1ec7n web l\u00e0 m\u1ed9t y\u1ebfu t\u1ed1 quan tr\u1ecdng \u0111\u1ec3 thu h\u00fat kh\u00e1ch h\u00e0ng v\u00e0 t\u1ea1o \u1ea5n t\u01b0\u1ee3ng \u0111\u1ea7u ti\u00ean v\u1edbi h\u1ecd. V\u1edbi s\u1ef1 k\u1ebft h\u1ee3p gi\u1eefa Theme Flatsome v\u00e0 UX Builder, ch\u00fang t\u00f4i cam k\u1ebft mang \u0111\u1ebfn cho b\u1ea1n m\u1ed9t giao di\u1ec7n \u0111\u1eb9p m\u1eaft, hi\u1ec7n \u0111\u1ea1i v\u00e0 chuy\u00ean nghi\u1ec7p. B\u1ea1n c\u00f3 th\u1ec3 t\u00f9y bi\u1ebfn giao di\u1ec7n theo \u00fd mu\u1ed1n c\u1ee7a m\u00ecnh m\u1ed9t c\u00e1ch d\u1ec5 d\u00e0ng m\u00e0 kh\u00f4ng c\u1ea7n ph\u1ea3i c\u00f3 ki\u1ebfn th\u1ee9c v\u1ec1 l\u1eadp tr\u00ecnh.\n<\/p>\n<p>\n Kh\u00f4ng ch\u1ec9 \u0111\u1eb9p m\u1eaft tr\u00ean m\u00e1y t\u00ednh, website c\u1ee7a b\u1ea1n c\u00f2n \u0111\u01b0\u1ee3c thi\u1ebft k\u1ebf t\u01b0\u01a1ng th\u00edch tr\u00ean m\u1ecdi thi\u1ebft b\u1ecb, t\u1eeb \u0111i\u1ec7n tho\u1ea1i di \u0111\u1ed9ng \u0111\u1ebfn m\u00e1y t\u00ednh b\u1ea3ng. \u0110i\u1ec1u n\u00e0y gi\u00fap b\u1ea1n ti\u1ebfp c\u1eadn \u0111\u01b0\u1ee3c \u0111\u00f4ng \u0111\u1ea3o kh\u00e1ch h\u00e0ng v\u00e0 t\u0103ng c\u01a1 h\u1ed9i thu h\u00fat th\u00eam nhi\u1ec1u ng\u01b0\u1eddi tham gia s\u1ef1 ki\u1ec7n c\u1ee7a b\u1ea1n.\n<\/p>\n<p>\n M\u1ed9t trong nh\u1eefng \u01b0u \u0111i\u1ec3m c\u1ee7a vi\u1ec7c s\u1eed d\u1ee5ng m\u00e3 ngu\u1ed3n WordPress l\u00e0 t\u00ednh linh ho\u1ea1t v\u00e0 d\u1ec5 d\u00e0ng t\u00f9y bi\u1ebfn. Ch\u00fang t\u00f4i s\u1eed d\u1ee5ng m\u00e3 ngu\u1ed3n n\u00e0y k\u1ebft h\u1ee3p v\u1edbi Theme Flatsome v\u00e0 UX Builder \u0111\u1ec3 t\u1ea1o ra m\u1ed9t website ho\u00e0n h\u1ea3o cho s\u1ef1 ki\u1ec7n c\u1ee7a b\u1ea1n. B\u1ea1n c\u00f3 th\u1ec3 tho\u1ea3i m\u00e1i thay \u0111\u1ed5i giao di\u1ec7n, th\u00eam b\u1edbt ch\u1ee9c n\u0103ng v\u00e0 n\u1ed9i dung m\u00e0 kh\u00f4ng c\u1ea7n ph\u1ea3i lo l\u1eafng v\u1ec1 vi\u1ec7c \u1ea3nh h\u01b0\u1edfng \u0111\u1ebfn hi\u1ec7u su\u1ea5t c\u1ee7a website.\n<\/p>\n<p>\n M\u1ed9t trong nh\u1eefng y\u1ebfu t\u1ed1 quan tr\u1ecdng \u0111\u1ec3 thu h\u00fat v\u00e0 gi\u1eef ch\u00e2n kh\u00e1ch h\u00e0ng l\u00e0 t\u1ed1c \u0111\u1ed9 t\u1ea3i trang c\u1ee7a website. V\u1edbi kinh nghi\u1ec7m l\u00e2u n\u0103m trong l\u0129nh v\u1ef1c thi\u1ebft k\u1ebf website, ch\u00fang t\u00f4i cam k\u1ebft mang \u0111\u1ebfn cho b\u1ea1n m\u1ed9t website t\u1ed1i \u01b0u v\u1ec1 t\u1ed1c \u0111\u1ed9 t\u1ea3i trang. \u0110i\u1ec1u n\u00e0y gi\u00fap kh\u00e1ch h\u00e0ng d\u1ec5 d\u00e0ng truy c\u1eadp v\u00e0 duy\u1ec7t website c\u1ee7a b\u1ea1n m\u1ed9t c\u00e1ch nhanh ch\u00f3ng v\u00e0 thu\u1eadn ti\u1ec7n.\n<\/p>\n<p>\n \u0110\u1ebfn v\u1edbi LADIGI Agency, b\u1ea1n s\u1ebd kh\u00f4ng ch\u1ec9 c\u00f3 \u0111\u01b0\u1ee3c m\u1ed9t website chuy\u00ean nghi\u1ec7p v\u00e0 \u0111\u1eb9p m\u1eaft cho s\u1ef1 ki\u1ec7n c\u1ee7a m\u00ecnh, m\u00e0 c\u00f2n \u0111\u01b0\u1ee3c h\u1ed7 tr\u1ee3 v\u00e0 t\u01b0 v\u1ea5n b\u1edfi \u0111\u1ed9i ng\u0169 chuy\u00ean gia nhi\u1ec7t t\u00ecnh v\u00e0 gi\u00e0u kinh nghi\u1ec7m. Ch\u00fang t\u00f4i cam k\u1ebft mang \u0111\u1ebfn cho b\u1ea1n m\u1ed9t tr\u1ea3i nghi\u1ec7m d\u1ecbch v\u1ee5 t\u1ed1t nh\u1ea5t v\u00e0 gi\u00fap b\u1ea1n th\u00e0nh c\u00f4ng v\u1edbi s\u1ef1 ki\u1ec7n c\u1ee7a m\u00ecnh.\n<\/p>\n<p>\n \u0110\u1eebng ng\u1ea7n ng\u1ea1i li\u00ean h\u1ec7 v\u1edbi ch\u00fang t\u00f4i \u0111\u1ec3 \u0111\u01b0\u1ee3c t\u01b0 v\u1ea5n v\u00e0 b\u00e1o gi\u00e1 d\u1ecbch v\u1ee5 thi\u1ebft k\u1ebf website Theme wordpress s\u1ef1 ki\u1ec7n marathon ngay h\u00f4m nay. H\u00e3y \u0111\u1ec3 LADIGI Agency tr\u1edf th\u00e0nh \u0111\u1ed1i t\u00e1c tin c\u1eady c\u1ee7a b\u1ea1n trong vi\u1ec7c x\u00e2y d\u1ef1ng m\u1ed9t website chuy\u00ean nghi\u1ec7p v\u00e0 hi\u1ec7u qu\u1ea3 cho s\u1ef1 ki\u1ec7n c\u1ee7a b\u1ea1n.\n<\/p>\n<p>\n <a href=\"https:\/\/ladigi.vn\/thiet-ke-website\/\"><br \/>\n  C\u00f4ng ty cung c\u1ea5p d\u1ecbch v\u1ee5 thi\u1ebft k\u1ebf website<br \/>\n <\/a><br \/>\n LADIGI Agency &#8211; \u0110\u1ed1i t\u00e1c \u0111\u00e1ng tin c\u1eady c\u1ee7a b\u1ea1n trong l\u0129nh v\u1ef1c thi\u1ebft k\u1ebf website.<\/p>\n","protected":false},"excerpt":{"rendered":"<p>D\u1ecbch v\u1ee5 Thi\u1ebft k\u1ebf website Theme wordpress s\u1ef1 ki\u1ec7n marathon mang \u0111\u1ebfn cho kh\u00e1ch h\u00e0ng m\u1ed9t giao di\u1ec7n web \u0111\u1eb9p v\u00e0 chuy\u00ean nghi\u1ec7p, d\u1ec5 s\u1eed d\u1ee5ng tr\u00ean m\u1ecdi thi\u1ebft b\u1ecb. V\u1edbi m\u00e3 ngu\u1ed3n Wordpress v\u00e0 s\u1eed d\u1ee5ng Theme Flatsome v\u00e0 UX Builder, vi\u1ec7c t\u00f9y bi\u1ebfn giao di\u1ec7n tr\u1edf n\u00ean d\u1ec5 d\u00e0ng v\u00e0 linh ho\u1ea1t. \u0110\u1eb7c bi\u1ec7t, t\u1ed1c \u0111\u1ed9 t\u1ea3i trang nhanh gi\u00fap ng\u01b0\u1eddi d\u00f9ng c\u00f3 tr\u1ea3i nghi\u1ec7m truy c\u1eadp website m\u01b0\u1ee3t m\u00e0 v\u00e0 ti\u1ec7n l\u1ee3i.<\/p>\n","protected":false},"featured_media":9141,"comment_status":"open","ping_status":"closed","template":"","meta":[],"product_cat":[16],"product_tag":[],"class_list":{"0":"post-9140","1":"product","2":"type-product","3":"status-publish","4":"has-post-thumbnail","6":"product_cat-tat-ca","8":"first","9":"instock","10":"shipping-taxable","11":"product-type-external"},"_links":{"self":[{"href":"https:\/\/ladigi.vn\/thiet-ke-website\/wp-json\/wp\/v2\/product\/9140","targetHints":{"allow":["GET"]}}],"collection":[{"href":"https:\/\/ladigi.vn\/thiet-ke-website\/wp-json\/wp\/v2\/product"}],"about":[{"href":"https:\/\/ladigi.vn\/thiet-ke-website\/wp-json\/wp\/v2\/types\/product"}],"replies":[{"embeddable":true,"href":"https:\/\/ladigi.vn\/thiet-ke-website\/wp-json\/wp\/v2\/comments?post=9140"}],"wp:featuredmedia":[{"embeddable":true,"href":"https:\/\/ladigi.vn\/thiet-ke-website\/wp-json\/wp\/v2\/media\/9141"}],"wp:attachment":[{"href":"https:\/\/ladigi.vn\/thiet-ke-website\/wp-json\/wp\/v2\/media?parent=9140"}],"wp:term":[{"taxonomy":"product_cat","embeddable":true,"href":"https:\/\/ladigi.vn\/thiet-ke-website\/wp-json\/wp\/v2\/product_cat?post=9140"},{"taxonomy":"product_tag","embeddable":true,"href":"https:\/\/ladigi.vn\/thiet-ke-website\/wp-json\/wp\/v2\/product_tag?post=9140"}],"curies":[{"name":"wp","href":"https:\/\/api.w.org\/{rel}","templated":true}]}}