{"id":9154,"date":"2025-01-12T13:18:11","date_gmt":"2025-01-12T06:18:11","guid":{"rendered":"https:\/\/ladigi.vn\/thiet-ke-website\/?post_type=product&#038;p=9154"},"modified":"2025-01-12T13:19:52","modified_gmt":"2025-01-12T06:19:52","slug":"theme-wordpress-noi-that-29","status":"publish","type":"product","link":"https:\/\/ladigi.vn\/thiet-ke-website\/mau-web\/theme-wordpress-noi-that-29\/","title":{"rendered":"N\u1ed9i th\u1ea5t"},"content":{"rendered":"<p>\n Ch\u00e0o m\u1eebng \u0111\u1ebfn v\u1edbi LADIGI Agency &#8211; \u0111\u01a1n v\u1ecb thi\u1ebft k\u1ebf website uy t\u00edn v\u00e0 chuy\u00ean nghi\u1ec7p h\u00e0ng \u0111\u1ea7u v\u1ec1 l\u0129nh v\u1ef1c n\u1ed9i th\u1ea5t. Ch\u00fang t\u00f4i t\u1ef1 h\u00e0o mang \u0111\u1ebfn cho kh\u00e1ch h\u00e0ng d\u1ecbch v\u1ee5 thi\u1ebft k\u1ebf website Theme wordpress n\u1ed9i th\u1ea5t 29 v\u1edbi giao di\u1ec7n \u0111\u1eb9p, d\u1ec5 s\u1eed d\u1ee5ng v\u00e0 t\u1ed1c \u0111\u1ed9 t\u1ea3i trang nhanh.\n<\/p>\n<p>\n \u0110\u1ed1i v\u1edbi m\u1ed7i doanh nghi\u1ec7p, website l\u00e0 m\u1ed9t c\u00f4ng c\u1ee5 quan tr\u1ecdng \u0111\u1ec3 gi\u1edbi thi\u1ec7u v\u00e0 qu\u1ea3ng b\u00e1 s\u1ea3n ph\u1ea9m, d\u1ecbch v\u1ee5 c\u1ee7a m\u00ecnh. V\u00ec v\u1eady, vi\u1ec7c c\u00f3 m\u1ed9t giao di\u1ec7n web \u0111\u1eb9p, chuy\u00ean nghi\u1ec7p v\u00e0 d\u1ec5 s\u1eed d\u1ee5ng l\u00e0 \u0111i\u1ec1u c\u1ea7n thi\u1ebft \u0111\u1ec3 thu h\u00fat kh\u00e1ch h\u00e0ng v\u00e0 t\u1ea1o d\u1ef1ng ni\u1ec1m tin trong h\u1ecd. V\u1edbi d\u1ecbch v\u1ee5 thi\u1ebft k\u1ebf website Theme wordpress n\u1ed9i th\u1ea5t 29 c\u1ee7a LADIGI, b\u1ea1n s\u1ebd c\u00f3 m\u1ed9t giao di\u1ec7n web \u0111\u1eb9p m\u1eaft, chuy\u00ean nghi\u1ec7p v\u00e0 d\u1ec5 d\u00e0ng t\u00f9y bi\u1ebfn theo \u00fd mu\u1ed1n c\u1ee7a m\u00ecnh.\n<\/p>\n<p>\n M\u00e3 ngu\u1ed3n WordPress l\u00e0 m\u1ed9t trong nh\u1eefng n\u1ec1n t\u1ea3ng ph\u1ed5 bi\u1ebfn nh\u1ea5t cho vi\u1ec7c thi\u1ebft k\u1ebf website hi\u1ec7n nay. K\u1ebft h\u1ee3p v\u1edbi Theme Flatsome v\u00e0 UX Builder, ch\u00fang t\u00f4i cam k\u1ebft mang \u0111\u1ebfn cho kh\u00e1ch h\u00e0ng m\u1ed9t giao di\u1ec7n web \u0111\u1eb9p v\u00e0 chuy\u00ean nghi\u1ec7p, v\u1edbi t\u00ednh n\u0103ng t\u00f9y bi\u1ebfn linh ho\u1ea1t v\u00e0 d\u1ec5 d\u00e0ng.\n<\/p>\n<p>\n Kh\u00f4ng ch\u1ec9 \u0111\u1eb9p m\u1eaft v\u00e0 d\u1ec5 s\u1eed d\u1ee5ng, giao di\u1ec7n web c\u1ee7a ch\u00fang t\u00f4i c\u00f2n \u0111\u01b0\u1ee3c t\u1ed1i \u01b0u h\u00f3a \u0111\u1ec3 t\u01b0\u01a1ng th\u00edch tr\u00ean m\u1ecdi thi\u1ebft b\u1ecb, t\u1eeb m\u00e1y t\u00ednh \u0111\u1ec3 b\u00e0n \u0111\u1ebfn \u0111i\u1ec7n tho\u1ea1i di \u0111\u1ed9ng. \u0110i\u1ec1u n\u00e0y gi\u00fap cho kh\u00e1ch h\u00e0ng c\u1ee7a b\u1ea1n c\u00f3 th\u1ec3 truy c\u1eadp v\u00e0 tr\u1ea3i nghi\u1ec7m website c\u1ee7a b\u1ea1n m\u1ed9t c\u00e1ch thu\u1eadn ti\u1ec7n v\u00e0 d\u1ec5 d\u00e0ng h\u01a1n bao gi\u1edd h\u1ebft.\n<\/p>\n<p>\n Kh\u00f4ng ch\u1ec9 l\u00e0 \u0111\u01a1n v\u1ecb thi\u1ebft k\u1ebf website uy t\u00edn v\u00e0 chuy\u00ean nghi\u1ec7p, LADIGI c\u00f2n l\u00e0 \u0111\u1ed1i t\u00e1c tin c\u1eady c\u1ee7a nhi\u1ec1u doanh nghi\u1ec7p trong l\u0129nh v\u1ef1c n\u1ed9i th\u1ea5t. Ch\u00fang t\u00f4i cam k\u1ebft mang \u0111\u1ebfn cho kh\u00e1ch h\u00e0ng d\u1ecbch v\u1ee5 thi\u1ebft k\u1ebf website ch\u1ea5t l\u01b0\u1ee3ng cao v\u1edbi gi\u00e1 c\u1ea3 h\u1ee3p l\u00fd v\u00e0 th\u1eddi gian ho\u00e0n th\u00e0nh nhanh ch\u00f3ng.\n<\/p>\n<p>\n V\u1edbi d\u1ecbch v\u1ee5 thi\u1ebft k\u1ebf website Theme wordpress n\u1ed9i th\u1ea5t 29 c\u1ee7a LADIGI, b\u1ea1n s\u1ebd kh\u00f4ng ch\u1ec9 c\u00f3 m\u1ed9t giao di\u1ec7n web \u0111\u1eb9p m\u1eaft v\u00e0 chuy\u00ean nghi\u1ec7p, m\u00e0 c\u00f2n \u0111\u01b0\u1ee3c h\u1ed7 tr\u1ee3 t\u1ed1i \u0111a trong qu\u00e1 tr\u00ecnh x\u00e2y d\u1ef1ng v\u00e0 ph\u00e1t tri\u1ec3n website c\u1ee7a m\u00ecnh. H\u00e3y \u0111\u1ec3 LADIGI gi\u00fap b\u1ea1n t\u1ea1o n\u00ean m\u1ed9t website ho\u00e0n h\u1ea3o v\u00e0 hi\u1ec7u qu\u1ea3 cho doanh nghi\u1ec7p c\u1ee7a m\u00ecnh.\n<\/p>\n<p>\n \u0110\u1ec3 bi\u1ebft th\u00eam th\u00f4ng tin chi ti\u1ebft v\u1ec1 d\u1ecbch v\u1ee5 thi\u1ebft k\u1ebf website c\u1ee7a LADIGI, vui l\u00f2ng truy c\u1eadp<br \/>\n <a href=\"https:\/\/ladigi.vn\/thiet-ke-website\/\"><br \/>\n  \u0111\u01a1n v\u1ecb thi\u1ebft k\u1ebf website uy t\u00edn LADIGI<br \/>\n <\/a><br \/>\n . Ch\u00fang t\u00f4i cam k\u1ebft s\u1ebd mang \u0111\u1ebfn cho b\u1ea1n m\u1ed9t tr\u1ea3i nghi\u1ec7m t\u1ed1t nh\u1ea5t v\u00e0 \u0111\u00e1p \u1ee9ng m\u1ecdi y\u00eau c\u1ea7u c\u1ee7a b\u1ea1n v\u1edbi s\u1ef1 chuy\u00ean nghi\u1ec7p v\u00e0 t\u1eadn t\u00e2m. H\u00e3y li\u00ean h\u1ec7 v\u1edbi ch\u00fang t\u00f4i ngay h\u00f4m nay \u0111\u1ec3 b\u1eaft \u0111\u1ea7u x\u00e2y d\u1ef1ng m\u1ed9t website th\u00e0nh c\u00f4ng cho doanh nghi\u1ec7p c\u1ee7a b\u1ea1n!<\/p>\n","protected":false},"excerpt":{"rendered":"<p>D\u1ecbch v\u1ee5 Thi\u1ebft k\u1ebf website Theme wordpress n\u1ed9i th\u1ea5t 29 mang \u0111\u1ebfn cho kh\u00e1ch h\u00e0ng m\u1ed9t trang web v\u1edbi giao di\u1ec7n \u0111\u1eb9p, chuy\u00ean nghi\u1ec7p v\u00e0 d\u1ec5 s\u1eed d\u1ee5ng. V\u1edbi s\u1ef1 t\u01b0\u01a1ng th\u00edch tr\u00ean m\u1ecdi thi\u1ebft b\u1ecb, kh\u00e1ch h\u00e0ng c\u00f3 th\u1ec3 tr\u1ea3i nghi\u1ec7m trang web m\u1ed9t c\u00e1ch thu\u1eadn ti\u1ec7n v\u00e0 linh ho\u1ea1t. M\u00e3 ngu\u1ed3n Wordpress v\u00e0 s\u1eed d\u1ee5ng Theme Flatsome c\u00f9ng v\u1edbi UX Builder gi\u00fap d\u1ec5 d\u00e0ng t\u00f9y bi\u1ebfn trang web theo \u00fd mu\u1ed1n. \u0110\u1eb7c bi\u1ec7t, t\u1ed1c \u0111\u1ed9 t\u1ea3i trang nhanh gi\u00fap kh\u00e1ch h\u00e0ng ti\u1ebft ki\u1ec7m th\u1eddi gian v\u00e0 tr\u1ea3i nghi\u1ec7m trang web m\u1ed9t c\u00e1ch m\u01b0\u1ee3t m\u00e0.<\/p>\n","protected":false},"featured_media":9155,"comment_status":"open","ping_status":"closed","template":"","meta":[],"product_cat":[16],"product_tag":[],"class_list":{"0":"post-9154","1":"product","2":"type-product","3":"status-publish","4":"has-post-thumbnail","6":"product_cat-tat-ca","8":"first","9":"instock","10":"shipping-taxable","11":"product-type-external"},"_links":{"self":[{"href":"https:\/\/ladigi.vn\/thiet-ke-website\/wp-json\/wp\/v2\/product\/9154","targetHints":{"allow":["GET"]}}],"collection":[{"href":"https:\/\/ladigi.vn\/thiet-ke-website\/wp-json\/wp\/v2\/product"}],"about":[{"href":"https:\/\/ladigi.vn\/thiet-ke-website\/wp-json\/wp\/v2\/types\/product"}],"replies":[{"embeddable":true,"href":"https:\/\/ladigi.vn\/thiet-ke-website\/wp-json\/wp\/v2\/comments?post=9154"}],"wp:featuredmedia":[{"embeddable":true,"href":"https:\/\/ladigi.vn\/thiet-ke-website\/wp-json\/wp\/v2\/media\/9155"}],"wp:attachment":[{"href":"https:\/\/ladigi.vn\/thiet-ke-website\/wp-json\/wp\/v2\/media?parent=9154"}],"wp:term":[{"taxonomy":"product_cat","embeddable":true,"href":"https:\/\/ladigi.vn\/thiet-ke-website\/wp-json\/wp\/v2\/product_cat?post=9154"},{"taxonomy":"product_tag","embeddable":true,"href":"https:\/\/ladigi.vn\/thiet-ke-website\/wp-json\/wp\/v2\/product_tag?post=9154"}],"curies":[{"name":"wp","href":"https:\/\/api.w.org\/{rel}","templated":true}]}}