{"id":9156,"date":"2025-01-12T12:00:02","date_gmt":"2025-01-12T05:00:02","guid":{"rendered":"https:\/\/ladigi.vn\/thiet-ke-website\/?post_type=product&#038;p=9156"},"modified":"2025-01-12T12:01:48","modified_gmt":"2025-01-12T05:01:48","slug":"theme-wordpress-landing-page-marketing","status":"publish","type":"product","link":"https:\/\/ladigi.vn\/thiet-ke-website\/mau-web\/theme-wordpress-landing-page-marketing\/","title":{"rendered":"Marketing"},"content":{"rendered":"<h1>\n Thi\u1ebft k\u1ebf website Theme wordpress landing page marketing &#8211; LADIGI Agency<br \/>\n<\/h1>\n<p>\n B\u1ea1n \u0111ang t\u00ecm ki\u1ebfm m\u1ed9t d\u1ecbch v\u1ee5 thi\u1ebft k\u1ebf website chuy\u00ean nghi\u1ec7p, \u0111\u1eb9p m\u1eaft v\u00e0 d\u1ec5 s\u1eed d\u1ee5ng \u0111\u1ec3 gi\u1edbi thi\u1ec7u s\u1ea3n ph\u1ea9m hay d\u1ecbch v\u1ee5 c\u1ee7a m\u00ecnh? V\u1eady th\u00ec h\u00e3y \u0111\u1ebfn v\u1edbi LADIGI Agency &#8211; \u0111\u01a1n v\u1ecb thi\u1ebft k\u1ebf website uy t\u00edn v\u00e0 chuy\u00ean nghi\u1ec7p.\n<\/p>\n<p>\n V\u1edbi xu h\u01b0\u1edbng ph\u00e1t tri\u1ec3n c\u1ee7a c\u00f4ng ngh\u1ec7, website \u0111\u00e3 tr\u1edf th\u00e0nh m\u1ed9t c\u00f4ng c\u1ee5 quan tr\u1ecdng trong vi\u1ec7c qu\u1ea3ng b\u00e1 v\u00e0 ti\u1ebfp c\u1eadn kh\u00e1ch h\u00e0ng. V\u00ec v\u1eady, vi\u1ec7c c\u00f3 m\u1ed9t giao di\u1ec7n web \u0111\u1eb9p, chuy\u00ean nghi\u1ec7p v\u00e0 d\u1ec5 s\u1eed d\u1ee5ng l\u00e0 y\u1ebfu t\u1ed1 quan tr\u1ecdng \u0111\u1ec3 thu h\u00fat kh\u00e1ch h\u00e0ng v\u00e0 t\u0103ng c\u01b0\u1eddng doanh s\u1ed1 b\u00e1n h\u00e0ng.\n<\/p>\n<p>\n T\u1ea1i LADIGI Agency, ch\u00fang t\u00f4i cung c\u1ea5p d\u1ecbch v\u1ee5 thi\u1ebft k\u1ebf website Theme wordpress landing page marketing v\u1edbi nh\u1eefng \u0111\u1eb7c \u0111i\u1ec3m n\u1ed5i b\u1eadt sau:\n<\/p>\n<h2>\n Giao di\u1ec7n web \u0111\u1eb9p, chuy\u00ean nghi\u1ec7p, d\u1ec5 s\u1eed d\u1ee5ng<br \/>\n<\/h2>\n<p>\n Ch\u00fang t\u00f4i s\u1eed d\u1ee5ng Theme Flatsome v\u00e0 UX Builder &#8211; m\u1ed9t trong nh\u1eefng theme wordpress \u0111\u01b0\u1ee3c \u0111\u00e1nh gi\u00e1 cao v\u1ec1 t\u00ednh n\u0103ng v\u00e0 giao di\u1ec7n. V\u1edbi s\u1ef1 k\u1ebft h\u1ee3p ho\u00e0n h\u1ea3o gi\u1eefa m\u00e0u s\u1eafc, h\u00ecnh \u1ea3nh v\u00e0 b\u1ed1 c\u1ee5c, giao di\u1ec7n web c\u1ee7a ch\u00fang t\u00f4i s\u1ebd gi\u00fap b\u1ea1n thu h\u00fat ng\u01b0\u1eddi d\u00f9ng ngay t\u1eeb c\u00e1i nh\u00ecn \u0111\u1ea7u ti\u00ean.\n<\/p>\n<h2>\n T\u01b0\u01a1ng th\u00edch tr\u00ean m\u1ecdi thi\u1ebft b\u1ecb<br \/>\n<\/h2>\n<p>\n V\u1edbi s\u1ef1 ph\u00e1t tri\u1ec3n c\u1ee7a c\u00f4ng ngh\u1ec7 di \u0111\u1ed9ng, vi\u1ec7c thi\u1ebft k\u1ebf website t\u01b0\u01a1ng th\u00edch tr\u00ean c\u00e1c thi\u1ebft b\u1ecb nh\u01b0 \u0111i\u1ec7n tho\u1ea1i di \u0111\u1ed9ng, m\u00e1y t\u00ednh b\u1ea3ng l\u00e0 r\u1ea5t quan tr\u1ecdng. T\u1ea1i LADIGI Agency, ch\u00fang t\u00f4i cam k\u1ebft t\u1ea5t c\u1ea3 c\u00e1c giao di\u1ec7n web \u0111\u01b0\u1ee3c thi\u1ebft k\u1ebf \u0111\u1ec1u t\u01b0\u01a1ng th\u00edch tr\u00ean m\u1ecdi thi\u1ebft b\u1ecb, gi\u00fap kh\u00e1ch h\u00e0ng c\u1ee7a b\u1ea1n d\u1ec5 d\u00e0ng ti\u1ebfp c\u1eadn v\u00e0 tr\u1ea3i nghi\u1ec7m s\u1ea3n ph\u1ea9m hay d\u1ecbch v\u1ee5 c\u1ee7a b\u1ea1n.\n<\/p>\n<h2>\n M\u00e3 ngu\u1ed3n WordPress v\u1edbi Theme Flatsome v\u00e0 UX Builder d\u1ec5 t\u00f9y bi\u1ebfn<br \/>\n<\/h2>\n<p>\n V\u1edbi m\u00e3 ngu\u1ed3n wordpress, b\u1ea1n c\u00f3 th\u1ec3 d\u1ec5 d\u00e0ng t\u00f9y bi\u1ebfn giao di\u1ec7n web theo \u00fd mu\u1ed1n m\u00e0 kh\u00f4ng c\u1ea7n c\u00f3 ki\u1ebfn th\u1ee9c v\u1ec1 l\u1eadp tr\u00ecnh. \u0110i\u1ec1u n\u00e0y gi\u00fap b\u1ea1n c\u00f3 th\u1ec3 thay \u0111\u1ed5i giao di\u1ec7n web theo nhu c\u1ea7u kinh doanh v\u00e0 th\u1ecb hi\u1ebfu c\u1ee7a kh\u00e1ch h\u00e0ng m\u1ed9t c\u00e1ch nhanh ch\u00f3ng v\u00e0 hi\u1ec7u qu\u1ea3.\n<\/p>\n<h2>\n T\u1ed1c \u0111\u1ed9 t\u1ea3i trang nhanh<br \/>\n<\/h2>\n<p>\n T\u1ed1c \u0111\u1ed9 t\u1ea3i trang l\u00e0 y\u1ebfu t\u1ed1 quan tr\u1ecdng trong vi\u1ec7c \u0111\u00e1nh gi\u00e1 ch\u1ea5t l\u01b0\u1ee3ng c\u1ee7a m\u1ed9t website. T\u1ea1i LADIGI Agency, ch\u00fang t\u00f4i lu\u00f4n \u0111\u1ea3m b\u1ea3o t\u1ed1c \u0111\u1ed9 t\u1ea3i trang nhanh nh\u1ea5t \u0111\u1ec3 \u0111\u1ea3m b\u1ea3o tr\u1ea3i nghi\u1ec7m t\u1ed1t nh\u1ea5t cho ng\u01b0\u1eddi d\u00f9ng v\u00e0 gi\u00fap website c\u1ee7a b\u1ea1n \u0111\u1ea1t \u0111\u01b0\u1ee3c th\u1ee9 h\u1ea1ng cao tr\u00ean c\u00e1c c\u00f4ng c\u1ee5 t\u00ecm ki\u1ebfm.\n<\/p>\n<p>\n V\u1edbi nh\u1eefng \u0111\u1eb7c \u0111i\u1ec3m n\u1ed5i b\u1eadt tr\u00ean, d\u1ecbch v\u1ee5 Thi\u1ebft k\u1ebf website Theme wordpress landing page marketing c\u1ee7a LADIGI Agency s\u1ebd gi\u00fap b\u1ea1n c\u00f3 \u0111\u01b0\u1ee3c m\u1ed9t giao di\u1ec7n web \u0111\u1eb9p, chuy\u00ean nghi\u1ec7p v\u00e0 hi\u1ec7u qu\u1ea3 trong vi\u1ec7c qu\u1ea3ng b\u00e1 s\u1ea3n ph\u1ea9m hay d\u1ecbch v\u1ee5 c\u1ee7a m\u00ecnh.\n<\/p>\n<p>\n \u0110\u1ebfn v\u1edbi LADIGI Agency, b\u1ea1n s\u1ebd \u0111\u01b0\u1ee3c t\u1eadn h\u01b0\u1edfng nh\u1eefng d\u1ecbch v\u1ee5 t\u1ed1t nh\u1ea5t v\u1edbi chi ph\u00ed h\u1ee3p l\u00fd. H\u00e3y truy c\u1eadp<br \/>\n <a href=\"https:\/\/ladigi.vn\/thiet-ke-website\/\"><br \/>\n  Thi\u1ebft k\u1ebf web gi\u00e1 r\u1ebb LADIGI<br \/>\n <\/a><br \/>\n \u0111\u1ec3 bi\u1ebft th\u00eam chi ti\u1ebft v\u00e0 li\u00ean h\u1ec7 v\u1edbi ch\u00fang t\u00f4i ngay h\u00f4m nay!<\/p>\n","protected":false},"excerpt":{"rendered":"<p>D\u1ecbch v\u1ee5 Thi\u1ebft k\u1ebf website Theme wordpress landing page marketing mang \u0111\u1ebfn cho kh\u00e1ch h\u00e0ng m\u1ed9t trang web v\u00f4 c\u00f9ng \u1ea5n t\u01b0\u1ee3ng v\u00e0 chuy\u00ean nghi\u1ec7p. V\u1edbi giao di\u1ec7n \u0111\u1eb9p m\u1eaft v\u00e0 d\u1ec5 s\u1eed d\u1ee5ng, trang web s\u1ebd thu h\u00fat ng\u01b0\u1eddi d\u00f9ng ngay t\u1eeb c\u00e1i nh\u00ecn \u0111\u1ea7u ti\u00ean. \u0110\u1eb7c bi\u1ec7t, giao di\u1ec7n \u0111\u01b0\u1ee3c t\u1ed1i \u01b0u h\u00f3a \u0111\u1ec3 t\u01b0\u01a1ng th\u00edch tr\u00ean m\u1ecdi thi\u1ebft b\u1ecb, gi\u00fap kh\u00e1ch h\u00e0ng ti\u1ebfp c\u1eadn v\u1edbi nhi\u1ec1u \u0111\u1ed1i t\u01b0\u1ee3ng kh\u00e1ch h\u00e0ng h\u01a1n. S\u1eed d\u1ee5ng m\u00e3 ngu\u1ed3n Wordpress v\u1edbi Theme Flatsome v\u00e0 UX Builder, kh\u00e1ch h\u00e0ng c\u00f3 th\u1ec3 d\u1ec5 d\u00e0ng t\u00f9y bi\u1ebfn trang web theo \u00fd mu\u1ed1n. \u0110i\u1ec1u \u0111\u1eb7c bi\u1ec7t l\u00e0 t\u1ed1c \u0111\u1ed9 t\u1ea3i trang nhanh, gi\u00fap trang web ho\u1ea1t \u0111\u1ed9ng m\u01b0\u1ee3t m\u00e0 v\u00e0 thu h\u00fat ng\u01b0\u1eddi d\u00f9ng.<\/p>\n","protected":false},"featured_media":9157,"comment_status":"open","ping_status":"closed","template":"","meta":[],"product_cat":[16],"product_tag":[],"class_list":{"0":"post-9156","1":"product","2":"type-product","3":"status-publish","4":"has-post-thumbnail","6":"product_cat-tat-ca","8":"first","9":"instock","10":"shipping-taxable","11":"product-type-external"},"_links":{"self":[{"href":"https:\/\/ladigi.vn\/thiet-ke-website\/wp-json\/wp\/v2\/product\/9156","targetHints":{"allow":["GET"]}}],"collection":[{"href":"https:\/\/ladigi.vn\/thiet-ke-website\/wp-json\/wp\/v2\/product"}],"about":[{"href":"https:\/\/ladigi.vn\/thiet-ke-website\/wp-json\/wp\/v2\/types\/product"}],"replies":[{"embeddable":true,"href":"https:\/\/ladigi.vn\/thiet-ke-website\/wp-json\/wp\/v2\/comments?post=9156"}],"wp:featuredmedia":[{"embeddable":true,"href":"https:\/\/ladigi.vn\/thiet-ke-website\/wp-json\/wp\/v2\/media\/9157"}],"wp:attachment":[{"href":"https:\/\/ladigi.vn\/thiet-ke-website\/wp-json\/wp\/v2\/media?parent=9156"}],"wp:term":[{"taxonomy":"product_cat","embeddable":true,"href":"https:\/\/ladigi.vn\/thiet-ke-website\/wp-json\/wp\/v2\/product_cat?post=9156"},{"taxonomy":"product_tag","embeddable":true,"href":"https:\/\/ladigi.vn\/thiet-ke-website\/wp-json\/wp\/v2\/product_tag?post=9156"}],"curies":[{"name":"wp","href":"https:\/\/api.w.org\/{rel}","templated":true}]}}