{"id":9164,"date":"2025-01-10T17:13:28","date_gmt":"2025-01-10T10:13:28","guid":{"rendered":"https:\/\/ladigi.vn\/thiet-ke-website\/?post_type=product&#038;p=9164"},"modified":"2025-01-10T17:15:04","modified_gmt":"2025-01-10T10:15:04","slug":"theme-wordpress-ban-do-bao-ho-lao-dong","status":"publish","type":"product","link":"https:\/\/ladigi.vn\/thiet-ke-website\/mau-web\/theme-wordpress-ban-do-bao-ho-lao-dong\/","title":{"rendered":"C\u1eeda h\u00e0ng b\u00e1n \u0111\u1ed3 b\u1ea3o h\u1ed9 lao \u0111\u1ed9ng"},"content":{"rendered":"<h1>\n D\u1ecbch v\u1ee5 Thi\u1ebft k\u1ebf website Theme WordPress b\u00e1n \u0111\u1ed3 b\u1ea3o h\u1ed9 lao \u0111\u1ed9ng<br \/>\n<\/h1>\n<p>\n Ch\u00e0o m\u1eebng b\u1ea1n \u0111\u1ebfn v\u1edbi d\u1ecbch v\u1ee5 thi\u1ebft k\u1ebf website chuy\u00ean nghi\u1ec7p cho l\u0129nh v\u1ef1c b\u00e1n \u0111\u1ed3 b\u1ea3o h\u1ed9 lao \u0111\u1ed9ng. Ch\u00fang t\u00f4i t\u1ef1 h\u00e0o mang \u0111\u1ebfn cho b\u1ea1n m\u1ed9t giao di\u1ec7n web \u0111\u01b0\u1ee3c thi\u1ebft k\u1ebf \u0111\u1eb9p, chuy\u00ean nghi\u1ec7p v\u00e0 \u0111\u1eb7c bi\u1ec7t d\u1ec5 s\u1eed d\u1ee5ng. V\u1edbi giao di\u1ec7n th\u00e2n thi\u1ec7n, kh\u00e1ch h\u00e0ng c\u1ee7a b\u1ea1n s\u1ebd c\u00f3 tr\u1ea3i nghi\u1ec7m mua s\u1eafm tr\u1ef1c tuy\u1ebfn tuy\u1ec7t v\u1eddi, gi\u00fap gia t\u0103ng doanh thu v\u00e0 c\u1ea3i thi\u1ec7n s\u1ef1 h\u00e0i l\u00f2ng c\u1ee7a kh\u00e1ch h\u00e0ng.\n<\/p>\n<h2>\n T\u00ednh n\u0103ng n\u1ed5i b\u1eadt<br \/>\n<\/h2>\n<ul>\n<li>\n<p>\n   <strong><br \/>\n    Giao di\u1ec7n \u0111\u1eb9p, d\u1ec5 s\u1eed d\u1ee5ng:<br \/>\n   <\/strong><br \/>\n   Website c\u1ee7a b\u1ea1n s\u1ebd \u0111\u01b0\u1ee3c thi\u1ebft k\u1ebf v\u1edbi phong c\u00e1ch hi\u1ec7n \u0111\u1ea1i, gi\u00fap thu h\u00fat s\u1ef1 ch\u00fa \u00fd c\u1ee7a kh\u00e1ch h\u00e0ng ngay t\u1eeb c\u00e1i nh\u00ecn \u0111\u1ea7u ti\u00ean. \u0110\u1ed9i ng\u0169 thi\u1ebft k\u1ebf c\u1ee7a ch\u00fang t\u00f4i cam k\u1ebft t\u1ea1o ra c\u00e1c giao di\u1ec7n \u0111\u1eb9p m\u1eaft v\u00e0 th\u00e2n thi\u1ec7n nh\u1ea5t.\n  <\/p>\n<\/li>\n<li>\n<p>\n   <strong><br \/>\n    T\u01b0\u01a1ng th\u00edch tr\u00ean m\u1ecdi thi\u1ebft b\u1ecb:<br \/>\n   <\/strong><br \/>\n   Ch\u00fang t\u00f4i \u0111\u1ea3m b\u1ea3o r\u1eb1ng website s\u1ebd ho\u1ea1t \u0111\u1ed9ng ho\u00e0n h\u1ea3o tr\u00ean t\u1ea5t c\u1ea3 c\u00e1c thi\u1ebft b\u1ecb, t\u1eeb m\u00e1y t\u00ednh \u0111\u1ec3 b\u00e0n \u0111\u1ebfn \u0111i\u1ec7n tho\u1ea1i di \u0111\u1ed9ng. \u0110i\u1ec1u n\u00e0y gi\u00fap kh\u00e1ch h\u00e0ng d\u1ec5 d\u00e0ng truy c\u1eadp v\u00e0 mua s\u1eafm b\u1ea5t c\u1ee9 n\u01a1i n\u00e0o v\u00e0 b\u1ea5t c\u1ee9 l\u00fac n\u00e0o.\n  <\/p>\n<\/li>\n<li>\n<p>\n   <strong><br \/>\n    M\u00e3 ngu\u1ed3n WordPress v\u1edbi Theme Flatsome v\u00e0 UX Builder:<br \/>\n   <\/strong><br \/>\n   S\u1eed d\u1ee5ng m\u00e3 ngu\u1ed3n WordPress m\u1ea1nh m\u1ebd, ph\u1ed1i h\u1ee3p v\u1edbi Theme Flatsome v\u00e0 UX Builder, ch\u00fang t\u00f4i gi\u00fap b\u1ea1n d\u1ec5 d\u00e0ng t\u00f9y bi\u1ebfn v\u00e0 ch\u1ec9nh s\u1eeda giao di\u1ec7n m\u00e0 kh\u00f4ng c\u1ea7n ph\u1ea3i bi\u1ebft l\u1eadp tr\u00ecnh. T\u1eeb vi\u1ec7c thay \u0111\u1ed5i m\u00e0u s\u1eafc, h\u00ecnh \u1ea3nh cho \u0111\u1ebfn b\u1ed1 c\u1ee5c trang, m\u1ecdi th\u1ee9 \u0111\u1ec1u n\u1eb1m trong t\u1ea7m tay b\u1ea1n.\n  <\/p>\n<\/li>\n<li>\n<p>\n   <strong><br \/>\n    T\u1ed1c \u0111\u1ed9 t\u1ea3i trang nhanh:<br \/>\n   <\/strong><br \/>\n   Ch\u00fang t\u00f4i hi\u1ec3u r\u1eb1ng t\u1ed1c \u0111\u1ed9 t\u1ea3i trang l\u00e0 m\u1ed9t y\u1ebfu t\u1ed1 quan tr\u1ecdng trong tr\u1ea3i nghi\u1ec7m ng\u01b0\u1eddi d\u00f9ng. Website c\u1ee7a b\u1ea1n s\u1ebd \u0111\u01b0\u1ee3c t\u1ed1i \u01b0u h\u00f3a \u0111\u1ec3 \u0111\u1ea3m b\u1ea3o th\u1eddi gian t\u1ea3i nhanh ch\u00f3ng, gi\u00fap gi\u1eef ch\u00e2n kh\u00e1ch h\u00e0ng v\u00e0 c\u1ea3i thi\u1ec7n th\u1ee9 h\u1ea1ng tr\u00ean c\u00e1c c\u00f4ng c\u1ee5 t\u00ecm ki\u1ebfm.\n  <\/p>\n<\/li>\n<\/ul>\n<h2>\n Gi\u1edbi thi\u1ec7u LADIGI Agency<br \/>\n<\/h2>\n<p>\n N\u1ebfu b\u1ea1n \u0111ang t\u00ecm ki\u1ebfm m\u1ed9t \u0111\u01a1n v\u1ecb thi\u1ebft k\u1ebf website uy t\u00edn, h\u00e3y \u0111\u1ebfn v\u1edbi LADIGI Agency. \u0110\u1ed9i ng\u0169 c\u1ee7a ch\u00fang t\u00f4i s\u1eb5n s\u00e0ng cung c\u1ea5p cho b\u1ea1n d\u1ecbch v\u1ee5 thi\u1ebft k\u1ebf website \u0111a n\u1ec1n t\u1ea3ng ch\u1ea5t l\u01b0\u1ee3ng nh\u1ea5t. \u0110\u1ec3 bi\u1ebft th\u00eam th\u00f4ng tin, m\u1eddi b\u1ea1n tham kh\u1ea3o t\u1ea1i<br \/>\n <a href=\"https:\/\/ladigi.vn\/thiet-ke-website\/\"><br \/>\n  D\u1ecbch v\u1ee5 thi\u1ebft k\u1ebf website \u0111a n\u1ec1n t\u1ea3ng LADIGI<br \/>\n <\/a><br \/>\n .\n<\/p>\n<p>\n H\u00e3y \u0111\u1ec3 ch\u00fang t\u00f4i \u0111\u1ed3ng h\u00e0nh c\u00f9ng b\u1ea1n tr\u00ean con \u0111\u01b0\u1eddng ph\u00e1t tri\u1ec3n kinh doanh tr\u1ef1c tuy\u1ebfn!<\/p>\n","protected":false},"excerpt":{"rendered":"<p>D\u1ecbch v\u1ee5 thi\u1ebft k\u1ebf website b\u00e1n \u0111\u1ed3 b\u1ea3o h\u1ed9 lao \u0111\u1ed9ng v\u1edbi giao di\u1ec7n \u0111\u1eb9p, chuy\u00ean nghi\u1ec7p v\u00e0 d\u1ec5 s\u1eed d\u1ee5ng. Website t\u01b0\u01a1ng th\u00edch tr\u00ean m\u1ecdi thi\u1ebft b\u1ecb, s\u1eed d\u1ee5ng m\u00e3 ngu\u1ed3n Wordpress v\u1edbi Theme Flatsome v\u00e0 UX Builder \u0111\u1ec3 d\u1ec5 d\u00e0ng t\u00f9y bi\u1ebfn. T\u1ed1c \u0111\u1ed9 t\u1ea3i trang nhanh ch\u00f3ng, n\u00e2ng cao tr\u1ea3i nghi\u1ec7m ng\u01b0\u1eddi d\u00f9ng.<\/p>\n","protected":false},"featured_media":9165,"comment_status":"open","ping_status":"closed","template":"","meta":[],"product_cat":[16],"product_tag":[],"class_list":{"0":"post-9164","1":"product","2":"type-product","3":"status-publish","4":"has-post-thumbnail","6":"product_cat-tat-ca","8":"first","9":"instock","10":"shipping-taxable","11":"product-type-external"},"_links":{"self":[{"href":"https:\/\/ladigi.vn\/thiet-ke-website\/wp-json\/wp\/v2\/product\/9164","targetHints":{"allow":["GET"]}}],"collection":[{"href":"https:\/\/ladigi.vn\/thiet-ke-website\/wp-json\/wp\/v2\/product"}],"about":[{"href":"https:\/\/ladigi.vn\/thiet-ke-website\/wp-json\/wp\/v2\/types\/product"}],"replies":[{"embeddable":true,"href":"https:\/\/ladigi.vn\/thiet-ke-website\/wp-json\/wp\/v2\/comments?post=9164"}],"wp:featuredmedia":[{"embeddable":true,"href":"https:\/\/ladigi.vn\/thiet-ke-website\/wp-json\/wp\/v2\/media\/9165"}],"wp:attachment":[{"href":"https:\/\/ladigi.vn\/thiet-ke-website\/wp-json\/wp\/v2\/media?parent=9164"}],"wp:term":[{"taxonomy":"product_cat","embeddable":true,"href":"https:\/\/ladigi.vn\/thiet-ke-website\/wp-json\/wp\/v2\/product_cat?post=9164"},{"taxonomy":"product_tag","embeddable":true,"href":"https:\/\/ladigi.vn\/thiet-ke-website\/wp-json\/wp\/v2\/product_tag?post=9164"}],"curies":[{"name":"wp","href":"https:\/\/api.w.org\/{rel}","templated":true}]}}