{"id":9168,"date":"2025-01-10T18:06:19","date_gmt":"2025-01-10T11:06:19","guid":{"rendered":"https:\/\/ladigi.vn\/thiet-ke-website\/?post_type=product&#038;p=9168"},"modified":"2025-01-10T18:07:52","modified_gmt":"2025-01-10T11:07:52","slug":"theme-wordpress-ban-gom-su-01","status":"publish","type":"product","link":"https:\/\/ladigi.vn\/thiet-ke-website\/mau-web\/theme-wordpress-ban-gom-su-01\/","title":{"rendered":"G\u1ed1m s\u1ee9"},"content":{"rendered":"<h1>\n D\u1ecbch v\u1ee5 Thi\u1ebft k\u1ebf website Theme WordPress b\u00e1n g\u1ed1m s\u1ee9<br \/>\n<\/h1>\n<p>\n Ch\u00fang t\u00f4i t\u1ef1 h\u00e0o gi\u1edbi thi\u1ec7u d\u1ecbch v\u1ee5<br \/>\n <strong><br \/>\n  Thi\u1ebft k\u1ebf website Theme WordPress b\u00e1n g\u1ed1m s\u1ee9<br \/>\n <\/strong><br \/>\n v\u1edbi c\u00e1c \u01b0u \u0111i\u1ec3m n\u1ed5i b\u1eadt. \u0110\u1ed9i ng\u0169 thi\u1ebft k\u1ebf c\u1ee7a ch\u00fang t\u00f4i cam k\u1ebft mang \u0111\u1ebfn cho b\u1ea1n m\u1ed9t giao di\u1ec7n website:\n<\/p>\n<ul>\n<li>\n  <strong><br \/>\n   \u0110\u1eb9p v\u00e0 Chuy\u00ean nghi\u1ec7p<br \/>\n  <\/strong><br \/>\n  : Giao di\u1ec7n \u0111\u01b0\u1ee3c thi\u1ebft k\u1ebf tinh t\u1ebf, b\u1eaft m\u1eaft, gi\u00fap thu h\u00fat s\u1ef1 ch\u00fa \u00fd c\u1ee7a kh\u00e1ch h\u00e0ng, \u0111\u1ed3ng th\u1eddi t\u1ea1o n\u00ean s\u1ef1 tin t\u01b0\u1edfng cho th\u01b0\u01a1ng hi\u1ec7u c\u1ee7a b\u1ea1n.\n <\/li>\n<li>\n  <strong><br \/>\n   D\u1ec5 S\u1eed D\u1ee5ng<br \/>\n  <\/strong><br \/>\n  : V\u1edbi b\u1ed1 c\u1ee5c h\u1ee3p l\u00fd v\u00e0 th\u00e2n thi\u1ec7n v\u1edbi ng\u01b0\u1eddi d\u00f9ng, kh\u00e1ch h\u00e0ng c\u00f3 th\u1ec3 d\u1ec5 d\u00e0ng t\u00ecm ki\u1ebfm th\u00f4ng tin v\u00e0 s\u1ea3n ph\u1ea9m m\u00e0 h\u1ecd c\u1ea7n.\n <\/li>\n<\/ul>\n<p>\n Ngo\u00e0i ra, ch\u00fang t\u00f4i \u0111\u1ea3m b\u1ea3o r\u1eb1ng website c\u1ee7a b\u1ea1n s\u1ebd<br \/>\n <strong><br \/>\n  t\u01b0\u01a1ng th\u00edch tr\u00ean m\u1ecdi thi\u1ebft b\u1ecb<br \/>\n <\/strong><br \/>\n . Nh\u1edd v\u00e0o t\u00ednh n\u0103ng responsive, website s\u1ebd t\u1ef1 \u0111\u1ed9ng \u0111i\u1ec1u ch\u1ec9nh giao di\u1ec7n ph\u00f9 h\u1ee3p v\u1edbi k\u00edch th\u01b0\u1edbc m\u00e0n h\u00ecnh c\u1ee7a c\u00e1c thi\u1ebft b\u1ecb m\u00e0 kh\u00e1ch h\u00e0ng s\u1eed d\u1ee5ng, t\u1eeb m\u00e1y t\u00ednh b\u00e0n \u0111\u1ebfn \u0111i\u1ec7n tho\u1ea1i di \u0111\u1ed9ng.\n<\/p>\n<p>\n Ch\u00fang t\u00f4i s\u1eed d\u1ee5ng<br \/>\n <strong><br \/>\n  m\u00e3 ngu\u1ed3n WordPress v\u1edbi Theme Flatsome v\u00e0 UX Builder<br \/>\n <\/strong><br \/>\n , \u0111i\u1ec1u n\u00e0y kh\u00f4ng ch\u1ec9 gi\u00fap b\u1ea1n d\u1ec5 d\u00e0ng t\u00f9y bi\u1ebfn n\u1ed9i dung m\u00e0 c\u00f2n mang \u0111\u1ebfn nhi\u1ec1u l\u1ef1a ch\u1ecdn t\u00f9y ch\u1ec9nh phong ph\u00fa, gi\u00fap b\u1ea1n c\u00f3 \u0111\u01b0\u1ee3c m\u1ed9t website ho\u00e0n h\u1ea3o m\u00e0 kh\u00f4ng c\u1ea7n c\u00f3 nhi\u1ec1u ki\u1ebfn th\u1ee9c k\u1ef9 thu\u1eadt.\n<\/p>\n<p>\n M\u1ed9t y\u1ebfu t\u1ed1 quan tr\u1ecdng kh\u00f4ng th\u1ec3 thi\u1ebfu l\u00e0<br \/>\n <strong><br \/>\n  t\u1ed1c \u0111\u1ed9 t\u1ea3i trang nhanh<br \/>\n <\/strong><br \/>\n . V\u1edbi thi\u1ebft k\u1ebf t\u1ed1i \u01b0u v\u00e0 c\u00f4ng ngh\u1ec7 ti\u00ean ti\u1ebfn, website c\u1ee7a b\u1ea1n s\u1ebd t\u1ea3i trang m\u1ed9t c\u00e1ch nhanh ch\u00f3ng, gi\u00fap n\u00e2ng cao tr\u1ea3i nghi\u1ec7m ng\u01b0\u1eddi d\u00f9ng v\u00e0 c\u1ea3i thi\u1ec7n th\u1ee9 h\u1ea1ng SEO tr\u00ean c\u00e1c c\u00f4ng c\u1ee5 t\u00ecm ki\u1ebfm.\n<\/p>\n<p>\n N\u1ebfu b\u1ea1n \u0111ang t\u00ecm ki\u1ebfm m\u1ed9t \u0111\u01a1n v\u1ecb thi\u1ebft k\u1ebf website ch\u1ea5t l\u01b0\u1ee3ng, h\u00e3y \u0111\u1ebfn v\u1edbi<br \/>\n <strong><br \/>\n  LADIGI Agency<br \/>\n <\/strong><br \/>\n . Ch\u00fang t\u00f4i chuy\u00ean cung c\u1ea5p c\u00e1c gi\u1ea3i ph\u00e1p thi\u1ebft k\u1ebf website chuy\u00ean nghi\u1ec7p v\u00e0 \u0111\u00e1ng tin c\u1eady. \u0110\u1ec3 t\u00ecm hi\u1ec3u th\u00eam v\u1ec1 d\u1ecbch v\u1ee5 c\u1ee7a ch\u00fang t\u00f4i, b\u1ea1n c\u00f3 th\u1ec3 truy c\u1eadp v\u00e0o li\u00ean k\u1ebft sau:<br \/>\n <a href=\"https:\/\/ladigi.vn\/thiet-ke-website\/\"><br \/>\n  Thi\u1ebft k\u1ebf website chuy\u00ean nghi\u1ec7p LADIGI<br \/>\n <\/a><br \/>\n .<\/p>\n","protected":false},"excerpt":{"rendered":"<p>D\u1ecbch v\u1ee5 Thi\u1ebft k\u1ebf website Theme Wordpress cho c\u1eeda h\u00e0ng g\u1ed1m s\u1ee9 mang \u0111\u1ebfn giao di\u1ec7n \u0111\u1eb9p, chuy\u00ean nghi\u1ec7p v\u00e0 d\u1ec5 s\u1eed d\u1ee5ng. Website ho\u00e0n to\u00e0n t\u01b0\u01a1ng th\u00edch tr\u00ean m\u1ecdi thi\u1ebft b\u1ecb, s\u1eed d\u1ee5ng m\u00e3 ngu\u1ed3n Wordpress v\u1edbi Theme Flatsome v\u00e0 UX Builder d\u1ec5 t\u00f9y bi\u1ebfn, \u0111\u1ea3m b\u1ea3o t\u1ed1c \u0111\u1ed9 t\u1ea3i trang nhanh ch\u00f3ng.<\/p>\n","protected":false},"featured_media":9169,"comment_status":"open","ping_status":"closed","template":"","meta":[],"product_cat":[16],"product_tag":[],"class_list":{"0":"post-9168","1":"product","2":"type-product","3":"status-publish","4":"has-post-thumbnail","6":"product_cat-tat-ca","8":"first","9":"instock","10":"shipping-taxable","11":"product-type-external"},"_links":{"self":[{"href":"https:\/\/ladigi.vn\/thiet-ke-website\/wp-json\/wp\/v2\/product\/9168","targetHints":{"allow":["GET"]}}],"collection":[{"href":"https:\/\/ladigi.vn\/thiet-ke-website\/wp-json\/wp\/v2\/product"}],"about":[{"href":"https:\/\/ladigi.vn\/thiet-ke-website\/wp-json\/wp\/v2\/types\/product"}],"replies":[{"embeddable":true,"href":"https:\/\/ladigi.vn\/thiet-ke-website\/wp-json\/wp\/v2\/comments?post=9168"}],"wp:featuredmedia":[{"embeddable":true,"href":"https:\/\/ladigi.vn\/thiet-ke-website\/wp-json\/wp\/v2\/media\/9169"}],"wp:attachment":[{"href":"https:\/\/ladigi.vn\/thiet-ke-website\/wp-json\/wp\/v2\/media?parent=9168"}],"wp:term":[{"taxonomy":"product_cat","embeddable":true,"href":"https:\/\/ladigi.vn\/thiet-ke-website\/wp-json\/wp\/v2\/product_cat?post=9168"},{"taxonomy":"product_tag","embeddable":true,"href":"https:\/\/ladigi.vn\/thiet-ke-website\/wp-json\/wp\/v2\/product_tag?post=9168"}],"curies":[{"name":"wp","href":"https:\/\/api.w.org\/{rel}","templated":true}]}}