{"id":9176,"date":"2025-01-12T08:08:21","date_gmt":"2025-01-12T01:08:21","guid":{"rendered":"https:\/\/ladigi.vn\/thiet-ke-website\/?post_type=product&#038;p=9176"},"modified":"2025-01-12T08:10:02","modified_gmt":"2025-01-12T01:10:02","slug":"theme-wordpress-hai-san-2","status":"publish","type":"product","link":"https:\/\/ladigi.vn\/thiet-ke-website\/mau-web\/theme-wordpress-hai-san-2\/","title":{"rendered":"H\u1ea3i s\u1ea3n"},"content":{"rendered":"<p>\n Ch\u00e0o m\u1ecdi ng\u01b0\u1eddi,\n<\/p>\n<p>\n B\u1ea1n \u0111ang t\u00ecm ki\u1ebfm m\u1ed9t d\u1ecbch v\u1ee5 thi\u1ebft k\u1ebf website chuy\u00ean nghi\u1ec7p cho doanh nghi\u1ec7p h\u1ea3i s\u1ea3n c\u1ee7a m\u00ecnh? B\u1ea1n mu\u1ed1n c\u00f3 m\u1ed9t giao di\u1ec7n web \u0111\u1eb9p, d\u1ec5 s\u1eed d\u1ee5ng v\u00e0 t\u01b0\u01a1ng th\u00edch tr\u00ean m\u1ecdi thi\u1ebft b\u1ecb? H\u00e3y \u0111\u1ec3 LADIGI Agency gi\u00fap b\u1ea1n!\n<\/p>\n<p>\n V\u1edbi kinh nghi\u1ec7m l\u00e2u n\u0103m trong l\u0129nh v\u1ef1c thi\u1ebft k\u1ebf website, ch\u00fang t\u00f4i t\u1ef1 h\u00e0o mang \u0111\u1ebfn cho kh\u00e1ch h\u00e0ng d\u1ecbch v\u1ee5 thi\u1ebft k\u1ebf website Theme wordpress h\u1ea3i s\u1ea3n 2 \u0111\u1eb9p v\u00e0 chuy\u00ean nghi\u1ec7p nh\u1ea5t. Ch\u00fang t\u00f4i s\u1eed d\u1ee5ng m\u00e3 ngu\u1ed3n WordPress v\u1edbi Theme Flatsome v\u00e0 UX Builder \u0111\u1ec3 t\u1ea1o ra nh\u1eefng giao di\u1ec7n web \u0111\u1eb9p m\u1eaft v\u00e0 d\u1ec5 t\u00f9y bi\u1ebfn theo \u00fd mu\u1ed1n c\u1ee7a kh\u00e1ch h\u00e0ng.\n<\/p>\n<p>\n Kh\u00f4ng ch\u1ec9 \u0111\u1eb9p m\u1eaft, giao di\u1ec7n web c\u1ee7a ch\u00fang t\u00f4i c\u00f2n \u0111\u01b0\u1ee3c t\u1ed1i \u01b0u h\u00f3a \u0111\u1ec3 t\u01b0\u01a1ng th\u00edch tr\u00ean m\u1ecdi thi\u1ebft b\u1ecb, t\u1eeb m\u00e1y t\u00ednh \u0111\u1ec3 b\u00e0n \u0111\u1ebfn \u0111i\u1ec7n tho\u1ea1i di \u0111\u1ed9ng. \u0110i\u1ec1u n\u00e0y gi\u00fap kh\u00e1ch h\u00e0ng c\u1ee7a b\u1ea1n c\u00f3 th\u1ec3 truy c\u1eadp v\u00e0 tr\u1ea3i nghi\u1ec7m website c\u1ee7a b\u1ea1n m\u1ed9t c\u00e1ch thu\u1eadn ti\u1ec7n v\u00e0 d\u1ec5 d\u00e0ng.\n<\/p>\n<p>\n \u0110\u1eb7c bi\u1ec7t, t\u1ed1c \u0111\u1ed9 t\u1ea3i trang c\u1ee7a website \u0111\u01b0\u1ee3c ch\u00fang t\u00f4i \u0111\u1ea3m b\u1ea3o nhanh ch\u00f3ng, gi\u00fap ng\u01b0\u1eddi d\u00f9ng kh\u00f4ng ph\u1ea3i ch\u1edd \u0111\u1ee3i l\u00e2u \u0111\u1ec3 truy c\u1eadp v\u00e0 duy\u1ec7t website c\u1ee7a b\u1ea1n. \u0110i\u1ec1u n\u00e0y s\u1ebd gi\u00fap t\u0103ng tr\u1ea3i nghi\u1ec7m c\u1ee7a kh\u00e1ch h\u00e0ng v\u00e0 n\u00e2ng cao \u0111\u1ed9 tin c\u1eady c\u1ee7a doanh nghi\u1ec7p c\u1ee7a b\u1ea1n.\n<\/p>\n<p>\n N\u1ebfu b\u1ea1n \u0111ang t\u00ecm ki\u1ebfm m\u1ed9t \u0111\u01a1n v\u1ecb thi\u1ebft k\u1ebf website \u0111a ng\u00f4n ng\u1eef, h\u00e3y \u0111\u1ebfn v\u1edbi LADIGI Agency. Ch\u00fang t\u00f4i c\u00f3 \u0111\u1ed9i ng\u0169 nh\u00e2n vi\u00ean gi\u00e0u kinh nghi\u1ec7m v\u00e0 am hi\u1ec3u s\u00e2u s\u1eafc v\u1ec1 c\u00e1c ng\u00f4n ng\u1eef kh\u00e1c nhau, gi\u00fap b\u1ea1n c\u00f3 m\u1ed9t website \u0111a ng\u00f4n ng\u1eef ho\u00e0n h\u1ea3o \u0111\u1ec3 ph\u1ee5c v\u1ee5 kh\u00e1ch h\u00e0ng tr\u00ean to\u00e0n th\u1ebf gi\u1edbi.\n<\/p>\n<p>\n V\u1edbi LADIGI Agency, b\u1ea1n s\u1ebd ho\u00e0n to\u00e0n y\u00ean t\u00e2m v\u1ec1 ch\u1ea5t l\u01b0\u1ee3ng v\u00e0 hi\u1ec7u qu\u1ea3 c\u1ee7a d\u1ecbch v\u1ee5 thi\u1ebft k\u1ebf website c\u1ee7a ch\u00fang t\u00f4i. H\u00e3y \u0111\u1ec3 ch\u00fang t\u00f4i gi\u00fap b\u1ea1n x\u00e2y d\u1ef1ng m\u1ed9t website chuy\u00ean nghi\u1ec7p v\u00e0 hi\u1ec7u qu\u1ea3 cho doanh nghi\u1ec7p c\u1ee7a b\u1ea1n.\n<\/p>\n<p>\n \u0110\u1ec3 bi\u1ebft th\u00eam th\u00f4ng tin chi ti\u1ebft v\u1ec1 d\u1ecbch v\u1ee5 thi\u1ebft k\u1ebf website c\u1ee7a ch\u00fang t\u00f4i, vui l\u00f2ng truy c\u1eadp<br \/>\n <a href=\"https:\/\/ladigi.vn\/thiet-ke-website\/\"><br \/>\n  Thi\u1ebft k\u1ebf website \u0111a ng\u00f4n ng\u1eef LADIGI<br \/>\n <\/a><br \/>\n . H\u00e3y \u0111\u1ec3 ch\u00fang t\u00f4i tr\u1edf th\u00e0nh \u0111\u1ed1i t\u00e1c \u0111\u00e1ng tin c\u1eady c\u1ee7a b\u1ea1n trong vi\u1ec7c ph\u00e1t tri\u1ec3n doanh nghi\u1ec7p tr\u00ean m\u1ea1ng. H\u00e3y li\u00ean h\u1ec7 v\u1edbi ch\u00fang t\u00f4i ngay h\u00f4m nay \u0111\u1ec3 b\u1eaft \u0111\u1ea7u!\n<\/p>\n<p>\n Tr\u00e2n tr\u1ecdng,\n<\/p>\n<p>\n LADIGI Agency<\/p>\n","protected":false},"excerpt":{"rendered":"<p>D\u1ecbch v\u1ee5 Thi\u1ebft k\u1ebf website Theme wordpress h\u1ea3i s\u1ea3n 2 mang \u0111\u1ebfn cho kh\u00e1ch h\u00e0ng m\u1ed9t giao di\u1ec7n web \u0111\u1eb9p, chuy\u00ean nghi\u1ec7p v\u00e0 d\u1ec5 s\u1eed d\u1ee5ng. V\u1edbi thi\u1ebft k\u1ebf t\u01b0\u01a1ng th\u00edch tr\u00ean m\u1ecdi thi\u1ebft b\u1ecb, ng\u01b0\u1eddi d\u00f9ng c\u00f3 th\u1ec3 truy c\u1eadp v\u00e0 tr\u1ea3i nghi\u1ec7m tr\u00ean m\u1ecdi n\u1ec1n t\u1ea3ng. S\u1eed d\u1ee5ng m\u00e3 ngu\u1ed3n Wordpress v\u1edbi Theme Flatsome v\u00e0 UX Builder, kh\u00e1ch h\u00e0ng c\u00f3 th\u1ec3 d\u1ec5 d\u00e0ng t\u00f9y bi\u1ebfn giao di\u1ec7n theo \u00fd th\u00edch. \u0110\u1eb7c bi\u1ec7t, t\u1ed1c \u0111\u1ed9 t\u1ea3i trang nhanh gi\u00fap ng\u01b0\u1eddi d\u00f9ng c\u00f3 tr\u1ea3i nghi\u1ec7m m\u01b0\u1ee3t m\u00e0 v\u00e0 ti\u1ebft ki\u1ec7m th\u1eddi gian.<\/p>\n","protected":false},"featured_media":9177,"comment_status":"open","ping_status":"closed","template":"","meta":[],"product_cat":[16],"product_tag":[],"class_list":{"0":"post-9176","1":"product","2":"type-product","3":"status-publish","4":"has-post-thumbnail","6":"product_cat-tat-ca","8":"first","9":"instock","10":"shipping-taxable","11":"product-type-external"},"_links":{"self":[{"href":"https:\/\/ladigi.vn\/thiet-ke-website\/wp-json\/wp\/v2\/product\/9176","targetHints":{"allow":["GET"]}}],"collection":[{"href":"https:\/\/ladigi.vn\/thiet-ke-website\/wp-json\/wp\/v2\/product"}],"about":[{"href":"https:\/\/ladigi.vn\/thiet-ke-website\/wp-json\/wp\/v2\/types\/product"}],"replies":[{"embeddable":true,"href":"https:\/\/ladigi.vn\/thiet-ke-website\/wp-json\/wp\/v2\/comments?post=9176"}],"wp:featuredmedia":[{"embeddable":true,"href":"https:\/\/ladigi.vn\/thiet-ke-website\/wp-json\/wp\/v2\/media\/9177"}],"wp:attachment":[{"href":"https:\/\/ladigi.vn\/thiet-ke-website\/wp-json\/wp\/v2\/media?parent=9176"}],"wp:term":[{"taxonomy":"product_cat","embeddable":true,"href":"https:\/\/ladigi.vn\/thiet-ke-website\/wp-json\/wp\/v2\/product_cat?post=9176"},{"taxonomy":"product_tag","embeddable":true,"href":"https:\/\/ladigi.vn\/thiet-ke-website\/wp-json\/wp\/v2\/product_tag?post=9176"}],"curies":[{"name":"wp","href":"https:\/\/api.w.org\/{rel}","templated":true}]}}