{"id":9182,"date":"2025-01-10T20:00:20","date_gmt":"2025-01-10T13:00:20","guid":{"rendered":"https:\/\/ladigi.vn\/thiet-ke-website\/?post_type=product&#038;p=9182"},"modified":"2025-01-10T20:01:57","modified_gmt":"2025-01-10T13:01:57","slug":"theme-wordpress-ban-rem-cua-dep","status":"publish","type":"product","link":"https:\/\/ladigi.vn\/thiet-ke-website\/mau-web\/theme-wordpress-ban-rem-cua-dep\/","title":{"rendered":"C\u1eeda h\u00e0ng b\u00e1n r\u00e8m c\u1eeda \u0111\u1eb9p"},"content":{"rendered":"<h1>\n D\u1ecbch v\u1ee5 Thi\u1ebft k\u1ebf website Theme WordPress b\u00e1n r\u00e8m c\u1eeda \u0111\u1eb9p<br \/>\n<\/h1>\n<p>\n B\u1ea1n \u0111ang t\u00ecm ki\u1ebfm m\u1ed9t d\u1ecbch v\u1ee5 thi\u1ebft k\u1ebf website chuy\u00ean nghi\u1ec7p cho c\u1eeda h\u00e0ng r\u00e8m c\u1eeda c\u1ee7a m\u00ecnh? Ch\u00fang t\u00f4i t\u1ef1 h\u00e0o gi\u1edbi thi\u1ec7u d\u1ecbch v\u1ee5<br \/>\n <strong><br \/>\n  thi\u1ebft k\u1ebf website Theme WordPress<br \/>\n <\/strong><br \/>\n v\u1edbi nh\u1eefng t\u00ednh n\u0103ng n\u1ed5i b\u1eadt, mang \u0111\u1ebfn tr\u1ea3i nghi\u1ec7m tuy\u1ec7t v\u1eddi cho c\u1ea3 b\u1ea1n v\u00e0 kh\u00e1ch h\u00e0ng.\n<\/p>\n<h2>\n Giao di\u1ec7n web \u0111\u1eb9p v\u00e0 chuy\u00ean nghi\u1ec7p<br \/>\n<\/h2>\n<p>\n Website c\u1ee7a b\u1ea1n s\u1ebd \u0111\u01b0\u1ee3c thi\u1ebft k\u1ebf v\u1edbi giao di\u1ec7n tr\u1ef1c quan, b\u1eaft m\u1eaft, gi\u00fap thu h\u00fat s\u1ef1 ch\u00fa \u00fd v\u00e0 gi\u1eef ch\u00e2n kh\u00e1ch h\u00e0ng. M\u1ed7i chi ti\u1ebft \u0111\u01b0\u1ee3c ch\u0103m ch\u00fat t\u1ec9 m\u1ec9, t\u1eeb m\u00e0u s\u1eafc \u0111\u1ebfn font ch\u1eef, t\u1ea5t c\u1ea3 \u0111\u1ec1u nh\u1eb1m t\u1ea1o n\u00ean m\u1ed9t kh\u00f4ng gian mua s\u1eafm \u0111\u1eb3ng c\u1ea5p cho s\u1ea3n ph\u1ea9m r\u00e8m c\u1eeda.\n<\/p>\n<h2>\n T\u01b0\u01a1ng th\u00edch tr\u00ean m\u1ecdi thi\u1ebft b\u1ecb<br \/>\n<\/h2>\n<p>\n Ch\u00fang t\u00f4i cam k\u1ebft r\u1eb1ng website s\u1ebd ho\u1ea1t \u0111\u1ed9ng ho\u00e0n h\u1ea3o tr\u00ean m\u1ecdi thi\u1ebft b\u1ecb, t\u1eeb m\u00e1y t\u00ednh \u0111\u1ec3 b\u00e0n cho \u0111\u1ebfn \u0111i\u1ec7n tho\u1ea1i di \u0111\u1ed9ng. \u0110i\u1ec1u n\u00e0y gi\u00fap kh\u00e1ch h\u00e0ng c\u00f3 th\u1ec3 d\u1ec5 d\u00e0ng truy c\u1eadp v\u00e0 t\u1eadn h\u01b0\u1edfng tr\u1ea3i nghi\u1ec7m mua s\u1eafm \u1edf b\u1ea5t k\u1ef3 \u0111\u00e2u, b\u1ea5t k\u1ef3 l\u00fac n\u00e0o.\n<\/p>\n<h2>\n M\u00e3 ngu\u1ed3n WordPress v\u1edbi Theme Flatsome v\u00e0 UX Builder d\u1ec5 t\u00f9y bi\u1ebfn<br \/>\n<\/h2>\n<p>\n Ch\u00fang t\u00f4i s\u1eed d\u1ee5ng m\u00e3 ngu\u1ed3n WordPress m\u1ea1nh m\u1ebd k\u1ebft h\u1ee3p v\u1edbi<br \/>\n <strong><br \/>\n  Theme Flatsome<br \/>\n <\/strong><br \/>\n v\u00e0<br \/>\n <strong><br \/>\n  UX Builder<br \/>\n <\/strong><br \/>\n cho ph\u00e9p b\u1ea1n d\u1ec5 d\u00e0ng t\u00f9y bi\u1ebfn giao di\u1ec7n theo \u00fd mu\u1ed1n. \u0110i\u1ec1u n\u00e0y kh\u00f4ng ch\u1ec9 gi\u00fap ti\u1ebft ki\u1ec7m th\u1eddi gian m\u00e0 c\u00f2n mang l\u1ea1i s\u1ef1 linh ho\u1ea1t trong vi\u1ec7c thay \u0111\u1ed5i v\u00e0 n\u00e2ng c\u1ea5p website khi c\u1ea7n thi\u1ebft.\n<\/p>\n<h2>\n T\u1ed1c \u0111\u1ed9 t\u1ea3i trang nhanh<br \/>\n<\/h2>\n<p>\n Ch\u00fang t\u00f4i hi\u1ec3u r\u1eb1ng t\u1ed1c \u0111\u1ed9 t\u1ea3i trang l\u00e0 m\u1ed9t y\u1ebfu t\u1ed1 quan tr\u1ecdng trong vi\u1ec7c gi\u1eef ch\u00e2n kh\u00e1ch h\u00e0ng. V\u1edbi c\u00f4ng ngh\u1ec7 t\u1ed1i \u01b0u h\u00f3a hi\u1ec7n \u0111\u1ea1i, website s\u1ebd \u0111\u01b0\u1ee3c t\u1ed1i \u01b0u \u0111\u1ec3 c\u00f3 t\u1ed1c \u0111\u1ed9 t\u1ea3i nhanh, gi\u1ea3m thi\u1ec3u th\u1eddi gian ch\u1edd \u0111\u1ee3i cho ng\u01b0\u1eddi s\u1eed d\u1ee5ng.\n<\/p>\n<h3>\n Li\u00ean h\u1ec7 v\u1edbi ch\u00fang t\u00f4i<br \/>\n<\/h3>\n<p>\n Ch\u1eafc ch\u1eafn r\u1eb1ng d\u1ecbch v\u1ee5 thi\u1ebft k\u1ebf website c\u1ee7a ch\u00fang t\u00f4i s\u1ebd gi\u00fap b\u1ea1n x\u00e2y d\u1ef1ng m\u1ed9t c\u1eeda h\u00e0ng tr\u1ef1c tuy\u1ebfn l\u00fd t\u01b0\u1edfng cho s\u1ea3n ph\u1ea9m r\u00e8m c\u1eeda c\u1ee7a m\u00ecnh. H\u00e3y \u0111\u1ec3<br \/>\n <strong><br \/>\n  LADIGI Agency<br \/>\n <\/strong><br \/>\n \u0111\u1ed3ng h\u00e0nh c\u00f9ng b\u1ea1n trong vi\u1ec7c ph\u00e1t tri\u1ec3n th\u01b0\u01a1ng hi\u1ec7u v\u00e0 gia t\u0103ng doanh s\u1ed1.\n<\/p>\n<p>\n T\u00ecm hi\u1ec3u th\u00eam v\u1ec1 ch\u00fang t\u00f4i qua<br \/>\n <a href=\"https:\/\/ladigi.vn\/thiet-ke-website\/\"><br \/>\n  D\u1ecbch v\u1ee5 thi\u1ebft k\u1ebf website LADIGI<br \/>\n <\/a><br \/>\n .<\/p>\n","protected":false},"excerpt":{"rendered":"<p>D\u1ecbch v\u1ee5 thi\u1ebft k\u1ebf website b\u00e1n r\u00e8m c\u1eeda \u0111\u1eb9p s\u1eed d\u1ee5ng m\u00e3 ngu\u1ed3n Wordpress v\u1edbi Theme Flatsome v\u00e0 UX Builder, mang \u0111\u1ebfn giao di\u1ec7n chuy\u00ean nghi\u1ec7p, \u0111\u1eb9p m\u1eaft v\u00e0 d\u1ec5 s\u1eed d\u1ee5ng. Trang web t\u01b0\u01a1ng th\u00edch tr\u00ean m\u1ecdi thi\u1ebft b\u1ecb v\u00e0 c\u00f3 t\u1ed1c \u0111\u1ed9 t\u1ea3i trang nhanh, gi\u00fap t\u1ed1i \u01b0u tr\u1ea3i nghi\u1ec7m ng\u01b0\u1eddi d\u00f9ng.<\/p>\n","protected":false},"featured_media":9183,"comment_status":"open","ping_status":"closed","template":"","meta":[],"product_cat":[16],"product_tag":[],"class_list":{"0":"post-9182","1":"product","2":"type-product","3":"status-publish","4":"has-post-thumbnail","6":"product_cat-tat-ca","8":"first","9":"instock","10":"shipping-taxable","11":"product-type-external"},"_links":{"self":[{"href":"https:\/\/ladigi.vn\/thiet-ke-website\/wp-json\/wp\/v2\/product\/9182","targetHints":{"allow":["GET"]}}],"collection":[{"href":"https:\/\/ladigi.vn\/thiet-ke-website\/wp-json\/wp\/v2\/product"}],"about":[{"href":"https:\/\/ladigi.vn\/thiet-ke-website\/wp-json\/wp\/v2\/types\/product"}],"replies":[{"embeddable":true,"href":"https:\/\/ladigi.vn\/thiet-ke-website\/wp-json\/wp\/v2\/comments?post=9182"}],"wp:featuredmedia":[{"embeddable":true,"href":"https:\/\/ladigi.vn\/thiet-ke-website\/wp-json\/wp\/v2\/media\/9183"}],"wp:attachment":[{"href":"https:\/\/ladigi.vn\/thiet-ke-website\/wp-json\/wp\/v2\/media?parent=9182"}],"wp:term":[{"taxonomy":"product_cat","embeddable":true,"href":"https:\/\/ladigi.vn\/thiet-ke-website\/wp-json\/wp\/v2\/product_cat?post=9182"},{"taxonomy":"product_tag","embeddable":true,"href":"https:\/\/ladigi.vn\/thiet-ke-website\/wp-json\/wp\/v2\/product_tag?post=9182"}],"curies":[{"name":"wp","href":"https:\/\/api.w.org\/{rel}","templated":true}]}}