{"id":9186,"date":"2025-01-10T18:36:02","date_gmt":"2025-01-10T11:36:02","guid":{"rendered":"https:\/\/ladigi.vn\/thiet-ke-website\/?post_type=product&#038;p=9186"},"modified":"2025-01-10T18:37:37","modified_gmt":"2025-01-10T11:37:37","slug":"theme-wordpress-ban-heo-quay","status":"publish","type":"product","link":"https:\/\/ladigi.vn\/thiet-ke-website\/mau-web\/theme-wordpress-ban-heo-quay\/","title":{"rendered":"Shop b\u00e1n heo quay"},"content":{"rendered":"<p>\n &#8220;`markdown\n<\/p>\n<h1>\n D\u1ecbch v\u1ee5 Thi\u1ebft k\u1ebf website Theme WordPress b\u00e1n heo quay<br \/>\n<\/h1>\n<p>\n B\u1ea1n \u0111ang t\u00ecm ki\u1ebfm m\u1ed9t gi\u1ea3i ph\u00e1p ho\u00e0n h\u1ea3o \u0111\u1ec3 qu\u1ea3ng b\u00e1 m\u00f3n \u0103n \u0111\u1eb7c tr\u01b0ng c\u1ee7a m\u00ecnh? Ch\u00fang t\u00f4i xin gi\u1edbi thi\u1ec7u d\u1ecbch v\u1ee5 thi\u1ebft k\u1ebf website b\u00e1n heo quay chuy\u00ean nghi\u1ec7p. V\u1edbi giao di\u1ec7n web \u0111\u1eb9p m\u1eaft v\u00e0 d\u1ec5 s\u1eed d\u1ee5ng, ch\u00fang t\u00f4i cam k\u1ebft mang \u0111\u1ebfn cho b\u1ea1n m\u1ed9t trang web thu h\u00fat kh\u00e1ch h\u00e0ng ngay t\u1eeb c\u00e1i nh\u00ecn \u0111\u1ea7u ti\u00ean.\n<\/p>\n<h2>\n Giao di\u1ec7n web \u0111\u1eb9p, chuy\u00ean nghi\u1ec7p v\u00e0 d\u1ec5 s\u1eed d\u1ee5ng<br \/>\n<\/h2>\n<p>\n Giao di\u1ec7n c\u1ee7a website \u0111\u01b0\u1ee3c thi\u1ebft k\u1ebf b\u00e1m s\u00e1t xu h\u01b0\u1edbng hi\u1ec7n \u0111\u1ea1i, v\u1edbi m\u00e0u s\u1eafc b\u1eaft m\u1eaft v\u00e0 h\u00ecnh \u1ea3nh r\u00f5 n\u00e9t. V\u1edbi s\u1ef1 \u0111\u01a1n gi\u1ea3n v\u00e0 d\u1ec5 d\u00e0ng trong c\u00e1ch b\u1ed1 tr\u00ed, ng\u01b0\u1eddi d\u00f9ng c\u00f3 th\u1ec3 d\u1ec5 d\u00e0ng t\u00ecm ki\u1ebfm th\u00f4ng tin v\u00e0 th\u1ef1c hi\u1ec7n c\u00e1c thao t\u00e1c m\u00e0 kh\u00f4ng g\u1eb7p kh\u00f3 kh\u0103n.\n<\/p>\n<h2>\n T\u01b0\u01a1ng th\u00edch tr\u00ean m\u1ecdi thi\u1ebft b\u1ecb<br \/>\n<\/h2>\n<p>\n Website \u0111\u01b0\u1ee3c t\u1ed1i \u01b0u h\u00f3a \u0111\u1ec3 ho\u00e0n to\u00e0n t\u01b0\u01a1ng th\u00edch tr\u00ean m\u1ecdi thi\u1ebft b\u1ecb, t\u1eeb m\u00e1y t\u00ednh \u0111\u1ec3 b\u00e0n, laptop \u0111\u1ebfn \u0111i\u1ec7n tho\u1ea1i th\u00f4ng minh v\u00e0 m\u00e1y t\u00ednh b\u1ea3ng. \u0110i\u1ec1u n\u00e0y gi\u00fap kh\u00e1ch h\u00e0ng c\u00f3 th\u1ec3 truy c\u1eadp d\u1ec5 d\u00e0ng b\u1ea5t c\u1ee9 l\u00fac n\u00e0o v\u00e0 \u1edf \u0111\u00e2u, n\u00e2ng cao tr\u1ea3i nghi\u1ec7m ng\u01b0\u1eddi d\u00f9ng.\n<\/p>\n<h2>\n M\u00e3 ngu\u1ed3n WordPress v\u1edbi Theme Flatsome v\u00e0 UX Builder d\u1ec5 t\u00f9y bi\u1ebfn<br \/>\n<\/h2>\n<p>\n Ch\u00fang t\u00f4i s\u1eed d\u1ee5ng m\u00e3 ngu\u1ed3n WordPress v\u1edbi Theme Flatsome, \u0111i k\u00e8m v\u1edbi UX Builder, gi\u00fap b\u1ea1n d\u1ec5 d\u00e0ng t\u00f9y bi\u1ebfn v\u00e0 c\u1eadp nh\u1eadt n\u1ed9i dung m\u00e0 kh\u00f4ng c\u1ea7n ph\u1ea3i c\u00f3 ki\u1ebfn th\u1ee9c l\u1eadp tr\u00ecnh. B\u1ea1n c\u00f3 th\u1ec3 thay \u0111\u1ed5i h\u00ecnh \u1ea3nh, th\u00eam b\u00e0i vi\u1ebft ho\u1eb7c ch\u1ec9nh s\u1eeda b\u1ed1 c\u1ee5c ch\u1ec9 b\u1eb1ng v\u00e0i c\u00fa nh\u1ea5p chu\u1ed9t.\n<\/p>\n<h2>\n T\u1ed1c \u0111\u1ed9 t\u1ea3i trang nhanh<br \/>\n<\/h2>\n<p>\n Ch\u00fang t\u00f4i ch\u00fa tr\u1ecdng v\u00e0o hi\u1ec7u su\u1ea5t ho\u1ea1t \u0111\u1ed9ng c\u1ee7a website. V\u1edbi c\u00e1c k\u1ef9 thu\u1eadt t\u1ed1i \u01b0u h\u00f3a t\u1ed1c \u0111\u1ed9 t\u1ea3i trang, kh\u00e1ch h\u00e0ng s\u1ebd c\u00f3 tr\u1ea3i nghi\u1ec7m truy c\u1eadp m\u01b0\u1ee3t m\u00e0 v\u00e0 nhanh ch\u00f3ng. \u0110i\u1ec1u n\u00e0y kh\u00f4ng ch\u1ec9 gi\u00fap t\u0103ng l\u01b0\u1ee3ng truy c\u1eadp m\u00e0 c\u00f2n c\u1ea3i thi\u1ec7n th\u1ee9 h\u1ea1ng t\u00ecm ki\u1ebfm tr\u00ean c\u00e1c c\u00f4ng c\u1ee5 t\u00ecm ki\u1ebfm.\n<\/p>\n<hr\/>\n<p>\n N\u1ebfu b\u1ea1n \u0111ang t\u00ecm ki\u1ebfm m\u1ed9t \u0111\u01a1n v\u1ecb thi\u1ebft k\u1ebf website ch\u1ea5t l\u01b0\u1ee3ng v\u00e0 chuy\u00ean nghi\u1ec7p, h\u00e3y \u0111\u1ec3<br \/>\n <strong><br \/>\n  LADIGI Agency<br \/>\n <\/strong><br \/>\n \u0111\u1ed3ng h\u00e0nh c\u00f9ng b\u1ea1n. Ch\u00fang t\u00f4i cam k\u1ebft mang l\u1ea1i nh\u1eefng s\u1ea3n ph\u1ea9m t\u1ed1t nh\u1ea5t \u0111\u1ec3 b\u1ea1n ph\u00e1t tri\u1ec3n kinh doanh m\u1ed9t c\u00e1ch hi\u1ec7u qu\u1ea3.\n<\/p>\n<p>\n <a href=\"https:\/\/ladigi.vn\/thiet-ke-website\/\"><br \/>\n  Ngo\u00e0i ra, b\u1ea1n c\u00f3 th\u1ec3 t\u00ecm hi\u1ec3u th\u00eam t\u1ea1i \u0111\u00e2y: C\u00f4ng ty thi\u1ebft k\u1ebf website chuy\u00ean nghi\u1ec7p LADIGI<br \/>\n <\/a><br \/>\n &#8220;`<\/p>\n","protected":false},"excerpt":{"rendered":"<p>D\u1ecbch v\u1ee5 thi\u1ebft k\u1ebf website b\u00e1n heo quay s\u1eed d\u1ee5ng m\u00e3 ngu\u1ed3n Wordpress v\u1edbi Theme Flatsome v\u00e0 UX Builder, \u0111\u1ea3m b\u1ea3o giao di\u1ec7n \u0111\u1eb9p m\u1eaft, chuy\u00ean nghi\u1ec7p v\u00e0 d\u1ec5 s\u1eed d\u1ee5ng. Website t\u01b0\u01a1ng th\u00edch tr\u00ean m\u1ecdi thi\u1ebft b\u1ecb, t\u1ed1c \u0111\u1ed9 t\u1ea3i trang nhanh ch\u00f3ng, gi\u00fap t\u1ed1i \u01b0u tr\u1ea3i nghi\u1ec7m ng\u01b0\u1eddi d\u00f9ng v\u00e0 t\u0103ng c\u01b0\u1eddng hi\u1ec7u qu\u1ea3 kinh doanh.<\/p>\n","protected":false},"featured_media":9187,"comment_status":"open","ping_status":"closed","template":"","meta":[],"product_cat":[16],"product_tag":[],"class_list":{"0":"post-9186","1":"product","2":"type-product","3":"status-publish","4":"has-post-thumbnail","6":"product_cat-tat-ca","8":"first","9":"instock","10":"shipping-taxable","11":"product-type-external"},"_links":{"self":[{"href":"https:\/\/ladigi.vn\/thiet-ke-website\/wp-json\/wp\/v2\/product\/9186","targetHints":{"allow":["GET"]}}],"collection":[{"href":"https:\/\/ladigi.vn\/thiet-ke-website\/wp-json\/wp\/v2\/product"}],"about":[{"href":"https:\/\/ladigi.vn\/thiet-ke-website\/wp-json\/wp\/v2\/types\/product"}],"replies":[{"embeddable":true,"href":"https:\/\/ladigi.vn\/thiet-ke-website\/wp-json\/wp\/v2\/comments?post=9186"}],"wp:featuredmedia":[{"embeddable":true,"href":"https:\/\/ladigi.vn\/thiet-ke-website\/wp-json\/wp\/v2\/media\/9187"}],"wp:attachment":[{"href":"https:\/\/ladigi.vn\/thiet-ke-website\/wp-json\/wp\/v2\/media?parent=9186"}],"wp:term":[{"taxonomy":"product_cat","embeddable":true,"href":"https:\/\/ladigi.vn\/thiet-ke-website\/wp-json\/wp\/v2\/product_cat?post=9186"},{"taxonomy":"product_tag","embeddable":true,"href":"https:\/\/ladigi.vn\/thiet-ke-website\/wp-json\/wp\/v2\/product_tag?post=9186"}],"curies":[{"name":"wp","href":"https:\/\/api.w.org\/{rel}","templated":true}]}}