{"id":9196,"date":"2025-01-12T14:45:27","date_gmt":"2025-01-12T07:45:27","guid":{"rendered":"https:\/\/ladigi.vn\/thiet-ke-website\/?post_type=product&#038;p=9196"},"modified":"2025-01-12T14:47:07","modified_gmt":"2025-01-12T07:47:07","slug":"theme-wordpress-phong-tap-gym-01","status":"publish","type":"product","link":"https:\/\/ladigi.vn\/thiet-ke-website\/mau-web\/theme-wordpress-phong-tap-gym-01\/","title":{"rendered":"Ph\u00f2ng t\u1eadp gym"},"content":{"rendered":"<p>\n Ch\u00e0o m\u1eebng \u0111\u1ebfn v\u1edbi LADIGI Agency &#8211; \u0111\u01a1n v\u1ecb thi\u1ebft k\u1ebf website chuy\u00ean nghi\u1ec7p v\u00e0 uy t\u00edn t\u1ea1i Vi\u1ec7t Nam!\n<\/p>\n<p>\n B\u1ea1n \u0111ang c\u00f3 k\u1ebf ho\u1ea1ch m\u1edf m\u1ed9t ph\u00f2ng t\u1eadp gym v\u00e0 \u0111ang t\u00ecm ki\u1ebfm m\u1ed9t giao di\u1ec7n website \u0111\u1eb9p v\u00e0 chuy\u00ean nghi\u1ec7p \u0111\u1ec3 gi\u1edbi thi\u1ec7u d\u1ecbch v\u1ee5 c\u1ee7a m\u00ecnh? H\u00e3y \u0111\u1ec3 LADIGI Agency gi\u00fap b\u1ea1n!\n<\/p>\n<p>\n V\u1edbi kinh nghi\u1ec7m l\u00e2u n\u0103m trong l\u0129nh v\u1ef1c thi\u1ebft k\u1ebf website, ch\u00fang t\u00f4i t\u1ef1 tin mang \u0111\u1ebfn cho b\u1ea1n giao di\u1ec7n web \u0111\u1eb9p m\u1eaft v\u00e0 d\u1ec5 s\u1eed d\u1ee5ng. Ch\u00fang t\u00f4i lu\u00f4n \u0111\u1eb7t s\u1ef1 h\u00e0i l\u00f2ng c\u1ee7a kh\u00e1ch h\u00e0ng l\u00ean h\u00e0ng \u0111\u1ea7u v\u00e0 cam k\u1ebft \u0111em \u0111\u1ebfn cho b\u1ea1n m\u1ed9t trang web ho\u00e0n h\u1ea3o \u0111\u1ec3 qu\u1ea3ng b\u00e1 d\u1ecbch v\u1ee5 v\u00e0 thu h\u00fat kh\u00e1ch h\u00e0ng.\n<\/p>\n<p>\n Giao di\u1ec7n web \u0111\u01b0\u1ee3c thi\u1ebft k\u1ebf b\u1edfi LADIGI Agency s\u1ebd \u0111\u1ea3m b\u1ea3o t\u01b0\u01a1ng th\u00edch tr\u00ean m\u1ecdi thi\u1ebft b\u1ecb, t\u1eeb m\u00e1y t\u00ednh \u0111\u1ec3 b\u00e0n \u0111\u1ebfn \u0111i\u1ec7n tho\u1ea1i di \u0111\u1ed9ng. \u0110i\u1ec1u n\u00e0y s\u1ebd gi\u00fap kh\u00e1ch h\u00e0ng c\u1ee7a b\u1ea1n c\u00f3 th\u1ec3 truy c\u1eadp v\u00e0 tr\u1ea3i nghi\u1ec7m trang web c\u1ee7a b\u1ea1n m\u1ed9t c\u00e1ch thu\u1eadn ti\u1ec7n v\u00e0 d\u1ec5 d\u00e0ng.\n<\/p>\n<p>\n M\u00e3 ngu\u1ed3n c\u1ee7a website s\u1ebd \u0111\u01b0\u1ee3c x\u00e2y d\u1ef1ng tr\u00ean n\u1ec1n t\u1ea3ng WordPress, v\u1edbi s\u1ef1 k\u1ebft h\u1ee3p gi\u1eefa Theme Flatsome v\u00e0 UX Builder. \u0110i\u1ec1u n\u00e0y s\u1ebd gi\u00fap cho trang web c\u1ee7a b\u1ea1n c\u00f3 th\u1ec3 d\u1ec5 d\u00e0ng t\u00f9y bi\u1ebfn v\u00e0 ch\u1ec9nh s\u1eeda theo \u00fd mu\u1ed1n, m\u00e0 kh\u00f4ng c\u1ea7n c\u00f3 ki\u1ebfn th\u1ee9c v\u1ec1 l\u1eadp tr\u00ecnh.\n<\/p>\n<p>\n V\u1edbi t\u1ed1c \u0111\u1ed9 t\u1ea3i trang nhanh, trang web c\u1ee7a b\u1ea1n s\u1ebd \u0111\u01b0\u1ee3c t\u1ea3i nhanh ch\u00f3ng v\u00e0 m\u01b0\u1ee3t m\u00e0 tr\u00ean m\u1ecdi thi\u1ebft b\u1ecb. \u0110i\u1ec1u n\u00e0y s\u1ebd gi\u00fap c\u1ea3i thi\u1ec7n tr\u1ea3i nghi\u1ec7m c\u1ee7a kh\u00e1ch h\u00e0ng v\u00e0 t\u0103ng kh\u1ea3 n\u0103ng thu h\u00fat kh\u00e1ch h\u00e0ng m\u1edbi.\n<\/p>\n<p>\n Kh\u00f4ng ch\u1ec9 l\u00e0 m\u1ed9t \u0111\u01a1n v\u1ecb thi\u1ebft k\u1ebf website, LADIGI Agency c\u00f2n cung c\u1ea5p c\u00e1c d\u1ecbch v\u1ee5 li\u00ean quan \u0111\u1ebfn marketing v\u00e0 qu\u1ea3ng c\u00e1o tr\u1ef1c tuy\u1ebfn. Ch\u00fang t\u00f4i cam k\u1ebft s\u1ebd \u0111\u1ed3ng h\u00e0nh c\u00f9ng b\u1ea1n trong qu\u00e1 tr\u00ecnh ph\u00e1t tri\u1ec3n v\u00e0 qu\u1ea3ng b\u00e1 th\u01b0\u01a1ng hi\u1ec7u c\u1ee7a m\u00ecnh tr\u00ean m\u1ea1ng.\n<\/p>\n<p>\n H\u00e3y \u0111\u1ec3 LADIGI Agency gi\u00fap b\u1ea1n th\u1ef1c hi\u1ec7n \u00fd t\u01b0\u1edfng c\u1ee7a m\u00ecnh v\u00e0 mang \u0111\u1ebfn cho b\u1ea1n m\u1ed9t trang web \u0111\u1eb9p, chuy\u00ean nghi\u1ec7p v\u00e0 hi\u1ec7u qu\u1ea3. \u0110\u1ec3 bi\u1ebft th\u00eam th\u00f4ng tin v\u1ec1 d\u1ecbch v\u1ee5 thi\u1ebft k\u1ebf website c\u1ee7a ch\u00fang t\u00f4i, vui l\u00f2ng truy c\u1eadp<br \/>\n <a href=\"https:\/\/ladigi.vn\/thiet-ke-website\/\"><br \/>\n  Thi\u1ebft k\u1ebf web b\u00e1n h\u00e0ng<br \/>\n <\/a><br \/>\n .\n<\/p>\n<p>\n H\u00e3y \u0111\u1ec3 LADIGI Agency tr\u1edf th\u00e0nh \u0111\u1ed1i t\u00e1c tin c\u1eady c\u1ee7a b\u1ea1n trong vi\u1ec7c x\u00e2y d\u1ef1ng th\u01b0\u01a1ng hi\u1ec7u v\u00e0 kinh doanh tr\u1ef1c tuy\u1ebfn. Li\u00ean h\u1ec7 v\u1edbi ch\u00fang t\u00f4i ngay h\u00f4m nay \u0111\u1ec3 b\u1eaft \u0111\u1ea7u h\u00e0nh tr\u00ecnh th\u00e0nh c\u00f4ng c\u1ee7a b\u1ea1n!<\/p>\n","protected":false},"excerpt":{"rendered":"<p>D\u1ecbch v\u1ee5 Thi\u1ebft k\u1ebf website Theme wordpress ph\u00f2ng t\u1eadp gym 01 mang \u0111\u1ebfn cho kh\u00e1ch h\u00e0ng m\u1ed9t giao di\u1ec7n web \u0111\u1eb9p v\u00e0 chuy\u00ean nghi\u1ec7p, d\u1ec5 s\u1eed d\u1ee5ng tr\u00ean m\u1ecdi thi\u1ebft b\u1ecb. S\u1eed d\u1ee5ng m\u00e3 ngu\u1ed3n Wordpress v\u1edbi Theme Flatsome v\u00e0 UX Builder, kh\u00e1ch h\u00e0ng c\u00f3 th\u1ec3 t\u00f9y bi\u1ebfn n\u1ed9i dung theo \u00fd mu\u1ed1n m\u1ed9t c\u00e1ch d\u1ec5 d\u00e0ng. \u0110\u1eb7c bi\u1ec7t, t\u1ed1c \u0111\u1ed9 t\u1ea3i trang nhanh gi\u00fap ng\u01b0\u1eddi d\u00f9ng tr\u1ea3i nghi\u1ec7m website m\u1ed9t c\u00e1ch tr\u01a1n tru v\u00e0 thu\u1eadn ti\u1ec7n h\u01a1n bao gi\u1edd h\u1ebft.<\/p>\n","protected":false},"featured_media":9197,"comment_status":"open","ping_status":"closed","template":"","meta":[],"product_cat":[16],"product_tag":[],"class_list":{"0":"post-9196","1":"product","2":"type-product","3":"status-publish","4":"has-post-thumbnail","6":"product_cat-tat-ca","8":"first","9":"instock","10":"shipping-taxable","11":"product-type-external"},"_links":{"self":[{"href":"https:\/\/ladigi.vn\/thiet-ke-website\/wp-json\/wp\/v2\/product\/9196","targetHints":{"allow":["GET"]}}],"collection":[{"href":"https:\/\/ladigi.vn\/thiet-ke-website\/wp-json\/wp\/v2\/product"}],"about":[{"href":"https:\/\/ladigi.vn\/thiet-ke-website\/wp-json\/wp\/v2\/types\/product"}],"replies":[{"embeddable":true,"href":"https:\/\/ladigi.vn\/thiet-ke-website\/wp-json\/wp\/v2\/comments?post=9196"}],"wp:featuredmedia":[{"embeddable":true,"href":"https:\/\/ladigi.vn\/thiet-ke-website\/wp-json\/wp\/v2\/media\/9197"}],"wp:attachment":[{"href":"https:\/\/ladigi.vn\/thiet-ke-website\/wp-json\/wp\/v2\/media?parent=9196"}],"wp:term":[{"taxonomy":"product_cat","embeddable":true,"href":"https:\/\/ladigi.vn\/thiet-ke-website\/wp-json\/wp\/v2\/product_cat?post=9196"},{"taxonomy":"product_tag","embeddable":true,"href":"https:\/\/ladigi.vn\/thiet-ke-website\/wp-json\/wp\/v2\/product_tag?post=9196"}],"curies":[{"name":"wp","href":"https:\/\/api.w.org\/{rel}","templated":true}]}}