{"id":9198,"date":"2025-01-11T12:38:10","date_gmt":"2025-01-11T05:38:10","guid":{"rendered":"https:\/\/ladigi.vn\/thiet-ke-website\/?post_type=product&#038;p=9198"},"modified":"2025-01-11T12:40:13","modified_gmt":"2025-01-11T05:40:13","slug":"theme-wordpress-ban-trang-suc-dep","status":"publish","type":"product","link":"https:\/\/ladigi.vn\/thiet-ke-website\/mau-web\/theme-wordpress-ban-trang-suc-dep\/","title":{"rendered":"Shop b\u00e1n trang s\u1ee9c \u0111\u1eb9p"},"content":{"rendered":"<h1>\n D\u1ecbch v\u1ee5 Thi\u1ebft k\u1ebf website Theme WordPress b\u00e1n trang s\u1ee9c \u0111\u1eb9p<br \/>\n<\/h1>\n<p>\n Khi kinh doanh trang s\u1ee9c, vi\u1ec7c s\u1edf h\u1eefu m\u1ed9t website chuy\u00ean nghi\u1ec7p v\u00e0 thu h\u00fat l\u00e0 \u0111i\u1ec1u v\u00f4 c\u00f9ng quan tr\u1ecdng. V\u1edbi d\u1ecbch v\u1ee5 thi\u1ebft k\u1ebf website Theme WordPress b\u00e1n trang s\u1ee9c \u0111\u1eb9p c\u1ee7a ch\u00fang t\u00f4i, b\u1ea1n s\u1ebd c\u00f3 \u0111\u01b0\u1ee3c m\u1ed9t giao di\u1ec7n web \u0111\u01b0\u1ee3c thi\u1ebft k\u1ebf tinh t\u1ebf, chuy\u00ean nghi\u1ec7p v\u00e0 d\u1ec5 s\u1eed d\u1ee5ng, gi\u00fap thu h\u00fat kh\u00e1ch h\u00e0ng ngay t\u1eeb c\u00e1i nh\u00ecn \u0111\u1ea7u ti\u00ean.\n<\/p>\n<h2>\n Giao di\u1ec7n \u0111\u1eb9p v\u00e0 chuy\u00ean nghi\u1ec7p<br \/>\n<\/h2>\n<p>\n Ch\u00fang t\u00f4i cam k\u1ebft mang \u0111\u1ebfn cho b\u1ea1n m\u1ed9t giao di\u1ec7n website b\u1eaft m\u1eaft, th\u1ec3 hi\u1ec7n \u0111\u01b0\u1ee3c v\u1ebb \u0111\u1eb9p v\u00e0 gi\u00e1 tr\u1ecb c\u1ee7a c\u00e1c s\u1ea3n ph\u1ea9m trang s\u1ee9c. V\u1edbi s\u1ef1 s\u1eafp x\u1ebfp h\u1ee3p l\u00fd, m\u00e0u s\u1eafc h\u00e0i h\u00f2a c\u00f9ng h\u00ecnh \u1ea3nh s\u1eafc n\u00e9t, ch\u1eafc ch\u1eafn website c\u1ee7a b\u1ea1n s\u1ebd n\u1ed5i b\u1eadt gi\u1eefa mu\u00f4n v\u00e0n l\u1ef1a ch\u1ecdn kh\u00e1c.\n<\/p>\n<h2>\n T\u01b0\u01a1ng th\u00edch tr\u00ean m\u1ecdi thi\u1ebft b\u1ecb<br \/>\n<\/h2>\n<p>\n Trong th\u1eddi \u0111\u1ea1i c\u00f4ng ngh\u1ec7 4.0, vi\u1ec7c truy c\u1eadp website tr\u00ean nhi\u1ec1u lo\u1ea1i thi\u1ebft b\u1ecb di \u0111\u1ed9ng v\u00e0 m\u00e1y t\u00ednh \u0111\u1ec3 b\u00e0n l\u00e0 r\u1ea5t ph\u1ed5 bi\u1ebfn. H\u1ec7 th\u1ed1ng thi\u1ebft k\u1ebf c\u1ee7a ch\u00fang t\u00f4i \u0111\u1ea3m b\u1ea3o r\u1eb1ng website c\u1ee7a b\u1ea1n s\u1ebd ho\u1ea1t \u0111\u1ed9ng m\u01b0\u1ee3t m\u00e0 v\u00e0 hi\u1ec3n th\u1ecb \u0111\u1eb9p tr\u00ean m\u1ecdi lo\u1ea1i thi\u1ebft b\u1ecb, t\u1eeb smartphone, tablet \u0111\u1ebfn m\u00e1y t\u00ednh \u0111\u1ec3 b\u00e0n.\n<\/p>\n<h2>\n M\u00e3 ngu\u1ed3n WordPress v\u1edbi Theme Flatsome v\u00e0 UX Builder d\u1ec5 t\u00f9y bi\u1ebfn<br \/>\n<\/h2>\n<p>\n Ch\u00fang t\u00f4i s\u1eed d\u1ee5ng m\u00e3 ngu\u1ed3n WordPress k\u1ebft h\u1ee3p v\u1edbi theme Flatsome, m\u1ed9t trong nh\u1eefng theme ph\u1ed5 bi\u1ebfn nh\u1ea5t d\u00e0nh cho website th\u01b0\u01a1ng m\u1ea1i \u0111i\u1ec7n t\u1eed. V\u1edbi UX Builder, b\u1ea1n s\u1ebd d\u1ec5 d\u00e0ng t\u00f9y bi\u1ebfn giao di\u1ec7n c\u1ee7a m\u00ecnh ch\u1ec9 v\u1edbi v\u00e0i c\u00fa k\u00e9o th\u1ea3, m\u00e0 kh\u00f4ng c\u1ea7n ph\u1ea3i c\u00f3 ki\u1ebfn th\u1ee9c l\u1eadp tr\u00ecnh ph\u1ee9c t\u1ea1p.\n<\/p>\n<h2>\n T\u1ed1c \u0111\u1ed9 t\u1ea3i trang nhanh<br \/>\n<\/h2>\n<p>\n T\u1ed1c \u0111\u1ed9 t\u1ea3i trang nhanh kh\u00f4ng ch\u1ec9 \u1ea3nh h\u01b0\u1edfng \u0111\u1ebfn tr\u1ea3i nghi\u1ec7m ng\u01b0\u1eddi d\u00f9ng m\u00e0 c\u00f2n t\u00e1c \u0111\u1ed9ng \u0111\u1ebfn th\u1ee9 h\u1ea1ng SEO. Ch\u00fang t\u00f4i t\u1ed1i \u01b0u h\u00f3a t\u1eebng chi ti\u1ebft tr\u00ean website \u0111\u1ec3 \u0111\u1ea3m b\u1ea3o th\u1eddi gian t\u1ea3i trang lu\u00f4n \u1edf m\u1ee9c t\u1ed1i \u01b0u nh\u1ea5t, gi\u00fap b\u1ea1n gi\u1eef ch\u00e2n kh\u00e1ch h\u00e0ng v\u00e0 t\u0103ng kh\u1ea3 n\u0103ng chuy\u1ec3n \u0111\u1ed5i doanh thu.\n<\/p>\n<hr\/>\n<p>\n H\u00e3y \u0111\u1ec3 ch\u00fang t\u00f4i gi\u00fap b\u1ea1n hi\u1ec7n th\u1ef1c h\u00f3a \u00fd t\u01b0\u1edfng kinh doanh c\u1ee7a m\u00ecnh v\u1edbi d\u1ecbch v\u1ee5 thi\u1ebft k\u1ebf website chuy\u00ean nghi\u1ec7p.<br \/>\n <strong><br \/>\n  LADIGI Agency<br \/>\n <\/strong><br \/>\n t\u1ef1 h\u00e0o l\u00e0 \u0111\u01a1n v\u1ecb thi\u1ebft k\u1ebf website uy t\u00edn, mang \u0111\u1ebfn gi\u1ea3i ph\u00e1p t\u1ed1t nh\u1ea5t cho doanh nghi\u1ec7p c\u1ee7a b\u1ea1n.\n<\/p>\n<p>\n Xem th\u00eam v\u1ec1 c\u00e1c g\u00f3i thi\u1ebft k\u1ebf website c\u1ee7a ch\u00fang t\u00f4i t\u1ea1i \u0111\u00e2y:<br \/>\n <a href=\"https:\/\/ladigi.vn\/thiet-ke-website\/\"><br \/>\n  G\u00f3i website doanh nghi\u1ec7p to\u00e0n di\u1ec7n LADIGI<br \/>\n <\/a><\/p>\n","protected":false},"excerpt":{"rendered":"<p>D\u1ecbch v\u1ee5 thi\u1ebft k\u1ebf website trang s\u1ee9c \u0111\u1eb9p s\u1eed d\u1ee5ng m\u00e3 ngu\u1ed3n Wordpress v\u1edbi Theme Flatsome v\u00e0 UX Builder, mang \u0111\u1ebfn giao di\u1ec7n chuy\u00ean nghi\u1ec7p, d\u1ec5 s\u1eed d\u1ee5ng. Website t\u01b0\u01a1ng th\u00edch m\u1ecdi thi\u1ebft b\u1ecb v\u00e0 c\u00f3 t\u1ed1c \u0111\u1ed9 t\u1ea3i trang nhanh, gi\u00fap kh\u00e1ch h\u00e0ng tr\u1ea3i nghi\u1ec7m mua s\u1eafm m\u01b0\u1ee3t m\u00e0 v\u00e0 thu\u1eadn ti\u1ec7n.<\/p>\n","protected":false},"featured_media":9199,"comment_status":"open","ping_status":"closed","template":"","meta":[],"product_cat":[16],"product_tag":[],"class_list":{"0":"post-9198","1":"product","2":"type-product","3":"status-publish","4":"has-post-thumbnail","6":"product_cat-tat-ca","8":"first","9":"instock","10":"shipping-taxable","11":"product-type-external"},"_links":{"self":[{"href":"https:\/\/ladigi.vn\/thiet-ke-website\/wp-json\/wp\/v2\/product\/9198","targetHints":{"allow":["GET"]}}],"collection":[{"href":"https:\/\/ladigi.vn\/thiet-ke-website\/wp-json\/wp\/v2\/product"}],"about":[{"href":"https:\/\/ladigi.vn\/thiet-ke-website\/wp-json\/wp\/v2\/types\/product"}],"replies":[{"embeddable":true,"href":"https:\/\/ladigi.vn\/thiet-ke-website\/wp-json\/wp\/v2\/comments?post=9198"}],"wp:featuredmedia":[{"embeddable":true,"href":"https:\/\/ladigi.vn\/thiet-ke-website\/wp-json\/wp\/v2\/media\/9199"}],"wp:attachment":[{"href":"https:\/\/ladigi.vn\/thiet-ke-website\/wp-json\/wp\/v2\/media?parent=9198"}],"wp:term":[{"taxonomy":"product_cat","embeddable":true,"href":"https:\/\/ladigi.vn\/thiet-ke-website\/wp-json\/wp\/v2\/product_cat?post=9198"},{"taxonomy":"product_tag","embeddable":true,"href":"https:\/\/ladigi.vn\/thiet-ke-website\/wp-json\/wp\/v2\/product_tag?post=9198"}],"curies":[{"name":"wp","href":"https:\/\/api.w.org\/{rel}","templated":true}]}}