{"id":9216,"date":"2025-01-12T15:19:25","date_gmt":"2025-01-12T08:19:25","guid":{"rendered":"https:\/\/ladigi.vn\/thiet-ke-website\/?post_type=product&#038;p=9216"},"modified":"2025-01-12T15:21:06","modified_gmt":"2025-01-12T08:21:06","slug":"theme-wordpress-sinh-trac-van-tay","status":"publish","type":"product","link":"https:\/\/ladigi.vn\/thiet-ke-website\/mau-web\/theme-wordpress-sinh-trac-van-tay\/","title":{"rendered":"Sinh tr\u1eafc h\u1ecdc\/Biometric technology"},"content":{"rendered":"<h1>\n D\u1ecbch v\u1ee5 Thi\u1ebft k\u1ebf website Theme wordpress sinh tr\u1eafc v\u00e2n tay<br \/>\n<\/h1>\n<p>\n B\u1ea1n \u0111ang t\u00ecm ki\u1ebfm m\u1ed9t giao di\u1ec7n website \u0111\u1eb9p, chuy\u00ean nghi\u1ec7p v\u00e0 d\u1ec5 s\u1eed d\u1ee5ng? B\u1ea1n mu\u1ed1n trang web c\u1ee7a m\u00ecnh c\u00f3 th\u1ec3 hi\u1ec3n th\u1ecb t\u1ed1t tr\u00ean m\u1ecdi thi\u1ebft b\u1ecb? V\u00e0 b\u1ea1n c\u0169ng mu\u1ed1n m\u00e3 ngu\u1ed3n c\u1ee7a website \u0111\u01b0\u1ee3c x\u00e2y d\u1ef1ng tr\u00ean n\u1ec1n t\u1ea3ng WordPress v\u1edbi Theme Flatsome v\u00e0 UX Builder \u0111\u1ec3 d\u1ec5 d\u00e0ng t\u00f9y bi\u1ebfn? H\u00e3y \u0111\u1ebfn v\u1edbi d\u1ecbch v\u1ee5 Thi\u1ebft k\u1ebf website Theme wordpress sinh tr\u1eafc v\u00e2n tay c\u1ee7a ch\u00fang t\u00f4i!\n<\/p>\n<p>\n V\u1edbi s\u1ef1 k\u1ebft h\u1ee3p gi\u1eefa giao di\u1ec7n \u0111\u1eb9p m\u1eaft v\u00e0 t\u00ednh n\u0103ng chuy\u00ean nghi\u1ec7p, ch\u00fang t\u00f4i cam k\u1ebft s\u1ebd mang \u0111\u1ebfn cho b\u1ea1n m\u1ed9t trang web ho\u00e0n h\u1ea3o. Giao di\u1ec7n \u0111\u01b0\u1ee3c thi\u1ebft k\u1ebf theo phong c\u00e1ch sinh tr\u1eafc v\u00e2n tay s\u1ebd l\u00e0m cho website c\u1ee7a b\u1ea1n tr\u1edf n\u00ean \u0111\u1ed9c \u0111\u00e1o v\u00e0 thu h\u00fat s\u1ef1 ch\u00fa \u00fd c\u1ee7a kh\u00e1ch h\u00e0ng.\n<\/p>\n<p>\n Kh\u00f4ng ch\u1ec9 \u0111\u1eb9p m\u1eaft, giao di\u1ec7n website c\u00f2n \u0111\u01b0\u1ee3c t\u1ed1i \u01b0u h\u00f3a \u0111\u1ec3 t\u01b0\u01a1ng th\u00edch tr\u00ean m\u1ecdi thi\u1ebft b\u1ecb, t\u1eeb m\u00e1y t\u00ednh \u0111\u1ec3 b\u00e0n \u0111\u1ebfn \u0111i\u1ec7n tho\u1ea1i di \u0111\u1ed9ng. \u0110i\u1ec1u n\u00e0y s\u1ebd gi\u00fap kh\u00e1ch h\u00e0ng c\u1ee7a b\u1ea1n c\u00f3 tr\u1ea3i nghi\u1ec7m t\u1ed1t nh\u1ea5t khi truy c\u1eadp website c\u1ee7a b\u1ea1n t\u1eeb b\u1ea5t k\u1ef3 thi\u1ebft b\u1ecb n\u00e0o.\n<\/p>\n<p>\n V\u1edbi m\u00e3 ngu\u1ed3n WordPress v\u00e0 Theme Flatsome c\u00f9ng v\u1edbi UX Builder, ch\u00fang t\u00f4i cam k\u1ebft s\u1ebd t\u1ea1o ra m\u1ed9t website d\u1ec5 d\u00e0ng t\u00f9y bi\u1ebfn theo \u00fd mu\u1ed1n c\u1ee7a b\u1ea1n. B\u1ea1n c\u00f3 th\u1ec3 thay \u0111\u1ed5i m\u00e0u s\u1eafc, font ch\u1eef, b\u1ed1 c\u1ee5c v\u00e0 nhi\u1ec1u t\u00ednh n\u0103ng kh\u00e1c m\u1ed9t c\u00e1ch d\u1ec5 d\u00e0ng m\u00e0 kh\u00f4ng c\u1ea7n ph\u1ea3i bi\u1ebft v\u1ec1 l\u1eadp tr\u00ecnh.\n<\/p>\n<p>\n Kh\u00f4ng ch\u1ec9 \u0111\u1eb9p v\u00e0 chuy\u00ean nghi\u1ec7p, website c\u1ee7a b\u1ea1n c\u00f2n \u0111\u01b0\u1ee3c \u0111\u1ea3m b\u1ea3o t\u1ed1c \u0111\u1ed9 t\u1ea3i trang nhanh. \u0110i\u1ec1u n\u00e0y s\u1ebd gi\u00fap kh\u00e1ch h\u00e0ng c\u1ee7a b\u1ea1n c\u00f3 tr\u1ea3i nghi\u1ec7m t\u1ed1t h\u01a1n v\u00e0 gi\u1eef h\u1ecd \u1edf l\u1ea1i tr\u00ean website c\u1ee7a b\u1ea1n l\u00e2u h\u01a1n.\n<\/p>\n<p>\n N\u1ebfu b\u1ea1n \u0111ang t\u00ecm ki\u1ebfm m\u1ed9t \u0111\u01a1n v\u1ecb thi\u1ebft k\u1ebf website chuy\u00ean nghi\u1ec7p v\u00e0 \u0111\u00e1ng tin c\u1eady, h\u00e3y \u0111\u1ebfn v\u1edbi LADIGI (LADIGI Agency). V\u1edbi nhi\u1ec1u n\u0103m kinh nghi\u1ec7m trong l\u0129nh v\u1ef1c thi\u1ebft k\u1ebf website, ch\u00fang t\u00f4i cam k\u1ebft s\u1ebd mang \u0111\u1ebfn cho b\u1ea1n m\u1ed9t trang web ho\u00e0n h\u1ea3o v\u00e0 \u0111\u00e1p \u1ee9ng \u0111\u01b0\u1ee3c m\u1ecdi nhu c\u1ea7u c\u1ee7a b\u1ea1n.\n<\/p>\n<p>\n V\u1edbi d\u1ecbch v\u1ee5 Thi\u1ebft k\u1ebf website tr\u1ecdn g\u00f3i c\u1ee7a ch\u00fang t\u00f4i, b\u1ea1n s\u1ebd \u0111\u01b0\u1ee3c s\u1edf h\u1eefu m\u1ed9t website chuy\u00ean nghi\u1ec7p v\u00e0 \u0111\u1eb9p m\u1eaft ch\u1ec9 trong th\u1eddi gian ng\u1eafn v\u00e0 v\u1edbi chi ph\u00ed h\u1ee3p l\u00fd. \u0110\u1eebng ng\u1ea7n ng\u1ea1i li\u00ean h\u1ec7 v\u1edbi ch\u00fang t\u00f4i ngay h\u00f4m nay \u0111\u1ec3 b\u1eaft \u0111\u1ea7u x\u00e2y d\u1ef1ng website cho doanh nghi\u1ec7p c\u1ee7a b\u1ea1n!\n<\/p>\n<p>\n <a href=\"https:\/\/ladigi.vn\/thiet-ke-website\/\"><br \/>\n  D\u1ecbch v\u1ee5 thi\u1ebft k\u1ebf website tr\u1ecdn g\u00f3i<br \/>\n <\/a><br \/>\n c\u1ee7a LADIGI &#8211; gi\u1ea3i ph\u00e1p ho\u00e0n h\u1ea3o cho doanh nghi\u1ec7p c\u1ee7a b\u1ea1n!<\/p>\n","protected":false},"excerpt":{"rendered":"<p>D\u1ecbch v\u1ee5 Thi\u1ebft k\u1ebf website Theme wordpress sinh tr\u1eafc v\u00e2n tay mang \u0111\u1ebfn cho kh\u00e1ch h\u00e0ng m\u1ed9t giao di\u1ec7n web \u0111\u1eb9p v\u00e0 chuy\u00ean nghi\u1ec7p, d\u1ec5 s\u1eed d\u1ee5ng tr\u00ean m\u1ecdi thi\u1ebft b\u1ecb. V\u1edbi s\u1ef1 k\u1ebft h\u1ee3p gi\u1eefa m\u00e3 ngu\u1ed3n Wordpress v\u00e0 Theme Flatsome c\u00f9ng UX Builder, kh\u00e1ch h\u00e0ng c\u00f3 th\u1ec3 d\u1ec5 d\u00e0ng t\u00f9y bi\u1ebfn giao di\u1ec7n theo \u00fd mu\u1ed1n. \u0110\u1eb7c bi\u1ec7t, t\u1ed1c \u0111\u1ed9 t\u1ea3i trang nhanh gi\u00fap tr\u1ea3i nghi\u1ec7m c\u1ee7a ng\u01b0\u1eddi d\u00f9ng tr\u1edf n\u00ean m\u01b0\u1ee3t m\u00e0 v\u00e0 ti\u1ec7n l\u1ee3i h\u01a1n bao gi\u1edd h\u1ebft. V\u1eady c\u00f2n ch\u1ea7n ch\u1eeb g\u00ec n\u1eefa, h\u00e3y \u0111\u1ebfn v\u1edbi ch\u00fang t\u00f4i v\u00e0 tr\u1ea3i nghi\u1ec7m d\u1ecbch v\u1ee5 ch\u1ea5t l\u01b0\u1ee3ng cao n\u00e0y ngay h\u00f4m nay!<\/p>\n","protected":false},"featured_media":9217,"comment_status":"open","ping_status":"closed","template":"","meta":[],"product_cat":[16],"product_tag":[],"class_list":{"0":"post-9216","1":"product","2":"type-product","3":"status-publish","4":"has-post-thumbnail","6":"product_cat-tat-ca","8":"first","9":"instock","10":"shipping-taxable","11":"product-type-external"},"_links":{"self":[{"href":"https:\/\/ladigi.vn\/thiet-ke-website\/wp-json\/wp\/v2\/product\/9216","targetHints":{"allow":["GET"]}}],"collection":[{"href":"https:\/\/ladigi.vn\/thiet-ke-website\/wp-json\/wp\/v2\/product"}],"about":[{"href":"https:\/\/ladigi.vn\/thiet-ke-website\/wp-json\/wp\/v2\/types\/product"}],"replies":[{"embeddable":true,"href":"https:\/\/ladigi.vn\/thiet-ke-website\/wp-json\/wp\/v2\/comments?post=9216"}],"wp:featuredmedia":[{"embeddable":true,"href":"https:\/\/ladigi.vn\/thiet-ke-website\/wp-json\/wp\/v2\/media\/9217"}],"wp:attachment":[{"href":"https:\/\/ladigi.vn\/thiet-ke-website\/wp-json\/wp\/v2\/media?parent=9216"}],"wp:term":[{"taxonomy":"product_cat","embeddable":true,"href":"https:\/\/ladigi.vn\/thiet-ke-website\/wp-json\/wp\/v2\/product_cat?post=9216"},{"taxonomy":"product_tag","embeddable":true,"href":"https:\/\/ladigi.vn\/thiet-ke-website\/wp-json\/wp\/v2\/product_tag?post=9216"}],"curies":[{"name":"wp","href":"https:\/\/api.w.org\/{rel}","templated":true}]}}