{"id":9220,"date":"2025-01-10T16:00:04","date_gmt":"2025-01-10T09:00:04","guid":{"rendered":"https:\/\/ladigi.vn\/thiet-ke-website\/?post_type=product&#038;p=9220"},"modified":"2025-01-10T16:01:20","modified_gmt":"2025-01-10T09:01:20","slug":"theme-wordpress-ban-bia-datim-hieu-nhung-thong-tin-co-ban-ve-theme-wordpress-ban-bia-da","status":"publish","type":"product","link":"https:\/\/ladigi.vn\/thiet-ke-website\/mau-web\/theme-wordpress-ban-bia-datim-hieu-nhung-thong-tin-co-ban-ve-theme-wordpress-ban-bia-da\/","title":{"rendered":"C\u1eeda h\u00e0ng b\u00e1n bia \u0111\u00e1"},"content":{"rendered":"<h1>\n D\u1ecbch v\u1ee5 Thi\u1ebft k\u1ebf website Theme WordPress b\u00e1n bia \u0111\u00e1<br \/>\n<\/h1>\n<p>\n Trong th\u1eddi \u0111\u1ea1i s\u1ed1 ng\u00e0y nay, vi\u1ec7c c\u00f3 m\u1ed9t website chuy\u00ean nghi\u1ec7p l\u00e0 y\u1ebfu t\u1ed1 quan tr\u1ecdng \u0111\u1ec3 b\u1ea5t k\u1ef3 doanh nghi\u1ec7p n\u00e0o, \u0111\u1eb7c bi\u1ec7t l\u00e0 trong ng\u00e0nh b\u00e1n bia \u0111\u00e1, c\u00f3 th\u1ec3 thu h\u00fat kh\u00e1ch h\u00e0ng v\u00e0 t\u0103ng tr\u01b0\u1edfng doanh thu. D\u1ecbch v\u1ee5 thi\u1ebft k\u1ebf website theme WordPress b\u00e1n bia \u0111\u00e1 mang \u0111\u1ebfn cho b\u1ea1n m\u1ed9t s\u1ea3n ph\u1ea9m ho\u00e0n h\u1ea3o v\u1edbi nhi\u1ec1u t\u00ednh n\u0103ng \u01b0u vi\u1ec7t.\n<\/p>\n<h2>\n Thi\u1ebft k\u1ebf giao di\u1ec7n \u0111\u1eb9p, chuy\u00ean nghi\u1ec7p<br \/>\n<\/h2>\n<p>\n Giao di\u1ec7n website \u0111\u01b0\u1ee3c thi\u1ebft k\u1ebf v\u1edbi phong c\u00e1ch hi\u1ec7n \u0111\u1ea1i, tr\u1ebb trung v\u00e0 d\u1ec5 s\u1eed d\u1ee5ng. M\u1ed7i y\u1ebfu t\u1ed1 trong giao di\u1ec7n \u0111\u1ec1u \u0111\u01b0\u1ee3c ch\u0103m ch\u00fat t\u1ec9 m\u1ec9, t\u1eeb m\u00e0u s\u1eafc, h\u00ecnh \u1ea3nh \u0111\u1ebfn b\u1ed1 c\u1ee5c, mang \u0111\u1ebfn tr\u1ea3i nghi\u1ec7m t\u1ed1t nh\u1ea5t cho ng\u01b0\u1eddi d\u00f9ng. Kh\u00e1ch h\u00e0ng s\u1ebd d\u1ec5 d\u00e0ng t\u00ecm th\u1ea5y th\u00f4ng tin h\u1ecd c\u1ea7n m\u00e0 kh\u00f4ng g\u1eb7p b\u1ea5t k\u1ef3 kh\u00f3 kh\u0103n n\u00e0o.\n<\/p>\n<h2>\n T\u01b0\u01a1ng th\u00edch tr\u00ean m\u1ecdi thi\u1ebft b\u1ecb<br \/>\n<\/h2>\n<p>\n D\u1ecbch v\u1ee5 thi\u1ebft k\u1ebf website n\u00e0y \u0111\u1ea3m b\u1ea3o r\u1eb1ng website c\u1ee7a b\u1ea1n s\u1ebd ho\u1ea1t \u0111\u1ed9ng m\u01b0\u1ee3t m\u00e0 tr\u00ean m\u1ecdi thi\u1ebft b\u1ecb, t\u1eeb m\u00e1y t\u00ednh \u0111\u1ec3 b\u00e0n, laptop \u0111\u1ebfn smartphone. S\u1ef1 t\u1ed1i \u01b0u h\u00f3a n\u00e0y gi\u00fap b\u1ea1n ti\u1ebfp c\u1eadn \u0111\u01b0\u1ee3c m\u1ed9t l\u01b0\u1ee3ng l\u1edbn kh\u00e1ch h\u00e0ng ti\u1ec1m n\u0103ng, b\u1ea5t k\u1ec3 h\u1ecd \u0111ang s\u1eed d\u1ee5ng thi\u1ebft b\u1ecb n\u00e0o.\n<\/p>\n<h2>\n M\u00e3 ngu\u1ed3n WordPress v\u1edbi Theme Flatsome v\u00e0 UX Builder<br \/>\n<\/h2>\n<p>\n Website \u0111\u01b0\u1ee3c x\u00e2y d\u1ef1ng tr\u00ean n\u1ec1n t\u1ea3ng WordPress, s\u1eed d\u1ee5ng theme Flatsome v\u00e0 UX Builder, mang l\u1ea1i cho b\u1ea1n kh\u1ea3 n\u0103ng t\u00f9y bi\u1ebfn d\u1ec5 d\u00e0ng. B\u1ea1n c\u00f3 th\u1ec3 thay \u0111\u1ed5i c\u00e1c th\u00e0nh ph\u1ea7n, b\u1ed1 c\u1ee5c hay m\u00e0u s\u1eafc theo \u00fd mu\u1ed1n ch\u1ec9 v\u1edbi v\u00e0i c\u00fa click chu\u1ed9t m\u00e0 kh\u00f4ng c\u1ea7n ph\u1ea3i c\u00f3 nhi\u1ec1u ki\u1ebfn th\u1ee9c v\u1ec1 l\u1eadp tr\u00ecnh.\n<\/p>\n<h2>\n T\u1ed1c \u0111\u1ed9 t\u1ea3i trang nhanh<br \/>\n<\/h2>\n<p>\n T\u1ed1c \u0111\u1ed9 t\u1ea3i trang l\u00e0 m\u1ed9t y\u1ebfu t\u1ed1 c\u1ef1c k\u1ef3 quan tr\u1ecdng trong vi\u1ec7c gi\u1eef ch\u00e2n kh\u00e1ch h\u00e0ng. V\u1edbi d\u1ecbch v\u1ee5 thi\u1ebft k\u1ebf website n\u00e0y, b\u1ea1n s\u1ebd kh\u00f4ng ph\u1ea3i lo l\u1eafng v\u1ec1 \u0111i\u1ec1u \u0111\u00f3. Website b\u00e1n bia \u0111\u00e1 c\u1ee7a b\u1ea1n s\u1ebd \u0111\u01b0\u1ee3c t\u1ed1i \u01b0u h\u00f3a \u0111\u1ec3 t\u1ea3i trang nhanh ch\u00f3ng, gi\u00fap c\u1ea3i thi\u1ec7n tr\u1ea3i nghi\u1ec7m ng\u01b0\u1eddi d\u00f9ng v\u00e0 t\u0103ng kh\u1ea3 n\u0103ng chuy\u1ec3n \u0111\u1ed5i.\n<\/p>\n<hr\/>\n<p>\n N\u1ebfu b\u1ea1n \u0111ang t\u00ecm ki\u1ebfm m\u1ed9t \u0111\u01a1n v\u1ecb thi\u1ebft k\u1ebf website chuy\u00ean nghi\u1ec7p v\u00e0 \u0111\u00e1ng tin c\u1eady, h\u00e3y tham kh\u1ea3o gi\u1edbi thi\u1ec7u v\u1ec1<br \/>\n <a href=\"https:\/\/ladigi.vn\/thiet-ke-website\/\"><br \/>\n  \u0110\u01a1n v\u1ecb cung c\u1ea5p gi\u1ea3i ph\u00e1p website<br \/>\n <\/a><br \/>\n \u2013 LADIGI Agency. Ch\u00fang t\u00f4i cam k\u1ebft cung c\u1ea5p cho b\u1ea1n m\u1ed9t s\u1ea3n ph\u1ea9m ch\u1ea5t l\u01b0\u1ee3ng v\u1edbi s\u1ef1 h\u1ed7 tr\u1ee3 t\u1eadn t\u00ecnh nh\u1ea5t!<\/p>\n","protected":false},"excerpt":{"rendered":"<p>D\u1ecbch v\u1ee5 thi\u1ebft k\u1ebf website theme WordPress b\u00e1n bia \u0111\u00e1 mang \u0111\u1ebfn giao di\u1ec7n \u0111\u1eb9p, chuy\u00ean nghi\u1ec7p, d\u1ec5 s\u1eed d\u1ee5ng. Website t\u01b0\u01a1ng th\u00edch m\u1ecdi thi\u1ebft b\u1ecb v\u1edbi m\u00e3 ngu\u1ed3n WordPress s\u1eed d\u1ee5ng theme Flatsome v\u00e0 UX Builder, d\u1ec5 d\u00e0ng t\u00f9y bi\u1ebfn. \u0110\u1eb7c bi\u1ec7t, t\u1ed1c \u0111\u1ed9 t\u1ea3i trang nhanh, t\u1ed1i \u01b0u tr\u1ea3i nghi\u1ec7m ng\u01b0\u1eddi d\u00f9ng.<\/p>\n","protected":false},"featured_media":9221,"comment_status":"open","ping_status":"closed","template":"","meta":[],"product_cat":[16],"product_tag":[],"class_list":{"0":"post-9220","1":"product","2":"type-product","3":"status-publish","4":"has-post-thumbnail","6":"product_cat-tat-ca","8":"first","9":"instock","10":"shipping-taxable","11":"product-type-external"},"_links":{"self":[{"href":"https:\/\/ladigi.vn\/thiet-ke-website\/wp-json\/wp\/v2\/product\/9220","targetHints":{"allow":["GET"]}}],"collection":[{"href":"https:\/\/ladigi.vn\/thiet-ke-website\/wp-json\/wp\/v2\/product"}],"about":[{"href":"https:\/\/ladigi.vn\/thiet-ke-website\/wp-json\/wp\/v2\/types\/product"}],"replies":[{"embeddable":true,"href":"https:\/\/ladigi.vn\/thiet-ke-website\/wp-json\/wp\/v2\/comments?post=9220"}],"wp:featuredmedia":[{"embeddable":true,"href":"https:\/\/ladigi.vn\/thiet-ke-website\/wp-json\/wp\/v2\/media\/9221"}],"wp:attachment":[{"href":"https:\/\/ladigi.vn\/thiet-ke-website\/wp-json\/wp\/v2\/media?parent=9220"}],"wp:term":[{"taxonomy":"product_cat","embeddable":true,"href":"https:\/\/ladigi.vn\/thiet-ke-website\/wp-json\/wp\/v2\/product_cat?post=9220"},{"taxonomy":"product_tag","embeddable":true,"href":"https:\/\/ladigi.vn\/thiet-ke-website\/wp-json\/wp\/v2\/product_tag?post=9220"}],"curies":[{"name":"wp","href":"https:\/\/api.w.org\/{rel}","templated":true}]}}