{"id":9246,"date":"2025-01-12T14:57:31","date_gmt":"2025-01-12T07:57:31","guid":{"rendered":"https:\/\/ladigi.vn\/thiet-ke-website\/?post_type=product&#038;p=9246"},"modified":"2025-01-12T19:33:39","modified_gmt":"2025-01-12T12:33:39","slug":"theme-wordpress-review-game","status":"publish","type":"product","link":"https:\/\/ladigi.vn\/thiet-ke-website\/mau-web\/theme-wordpress-review-game\/","title":{"rendered":"Review game"},"content":{"rendered":"<p>\n Ch\u00e0o m\u1ecdi ng\u01b0\u1eddi, h\u00f4m nay ch\u00fang ta s\u1ebd c\u00f9ng t\u00ecm hi\u1ec3u v\u1ec1 d\u1ecbch v\u1ee5 thi\u1ebft k\u1ebf website \u0111\u1eb7c bi\u1ec7t d\u00e0nh cho c\u00e1c game th\u1ee7 &#8211; Thi\u1ebft k\u1ebf website Theme WordPress review game.\n<\/p>\n<p>\n V\u1edbi s\u1ef1 ph\u00e1t tri\u1ec3n kh\u00f4ng ng\u1eebng c\u1ee7a ng\u00e0nh c\u00f4ng nghi\u1ec7p game, vi\u1ec7c c\u00f3 m\u1ed9t website ri\u00eang \u0111\u1ec3 gi\u1edbi thi\u1ec7u v\u00e0 qu\u1ea3ng b\u00e1 s\u1ea3n ph\u1ea9m c\u1ee7a m\u00ecnh l\u00e0 r\u1ea5t quan tr\u1ecdng. Tuy nhi\u00ean, kh\u00f4ng ph\u1ea3i ai c\u0169ng c\u00f3 ki\u1ebfn th\u1ee9c v\u00e0 k\u1ef9 n\u0103ng \u0111\u1ec3 t\u1ef1 thi\u1ebft k\u1ebf m\u1ed9t website chuy\u00ean nghi\u1ec7p v\u00e0 \u0111\u1eb9p m\u1eaft. \u0110\u00f3 l\u00e0 l\u00fd do t\u1ea1i sao d\u1ecbch v\u1ee5 thi\u1ebft k\u1ebf website Theme WordPress review game c\u1ee7a ch\u00fang t\u00f4i ra \u0111\u1eddi.\n<\/p>\n<p>\n Giao di\u1ec7n web \u0111\u01b0\u1ee3c thi\u1ebft k\u1ebf \u0111\u1eb9p, chuy\u00ean nghi\u1ec7p v\u00e0 d\u1ec5 s\u1eed d\u1ee5ng l\u00e0 m\u1ed9t trong nh\u1eefng y\u1ebfu t\u1ed1 quan tr\u1ecdng nh\u1ea5t c\u1ee7a m\u1ed9t website. Ch\u00fang t\u00f4i cam k\u1ebft mang \u0111\u1ebfn cho kh\u00e1ch h\u00e0ng nh\u1eefng giao di\u1ec7n \u0111\u1eb9p m\u1eaft, tinh t\u1ebf v\u00e0 ph\u00f9 h\u1ee3p v\u1edbi \u0111\u1eb7c th\u00f9 c\u1ee7a t\u1eebng tr\u00f2 ch\u01a1i. \u0110\u1ed3ng th\u1eddi, giao di\u1ec7n \u0111\u01b0\u1ee3c t\u1ed1i \u01b0u h\u00f3a \u0111\u1ec3 t\u01b0\u01a1ng th\u00edch tr\u00ean m\u1ecdi thi\u1ebft b\u1ecb, gi\u00fap ng\u01b0\u1eddi d\u00f9ng c\u00f3 tr\u1ea3i nghi\u1ec7m t\u1ed1t nh\u1ea5t tr\u00ean c\u1ea3 \u0111i\u1ec7n tho\u1ea1i di \u0111\u1ed9ng v\u00e0 m\u00e1y t\u00ednh b\u1ea3ng.\n<\/p>\n<p>\n Ch\u00fang t\u00f4i s\u1eed d\u1ee5ng m\u00e3 ngu\u1ed3n WordPress k\u1ebft h\u1ee3p c\u00f9ng Theme Flatsome v\u00e0 UX Builder \u0111\u1ec3 t\u1ea1o n\u00ean nh\u1eefng website \u0111\u1eb9p v\u00e0 chuy\u00ean nghi\u1ec7p. \u0110i\u1ec1u n\u00e0y gi\u00fap cho vi\u1ec7c t\u00f9y bi\u1ebfn n\u1ed9i dung v\u00e0 giao di\u1ec7n tr\u1edf n\u00ean d\u1ec5 d\u00e0ng h\u01a1n bao gi\u1edd h\u1ebft. B\u1ea1n c\u00f3 th\u1ec3 tho\u1ea3i m\u00e1i thay \u0111\u1ed5i m\u00e0u s\u1eafc, font ch\u1eef, layout v\u00e0 nhi\u1ec1u t\u00ednh n\u0103ng kh\u00e1c m\u1ed9t c\u00e1ch nhanh ch\u00f3ng v\u00e0 d\u1ec5 d\u00e0ng.\n<\/p>\n<p>\n Kh\u00f4ng ch\u1ec9 \u0111\u1eb9p m\u1eaft v\u00e0 d\u1ec5 s\u1eed d\u1ee5ng, website c\u1ee7a ch\u00fang t\u00f4i c\u00f2n c\u00f3 t\u1ed1c \u0111\u1ed9 t\u1ea3i trang nhanh. \u0110i\u1ec1u n\u00e0y r\u1ea5t quan tr\u1ecdng trong vi\u1ec7c t\u1ea1o s\u1ef1 tho\u1ea3i m\u00e1i v\u00e0 thu h\u00fat ng\u01b0\u1eddi d\u00f9ng. V\u1edbi t\u1ed1c \u0111\u1ed9 t\u1ea3i trang nhanh, kh\u00e1ch h\u00e0ng s\u1ebd kh\u00f4ng ph\u1ea3i ch\u1edd \u0111\u1ee3i l\u00e2u \u0111\u1ec3 truy c\u1eadp v\u00e0o n\u1ed9i dung m\u00e0 h\u1ecd mu\u1ed1n.\n<\/p>\n<p>\n V\u1eady \u0111\u00e2u l\u00e0 \u0111\u01a1n v\u1ecb thi\u1ebft k\u1ebf website chuy\u00ean nghi\u1ec7p v\u00e0 \u0111\u00e1ng tin c\u1eady trong l\u0129nh v\u1ef1c n\u00e0y? Ch\u00fang t\u00f4i xin gi\u1edbi thi\u1ec7u v\u1edbi c\u00e1c b\u1ea1n \u0111\u01a1n v\u1ecb LADIGI (LADIGI Agency). V\u1edbi \u0111\u1ed9i ng\u0169 nh\u00e2n vi\u00ean gi\u00e0u kinh nghi\u1ec7m v\u00e0 t\u00e2m huy\u1ebft, ch\u00fang t\u00f4i cam k\u1ebft mang \u0111\u1ebfn cho kh\u00e1ch h\u00e0ng nh\u1eefng d\u1ecbch v\u1ee5 t\u1ed1t nh\u1ea5t, \u0111\u00e1p \u1ee9ng m\u1ecdi y\u00eau c\u1ea7u v\u00e0 mong mu\u1ed1n c\u1ee7a kh\u00e1ch h\u00e0ng.\n<\/p>\n<p>\n N\u1ebfu b\u1ea1n \u0111ang c\u00f3 nhu c\u1ea7u thi\u1ebft k\u1ebf website cho game c\u1ee7a m\u00ecnh, \u0111\u1eebng ng\u1ea7n ng\u1ea1i li\u00ean h\u1ec7 v\u1edbi ch\u00fang t\u00f4i. Ch\u00fang t\u00f4i s\u1eb5n s\u00e0ng l\u1eafng nghe v\u00e0 t\u01b0 v\u1ea5n gi\u1ea3i ph\u00e1p ph\u00f9 h\u1ee3p nh\u1ea5t cho b\u1ea1n. H\u00e3y truy c\u1eadp v\u00e0o \u0111\u01b0\u1eddng link<br \/>\n <a href=\"https:\/\/ladigi.vn\/thiet-ke-website\/\"><br \/>\n  D\u1ecbch v\u1ee5 thi\u1ebft k\u1ebf website chuy\u00ean nghi\u1ec7p<br \/>\n <\/a><br \/>\n \u0111\u1ec3 bi\u1ebft th\u00eam th\u00f4ng tin chi ti\u1ebft v\u00e0 \u0111\u0103ng k\u00fd d\u1ecbch v\u1ee5 ngay h\u00f4m nay.\n<\/p>\n<p>\n C\u1ea3m \u01a1n b\u1ea1n \u0111\u00e3 \u0111\u1ecdc b\u00e0i vi\u1ebft c\u1ee7a ch\u00fang t\u00f4i. Ch\u00fang t\u00f4i hy v\u1ecdng s\u1ebd c\u00f3 c\u01a1 h\u1ed9i \u0111\u01b0\u1ee3c h\u1ee3p t\u00e1c v\u00e0 mang \u0111\u1ebfn cho b\u1ea1n m\u1ed9t website \u0111\u1eb9p v\u00e0 chuy\u00ean nghi\u1ec7p nh\u01b0 mong \u0111\u1ee3i. H\u00e3y \u0111\u1ec3 ch\u00fang t\u00f4i gi\u00fap b\u1ea1n v\u01b0\u01a1n t\u1edbi th\u00e0nh c\u00f4ng trong ng\u00e0nh c\u00f4ng nghi\u1ec7p game \u0111\u1ea7y c\u1ea1nh tranh n\u00e0y.<\/p>\n","protected":false},"excerpt":{"rendered":"<p>D\u1ecbch v\u1ee5 Thi\u1ebft k\u1ebf website Theme wordpress review game c\u1ee7a ch\u00fang t\u00f4i mang \u0111\u1ebfn cho kh\u00e1ch h\u00e0ng m\u1ed9t giao di\u1ec7n web \u0111\u1eb9p, chuy\u00ean nghi\u1ec7p v\u00e0 d\u1ec5 s\u1eed d\u1ee5ng. V\u1edbi t\u00ednh n\u0103ng t\u01b0\u01a1ng th\u00edch tr\u00ean m\u1ecdi thi\u1ebft b\u1ecb, kh\u00e1ch h\u00e0ng c\u00f3 th\u1ec3 truy c\u1eadp v\u00e0 tr\u1ea3i nghi\u1ec7m tr\u00ean b\u1ea5t k\u1ef3 thi\u1ebft b\u1ecb n\u00e0o m\u1ed9t c\u00e1ch thu\u1eadn ti\u1ec7n. S\u1eed d\u1ee5ng m\u00e3 ngu\u1ed3n Wordpress v\u1edbi Theme Flatsome v\u00e0 UX Builder, ch\u00fang t\u00f4i \u0111\u1ea3m b\u1ea3o kh\u00e1ch h\u00e0ng c\u00f3 th\u1ec3 t\u00f9y bi\u1ebfn giao di\u1ec7n web theo \u00fd th\u00edch c\u1ee7a m\u00ecnh. \u0110\u1eb7c bi\u1ec7t, t\u1ed1c \u0111\u1ed9 t\u1ea3i trang nhanh gi\u00fap kh\u00e1ch h\u00e0ng c\u00f3 tr\u1ea3i nghi\u1ec7m m\u01b0\u1ee3t m\u00e0 v\u00e0 ti\u1ebft ki\u1ec7m th\u1eddi gian.<\/p>\n","protected":false},"featured_media":9247,"comment_status":"open","ping_status":"closed","template":"","meta":[],"product_cat":[16],"product_tag":[],"class_list":{"0":"post-9246","1":"product","2":"type-product","3":"status-publish","4":"has-post-thumbnail","6":"product_cat-tat-ca","8":"first","9":"instock","10":"shipping-taxable","11":"product-type-external"},"_links":{"self":[{"href":"https:\/\/ladigi.vn\/thiet-ke-website\/wp-json\/wp\/v2\/product\/9246","targetHints":{"allow":["GET"]}}],"collection":[{"href":"https:\/\/ladigi.vn\/thiet-ke-website\/wp-json\/wp\/v2\/product"}],"about":[{"href":"https:\/\/ladigi.vn\/thiet-ke-website\/wp-json\/wp\/v2\/types\/product"}],"replies":[{"embeddable":true,"href":"https:\/\/ladigi.vn\/thiet-ke-website\/wp-json\/wp\/v2\/comments?post=9246"}],"wp:featuredmedia":[{"embeddable":true,"href":"https:\/\/ladigi.vn\/thiet-ke-website\/wp-json\/wp\/v2\/media\/9247"}],"wp:attachment":[{"href":"https:\/\/ladigi.vn\/thiet-ke-website\/wp-json\/wp\/v2\/media?parent=9246"}],"wp:term":[{"taxonomy":"product_cat","embeddable":true,"href":"https:\/\/ladigi.vn\/thiet-ke-website\/wp-json\/wp\/v2\/product_cat?post=9246"},{"taxonomy":"product_tag","embeddable":true,"href":"https:\/\/ladigi.vn\/thiet-ke-website\/wp-json\/wp\/v2\/product_tag?post=9246"}],"curies":[{"name":"wp","href":"https:\/\/api.w.org\/{rel}","templated":true}]}}