{"id":9252,"date":"2025-01-11T19:50:36","date_gmt":"2025-01-11T12:50:36","guid":{"rendered":"https:\/\/ladigi.vn\/thiet-ke-website\/?post_type=product&#038;p=9252"},"modified":"2025-01-12T06:33:59","modified_gmt":"2025-01-11T23:33:59","slug":"theme-wordpress-flatsome-ban-nhac-cu","status":"publish","type":"product","link":"https:\/\/ladigi.vn\/thiet-ke-website\/mau-web\/theme-wordpress-flatsome-ban-nhac-cu\/","title":{"rendered":"B\u00e1n nh\u1ea1c c\u1ee5"},"content":{"rendered":"<p>\n Ch\u00e0o m\u1ecdi ng\u01b0\u1eddi,\n<\/p>\n<p>\n B\u1ea1n \u0111ang mu\u1ed1n kinh doanh nh\u1ea1c c\u1ee5 v\u00e0 mu\u1ed1n c\u00f3 m\u1ed9t website chuy\u00ean nghi\u1ec7p \u0111\u1ec3 gi\u1edbi thi\u1ec7u s\u1ea3n ph\u1ea9m v\u00e0 b\u00e1n h\u00e0ng? B\u1ea1n \u0111ang t\u00ecm ki\u1ebfm m\u1ed9t gi\u1ea3i ph\u00e1p hi\u1ec7u qu\u1ea3 \u0111\u1ec3 thi\u1ebft k\u1ebf website c\u1ee7a m\u00ecnh? H\u00e3y \u0111\u1ec3 LADIGI Agency gi\u00fap b\u1ea1n!\n<\/p>\n<p>\n V\u1edbi d\u1ecbch v\u1ee5 Thi\u1ebft k\u1ebf website Theme wordpress flatsome b\u00e1n nh\u1ea1c c\u1ee5 c\u1ee7a ch\u00fang t\u00f4i, b\u1ea1n s\u1ebd c\u00f3 m\u1ed9t giao di\u1ec7n web \u0111\u1eb9p, chuy\u00ean nghi\u1ec7p v\u00e0 d\u1ec5 s\u1eed d\u1ee5ng. Ch\u00fang t\u00f4i cam k\u1ebft s\u1ebd mang \u0111\u1ebfn cho b\u1ea1n m\u1ed9t trang web ho\u00e0n h\u1ea3o, gi\u00fap b\u1ea1n thu h\u00fat \u0111\u01b0\u1ee3c nhi\u1ec1u kh\u00e1ch h\u00e0ng v\u00e0 t\u0103ng doanh s\u1ed1 b\u00e1n h\u00e0ng.\n<\/p>\n<p>\n Giao di\u1ec7n web \u0111\u01b0\u1ee3c thi\u1ebft k\u1ebf b\u1eb1ng Theme Flatsome, m\u1ed9t trong nh\u1eefng theme \u0111\u01b0\u1ee3c \u0111\u00e1nh gi\u00e1 cao tr\u00ean th\u1ecb tr\u01b0\u1eddng hi\u1ec7n nay. V\u1edbi s\u1ef1 k\u1ebft h\u1ee3p tuy\u1ec7t v\u1eddi gi\u1eefa thi\u1ebft k\u1ebf \u0111\u1eb9p m\u1eaft v\u00e0 t\u00ednh n\u0103ng t\u1ed1i \u01b0u, giao di\u1ec7n web c\u1ee7a b\u1ea1n s\u1ebd tr\u1edf n\u00ean \u0111\u1eb9p m\u1eaft v\u00e0 chuy\u00ean nghi\u1ec7p h\u01a1n bao gi\u1edd h\u1ebft.\n<\/p>\n<p>\n Kh\u00f4ng ch\u1ec9 \u0111\u1eb9p m\u1eaft tr\u00ean m\u00e1y t\u00ednh, giao di\u1ec7n web c\u1ee7a b\u1ea1n c\u00f2n \u0111\u01b0\u1ee3c t\u1ed1i \u01b0u ho\u00e1 \u0111\u1ec3 t\u01b0\u01a1ng th\u00edch tr\u00ean m\u1ecdi thi\u1ebft b\u1ecb, t\u1eeb m\u00e1y t\u00ednh \u0111\u1ec3 b\u00e0n \u0111\u1ebfn \u0111i\u1ec7n tho\u1ea1i di \u0111\u1ed9ng. \u0110i\u1ec1u n\u00e0y s\u1ebd gi\u00fap b\u1ea1n ti\u1ebfp c\u1eadn \u0111\u01b0\u1ee3c nhi\u1ec1u kh\u00e1ch h\u00e0ng h\u01a1n v\u00e0 t\u0103ng c\u01a1 h\u1ed9i b\u00e1n h\u00e0ng.\n<\/p>\n<p>\n M\u00e3 ngu\u1ed3n WordPress v\u00e0 UX Builder \u0111\u01b0\u1ee3c s\u1eed d\u1ee5ng \u0111\u1ec3 thi\u1ebft k\u1ebf giao di\u1ec7n web, gi\u00fap b\u1ea1n d\u1ec5 d\u00e0ng t\u00f9y bi\u1ebfn v\u00e0 thay \u0111\u1ed5i n\u1ed9i dung tr\u00ean trang web c\u1ee7a m\u00ecnh. B\u1ea1n c\u00f3 th\u1ec3 thay \u0111\u1ed5i m\u00e0u s\u1eafc, font ch\u1eef, b\u1ed1 c\u1ee5c v\u00e0 th\u00eam c\u00e1c t\u00ednh n\u0103ng m\u1edbi m\u1ed9t c\u00e1ch d\u1ec5 d\u00e0ng, m\u00e0 kh\u00f4ng c\u1ea7n ph\u1ea3i c\u00f3 ki\u1ebfn th\u1ee9c v\u1ec1 l\u1eadp tr\u00ecnh.\n<\/p>\n<p>\n V\u1edbi t\u1ed1c \u0111\u1ed9 t\u1ea3i trang nhanh, giao di\u1ec7n web c\u1ee7a b\u1ea1n s\u1ebd \u0111\u01b0\u1ee3c t\u1ea3i m\u1ed9t c\u00e1ch nhanh ch\u00f3ng v\u00e0 m\u01b0\u1ee3t m\u00e0 tr\u00ean m\u1ecdi thi\u1ebft b\u1ecb. \u0110i\u1ec1u n\u00e0y s\u1ebd gi\u00fap c\u1ea3i thi\u1ec7n tr\u1ea3i nghi\u1ec7m c\u1ee7a kh\u00e1ch h\u00e0ng v\u00e0 t\u0103ng kh\u1ea3 n\u0103ng chuy\u1ec3n \u0111\u1ed5i t\u1eeb kh\u00e1ch h\u00e0ng th\u00e0nh ng\u01b0\u1eddi mua h\u00e0ng.\n<\/p>\n<p>\n \u0110\u1ebfn v\u1edbi LADIGI Agency, b\u1ea1n s\u1ebd \u0111\u01b0\u1ee3c h\u01b0\u1edfng m\u1ed9t d\u1ecbch v\u1ee5 thi\u1ebft k\u1ebf website chuy\u00ean nghi\u1ec7p v\u00e0 \u0111\u1ea7y \u0111\u1ee7 c\u00e1c t\u00ednh n\u0103ng c\u1ea7n thi\u1ebft \u0111\u1ec3 kinh doanh nh\u1ea1c c\u1ee5 tr\u1ef1c tuy\u1ebfn. V\u1edbi \u0111\u1ed9i ng\u0169 nh\u00e2n vi\u00ean gi\u00e0u kinh nghi\u1ec7m v\u00e0 t\u1eadn t\u00e2m, ch\u00fang t\u00f4i cam k\u1ebft s\u1ebd mang \u0111\u1ebfn cho b\u1ea1n m\u1ed9t trang web ho\u00e0n h\u1ea3o v\u00e0 ch\u1ea5t l\u01b0\u1ee3ng nh\u1ea5t.\n<\/p>\n<p>\n N\u1ebfu b\u1ea1n quan t\u00e2m \u0111\u1ebfn d\u1ecbch v\u1ee5 Thi\u1ebft k\u1ebf website b\u00e1n h\u00e0ng c\u1ee7a ch\u00fang t\u00f4i, h\u00e3y truy c\u1eadp v\u00e0o \u0111\u01b0\u1eddng link sau \u0111\u1ec3 bi\u1ebft th\u00eam th\u00f4ng tin chi ti\u1ebft:<br \/>\n <a href=\"https:\/\/ladigi.vn\/thiet-ke-website\/\"><br \/>\n  Thi\u1ebft k\u1ebf website b\u00e1n h\u00e0ng LADIGI<br \/>\n <\/a>\n<\/p>\n<p>\n H\u00e3y \u0111\u1ec3 LADIGI Agency gi\u00fap b\u1ea1n v\u01b0\u01a1n t\u1edbi th\u00e0nh c\u00f4ng trong kinh doanh nh\u1ea1c c\u1ee5 tr\u1ef1c tuy\u1ebfn. Ch\u00fang t\u00f4i lu\u00f4n s\u1eb5n s\u00e0ng \u0111\u1ed3ng h\u00e0nh c\u00f9ng b\u1ea1n tr\u00ean con \u0111\u01b0\u1eddng ph\u00e1t tri\u1ec3n v\u00e0 th\u00e0nh c\u00f4ng.\n<\/p>\n<p>\n C\u1ea3m \u01a1n m\u1ecdi ng\u01b0\u1eddi \u0111\u00e3 \u0111\u1ecdc b\u00e0i vi\u1ebft c\u1ee7a ch\u00fang t\u00f4i. Ch\u00fac c\u00e1c b\u1ea1n th\u00e0nh c\u00f4ng trong kinh doanh!<\/p>\n","protected":false},"excerpt":{"rendered":"<p>D\u1ecbch v\u1ee5 Thi\u1ebft k\u1ebf website Theme wordpress Flatsome b\u00e1n nh\u1ea1c c\u1ee5 mang \u0111\u1ebfn cho kh\u00e1ch h\u00e0ng m\u1ed9t trang web \u0111\u1eb9p v\u00e0 chuy\u00ean nghi\u1ec7p. V\u1edbi giao di\u1ec7n d\u1ec5 s\u1eed d\u1ee5ng, trang web n\u00e0y s\u1ebd hi\u1ec3n th\u1ecb t\u1ed1t tr\u00ean m\u1ecdi thi\u1ebft b\u1ecb. \u0110\u01b0\u1ee3c x\u00e2y d\u1ef1ng tr\u00ean m\u00e3 ngu\u1ed3n Wordpress, s\u1eed d\u1ee5ng Theme Flatsome v\u00e0 UX Builder, trang web c\u00f3 th\u1ec3 d\u1ec5 d\u00e0ng t\u00f9y bi\u1ebfn theo \u00fd mu\u1ed1n c\u1ee7a kh\u00e1ch h\u00e0ng. V\u1edbi t\u1ed1c \u0111\u1ed9 t\u1ea3i trang nhanh, trang web s\u1ebd mang \u0111\u1ebfn tr\u1ea3i nghi\u1ec7m tuy\u1ec7t v\u1eddi cho ng\u01b0\u1eddi d\u00f9ng.<\/p>\n","protected":false},"featured_media":9253,"comment_status":"open","ping_status":"closed","template":"","meta":[],"product_cat":[16],"product_tag":[],"class_list":{"0":"post-9252","1":"product","2":"type-product","3":"status-publish","4":"has-post-thumbnail","6":"product_cat-tat-ca","8":"first","9":"instock","10":"shipping-taxable","11":"product-type-external"},"_links":{"self":[{"href":"https:\/\/ladigi.vn\/thiet-ke-website\/wp-json\/wp\/v2\/product\/9252","targetHints":{"allow":["GET"]}}],"collection":[{"href":"https:\/\/ladigi.vn\/thiet-ke-website\/wp-json\/wp\/v2\/product"}],"about":[{"href":"https:\/\/ladigi.vn\/thiet-ke-website\/wp-json\/wp\/v2\/types\/product"}],"replies":[{"embeddable":true,"href":"https:\/\/ladigi.vn\/thiet-ke-website\/wp-json\/wp\/v2\/comments?post=9252"}],"wp:featuredmedia":[{"embeddable":true,"href":"https:\/\/ladigi.vn\/thiet-ke-website\/wp-json\/wp\/v2\/media\/9253"}],"wp:attachment":[{"href":"https:\/\/ladigi.vn\/thiet-ke-website\/wp-json\/wp\/v2\/media?parent=9252"}],"wp:term":[{"taxonomy":"product_cat","embeddable":true,"href":"https:\/\/ladigi.vn\/thiet-ke-website\/wp-json\/wp\/v2\/product_cat?post=9252"},{"taxonomy":"product_tag","embeddable":true,"href":"https:\/\/ladigi.vn\/thiet-ke-website\/wp-json\/wp\/v2\/product_tag?post=9252"}],"curies":[{"name":"wp","href":"https:\/\/api.w.org\/{rel}","templated":true}]}}