{"id":9254,"date":"2025-01-11T12:21:10","date_gmt":"2025-01-11T05:21:10","guid":{"rendered":"https:\/\/ladigi.vn\/thiet-ke-website\/?post_type=product&#038;p=9254"},"modified":"2025-01-11T12:23:14","modified_gmt":"2025-01-11T05:23:14","slug":"theme-wordpress-ban-thuc-pham-chuc-nang-02","status":"publish","type":"product","link":"https:\/\/ladigi.vn\/thiet-ke-website\/mau-web\/theme-wordpress-ban-thuc-pham-chuc-nang-02\/","title":{"rendered":"Shop b\u00e1n th\u1ef1c ph\u1ea9m ch\u1ee9c n\u0103ng"},"content":{"rendered":"<h1>\n D\u1ecbch v\u1ee5 Thi\u1ebft k\u1ebf website Theme WordPress b\u00e1n th\u1ef1c ph\u1ea9m ch\u1ee9c n\u0103ng<br \/>\n<\/h1>\n<p>\n B\u1ea1n \u0111ang t\u00ecm ki\u1ebfm m\u1ed9t gi\u1ea3i ph\u00e1p t\u1ed1i \u01b0u \u0111\u1ec3 x\u00e2y d\u1ef1ng website b\u00e1n th\u1ef1c ph\u1ea9m ch\u1ee9c n\u0103ng? Ch\u00fang t\u00f4i t\u1ef1 h\u00e0o gi\u1edbi thi\u1ec7u d\u1ecbch v\u1ee5 thi\u1ebft k\u1ebf website b\u1eb1ng WordPress v\u1edbi Theme Flatsome v\u00e0 c\u00f4ng c\u1ee5 UX Builder, mang \u0111\u1ebfn cho b\u1ea1n m\u1ed9t giao di\u1ec7n \u0111\u1eb9p, chuy\u00ean nghi\u1ec7p v\u00e0 d\u1ec5 s\u1eed d\u1ee5ng.\n<\/p>\n<h2>\n Giao di\u1ec7n web \u0111\u1eb9p, chuy\u00ean nghi\u1ec7p<br \/>\n<\/h2>\n<p>\n Website c\u1ee7a b\u1ea1n s\u1ebd \u0111\u01b0\u1ee3c thi\u1ebft k\u1ebf v\u1edbi giao di\u1ec7n b\u1eaft m\u1eaft, thu h\u00fat kh\u00e1ch h\u00e0ng ngay t\u1eeb c\u00e1i nh\u00ecn \u0111\u1ea7u ti\u00ean. Ch\u00fang t\u00f4i ch\u00fa tr\u1ecdng \u0111\u1ebfn t\u1eebng chi ti\u1ebft, \u0111\u1ea3m b\u1ea3o r\u1eb1ng website kh\u00f4ng ch\u1ec9 \u0111\u1eb9p m\u00e0 c\u00f2n d\u1ec5 s\u1eed d\u1ee5ng, mang l\u1ea1i tr\u1ea3i nghi\u1ec7m t\u1ed1t nh\u1ea5t cho ng\u01b0\u1eddi d\u00f9ng.\n<\/p>\n<h2>\n T\u01b0\u01a1ng th\u00edch tr\u00ean m\u1ecdi thi\u1ebft b\u1ecb<br \/>\n<\/h2>\n<p>\n V\u1edbi thi\u1ebft k\u1ebf responsive, website c\u1ee7a b\u1ea1n s\u1ebd ho\u00e0n to\u00e0n t\u01b0\u01a1ng th\u00edch v\u00e0 ho\u1ea1t \u0111\u1ed9ng t\u1ed1t tr\u00ean m\u1ecdi thi\u1ebft b\u1ecb, t\u1eeb m\u00e1y t\u00ednh \u0111\u1ec3 b\u00e0n \u0111\u1ebfn \u0111i\u1ec7n tho\u1ea1i di \u0111\u1ed9ng. \u0110i\u1ec1u n\u00e0y gi\u00fap kh\u00e1ch h\u00e0ng d\u1ec5 d\u00e0ng truy c\u1eadp v\u00e0 mua s\u1eafm m\u1ecdi l\u00fac, m\u1ecdi n\u01a1i.\n<\/p>\n<h2>\n M\u00e3 ngu\u1ed3n WordPress d\u1ec5 t\u00f9y bi\u1ebfn<br \/>\n<\/h2>\n<p>\n Ch\u00fang t\u00f4i s\u1eed d\u1ee5ng m\u00e3 ngu\u1ed3n WordPress v\u1edbi Theme Flatsome v\u00e0 UX Builder, cho ph\u00e9p b\u1ea1n d\u1ec5 d\u00e0ng t\u00f9y ch\u1ec9nh website theo nhu c\u1ea7u c\u1ee7a m\u00ecnh. B\u1ea1n c\u00f3 th\u1ec3 thay \u0111\u1ed5i n\u1ed9i dung, h\u00ecnh \u1ea3nh v\u00e0 c\u1ea5u tr\u00fac website m\u1ed9t c\u00e1ch nhanh ch\u00f3ng, m\u00e0 kh\u00f4ng c\u1ea7n ph\u1ea3i c\u00f3 ki\u1ebfn th\u1ee9c l\u1eadp tr\u00ecnh s\u00e2u.\n<\/p>\n<h2>\n T\u1ed1c \u0111\u1ed9 t\u1ea3i trang nhanh<br \/>\n<\/h2>\n<p>\n Ch\u00fang t\u00f4i hi\u1ec3u r\u1eb1ng t\u1ed1c \u0111\u1ed9 t\u1ea3i trang l\u00e0 y\u1ebfu t\u1ed1 quan tr\u1ecdng trong vi\u1ec7c gi\u1eef ch\u00e2n kh\u00e1ch h\u00e0ng. V\u1edbi c\u00e1c t\u1ed1i \u01b0u h\u00f3a c\u1ea7n thi\u1ebft, website c\u1ee7a b\u1ea1n s\u1ebd c\u00f3 t\u1ed1c \u0111\u1ed9 t\u1ea3i trang nhanh ch\u00f3ng, gi\u00fap c\u1ea3i thi\u1ec7n tr\u1ea3i nghi\u1ec7m ng\u01b0\u1eddi d\u00f9ng v\u00e0 t\u0103ng kh\u1ea3 n\u0103ng chuy\u1ec3n \u0111\u1ed5i.\n<\/p>\n<hr\/>\n<p>\n H\u00e3y \u0111\u1ec3 LADIGI Agency \u0111\u1ed3ng h\u00e0nh c\u00f9ng b\u1ea1n trong h\u00e0nh tr\u00ecnh x\u00e2y d\u1ef1ng website b\u00e1n th\u1ef1c ph\u1ea9m ch\u1ee9c n\u0103ng chuy\u00ean nghi\u1ec7p. Ch\u00fang t\u00f4i cam k\u1ebft mang \u0111\u1ebfn d\u1ecbch v\u1ee5 t\u1ed1t nh\u1ea5t, h\u1ed7 tr\u1ee3 b\u1ea1n ph\u00e1t tri\u1ec3n kinh doanh th\u00e0nh c\u00f4ng.\n<\/p>\n<p>\n Xem th\u00eam t\u1ea1i:<br \/>\n <a href=\"https:\/\/ladigi.vn\/thiet-ke-website\/\"><br \/>\n  Thi\u1ebft k\u1ebf website chuy\u00ean nghi\u1ec7p tr\u1ecdn g\u00f3i<br \/>\n <\/a><\/p>\n","protected":false},"excerpt":{"rendered":"<p>D\u1ecbch v\u1ee5 thi\u1ebft k\u1ebf website b\u00e1n th\u1ef1c ph\u1ea9m ch\u1ee9c n\u0103ng s\u1eed d\u1ee5ng m\u00e3 ngu\u1ed3n Wordpress c\u00f9ng theme Flatsome v\u00e0 UX Builder. Giao di\u1ec7n \u0111\u1eb9p, chuy\u00ean nghi\u1ec7p, d\u1ec5 s\u1eed d\u1ee5ng v\u00e0 ho\u00e0n to\u00e0n t\u01b0\u01a1ng th\u00edch tr\u00ean m\u1ecdi thi\u1ebft b\u1ecb. \u0110\u1eb7c bi\u1ec7t, t\u1ed1c \u0111\u1ed9 t\u1ea3i trang nhanh ch\u00f3ng, mang \u0111\u1ebfn tr\u1ea3i nghi\u1ec7m m\u01b0\u1ee3t m\u00e0 cho ng\u01b0\u1eddi d\u00f9ng.<\/p>\n","protected":false},"featured_media":9255,"comment_status":"open","ping_status":"closed","template":"","meta":[],"product_cat":[16],"product_tag":[],"class_list":{"0":"post-9254","1":"product","2":"type-product","3":"status-publish","4":"has-post-thumbnail","6":"product_cat-tat-ca","8":"first","9":"instock","10":"shipping-taxable","11":"product-type-external"},"_links":{"self":[{"href":"https:\/\/ladigi.vn\/thiet-ke-website\/wp-json\/wp\/v2\/product\/9254","targetHints":{"allow":["GET"]}}],"collection":[{"href":"https:\/\/ladigi.vn\/thiet-ke-website\/wp-json\/wp\/v2\/product"}],"about":[{"href":"https:\/\/ladigi.vn\/thiet-ke-website\/wp-json\/wp\/v2\/types\/product"}],"replies":[{"embeddable":true,"href":"https:\/\/ladigi.vn\/thiet-ke-website\/wp-json\/wp\/v2\/comments?post=9254"}],"wp:featuredmedia":[{"embeddable":true,"href":"https:\/\/ladigi.vn\/thiet-ke-website\/wp-json\/wp\/v2\/media\/9255"}],"wp:attachment":[{"href":"https:\/\/ladigi.vn\/thiet-ke-website\/wp-json\/wp\/v2\/media?parent=9254"}],"wp:term":[{"taxonomy":"product_cat","embeddable":true,"href":"https:\/\/ladigi.vn\/thiet-ke-website\/wp-json\/wp\/v2\/product_cat?post=9254"},{"taxonomy":"product_tag","embeddable":true,"href":"https:\/\/ladigi.vn\/thiet-ke-website\/wp-json\/wp\/v2\/product_tag?post=9254"}],"curies":[{"name":"wp","href":"https:\/\/api.w.org\/{rel}","templated":true}]}}