{"id":9270,"date":"2025-01-10T19:31:58","date_gmt":"2025-01-10T12:31:58","guid":{"rendered":"https:\/\/ladigi.vn\/thiet-ke-website\/?post_type=product&#038;p=9270"},"modified":"2025-01-10T19:33:31","modified_gmt":"2025-01-10T12:33:31","slug":"theme-wordpress-ban-nong-san","status":"publish","type":"product","link":"https:\/\/ladigi.vn\/thiet-ke-website\/mau-web\/theme-wordpress-ban-nong-san\/","title":{"rendered":"N\u00f4ng s\u1ea3n"},"content":{"rendered":"<h1>\n D\u1ecbch v\u1ee5 Thi\u1ebft k\u1ebf website Theme WordPress b\u00e1n n\u00f4ng s\u1ea3n<br \/>\n<\/h1>\n<p>\n Ch\u00e0o m\u1eebng b\u1ea1n \u0111\u1ebfn v\u1edbi d\u1ecbch v\u1ee5 thi\u1ebft k\u1ebf website chuy\u00ean nghi\u1ec7p d\u00e0nh cho ng\u00e0nh n\u00f4ng s\u1ea3n! V\u1edbi s\u1ef1 ph\u00e1t tri\u1ec3n kh\u00f4ng ng\u1eebng c\u1ee7a c\u00f4ng ngh\u1ec7, vi\u1ec7c s\u1edf h\u1eefu m\u1ed9t trang web b\u00e1n h\u00e0ng \u1ea5n t\u01b0\u1ee3ng v\u00e0 d\u1ec5 s\u1eed d\u1ee5ng l\u00e0 \u0111i\u1ec1u h\u1ebft s\u1ee9c c\u1ea7n thi\u1ebft. Ch\u00fang t\u00f4i t\u1ef1 h\u00e0o cung c\u1ea5p gi\u1ea3i ph\u00e1p thi\u1ebft k\u1ebf website WordPress v\u1edbi nhi\u1ec1u t\u00ednh n\u0103ng n\u1ed5i b\u1eadt.\n<\/p>\n<h2>\n Giao di\u1ec7n \u0111\u1eb9p, chuy\u00ean nghi\u1ec7p v\u00e0 d\u1ec5 s\u1eed d\u1ee5ng<br \/>\n<\/h2>\n<p>\n Website c\u1ee7a b\u1ea1n s\u1ebd \u0111\u01b0\u1ee3c thi\u1ebft k\u1ebf v\u1edbi giao di\u1ec7n b\u1eaft m\u1eaft, chuy\u00ean nghi\u1ec7p v\u00e0 d\u1ec5 d\u00e0ng s\u1eed d\u1ee5ng. Ch\u00fang t\u00f4i ch\u00fa tr\u1ecdng \u0111\u1ebfn tr\u1ea3i nghi\u1ec7m ng\u01b0\u1eddi d\u00f9ng, gi\u00fap kh\u00e1ch h\u00e0ng d\u1ec5 d\u00e0ng t\u00ecm ki\u1ebfm v\u00e0 mua s\u1eafm c\u00e1c s\u1ea3n ph\u1ea9m n\u00f4ng s\u1ea3n m\u00e0 h\u1ecd y\u00eau th\u00edch.\n<\/p>\n<h2>\n T\u01b0\u01a1ng th\u00edch tr\u00ean m\u1ecdi thi\u1ebft b\u1ecb<br \/>\n<\/h2>\n<p>\n Ch\u00fang t\u00f4i \u0111\u1ea3m b\u1ea3o r\u1eb1ng website c\u1ee7a b\u1ea1n c\u00f3 th\u1ec3 hi\u1ec3n th\u1ecb t\u1ed1t tr\u00ean m\u1ecdi lo\u1ea1i thi\u1ebft b\u1ecb, t\u1eeb m\u00e1y t\u00ednh \u0111\u1ec3 b\u00e0n \u0111\u1ebfn \u0111i\u1ec7n tho\u1ea1i di \u0111\u1ed9ng. \u0110i\u1ec1u n\u00e0y gi\u00fap t\u0103ng c\u01b0\u1eddng kh\u1ea3 n\u0103ng ti\u1ebfp c\u1eadn kh\u00e1ch h\u00e0ng, t\u1eeb \u0111\u00f3 t\u0103ng doanh s\u1ed1 b\u00e1n h\u00e0ng.\n<\/p>\n<h2>\n M\u00e3 ngu\u1ed3n WordPress v\u1edbi Theme Flatsome v\u00e0 UX Builder<br \/>\n<\/h2>\n<p>\n Ch\u00fang t\u00f4i s\u1eed d\u1ee5ng m\u00e3 ngu\u1ed3n WordPress k\u1ebft h\u1ee3p v\u1edbi Theme Flatsome v\u00e0 UX Builder, cho ph\u00e9p b\u1ea1n d\u1ec5 d\u00e0ng t\u00f9y bi\u1ebfn n\u1ed9i dung v\u00e0 giao di\u1ec7n c\u1ee7a trang web theo nhu c\u1ea7u ri\u00eang. Kh\u00f4ng c\u1ea7n ph\u1ea3i c\u00f3 nhi\u1ec1u ki\u1ebfn th\u1ee9c v\u1ec1 l\u1eadp tr\u00ecnh, b\u1ea1n v\u1eabn c\u00f3 th\u1ec3 t\u1ef1 tay ch\u1ec9nh s\u1eeda v\u00e0 l\u00e0m m\u1edbi trang web c\u1ee7a m\u00ecnh b\u1ea5t c\u1ee9 l\u00fac n\u00e0o.\n<\/p>\n<h2>\n T\u1ed1c \u0111\u1ed9 t\u1ea3i trang nhanh<br \/>\n<\/h2>\n<p>\n V\u1edbi s\u1ef1 t\u1ed1i \u01b0u h\u00f3a v\u1ec1 t\u1ed1c \u0111\u1ed9 t\u1ea3i trang, website c\u1ee7a b\u1ea1n s\u1ebd \u0111\u01b0\u1ee3c c\u1ea3i thi\u1ec7n hi\u1ec7u su\u1ea5t m\u1ed9t c\u00e1ch \u0111\u00e1ng k\u1ec3. \u0110i\u1ec1u n\u00e0y kh\u00f4ng ch\u1ec9 t\u1ea1o tr\u1ea3i nghi\u1ec7m t\u1ed1t h\u01a1n cho ng\u01b0\u1eddi d\u00f9ng m\u00e0 c\u00f2n c\u00f3 \u1ea3nh h\u01b0\u1edfng t\u00edch c\u1ef1c \u0111\u1ebfn SEO, gi\u00fap website c\u1ee7a b\u1ea1n d\u1ec5 d\u00e0ng xu\u1ea5t hi\u1ec7n tr\u00ean c\u00e1c c\u00f4ng c\u1ee5 t\u00ecm ki\u1ebfm.\n<\/p>\n<hr\/>\n<p>\n N\u1ebfu b\u1ea1n \u0111ang t\u00ecm ki\u1ebfm m\u1ed9t \u0111\u1ed1i t\u00e1c \u0111\u00e1ng tin c\u1eady \u0111\u1ec3 thi\u1ebft k\u1ebf website n\u00f4ng s\u1ea3n ch\u1ea5t l\u01b0\u1ee3ng, h\u00e3y \u0111\u1ebfn v\u1edbi<br \/>\n <strong><br \/>\n  LADIGI Agency<br \/>\n <\/strong><br \/>\n . Ch\u00fang t\u00f4i cam k\u1ebft mang \u0111\u1ebfn cho b\u1ea1n nh\u1eefng s\u1ea3n ph\u1ea9m t\u1ed1t nh\u1ea5t v\u1edbi d\u1ecbch v\u1ee5 ch\u0103m s\u00f3c kh\u00e1ch h\u00e0ng t\u1eadn t\u00e2m.\n<\/p>\n<p>\n T\u00ecm hi\u1ec3u th\u00eam t\u1ea1i \u0111\u00e2y:<br \/>\n <a href=\"https:\/\/ladigi.vn\/thiet-ke-website\/\"><br \/>\n  C\u00f4ng ty l\u1eadp tr\u00ecnh website<br \/>\n <\/a><\/p>\n","protected":false},"excerpt":{"rendered":"<p>D\u1ecbch v\u1ee5 thi\u1ebft k\u1ebf website b\u00e1n n\u00f4ng s\u1ea3n v\u1edbi giao di\u1ec7n \u0111\u1eb9p, chuy\u00ean nghi\u1ec7p v\u00e0 d\u1ec5 s\u1eed d\u1ee5ng. T\u01b0\u01a1ng th\u00edch v\u1edbi m\u1ecdi thi\u1ebft b\u1ecb, s\u1eed d\u1ee5ng m\u00e3 ngu\u1ed3n Wordpress v\u00e0 Theme Flatsome, UX Builder d\u1ec5 t\u00f9y bi\u1ebfn. \u0110\u1eb7c bi\u1ec7t, t\u1ed1c \u0111\u1ed9 t\u1ea3i trang nhanh ch\u00f3ng gi\u00fap n\u00e2ng cao tr\u1ea3i nghi\u1ec7m ng\u01b0\u1eddi d\u00f9ng.<\/p>\n","protected":false},"featured_media":9271,"comment_status":"open","ping_status":"closed","template":"","meta":[],"product_cat":[16],"product_tag":[],"class_list":{"0":"post-9270","1":"product","2":"type-product","3":"status-publish","4":"has-post-thumbnail","6":"product_cat-tat-ca","8":"first","9":"instock","10":"shipping-taxable","11":"product-type-external"},"_links":{"self":[{"href":"https:\/\/ladigi.vn\/thiet-ke-website\/wp-json\/wp\/v2\/product\/9270","targetHints":{"allow":["GET"]}}],"collection":[{"href":"https:\/\/ladigi.vn\/thiet-ke-website\/wp-json\/wp\/v2\/product"}],"about":[{"href":"https:\/\/ladigi.vn\/thiet-ke-website\/wp-json\/wp\/v2\/types\/product"}],"replies":[{"embeddable":true,"href":"https:\/\/ladigi.vn\/thiet-ke-website\/wp-json\/wp\/v2\/comments?post=9270"}],"wp:featuredmedia":[{"embeddable":true,"href":"https:\/\/ladigi.vn\/thiet-ke-website\/wp-json\/wp\/v2\/media\/9271"}],"wp:attachment":[{"href":"https:\/\/ladigi.vn\/thiet-ke-website\/wp-json\/wp\/v2\/media?parent=9270"}],"wp:term":[{"taxonomy":"product_cat","embeddable":true,"href":"https:\/\/ladigi.vn\/thiet-ke-website\/wp-json\/wp\/v2\/product_cat?post=9270"},{"taxonomy":"product_tag","embeddable":true,"href":"https:\/\/ladigi.vn\/thiet-ke-website\/wp-json\/wp\/v2\/product_tag?post=9270"}],"curies":[{"name":"wp","href":"https:\/\/api.w.org\/{rel}","templated":true}]}}