{"id":9280,"date":"2025-01-11T12:57:04","date_gmt":"2025-01-11T05:57:04","guid":{"rendered":"https:\/\/ladigi.vn\/thiet-ke-website\/?post_type=product&#038;p=9280"},"modified":"2025-01-11T12:59:00","modified_gmt":"2025-01-11T05:59:00","slug":"theme-wordpress-ban-ve-may-bay","status":"publish","type":"product","link":"https:\/\/ladigi.vn\/thiet-ke-website\/mau-web\/theme-wordpress-ban-ve-may-bay\/","title":{"rendered":"B\u00e1n v\u00e9 m\u00e1y bay"},"content":{"rendered":"<h1>\n D\u1ecbch v\u1ee5 Thi\u1ebft k\u1ebf website Theme WordPress b\u00e1n v\u00e9 m\u00e1y bay<br \/>\n<\/h1>\n<p>\n Ch\u00e0o m\u1eebng b\u1ea1n \u0111\u1ebfn v\u1edbi d\u1ecbch v\u1ee5 thi\u1ebft k\u1ebf website chuy\u00ean nghi\u1ec7p c\u1ee7a ch\u00fang t\u00f4i! N\u1ebfu b\u1ea1n \u0111ang t\u00ecm ki\u1ebfm m\u1ed9t gi\u1ea3i ph\u00e1p ho\u00e0n h\u1ea3o \u0111\u1ec3 b\u00e1n v\u00e9 m\u00e1y bay tr\u1ef1c tuy\u1ebfn, ch\u00fang t\u00f4i xin gi\u1edbi thi\u1ec7u d\u1ecbch v\u1ee5 thi\u1ebft k\u1ebf website v\u1edbi giao di\u1ec7n \u0111\u1eb9p, chuy\u00ean nghi\u1ec7p v\u00e0 d\u1ec5 s\u1eed d\u1ee5ng.\n<\/p>\n<h2>\n Giao di\u1ec7n web \u0111\u1eb9p, chuy\u00ean nghi\u1ec7p<br \/>\n<\/h2>\n<p>\n Ch\u00fang t\u00f4i cam k\u1ebft mang \u0111\u1ebfn cho b\u1ea1n m\u1ed9t giao di\u1ec7n website \u0111\u01b0\u1ee3c thi\u1ebft k\u1ebf tinh t\u1ebf, ph\u00f9 h\u1ee3p v\u1edbi ng\u00e0nh h\u00e0ng kh\u00f4ng. Giao di\u1ec7n kh\u00f4ng ch\u1ec9 \u0111\u1eb9p m\u1eaft m\u00e0 c\u00f2n d\u1ec5 s\u1eed d\u1ee5ng, gi\u00fap kh\u00e1ch h\u00e0ng d\u1ec5 d\u00e0ng t\u00ecm ki\u1ebfm v\u00e0 \u0111\u1eb7t v\u00e9 m\u00e1y bay ch\u1ec9 trong v\u00e0i b\u01b0\u1edbc \u0111\u01a1n gi\u1ea3n.\n<\/p>\n<h2>\n T\u01b0\u01a1ng th\u00edch tr\u00ean m\u1ecdi thi\u1ebft b\u1ecb<br \/>\n<\/h2>\n<p>\n Website c\u1ee7a b\u1ea1n s\u1ebd ho\u00e0n to\u00e0n t\u01b0\u01a1ng th\u00edch v\u1edbi m\u1ecdi thi\u1ebft b\u1ecb nh\u01b0 m\u00e1y t\u00ednh \u0111\u1ec3 b\u00e0n, laptop, tablet v\u00e0 \u0111i\u1ec7n tho\u1ea1i di \u0111\u1ed9ng. \u0110i\u1ec1u n\u00e0y \u0111\u1ed3ng ngh\u0129a v\u1edbi vi\u1ec7c kh\u00e1ch h\u00e0ng c\u00f3 th\u1ec3 tra c\u1ee9u v\u00e0 \u0111\u1eb7t v\u00e9 m\u1ecdi l\u00fac, m\u1ecdi n\u01a1i, t\u1ea1o tr\u1ea3i nghi\u1ec7m s\u1eed d\u1ee5ng m\u01b0\u1ee3t m\u00e0 v\u00e0 tho\u1ea3i m\u00e1i.\n<\/p>\n<h2>\n M\u00e3 ngu\u1ed3n WordPress v\u1edbi Theme Flatsome v\u00e0 UX Builder<br \/>\n<\/h2>\n<p>\n Ch\u00fang t\u00f4i s\u1eed d\u1ee5ng m\u00e3 ngu\u1ed3n WordPress v\u1edbi Theme Flatsome m\u1ea1nh m\u1ebd v\u00e0 UX Builder tr\u1ef1c quan, cho ph\u00e9p b\u1ea1n d\u1ec5 d\u00e0ng t\u00f9y bi\u1ebfn giao di\u1ec7n theo \u00fd mu\u1ed1n. B\u1ea1n c\u00f3 th\u1ec3 t\u1ef1 tin qu\u1ea3n l\u00fd v\u00e0 c\u1eadp nh\u1eadt n\u1ed9i dung m\u00e0 kh\u00f4ng c\u1ea7n \u0111\u1ebfn ki\u1ebfn th\u1ee9c l\u1eadp tr\u00ecnh ph\u1ee9c t\u1ea1p.\n<\/p>\n<h2>\n T\u1ed1c \u0111\u1ed9 t\u1ea3i trang nhanh<br \/>\n<\/h2>\n<p>\n Ch\u00fang t\u00f4i hi\u1ec3u r\u1eb1ng t\u1ed1c \u0111\u1ed9 t\u1ea3i trang l\u00e0 y\u1ebfu t\u1ed1 quan tr\u1ecdng kh\u00f4ng k\u00e9m trong vi\u1ec7c gi\u1eef ch\u00e2n kh\u00e1ch h\u00e0ng. \u0110\u00f3 l\u00e0 l\u00fd do t\u1ea1i sao ch\u00fang t\u00f4i t\u1ed1i \u01b0u h\u00f3a website \u0111\u1ec3 \u0111\u1ea3m b\u1ea3o t\u1ed1c \u0111\u1ed9 t\u1ea3i trang nhanh, gi\u00fap ng\u01b0\u1eddi d\u00f9ng tr\u1ea3i nghi\u1ec7m d\u1ecbch v\u1ee5 m\u1ed9t c\u00e1ch nhanh ch\u00f3ng v\u00e0 hi\u1ec7u qu\u1ea3.\n<\/p>\n<hr\/>\n<p>\n N\u1ebfu b\u1ea1n \u0111ang t\u00ecm ki\u1ebfm m\u1ed9t \u0111\u01a1n v\u1ecb thi\u1ebft k\u1ebf website uy t\u00edn, h\u00e3y \u0111\u1ebfn v\u1edbi LADIGI (LADIGI Agency). Ch\u00fang t\u00f4i chuy\u00ean cung c\u1ea5p d\u1ecbch v\u1ee5 thi\u1ebft k\u1ebf website doanh nghi\u1ec7p v\u1edbi ch\u1ea5t l\u01b0\u1ee3ng t\u1ed1t nh\u1ea5t. Truy c\u1eadp \u0111\u1ec3 bi\u1ebft th\u00eam chi ti\u1ebft:<br \/>\n <a href=\"https:\/\/ladigi.vn\/thiet-ke-website\/\"><br \/>\n  D\u1ecbch v\u1ee5 thi\u1ebft k\u1ebf web doanh nghi\u1ec7p<br \/>\n <\/a><\/p>\n","protected":false},"excerpt":{"rendered":"<p>D\u1ecbch v\u1ee5 thi\u1ebft k\u1ebf website b\u00e1n v\u00e9 m\u00e1y bay s\u1edf h\u1eefu giao di\u1ec7n \u0111\u1eb9p, chuy\u00ean nghi\u1ec7p v\u00e0 d\u1ec5 s\u1eed d\u1ee5ng. Website t\u01b0\u01a1ng th\u00edch m\u1ecdi thi\u1ebft b\u1ecb, s\u1eed d\u1ee5ng m\u00e3 ngu\u1ed3n WordPress v\u1edbi theme Flatsome v\u00e0 UX Builder d\u1ec5 t\u00f9y bi\u1ebfn. T\u1ed1c \u0111\u1ed9 t\u1ea3i trang nhanh, mang l\u1ea1i tr\u1ea3i nghi\u1ec7m t\u1ed1t nh\u1ea5t cho kh\u00e1ch h\u00e0ng.<\/p>\n","protected":false},"featured_media":9281,"comment_status":"open","ping_status":"closed","template":"","meta":[],"product_cat":[16],"product_tag":[],"class_list":{"0":"post-9280","1":"product","2":"type-product","3":"status-publish","4":"has-post-thumbnail","6":"product_cat-tat-ca","8":"first","9":"instock","10":"shipping-taxable","11":"product-type-external"},"_links":{"self":[{"href":"https:\/\/ladigi.vn\/thiet-ke-website\/wp-json\/wp\/v2\/product\/9280","targetHints":{"allow":["GET"]}}],"collection":[{"href":"https:\/\/ladigi.vn\/thiet-ke-website\/wp-json\/wp\/v2\/product"}],"about":[{"href":"https:\/\/ladigi.vn\/thiet-ke-website\/wp-json\/wp\/v2\/types\/product"}],"replies":[{"embeddable":true,"href":"https:\/\/ladigi.vn\/thiet-ke-website\/wp-json\/wp\/v2\/comments?post=9280"}],"wp:featuredmedia":[{"embeddable":true,"href":"https:\/\/ladigi.vn\/thiet-ke-website\/wp-json\/wp\/v2\/media\/9281"}],"wp:attachment":[{"href":"https:\/\/ladigi.vn\/thiet-ke-website\/wp-json\/wp\/v2\/media?parent=9280"}],"wp:term":[{"taxonomy":"product_cat","embeddable":true,"href":"https:\/\/ladigi.vn\/thiet-ke-website\/wp-json\/wp\/v2\/product_cat?post=9280"},{"taxonomy":"product_tag","embeddable":true,"href":"https:\/\/ladigi.vn\/thiet-ke-website\/wp-json\/wp\/v2\/product_tag?post=9280"}],"curies":[{"name":"wp","href":"https:\/\/api.w.org\/{rel}","templated":true}]}}