{"id":9286,"date":"2025-01-12T06:51:49","date_gmt":"2025-01-11T23:51:49","guid":{"rendered":"https:\/\/ladigi.vn\/thiet-ke-website\/?post_type=product&#038;p=9286"},"modified":"2025-01-12T06:53:30","modified_gmt":"2025-01-11T23:53:30","slug":"theme-wordpress-flatsome-cong-ty-ke-toan","status":"publish","type":"product","link":"https:\/\/ladigi.vn\/thiet-ke-website\/mau-web\/theme-wordpress-flatsome-cong-ty-ke-toan\/","title":{"rendered":"C\u00f4ng ty k\u1ebf to\u00e1n"},"content":{"rendered":"<p>\n Ch\u00e0o m\u1ecdi ng\u01b0\u1eddi,\n<\/p>\n<p>\n B\u1ea1n \u0111ang t\u00ecm ki\u1ebfm m\u1ed9t \u0111\u01a1n v\u1ecb thi\u1ebft k\u1ebf website chuy\u00ean nghi\u1ec7p v\u00e0 \u0111\u1eb9p m\u1eaft cho c\u00f4ng ty k\u1ebf to\u00e1n c\u1ee7a m\u00ecnh? V\u1eady th\u00ec h\u00e3y \u0111\u1ec3 LADIGI gi\u00fap b\u1ea1n!\n<\/p>\n<p>\n V\u1edbi d\u1ecbch v\u1ee5 Thi\u1ebft k\u1ebf website Theme wordpress Flatsome c\u1ee7a LADIGI, ch\u00fang t\u00f4i cam k\u1ebft mang \u0111\u1ebfn cho b\u1ea1n m\u1ed9t giao di\u1ec7n web \u0111\u1eb9p v\u00e0 chuy\u00ean nghi\u1ec7p, \u0111\u1ed3ng th\u1eddi t\u1ed1i \u01b0u h\u00f3a tr\u1ea3i nghi\u1ec7m ng\u01b0\u1eddi d\u00f9ng \u0111\u1ec3 t\u0103ng c\u01b0\u1eddng kh\u1ea3 n\u0103ng thu h\u00fat v\u00e0 gi\u1eef ch\u00e2n kh\u00e1ch h\u00e0ng.\n<\/p>\n<p>\n \u0110i\u1ec3m n\u1ed5i b\u1eadt c\u1ee7a d\u1ecbch v\u1ee5 c\u1ee7a ch\u00fang t\u00f4i l\u00e0 giao di\u1ec7n web \u0111\u01b0\u1ee3c thi\u1ebft k\u1ebf theo phong c\u00e1ch t\u1ed1i gi\u1ea3n v\u00e0 hi\u1ec7n \u0111\u1ea1i, ph\u00f9 h\u1ee3p v\u1edbi xu h\u01b0\u1edbng thi\u1ebft k\u1ebf hi\u1ec7n t\u1ea1i. \u0110\u1eb7c bi\u1ec7t, giao di\u1ec7n web c\u1ee7a ch\u00fang t\u00f4i \u0111\u01b0\u1ee3c t\u1ed1i \u01b0u h\u00f3a \u0111\u1ec3 t\u01b0\u01a1ng th\u00edch tr\u00ean m\u1ecdi thi\u1ebft b\u1ecb, t\u1eeb m\u00e1y t\u00ednh \u0111\u1ec3 b\u00e0n \u0111\u1ebfn \u0111i\u1ec7n tho\u1ea1i di \u0111\u1ed9ng, gi\u00fap kh\u00e1ch h\u00e0ng d\u1ec5 d\u00e0ng truy c\u1eadp v\u00e0 s\u1eed d\u1ee5ng trang web c\u1ee7a b\u1ea1n.\n<\/p>\n<p>\n Ch\u00fang t\u00f4i s\u1eed d\u1ee5ng m\u00e3 ngu\u1ed3n WordPress v\u1edbi Theme Flatsome v\u00e0 UX Builder, cho ph\u00e9p t\u00f9y bi\u1ebfn giao di\u1ec7n web theo \u00fd mu\u1ed1n c\u1ee7a b\u1ea1n m\u1ed9t c\u00e1ch d\u1ec5 d\u00e0ng v\u00e0 linh ho\u1ea1t. \u0110i\u1ec1u n\u00e0y gi\u00fap b\u1ea1n c\u00f3 th\u1ec3 thay \u0111\u1ed5i giao di\u1ec7n web m\u1ed9t c\u00e1ch nhanh ch\u00f3ng v\u00e0 d\u1ec5 d\u00e0ng theo nhu c\u1ea7u kinh doanh c\u1ee7a m\u00ecnh.\n<\/p>\n<p>\n Kh\u00f4ng ch\u1ec9 \u0111\u1eb9p m\u1eaft v\u00e0 d\u1ec5 s\u1eed d\u1ee5ng, giao di\u1ec7n web c\u1ee7a ch\u00fang t\u00f4i c\u00f2n \u0111\u01b0\u1ee3c t\u1ed1i \u01b0u h\u00f3a \u0111\u1ec3 t\u1ea3i trang nhanh, gi\u00fap kh\u00e1ch h\u00e0ng c\u00f3 tr\u1ea3i nghi\u1ec7m truy c\u1eadp trang web m\u01b0\u1ee3t m\u00e0 v\u00e0 kh\u00f4ng g\u1eb7p tr\u1edf ng\u1ea1i.\n<\/p>\n<p>\n V\u1edbi \u0111\u1ed9i ng\u0169 nh\u00e2n vi\u00ean gi\u00e0u kinh nghi\u1ec7m v\u00e0 t\u00e2m huy\u1ebft v\u1edbi ngh\u1ec1, LADIGI cam k\u1ebft mang \u0111\u1ebfn cho b\u1ea1n m\u1ed9t trang web \u0111\u1eb9p v\u00e0 chuy\u00ean nghi\u1ec7p, gi\u00fap kinh doanh c\u1ee7a b\u1ea1n ph\u00e1t tri\u1ec3n m\u1ea1nh m\u1ebd tr\u00ean m\u00f4i tr\u01b0\u1eddng k\u1ef9 thu\u1eadt s\u1ed1.\n<\/p>\n<p>\n \u0110\u1eebng ng\u1ea7n ng\u1ea1i li\u00ean h\u1ec7 v\u1edbi ch\u00fang t\u00f4i ngay h\u00f4m nay \u0111\u1ec3 \u0111\u01b0\u1ee3c t\u01b0 v\u1ea5n v\u00e0 b\u00e1o gi\u00e1 d\u1ecbch v\u1ee5 Thi\u1ebft k\u1ebf website Theme wordpress Flatsome c\u1ee7a LADIGI. Ch\u00fang t\u00f4i tin r\u1eb1ng s\u1ebd l\u00e0m h\u00e0i l\u00f2ng b\u1ea1n!\n<\/p>\n<p>\n H\u00e3y truy c\u1eadp<br \/>\n <a href=\"https:\/\/ladigi.vn\/thiet-ke-website\/\"><br \/>\n  Thi\u1ebft k\u1ebf website responsive LADIGI<br \/>\n <\/a><br \/>\n \u0111\u1ec3 bi\u1ebft th\u00eam chi ti\u1ebft v\u1ec1 d\u1ecbch v\u1ee5 c\u1ee7a ch\u00fang t\u00f4i.\n<\/p>\n<p>\n C\u1ea3m \u01a1n \u0111\u00e3 \u0111\u1ecdc b\u00e0i vi\u1ebft c\u1ee7a ch\u00fang t\u00f4i. Ch\u00fang t\u00f4i mong mu\u1ed1n \u0111\u01b0\u1ee3c h\u1ee3p t\u00e1c c\u00f9ng b\u1ea1n \u0111\u1ec3 mang \u0111\u1ebfn cho doanh nghi\u1ec7p c\u1ee7a b\u1ea1n m\u1ed9t trang web chuy\u00ean nghi\u1ec7p v\u00e0 hi\u1ec7u qu\u1ea3.<\/p>\n","protected":false},"excerpt":{"rendered":"<p>D\u1ecbch v\u1ee5 thi\u1ebft k\u1ebf website Theme wordpress Flatsome c\u1ee7a c\u00f4ng ty k\u1ebf to\u00e1n l\u00e0 s\u1ef1 l\u1ef1a ch\u1ecdn ho\u00e0n h\u1ea3o cho c\u00e1c doanh nghi\u1ec7p mu\u1ed1n c\u00f3 m\u1ed9t giao di\u1ec7n web \u0111\u1eb9p, chuy\u00ean nghi\u1ec7p v\u00e0 d\u1ec5 s\u1eed d\u1ee5ng. V\u1edbi t\u00ednh t\u01b0\u01a1ng th\u00edch tr\u00ean m\u1ecdi thi\u1ebft b\u1ecb, kh\u00e1ch h\u00e0ng c\u00f3 th\u1ec3 truy c\u1eadp v\u00e0 tr\u1ea3i nghi\u1ec7m trang web m\u1ed9t c\u00e1ch thu\u1eadn ti\u1ec7n. M\u00e3 ngu\u1ed3n Wordpress k\u1ebft h\u1ee3p v\u1edbi Theme Flatsome v\u00e0 UX Builder gi\u00fap d\u1ec5 d\u00e0ng t\u00f9y bi\u1ebfn theo \u00fd mu\u1ed1n c\u1ee7a kh\u00e1ch h\u00e0ng. \u0110\u1eb7c bi\u1ec7t, t\u1ed1c \u0111\u1ed9 t\u1ea3i trang nhanh gi\u00fap t\u0103ng tr\u1ea3i nghi\u1ec7m ng\u01b0\u1eddi d\u00f9ng v\u00e0 c\u1ea3i thi\u1ec7n th\u1ee9 h\u1ea1ng tr\u00ean c\u00e1c c\u00f4ng c\u1ee5 t\u00ecm ki\u1ebfm.<\/p>\n","protected":false},"featured_media":9287,"comment_status":"open","ping_status":"closed","template":"","meta":[],"product_cat":[16],"product_tag":[],"class_list":{"0":"post-9286","1":"product","2":"type-product","3":"status-publish","4":"has-post-thumbnail","6":"product_cat-tat-ca","8":"first","9":"instock","10":"shipping-taxable","11":"product-type-external"},"_links":{"self":[{"href":"https:\/\/ladigi.vn\/thiet-ke-website\/wp-json\/wp\/v2\/product\/9286","targetHints":{"allow":["GET"]}}],"collection":[{"href":"https:\/\/ladigi.vn\/thiet-ke-website\/wp-json\/wp\/v2\/product"}],"about":[{"href":"https:\/\/ladigi.vn\/thiet-ke-website\/wp-json\/wp\/v2\/types\/product"}],"replies":[{"embeddable":true,"href":"https:\/\/ladigi.vn\/thiet-ke-website\/wp-json\/wp\/v2\/comments?post=9286"}],"wp:featuredmedia":[{"embeddable":true,"href":"https:\/\/ladigi.vn\/thiet-ke-website\/wp-json\/wp\/v2\/media\/9287"}],"wp:attachment":[{"href":"https:\/\/ladigi.vn\/thiet-ke-website\/wp-json\/wp\/v2\/media?parent=9286"}],"wp:term":[{"taxonomy":"product_cat","embeddable":true,"href":"https:\/\/ladigi.vn\/thiet-ke-website\/wp-json\/wp\/v2\/product_cat?post=9286"},{"taxonomy":"product_tag","embeddable":true,"href":"https:\/\/ladigi.vn\/thiet-ke-website\/wp-json\/wp\/v2\/product_tag?post=9286"}],"curies":[{"name":"wp","href":"https:\/\/api.w.org\/{rel}","templated":true}]}}