{"id":9288,"date":"2025-01-12T06:44:27","date_gmt":"2025-01-11T23:44:27","guid":{"rendered":"https:\/\/ladigi.vn\/thiet-ke-website\/?post_type=product&#038;p=9288"},"modified":"2025-01-12T06:46:10","modified_gmt":"2025-01-11T23:46:10","slug":"theme-wordpress-flatsome-ban-tranh","status":"publish","type":"product","link":"https:\/\/ladigi.vn\/thiet-ke-website\/mau-web\/theme-wordpress-flatsome-ban-tranh\/","title":{"rendered":"B\u00e1n tranh"},"content":{"rendered":"<p>\n <strong><br \/>\n  D\u1ecaCH V\u1ee4 THI\u1ebeT K\u1ebe WEBSITE THEME WORDPRESS FLATSOME B\u00c1N TRANH<br \/>\n <\/strong>\n<\/p>\n<p>\n B\u1ea1n \u0111ang t\u00ecm ki\u1ebfm m\u1ed9t gi\u1ea3i ph\u00e1p thi\u1ebft k\u1ebf website chuy\u00ean nghi\u1ec7p v\u00e0 hi\u1ec7u qu\u1ea3 \u0111\u1ec3 b\u00e1n tranh tr\u1ef1c tuy\u1ebfn? H\u00e3y \u0111\u1ebfn v\u1edbi LADIGI Agency &#8211; \u0111\u01a1n v\u1ecb chuy\u00ean cung c\u1ea5p d\u1ecbch v\u1ee5 thi\u1ebft k\u1ebf website uy t\u00edn v\u00e0 ch\u1ea5t l\u01b0\u1ee3ng.\n<\/p>\n<p>\n V\u1edbi s\u1ef1 ph\u00e1t tri\u1ec3n kh\u00f4ng ng\u1eebng c\u1ee7a c\u00f4ng ngh\u1ec7, vi\u1ec7c s\u1edf h\u1eefu m\u1ed9t website b\u00e1n tranh \u0111\u00e3 tr\u1edf n\u00ean c\u1ef1c k\u1ef3 c\u1ea7n thi\u1ebft trong th\u1eddi \u0111\u1ea1i s\u1ed1 hi\u1ec7n nay. Tuy nhi\u00ean, kh\u00f4ng ph\u1ea3i ai c\u0169ng c\u00f3 th\u1ec3 t\u1ef1 thi\u1ebft k\u1ebf m\u1ed9t website \u0111\u1eb9p v\u00e0 chuy\u00ean nghi\u1ec7p. \u0110\u00f3 l\u00e0 l\u00fd do t\u1ea1i sao ch\u00fang t\u00f4i gi\u1edbi thi\u1ec7u \u0111\u1ebfn b\u1ea1n d\u1ecbch v\u1ee5 thi\u1ebft k\u1ebf website theme WordPress Flatsome.\n<\/p>\n<p>\n <strong><br \/>\n  GIAO DI\u1ec6N WEB \u0110\u01af\u1ee2C THI\u1ebeT K\u1ebe \u0110\u1eb8P, CHUY\u00caN NGHI\u1ec6P, D\u1ec4 S\u1eec D\u1ee4NG<br \/>\n <\/strong>\n<\/p>\n<p>\n V\u1edbi theme WordPress Flatsome, ch\u00fang t\u00f4i cam k\u1ebft mang \u0111\u1ebfn cho b\u1ea1n m\u1ed9t giao di\u1ec7n web \u0111\u1eb9p, chuy\u00ean nghi\u1ec7p v\u00e0 d\u1ec5 s\u1eed d\u1ee5ng. \u0110\u01b0\u1ee3c x\u00e2y d\u1ef1ng d\u1ef1a tr\u00ean xu h\u01b0\u1edbng thi\u1ebft k\u1ebf hi\u1ec7n \u0111\u1ea1i, Flatsome s\u1ebd gi\u00fap website c\u1ee7a b\u1ea1n tr\u1edf n\u00ean n\u1ed5i b\u1eadt v\u00e0 thu h\u00fat ng\u01b0\u1eddi d\u00f9ng ngay t\u1eeb c\u00e1i nh\u00ecn \u0111\u1ea7u ti\u00ean.\n<\/p>\n<p>\n <strong><br \/>\n  T\u01af\u01a0NG TH\u00cdCH TR\u00caN M\u1eccI THI\u1ebeT B\u1eca<br \/>\n <\/strong>\n<\/p>\n<p>\n V\u1edbi s\u1ef1 ph\u00e1t tri\u1ec3n c\u1ee7a c\u00e1c thi\u1ebft b\u1ecb di \u0111\u1ed9ng, vi\u1ec7c thi\u1ebft k\u1ebf website t\u01b0\u01a1ng th\u00edch tr\u00ean m\u1ecdi thi\u1ebft b\u1ecb \u0111\u00e3 tr\u1edf th\u00e0nh m\u1ed9t y\u00eau c\u1ea7u c\u1ea7n thi\u1ebft. V\u1edbi s\u1ef1 h\u1ed7 tr\u1ee3 c\u1ee7a theme Flatsome, website c\u1ee7a b\u1ea1n s\u1ebd ho\u1ea1t \u0111\u1ed9ng m\u01b0\u1ee3t m\u00e0 v\u00e0 t\u01b0\u01a1ng th\u00edch tr\u00ean m\u1ecdi lo\u1ea1i thi\u1ebft b\u1ecb, t\u1eeb m\u00e1y t\u00ednh \u0111\u1ec3 b\u00e0n \u0111\u1ebfn \u0111i\u1ec7n tho\u1ea1i di \u0111\u1ed9ng.\n<\/p>\n<p>\n <strong><br \/>\n  M\u00c3 NGU\u1ed2N WORDPRESS V\u1edaI THEME FLATSOME V\u00c0 UX BUILDER D\u1ec4 T\u00d9Y BI\u1ebeN<br \/>\n <\/strong>\n<\/p>\n<p>\n V\u1edbi m\u00e3 ngu\u1ed3n WordPress v\u00e0 s\u1ef1 h\u1ed7 tr\u1ee3 c\u1ee7a theme Flatsome v\u00e0 UX Builder, ch\u00fang t\u00f4i cam k\u1ebft mang \u0111\u1ebfn cho b\u1ea1n m\u1ed9t website d\u1ec5 t\u00f9y bi\u1ebfn v\u00e0 linh ho\u1ea1t. B\u1ea1n c\u00f3 th\u1ec3 d\u1ec5 d\u00e0ng thay \u0111\u1ed5i giao di\u1ec7n, c\u1eadp nh\u1eadt n\u1ed9i dung v\u00e0 th\u00eam c\u00e1c t\u00ednh n\u0103ng m\u1edbi cho website c\u1ee7a m\u00ecnh m\u00e0 kh\u00f4ng c\u1ea7n ph\u1ea3i c\u00f3 ki\u1ebfn th\u1ee9c v\u1ec1 l\u1eadp tr\u00ecnh.\n<\/p>\n<p>\n <strong><br \/>\n  T\u1ed0C \u0110\u1ed8 T\u1ea2I TRANG NHANH<br \/>\n <\/strong>\n<\/p>\n<p>\n T\u1ed1c \u0111\u1ed9 t\u1ea3i trang l\u00e0 y\u1ebfu t\u1ed1 quan tr\u1ecdng trong vi\u1ec7c \u0111\u00e1nh gi\u00e1 ch\u1ea5t l\u01b0\u1ee3ng c\u1ee7a m\u1ed9t website. V\u1edbi theme Flatsome, ch\u00fang t\u00f4i cam k\u1ebft mang \u0111\u1ebfn cho b\u1ea1n m\u1ed9t website t\u1ea3i trang nhanh, gi\u00fap t\u0103ng tr\u1ea3i nghi\u1ec7m ng\u01b0\u1eddi d\u00f9ng v\u00e0 c\u1ea3i thi\u1ec7n th\u1ee9 h\u1ea1ng tr\u00ean c\u00e1c c\u00f4ng c\u1ee5 t\u00ecm ki\u1ebfm.\n<\/p>\n<p>\n <strong><br \/>\n  GI\u1edaI THI\u1ec6U V\u1ec0 LADIGI AGENCY<br \/>\n <\/strong>\n<\/p>\n<p>\n LADIGI Agency l\u00e0 \u0111\u01a1n v\u1ecb chuy\u00ean cung c\u1ea5p d\u1ecbch v\u1ee5 thi\u1ebft k\u1ebf website uy t\u00edn v\u00e0 ch\u1ea5t l\u01b0\u1ee3ng. V\u1edbi \u0111\u1ed9i ng\u0169 nh\u00e2n vi\u00ean gi\u00e0u kinh nghi\u1ec7m, ch\u00fang t\u00f4i cam k\u1ebft mang \u0111\u1ebfn cho b\u1ea1n m\u1ed9t website chuy\u00ean nghi\u1ec7p, hi\u1ec7u qu\u1ea3 v\u00e0 \u0111\u00e1p \u1ee9ng \u0111\u1ea7y \u0111\u1ee7 c\u00e1c y\u00eau c\u1ea7u c\u1ee7a b\u1ea1n.\n<\/p>\n<p>\n V\u1eady n\u1ebfu b\u1ea1n \u0111ang c\u00f3 nhu c\u1ea7u thi\u1ebft k\u1ebf website b\u00e1n tranh, h\u00e3y \u0111\u1ebfn v\u1edbi LADIGI Agency v\u00e0 tr\u1ea3i nghi\u1ec7m d\u1ecbch v\u1ee5 tuy\u1ec7t v\u1eddi c\u1ee7a ch\u00fang t\u00f4i.\n<\/p>\n<p>\n <a href=\"https:\/\/ladigi.vn\/thiet-ke-website\/\"><br \/>\n  Thi\u1ebft k\u1ebf web th\u01b0\u01a1ng m\u1ea1i \u0111i\u1ec7n t\u1eed LADIGI<br \/>\n <\/a><br \/>\n &#8211; \u0111\u01b0a doanh nghi\u1ec7p c\u1ee7a b\u1ea1n l\u00ean t\u1ea7m cao m\u1edbi!<\/p>\n","protected":false},"excerpt":{"rendered":"<p>D\u1ecbch v\u1ee5 Thi\u1ebft k\u1ebf website Theme wordpress Flatsome b\u00e1n tranh mang \u0111\u1ebfn cho kh\u00e1ch h\u00e0ng m\u1ed9t tr\u1ea3i nghi\u1ec7m tuy\u1ec7t v\u1eddi v\u1edbi giao di\u1ec7n \u0111\u1eb9p v\u00e0 chuy\u00ean nghi\u1ec7p. V\u1edbi thi\u1ebft k\u1ebf t\u01b0\u01a1ng th\u00edch tr\u00ean m\u1ecdi thi\u1ebft b\u1ecb, ng\u01b0\u1eddi d\u00f9ng c\u00f3 th\u1ec3 d\u1ec5 d\u00e0ng truy c\u1eadp v\u00e0 mua s\u1eafm tr\u00ean website b\u1ea5t k\u1ec3 \u0111ang s\u1eed d\u1ee5ng thi\u1ebft b\u1ecb n\u00e0o. M\u00e3 ngu\u1ed3n Wordpress k\u1ebft h\u1ee3p c\u00f9ng Theme Flatsome v\u00e0 UX Builder gi\u00fap t\u1ea1o n\u00ean m\u1ed9t website d\u1ec5 t\u00f9y bi\u1ebfn v\u00e0 linh ho\u1ea1t. \u0110\u1eb7c bi\u1ec7t, t\u1ed1c \u0111\u1ed9 t\u1ea3i trang nhanh gi\u00fap kh\u00e1ch h\u00e0ng c\u00f3 tr\u1ea3i nghi\u1ec7m mua s\u1eafm tr\u01a1n tru v\u00e0 ti\u1ebft ki\u1ec7m th\u1eddi gian.<\/p>\n","protected":false},"featured_media":9289,"comment_status":"open","ping_status":"closed","template":"","meta":[],"product_cat":[16],"product_tag":[],"class_list":{"0":"post-9288","1":"product","2":"type-product","3":"status-publish","4":"has-post-thumbnail","6":"product_cat-tat-ca","8":"first","9":"instock","10":"shipping-taxable","11":"product-type-external"},"_links":{"self":[{"href":"https:\/\/ladigi.vn\/thiet-ke-website\/wp-json\/wp\/v2\/product\/9288","targetHints":{"allow":["GET"]}}],"collection":[{"href":"https:\/\/ladigi.vn\/thiet-ke-website\/wp-json\/wp\/v2\/product"}],"about":[{"href":"https:\/\/ladigi.vn\/thiet-ke-website\/wp-json\/wp\/v2\/types\/product"}],"replies":[{"embeddable":true,"href":"https:\/\/ladigi.vn\/thiet-ke-website\/wp-json\/wp\/v2\/comments?post=9288"}],"wp:featuredmedia":[{"embeddable":true,"href":"https:\/\/ladigi.vn\/thiet-ke-website\/wp-json\/wp\/v2\/media\/9289"}],"wp:attachment":[{"href":"https:\/\/ladigi.vn\/thiet-ke-website\/wp-json\/wp\/v2\/media?parent=9288"}],"wp:term":[{"taxonomy":"product_cat","embeddable":true,"href":"https:\/\/ladigi.vn\/thiet-ke-website\/wp-json\/wp\/v2\/product_cat?post=9288"},{"taxonomy":"product_tag","embeddable":true,"href":"https:\/\/ladigi.vn\/thiet-ke-website\/wp-json\/wp\/v2\/product_tag?post=9288"}],"curies":[{"name":"wp","href":"https:\/\/api.w.org\/{rel}","templated":true}]}}