{"id":9292,"date":"2025-01-12T06:49:22","date_gmt":"2025-01-11T23:49:22","guid":{"rendered":"https:\/\/ladigi.vn\/thiet-ke-website\/?post_type=product&#038;p=9292"},"modified":"2025-01-12T06:51:04","modified_gmt":"2025-01-11T23:51:04","slug":"theme-wordpress-flatsome-ban-xe-tai","status":"publish","type":"product","link":"https:\/\/ladigi.vn\/thiet-ke-website\/mau-web\/theme-wordpress-flatsome-ban-xe-tai\/","title":{"rendered":"B\u00e1n xe t\u1ea3i"},"content":{"rendered":"<p>\n <strong><br \/>\n  D\u1ecbch v\u1ee5 Thi\u1ebft k\u1ebf website Theme wordpress flatsome b\u00e1n xe t\u1ea3i<br \/>\n <\/strong>\n<\/p>\n<p>\n B\u1ea1n \u0111ang t\u00ecm ki\u1ebfm m\u1ed9t giao di\u1ec7n website \u0111\u1eb9p, chuy\u00ean nghi\u1ec7p v\u00e0 d\u1ec5 s\u1eed d\u1ee5ng \u0111\u1ec3 qu\u1ea3ng b\u00e1 s\u1ea3n ph\u1ea9m xe t\u1ea3i c\u1ee7a m\u00ecnh? V\u1eady th\u00ec d\u1ecbch v\u1ee5 Thi\u1ebft k\u1ebf website Theme wordpress flatsome b\u00e1n xe t\u1ea3i ch\u00ednh l\u00e0 gi\u1ea3i ph\u00e1p t\u1ed1i \u01b0u d\u00e0nh cho b\u1ea1n.\n<\/p>\n<p>\n Giao di\u1ec7n web \u0111\u01b0\u1ee3c thi\u1ebft k\u1ebf \u0111\u1eb9p, chuy\u00ean nghi\u1ec7p, d\u1ec5 s\u1eed d\u1ee5ng l\u00e0 y\u1ebfu t\u1ed1 quan tr\u1ecdng \u0111\u1ec3 thu h\u00fat kh\u00e1ch h\u00e0ng. V\u1edbi giao di\u1ec7n \u0111\u01b0\u1ee3c thi\u1ebft k\u1ebf theo chu\u1ea9n m\u1ef1c hi\u1ec7n \u0111\u1ea1i, s\u1eafc n\u00e9t v\u00e0 tinh t\u1ebf, website c\u1ee7a b\u1ea1n s\u1ebd g\u00e2y \u1ea5n t\u01b0\u1ee3ng m\u1ea1nh v\u1edbi kh\u00e1ch h\u00e0ng, gi\u00fap t\u0103ng \u0111\u1ed9 tin c\u1eady v\u00e0 uy t\u00edn cho th\u01b0\u01a1ng hi\u1ec7u c\u1ee7a b\u1ea1n.\n<\/p>\n<p>\n Kh\u00f4ng ch\u1ec9 \u0111\u1eb9p m\u1eaft tr\u00ean m\u00e1y t\u00ednh, giao di\u1ec7n website c\u00f2n \u0111\u01b0\u1ee3c t\u1ed1i \u01b0u \u0111\u1ec3 t\u01b0\u01a1ng th\u00edch tr\u00ean m\u1ecdi thi\u1ebft b\u1ecb, t\u1eeb m\u00e1y t\u00ednh \u0111\u1ec3 b\u00e0n \u0111\u1ebfn \u0111i\u1ec7n tho\u1ea1i di \u0111\u1ed9ng. \u0110i\u1ec1u n\u00e0y gi\u00fap kh\u00e1ch h\u00e0ng c\u00f3 th\u1ec3 truy c\u1eadp v\u00e0 tr\u1ea3i nghi\u1ec7m website c\u1ee7a b\u1ea1n m\u1ed9t c\u00e1ch thu\u1eadn ti\u1ec7n v\u00e0 linh ho\u1ea1t h\u01a1n.\n<\/p>\n<p>\n \u0110\u1ec3 \u0111\u1ea3m b\u1ea3o t\u00ednh linh ho\u1ea1t v\u00e0 t\u00f9y bi\u1ebfn cao, m\u00e3 ngu\u1ed3n c\u1ee7a website s\u1eed d\u1ee5ng WordPress v\u1edbi Theme Flatsome v\u00e0 UX Builder. \u0110i\u1ec1u n\u00e0y cho ph\u00e9p b\u1ea1n d\u1ec5 d\u00e0ng t\u00f9y ch\u1ec9nh giao di\u1ec7n, th\u00eam b\u1edbt t\u00ednh n\u0103ng v\u00e0 t\u1ea1o n\u1ed9i dung m\u1ed9t c\u00e1ch nhanh ch\u00f3ng v\u00e0 hi\u1ec7u qu\u1ea3.\n<\/p>\n<p>\n Ngo\u00e0i ra, giao di\u1ec7n website \u0111\u01b0\u1ee3c t\u1ed1i \u01b0u h\u00f3a \u0111\u1ec3 t\u1ea3i trang nhanh, gi\u00fap c\u1ea3i thi\u1ec7n tr\u1ea3i nghi\u1ec7m c\u1ee7a ng\u01b0\u1eddi d\u00f9ng v\u00e0 t\u0103ng kh\u1ea3 n\u0103ng t\u01b0\u01a1ng t\u00e1c tr\u00ean website. \u0110i\u1ec1u n\u00e0y c\u0169ng \u1ea3nh h\u01b0\u1edfng \u0111\u1ebfn th\u1ee9 h\u1ea1ng c\u1ee7a website tr\u00ean c\u00e1c c\u00f4ng c\u1ee5 t\u00ecm ki\u1ebfm, gi\u00fap b\u1ea1n thu h\u00fat \u0111\u01b0\u1ee3c nhi\u1ec1u l\u01b0\u1ee3t truy c\u1eadp h\u01a1n.\n<\/p>\n<p>\n V\u1eady b\u1ea1n \u0111ang t\u00ecm ki\u1ebfm \u0111\u01a1n v\u1ecb thi\u1ebft k\u1ebf website uy t\u00edn v\u00e0 ch\u1ea5t l\u01b0\u1ee3ng \u0111\u1ec3 tri\u1ec3n khai d\u1ef1 \u00e1n c\u1ee7a m\u00ecnh? H\u00e3y \u0111\u1ebfn v\u1edbi LADIGI (LADIGI Agency) &#8211; \u0111\u01a1n v\u1ecb chuy\u00ean cung c\u1ea5p d\u1ecbch v\u1ee5 thi\u1ebft k\u1ebf website chuy\u00ean nghi\u1ec7p v\u00e0 \u0111\u1ea1t chu\u1ea9n qu\u1ed1c t\u1ebf.\n<\/p>\n<p>\n Ch\u00fang t\u00f4i cam k\u1ebft mang \u0111\u1ebfn cho b\u1ea1n m\u1ed9t giao di\u1ec7n website \u0111\u1eb9p, chuy\u00ean nghi\u1ec7p v\u00e0 d\u1ec5 s\u1eed d\u1ee5ng, gi\u00fap t\u0103ng c\u01b0\u1eddng hi\u1ec7u qu\u1ea3 kinh doanh v\u00e0 x\u00e2y d\u1ef1ng th\u01b0\u01a1ng hi\u1ec7u c\u1ee7a b\u1ea1n tr\u00ean m\u1ea1ng. \u0110\u1ec3 bi\u1ebft th\u00eam th\u00f4ng tin chi ti\u1ebft v\u1ec1 d\u1ecbch v\u1ee5 thi\u1ebft k\u1ebf giao di\u1ec7n website c\u1ee7a LADIGI, h\u00e3y truy c\u1eadp<br \/>\n <a href=\"https:\/\/ladigi.vn\/thiet-ke-website\/\"><br \/>\n  Thi\u1ebft k\u1ebf giao di\u1ec7n website LADIGI<br \/>\n <\/a><br \/>\n . Ch\u00fang t\u00f4i lu\u00f4n s\u1eb5n s\u00e0ng h\u1ed7 tr\u1ee3 b\u1ea1n trong m\u1ecdi y\u00eau c\u1ea7u v\u00e0 mong mu\u1ed1n c\u1ee7a b\u1ea1n. H\u00e3y li\u00ean h\u1ec7 ngay v\u1edbi ch\u00fang t\u00f4i \u0111\u1ec3 b\u1eaft \u0111\u1ea7u d\u1ef1 \u00e1n c\u1ee7a b\u1ea1n ngay h\u00f4m nay!<\/p>\n","protected":false},"excerpt":{"rendered":"<p>D\u1ecbch v\u1ee5 Thi\u1ebft k\u1ebf website Theme Wordpress Flatsome b\u00e1n xe t\u1ea3i mang \u0111\u1ebfn cho kh\u00e1ch h\u00e0ng m\u1ed9t trang web v\u1edbi giao di\u1ec7n \u0111\u1eb9p, chuy\u00ean nghi\u1ec7p v\u00e0 d\u1ec5 s\u1eed d\u1ee5ng. V\u1edbi t\u00ednh n\u0103ng t\u01b0\u01a1ng th\u00edch tr\u00ean m\u1ecdi thi\u1ebft b\u1ecb, ng\u01b0\u1eddi d\u00f9ng c\u00f3 th\u1ec3 truy c\u1eadp v\u00e0 tr\u1ea3i nghi\u1ec7m trang web m\u1ed9t c\u00e1ch thu\u1eadn ti\u1ec7n. S\u1eed d\u1ee5ng m\u00e3 ngu\u1ed3n Wordpress c\u00f9ng v\u1edbi Theme Flatsome v\u00e0 UX Builder, kh\u00e1ch h\u00e0ng c\u00f3 th\u1ec3 t\u00f9y bi\u1ebfn trang web theo \u00fd mu\u1ed1n c\u1ee7a m\u00ecnh. \u0110\u1eb7c bi\u1ec7t, t\u1ed1c \u0111\u1ed9 t\u1ea3i trang nhanh gi\u00fap trang web lu\u00f4n m\u01b0\u1ee3t m\u00e0 v\u00e0 thu h\u00fat \u0111\u01b0\u1ee3c nhi\u1ec1u kh\u00e1ch h\u00e0ng.<\/p>\n","protected":false},"featured_media":9293,"comment_status":"open","ping_status":"closed","template":"","meta":[],"product_cat":[16],"product_tag":[],"class_list":{"0":"post-9292","1":"product","2":"type-product","3":"status-publish","4":"has-post-thumbnail","6":"product_cat-tat-ca","8":"first","9":"instock","10":"shipping-taxable","11":"product-type-external"},"_links":{"self":[{"href":"https:\/\/ladigi.vn\/thiet-ke-website\/wp-json\/wp\/v2\/product\/9292","targetHints":{"allow":["GET"]}}],"collection":[{"href":"https:\/\/ladigi.vn\/thiet-ke-website\/wp-json\/wp\/v2\/product"}],"about":[{"href":"https:\/\/ladigi.vn\/thiet-ke-website\/wp-json\/wp\/v2\/types\/product"}],"replies":[{"embeddable":true,"href":"https:\/\/ladigi.vn\/thiet-ke-website\/wp-json\/wp\/v2\/comments?post=9292"}],"wp:featuredmedia":[{"embeddable":true,"href":"https:\/\/ladigi.vn\/thiet-ke-website\/wp-json\/wp\/v2\/media\/9293"}],"wp:attachment":[{"href":"https:\/\/ladigi.vn\/thiet-ke-website\/wp-json\/wp\/v2\/media?parent=9292"}],"wp:term":[{"taxonomy":"product_cat","embeddable":true,"href":"https:\/\/ladigi.vn\/thiet-ke-website\/wp-json\/wp\/v2\/product_cat?post=9292"},{"taxonomy":"product_tag","embeddable":true,"href":"https:\/\/ladigi.vn\/thiet-ke-website\/wp-json\/wp\/v2\/product_tag?post=9292"}],"curies":[{"name":"wp","href":"https:\/\/api.w.org\/{rel}","templated":true}]}}