{"id":9316,"date":"2025-01-11T14:00:49","date_gmt":"2025-01-11T07:00:49","guid":{"rendered":"https:\/\/ladigi.vn\/thiet-ke-website\/?post_type=product&#038;p=9316"},"modified":"2025-01-11T14:02:49","modified_gmt":"2025-01-11T07:02:49","slug":"theme-wordpress-cay-xanh-01","status":"publish","type":"product","link":"https:\/\/ladigi.vn\/thiet-ke-website\/mau-web\/theme-wordpress-cay-xanh-01\/","title":{"rendered":"C\u00f4ng ty c\u00e2y xanh"},"content":{"rendered":"<h1>\n D\u1ecbch v\u1ee5 Thi\u1ebft k\u1ebf website Theme WordPress C\u00e2y Xanh 01<br \/>\n<\/h1>\n<p>\n Ch\u00e0o m\u1eebng b\u1ea1n \u0111\u1ebfn v\u1edbi d\u1ecbch v\u1ee5 thi\u1ebft k\u1ebf website Theme WordPress C\u00e2y Xanh 01! Ch\u00fang t\u00f4i t\u1ef1 h\u00e0o mang \u0111\u1ebfn cho b\u1ea1n m\u1ed9t giao di\u1ec7n web \u0111\u1eb9p, chuy\u00ean nghi\u1ec7p v\u00e0 d\u1ec5 s\u1eed d\u1ee5ng, gi\u00fap t\u0103ng c\u01b0\u1eddng tr\u1ea3i nghi\u1ec7m ng\u01b0\u1eddi d\u00f9ng v\u00e0 t\u1ea1o \u1ea5n t\u01b0\u1ee3ng m\u1ea1nh m\u1ebd v\u1edbi kh\u00e1ch h\u00e0ng.\n<\/p>\n<h2>\n Thi\u1ebft k\u1ebf \u0111\u1eb9p v\u00e0 chuy\u00ean nghi\u1ec7p<br \/>\n<\/h2>\n<p>\n Giao di\u1ec7n c\u1ee7a ch\u00fang t\u00f4i \u0111\u01b0\u1ee3c thi\u1ebft k\u1ebf v\u1edbi t\u00ednh th\u1ea9m m\u1ef9 cao, mang l\u1ea1i c\u1ea3m gi\u00e1c g\u1ea7n g\u0169i, d\u1ec5 ch\u1ecbu v\u00e0 th\u00e2n thi\u1ec7n. Ch\u00fang t\u00f4i ch\u00fa tr\u1ecdng v\u00e0o t\u1eebng chi ti\u1ebft nh\u1ecf, t\u1eeb m\u00e0u s\u1eafc, h\u00ecnh \u1ea3nh \u0111\u1ebfn b\u1ed1 c\u1ee5c t\u1ed5ng th\u1ec3, \u0111\u1ea3m b\u1ea3o r\u1eb1ng website c\u1ee7a b\u1ea1n kh\u00f4ng ch\u1ec9 \u0111\u1eb9p m\u00e0 c\u00f2n chuy\u00ean nghi\u1ec7p.\n<\/p>\n<h2>\n T\u01b0\u01a1ng th\u00edch tr\u00ean m\u1ecdi thi\u1ebft b\u1ecb<br \/>\n<\/h2>\n<p>\n Trong th\u1eddi \u0111\u1ea1i c\u00f4ng ngh\u1ec7 s\u1ed1, vi\u1ec7c t\u01b0\u01a1ng th\u00edch tr\u00ean m\u1ecdi thi\u1ebft b\u1ecb l\u00e0 \u0111i\u1ec1u kh\u00f4ng th\u1ec3 thi\u1ebfu. Website Theme C\u00e2y Xanh 01 c\u1ee7a ch\u00fang t\u00f4i \u0111\u01b0\u1ee3c t\u1ed1i \u01b0u h\u00f3a \u0111\u1ec3 ho\u1ea1t \u0111\u1ed9ng ho\u00e0n h\u1ea3o tr\u00ean c\u00e1c thi\u1ebft b\u1ecb di \u0111\u1ed9ng, tablet v\u00e0 m\u00e1y t\u00ednh \u0111\u1ec3 b\u00e0n. Kh\u00e1ch h\u00e0ng c\u1ee7a b\u1ea1n s\u1ebd c\u00f3 tr\u1ea3i nghi\u1ec7m duy\u1ec7t web li\u1ec1n m\u1ea1ch, d\u00f9 h\u1ecd truy c\u1eadp t\u1eeb \u0111\u00e2u.\n<\/p>\n<h2>\n M\u00e3 ngu\u1ed3n WordPress v\u1edbi Theme Flatsome v\u00e0 UX Builder<br \/>\n<\/h2>\n<p>\n Ch\u00fang t\u00f4i s\u1eed d\u1ee5ng h\u1ec7 th\u1ed1ng m\u00e3 ngu\u1ed3n WordPress v\u1eefng m\u1ea1nh v\u1edbi Theme Flatsome v\u00e0 UX Builder, mang l\u1ea1i cho b\u1ea1n kh\u1ea3 n\u0103ng t\u00f9y bi\u1ebfn d\u1ec5 d\u00e0ng. Nh\u1edd \u0111\u00f3, b\u1ea1n c\u00f3 th\u1ec3 thay \u0111\u1ed5i n\u1ed9i dung, h\u00ecnh \u1ea3nh, v\u00e0 c\u1ea5u tr\u00fac website m\u1ed9t c\u00e1ch linh ho\u1ea1t m\u00e0 kh\u00f4ng c\u1ea7n nhi\u1ec1u ki\u1ebfn th\u1ee9c v\u1ec1 l\u1eadp tr\u00ecnh.\n<\/p>\n<h2>\n T\u1ed1c \u0111\u1ed9 t\u1ea3i trang nhanh<br \/>\n<\/h2>\n<p>\n B\u00ean c\u1ea1nh thi\u1ebft k\u1ebf \u0111\u1eb9p v\u00e0 t\u00ednh n\u0103ng th\u00e2n thi\u1ec7n, website c\u1ee7a b\u1ea1n s\u1ebd c\u00f3 t\u1ed1c \u0111\u1ed9 t\u1ea3i trang nhanh ch\u00f3ng, gi\u00fap c\u1ea3i thi\u1ec7n tr\u1ea3i nghi\u1ec7m ng\u01b0\u1eddi d\u00f9ng v\u00e0 t\u1ed1i \u01b0u h\u00f3a th\u1ee9 h\u1ea1ng t\u00ecm ki\u1ebfm tr\u00ean Google. Ch\u00fang t\u00f4i cam k\u1ebft mang \u0111\u1ebfn cho b\u1ea1n m\u1ed9t website kh\u00f4ng ch\u1ec9 h\u1ea5p d\u1eabn m\u00e0 c\u00f2n hi\u1ec7u qu\u1ea3 trong vi\u1ec7c thu h\u00fat v\u00e0 gi\u1eef ch\u00e2n kh\u00e1ch h\u00e0ng.\n<\/p>\n<hr\/>\n<p>\n H\u00e3y \u0111\u1ec3 LADIGI Agency \u0111\u1ed3ng h\u00e0nh c\u00f9ng b\u1ea1n trong vi\u1ec7c hi\u1ec7n th\u1ef1c h\u00f3a nh\u1eefng \u00fd t\u01b0\u1edfng tuy\u1ec7t v\u1eddi cho website c\u1ee7a b\u1ea1n. V\u1edbi kinh nghi\u1ec7m v\u00e0 \u0111\u1ed9i ng\u0169 chuy\u00ean gia, ch\u00fang t\u00f4i s\u1eb5n s\u00e0ng mang \u0111\u1ebfn nh\u1eefng gi\u1ea3i ph\u00e1p thi\u1ebft k\u1ebf website t\u1ed1t nh\u1ea5t.\n<\/p>\n<p>\n T\u00ecm hi\u1ec3u th\u00eam v\u1ec1 d\u1ecbch v\u1ee5 c\u1ee7a ch\u00fang t\u00f4i qua link sau:<br \/>\n <a href=\"https:\/\/ladigi.vn\/thiet-ke-website\/\"><br \/>\n  Thi\u1ebft k\u1ebf web chu\u1ea9n responsive<br \/>\n <\/a><\/p>\n","protected":false},"excerpt":{"rendered":"<p>D\u1ecbch v\u1ee5 Thi\u1ebft k\u1ebf website Theme WordPress C\u00e2y Xanh 01 mang \u0111\u1ebfn giao di\u1ec7n \u0111\u1eb9p, chuy\u00ean nghi\u1ec7p v\u00e0 th\u00e2n thi\u1ec7n v\u1edbi ng\u01b0\u1eddi d\u00f9ng. Website t\u01b0\u01a1ng th\u00edch tr\u00ean m\u1ecdi thi\u1ebft b\u1ecb, s\u1eed d\u1ee5ng m\u00e3 ngu\u1ed3n WordPress v\u1edbi Theme Flatsome v\u00e0 UX Builder d\u1ec5 d\u00e0ng t\u00f9y bi\u1ebfn. T\u1ed1c \u0111\u1ed9 t\u1ea3i trang nhanh ch\u00f3ng, n\u00e2ng cao tr\u1ea3i nghi\u1ec7m ng\u01b0\u1eddi d\u00f9ng.<\/p>\n","protected":false},"featured_media":9317,"comment_status":"open","ping_status":"closed","template":"","meta":[],"product_cat":[16],"product_tag":[],"class_list":{"0":"post-9316","1":"product","2":"type-product","3":"status-publish","4":"has-post-thumbnail","6":"product_cat-tat-ca","8":"first","9":"instock","10":"shipping-taxable","11":"product-type-external"},"_links":{"self":[{"href":"https:\/\/ladigi.vn\/thiet-ke-website\/wp-json\/wp\/v2\/product\/9316","targetHints":{"allow":["GET"]}}],"collection":[{"href":"https:\/\/ladigi.vn\/thiet-ke-website\/wp-json\/wp\/v2\/product"}],"about":[{"href":"https:\/\/ladigi.vn\/thiet-ke-website\/wp-json\/wp\/v2\/types\/product"}],"replies":[{"embeddable":true,"href":"https:\/\/ladigi.vn\/thiet-ke-website\/wp-json\/wp\/v2\/comments?post=9316"}],"wp:featuredmedia":[{"embeddable":true,"href":"https:\/\/ladigi.vn\/thiet-ke-website\/wp-json\/wp\/v2\/media\/9317"}],"wp:attachment":[{"href":"https:\/\/ladigi.vn\/thiet-ke-website\/wp-json\/wp\/v2\/media?parent=9316"}],"wp:term":[{"taxonomy":"product_cat","embeddable":true,"href":"https:\/\/ladigi.vn\/thiet-ke-website\/wp-json\/wp\/v2\/product_cat?post=9316"},{"taxonomy":"product_tag","embeddable":true,"href":"https:\/\/ladigi.vn\/thiet-ke-website\/wp-json\/wp\/v2\/product_tag?post=9316"}],"curies":[{"name":"wp","href":"https:\/\/api.w.org\/{rel}","templated":true}]}}