{"id":9320,"date":"2025-01-12T06:46:55","date_gmt":"2025-01-11T23:46:55","guid":{"rendered":"https:\/\/ladigi.vn\/thiet-ke-website\/?post_type=product&#038;p=9320"},"modified":"2025-01-12T06:48:37","modified_gmt":"2025-01-11T23:48:37","slug":"theme-wordpress-flatsome-ban-xe-dap","status":"publish","type":"product","link":"https:\/\/ladigi.vn\/thiet-ke-website\/mau-web\/theme-wordpress-flatsome-ban-xe-dap\/","title":{"rendered":"B\u00e1n xe \u0111\u1ea1p"},"content":{"rendered":"<h1>\n D\u1ecbch v\u1ee5 Thi\u1ebft k\u1ebf website Theme wordpress flatsome b\u00e1n xe \u0111\u1ea1p &#8211; LADIGI Agency<br \/>\n<\/h1>\n<p>\n B\u1ea1n \u0111ang c\u00f3 nhu c\u1ea7u t\u1ea1o m\u1ed9t website b\u00e1n xe \u0111\u1ea1p \u0111\u1ec3 kinh doanh online? B\u1ea1n mu\u1ed1n c\u00f3 m\u1ed9t giao di\u1ec7n web \u0111\u1eb9p, chuy\u00ean nghi\u1ec7p v\u00e0 d\u1ec5 s\u1eed d\u1ee5ng \u0111\u1ec3 thu h\u00fat kh\u00e1ch h\u00e0ng? H\u00e3y \u0111\u1ec3 LADIGI Agency gi\u00fap b\u1ea1n v\u1edbi d\u1ecbch v\u1ee5 Thi\u1ebft k\u1ebf website Theme wordpress flatsome b\u00e1n xe \u0111\u1ea1p.\n<\/p>\n<p>\n V\u1edbi s\u1ef1 ph\u00e1t tri\u1ec3n kh\u00f4ng ng\u1eebng c\u1ee7a c\u00f4ng ngh\u1ec7, vi\u1ec7c s\u1edf h\u1eefu m\u1ed9t website chuy\u00ean nghi\u1ec7p \u0111\u00e3 tr\u1edf n\u00ean c\u1ea7n thi\u1ebft \u0111\u1ed1i v\u1edbi b\u1ea5t k\u1ef3 doanh nghi\u1ec7p n\u00e0o. \u0110\u1eb7c bi\u1ec7t, v\u1edbi vi\u1ec7c kinh doanh online, website s\u1ebd l\u00e0 m\u1ed9t &#8220;c\u1eeda h\u00e0ng&#8221; tr\u1ef1c tuy\u1ebfn gi\u00fap b\u1ea1n ti\u1ebfp c\u1eadn \u0111\u01b0\u1ee3c v\u1edbi nhi\u1ec1u kh\u00e1ch h\u00e0ng h\u01a1n. V\u00ec v\u1eady, vi\u1ec7c l\u1ef1a ch\u1ecdn m\u1ed9t giao di\u1ec7n web \u0111\u1eb9p, chuy\u00ean nghi\u1ec7p v\u00e0 d\u1ec5 s\u1eed d\u1ee5ng l\u00e0 r\u1ea5t quan tr\u1ecdng.\n<\/p>\n<p>\n V\u1edbi d\u1ecbch v\u1ee5 Thi\u1ebft k\u1ebf website Theme wordpress flatsome b\u00e1n xe \u0111\u1ea1p c\u1ee7a LADIGI Agency, b\u1ea1n s\u1ebd \u0111\u01b0\u1ee3c s\u1edf h\u1eefu m\u1ed9t giao di\u1ec7n web \u0111\u1eb9p v\u00e0 chuy\u00ean nghi\u1ec7p. Giao di\u1ec7n web \u0111\u01b0\u1ee3c thi\u1ebft k\u1ebf theo xu h\u01b0\u1edbng hi\u1ec7n \u0111\u1ea1i, t\u1ed1i \u01b0u h\u00f3a tr\u1ea3i nghi\u1ec7m ng\u01b0\u1eddi d\u00f9ng, gi\u00fap kh\u00e1ch h\u00e0ng d\u1ec5 d\u00e0ng t\u00ecm th\u1ea5y th\u00f4ng tin v\u00e0 mua s\u1eafm tr\u00ean website c\u1ee7a b\u1ea1n.\n<\/p>\n<p>\n Kh\u00f4ng ch\u1ec9 \u0111\u1eb9p m\u1eaft tr\u00ean m\u00e1y t\u00ednh, giao di\u1ec7n web c\u1ee7a ch\u00fang t\u00f4i c\u00f2n \u0111\u01b0\u1ee3c t\u1ed1i \u01b0u \u0111\u1ec3 hi\u1ec3n th\u1ecb t\u1ed1t tr\u00ean m\u1ecdi thi\u1ebft b\u1ecb, t\u1eeb m\u00e1y t\u00ednh \u0111\u1ec3 b\u00e0n \u0111\u1ebfn \u0111i\u1ec7n tho\u1ea1i di \u0111\u1ed9ng. \u0110i\u1ec1u n\u00e0y gi\u00fap kh\u00e1ch h\u00e0ng c\u00f3 th\u1ec3 truy c\u1eadp v\u00e0 mua s\u1eafm tr\u00ean website c\u1ee7a b\u1ea1n m\u1ecdi l\u00fac, m\u1ecdi n\u01a1i m\u1ed9t c\u00e1ch thu\u1eadn ti\u1ec7n.\n<\/p>\n<p>\n V\u1edbi m\u00e3 ngu\u1ed3n WordPress v\u00e0 s\u1eed d\u1ee5ng Theme Flatsome c\u00f9ng v\u1edbi UX Builder, ch\u00fang t\u00f4i c\u00f3 th\u1ec3 t\u00f9y bi\u1ebfn giao di\u1ec7n web theo y\u00eau c\u1ea7u c\u1ee7a b\u1ea1n. B\u1ea1n c\u00f3 th\u1ec3 d\u1ec5 d\u00e0ng thay \u0111\u1ed5i m\u00e0u s\u1eafc, font ch\u1eef, \u0111\u1ecbnh d\u1ea1ng b\u1ed1 c\u1ee5c v\u00e0 th\u00eam c\u00e1c t\u00ednh n\u0103ng m\u1edbi cho website c\u1ee7a m\u00ecnh m\u00e0 kh\u00f4ng c\u1ea7n ph\u1ea3i bi\u1ebft v\u1ec1 l\u1eadp tr\u00ecnh.\n<\/p>\n<p>\n M\u1ed9t trong nh\u1eefng y\u1ebfu t\u1ed1 quan tr\u1ecdng c\u1ee7a m\u1ed9t website chuy\u00ean nghi\u1ec7p l\u00e0 t\u1ed1c \u0111\u1ed9 t\u1ea3i trang nhanh. V\u1edbi d\u1ecbch v\u1ee5 Thi\u1ebft k\u1ebf website Theme wordpress flatsome b\u00e1n xe \u0111\u1ea1p c\u1ee7a ch\u00fang t\u00f4i, ch\u00fang t\u00f4i cam k\u1ebft s\u1ebd t\u1ed1i \u01b0u h\u00f3a t\u1ed1c \u0111\u1ed9 t\u1ea3i trang \u0111\u1ec3 kh\u00e1ch h\u00e0ng c\u1ee7a b\u1ea1n c\u00f3 th\u1ec3 tr\u1ea3i nghi\u1ec7m website m\u1ed9t c\u00e1ch nhanh ch\u00f3ng v\u00e0 thu\u1eadn ti\u1ec7n.\n<\/p>\n<p>\n V\u1eady n\u00ean, n\u1ebfu b\u1ea1n \u0111ang c\u00f3 nhu c\u1ea7u t\u1ea1o m\u1ed9t website b\u00e1n xe \u0111\u1ea1p chuy\u00ean nghi\u1ec7p, h\u00e3y \u0111\u1ec3 LADIGI Agency gi\u00fap b\u1ea1n. V\u1edbi kinh nghi\u1ec7m v\u00e0 chuy\u00ean m\u00f4n trong l\u0129nh v\u1ef1c thi\u1ebft k\u1ebf website, ch\u00fang t\u00f4i cam k\u1ebft s\u1ebd mang \u0111\u1ebfn cho b\u1ea1n m\u1ed9t giao di\u1ec7n web \u0111\u1eb9p, chuy\u00ean nghi\u1ec7p v\u00e0 d\u1ec5 s\u1eed d\u1ee5ng.\n<\/p>\n<p>\n H\u00e3y li\u00ean h\u1ec7 v\u1edbi ch\u00fang t\u00f4i ngay h\u00f4m nay \u0111\u1ec3 \u0111\u01b0\u1ee3c t\u01b0 v\u1ea5n v\u00e0 b\u00e1o gi\u00e1 chi ti\u1ebft v\u1ec1 d\u1ecbch v\u1ee5 Thi\u1ebft k\u1ebf website Theme wordpress flatsome b\u00e1n xe \u0111\u1ea1p. \u0110\u1ec3 bi\u1ebft th\u00eam th\u00f4ng tin v\u1ec1 c\u00e1c d\u1ecbch v\u1ee5 thi\u1ebft k\u1ebf website c\u1ee7a ch\u00fang t\u00f4i, vui l\u00f2ng truy c\u1eadp<br \/>\n <a href=\"https:\/\/ladigi.vn\/thiet-ke-website\/\"><br \/>\n  \u0111\u01a1n v\u1ecb cung c\u1ea5p gi\u1ea3i ph\u00e1p website LADIGI<br \/>\n <\/a><br \/>\n . Ch\u00fang t\u00f4i lu\u00f4n s\u1eb5n s\u00e0ng h\u1ed7 tr\u1ee3 b\u1ea1n \u0111\u1ec3 t\u1ea1o n\u00ean m\u1ed9t website chuy\u00ean nghi\u1ec7p v\u00e0 hi\u1ec7u qu\u1ea3 cho doanh nghi\u1ec7p c\u1ee7a b\u1ea1n.<\/p>\n","protected":false},"excerpt":{"rendered":"<p>D\u1ecbch v\u1ee5 Thi\u1ebft k\u1ebf website Theme wordpress Flatsome b\u00e1n xe \u0111\u1ea1p mang \u0111\u1ebfn cho kh\u00e1ch h\u00e0ng m\u1ed9t giao di\u1ec7n web \u0111\u1eb9p, chuy\u00ean nghi\u1ec7p v\u00e0 d\u1ec5 s\u1eed d\u1ee5ng. V\u1edbi t\u00ednh t\u01b0\u01a1ng th\u00edch tr\u00ean m\u1ecdi thi\u1ebft b\u1ecb, ng\u01b0\u1eddi d\u00f9ng c\u00f3 th\u1ec3 truy c\u1eadp v\u00e0 tr\u1ea3i nghi\u1ec7m tr\u00ean nhi\u1ec1u n\u1ec1n t\u1ea3ng kh\u00e1c nhau m\u00e0 kh\u00f4ng g\u1eb7p b\u1ea5t k\u1ef3 kh\u00f3 kh\u0103n n\u00e0o. S\u1eed d\u1ee5ng m\u00e3 ngu\u1ed3n Wordpress c\u00f9ng Theme Flatsome v\u00e0 UX Builder, kh\u00e1ch h\u00e0ng c\u00f3 th\u1ec3 d\u1ec5 d\u00e0ng t\u00f9y bi\u1ebfn giao di\u1ec7n theo \u00fd mu\u1ed1n c\u1ee7a m\u00ecnh. \u0110\u1eb7c bi\u1ec7t, t\u1ed1c \u0111\u1ed9 t\u1ea3i trang nhanh gi\u00fap ng\u01b0\u1eddi d\u00f9ng ti\u1ebft ki\u1ec7m th\u1eddi gian v\u00e0 tr\u1ea3i nghi\u1ec7m website m\u1ed9t c\u00e1ch tr\u01a1n tru.<\/p>\n","protected":false},"featured_media":9321,"comment_status":"open","ping_status":"closed","template":"","meta":[],"product_cat":[16],"product_tag":[],"class_list":{"0":"post-9320","1":"product","2":"type-product","3":"status-publish","4":"has-post-thumbnail","6":"product_cat-tat-ca","8":"first","9":"instock","10":"shipping-taxable","11":"product-type-external"},"_links":{"self":[{"href":"https:\/\/ladigi.vn\/thiet-ke-website\/wp-json\/wp\/v2\/product\/9320","targetHints":{"allow":["GET"]}}],"collection":[{"href":"https:\/\/ladigi.vn\/thiet-ke-website\/wp-json\/wp\/v2\/product"}],"about":[{"href":"https:\/\/ladigi.vn\/thiet-ke-website\/wp-json\/wp\/v2\/types\/product"}],"replies":[{"embeddable":true,"href":"https:\/\/ladigi.vn\/thiet-ke-website\/wp-json\/wp\/v2\/comments?post=9320"}],"wp:featuredmedia":[{"embeddable":true,"href":"https:\/\/ladigi.vn\/thiet-ke-website\/wp-json\/wp\/v2\/media\/9321"}],"wp:attachment":[{"href":"https:\/\/ladigi.vn\/thiet-ke-website\/wp-json\/wp\/v2\/media?parent=9320"}],"wp:term":[{"taxonomy":"product_cat","embeddable":true,"href":"https:\/\/ladigi.vn\/thiet-ke-website\/wp-json\/wp\/v2\/product_cat?post=9320"},{"taxonomy":"product_tag","embeddable":true,"href":"https:\/\/ladigi.vn\/thiet-ke-website\/wp-json\/wp\/v2\/product_tag?post=9320"}],"curies":[{"name":"wp","href":"https:\/\/api.w.org\/{rel}","templated":true}]}}