{"id":9344,"date":"2025-01-12T18:46:57","date_gmt":"2025-01-12T11:46:57","guid":{"rendered":"https:\/\/ladigi.vn\/thiet-ke-website\/?post_type=product&#038;p=9344"},"modified":"2025-01-12T18:48:39","modified_gmt":"2025-01-12T11:48:39","slug":"theme-wordpress-ve-sinh-cong-nghiep","status":"publish","type":"product","link":"https:\/\/ladigi.vn\/thiet-ke-website\/mau-web\/theme-wordpress-ve-sinh-cong-nghiep\/","title":{"rendered":"V\u1ec7 sinh c\u00f4ng nghi\u1ec7p"},"content":{"rendered":"<p>\n Ch\u00e0o m\u1ecdi ng\u01b0\u1eddi!\n<\/p>\n<p>\n B\u1ea1n \u0111ang l\u00e0 ch\u1ee7 s\u1edf h\u1eefu c\u1ee7a m\u1ed9t doanh nghi\u1ec7p v\u1ec7 sinh c\u00f4ng nghi\u1ec7p v\u00e0 \u0111ang t\u00ecm ki\u1ebfm m\u1ed9t gi\u1ea3i ph\u00e1p \u0111\u1ec3 qu\u1ea3ng b\u00e1 v\u00e0 ph\u00e1t tri\u1ec3n th\u01b0\u01a1ng hi\u1ec7u c\u1ee7a m\u00ecnh? B\u1ea1n mu\u1ed1n c\u00f3 m\u1ed9t website chuy\u00ean nghi\u1ec7p, \u0111\u1eb9p m\u1eaft v\u00e0 d\u1ec5 s\u1eed d\u1ee5ng \u0111\u1ec3 thu h\u00fat kh\u00e1ch h\u00e0ng? H\u00e3y \u0111\u1ec3 LADIGI Agency gi\u00fap b\u1ea1n!\n<\/p>\n<p>\n V\u1edbi d\u1ecbch v\u1ee5 Thi\u1ebft k\u1ebf website Theme wordpress v\u1ec7 sinh c\u00f4ng nghi\u1ec7p c\u1ee7a ch\u00fang t\u00f4i, b\u1ea1n s\u1ebd c\u00f3 m\u1ed9t giao di\u1ec7n web tuy\u1ec7t \u0111\u1eb9p, chuy\u00ean nghi\u1ec7p v\u00e0 d\u1ec5 d\u00e0ng s\u1eed d\u1ee5ng. Ch\u00fang t\u00f4i cam k\u1ebft t\u1ea1o ra m\u1ed9t trang web \u0111\u00e1p \u1ee9ng t\u1ed1t tr\u00ean m\u1ecdi thi\u1ebft b\u1ecb, gi\u00fap kh\u00e1ch h\u00e0ng c\u1ee7a b\u1ea1n c\u00f3 th\u1ec3 truy c\u1eadp v\u00e0 tr\u1ea3i nghi\u1ec7m s\u1ea3n ph\u1ea9m v\u00e0 d\u1ecbch v\u1ee5 c\u1ee7a b\u1ea1n m\u1ed9t c\u00e1ch thu\u1eadn ti\u1ec7n nh\u1ea5t.\n<\/p>\n<p>\n \u0110\u1ec3 \u0111\u1ea3m b\u1ea3o s\u1ef1 linh ho\u1ea1t v\u00e0 t\u00f9y bi\u1ebfn cao cho website c\u1ee7a b\u1ea1n, ch\u00fang t\u00f4i s\u1eed d\u1ee5ng m\u00e3 ngu\u1ed3n WordPress v\u1edbi Theme Flatsome v\u00e0 UX Builder. \u0110i\u1ec1u n\u00e0y gi\u00fap cho vi\u1ec7c t\u00f9y ch\u1ec9nh giao di\u1ec7n v\u00e0 n\u1ed9i dung tr\u1edf n\u00ean d\u1ec5 d\u00e0ng v\u00e0 nhanh ch\u00f3ng. B\u1ea1n c\u00f3 th\u1ec3 thay \u0111\u1ed5i m\u00e0u s\u1eafc, font ch\u1eef, b\u1ed1 c\u1ee5c v\u00e0 th\u00eam c\u00e1c t\u00ednh n\u0103ng m\u1edbi m\u1ed9t c\u00e1ch \u0111\u01a1n gi\u1ea3n m\u00e0 kh\u00f4ng c\u1ea7n c\u00f3 ki\u1ebfn th\u1ee9c v\u1ec1 l\u1eadp tr\u00ecnh.\n<\/p>\n<p>\n Kh\u00f4ng ch\u1ec9 \u0111\u1eb9p m\u1eaft v\u00e0 d\u1ec5 s\u1eed d\u1ee5ng, website c\u1ee7a b\u1ea1n c\u00f2n \u0111\u01b0\u1ee3c \u0111\u1ea3m b\u1ea3o t\u1ed1c \u0111\u1ed9 t\u1ea3i trang nhanh. \u0110i\u1ec1u n\u00e0y r\u1ea5t quan tr\u1ecdng trong vi\u1ec7c thu h\u00fat v\u00e0 gi\u1eef ch\u00e2n kh\u00e1ch h\u00e0ng, \u0111\u1eb7c bi\u1ec7t l\u00e0 trong th\u1eddi \u0111\u1ea1i c\u00f4ng ngh\u1ec7 s\u1ed1 ph\u00e1t tri\u1ec3n m\u1ea1nh m\u1ebd nh\u01b0 hi\u1ec7n nay.\n<\/p>\n<p>\n V\u1edbi \u0111\u1ed9i ng\u0169 thi\u1ebft k\u1ebf chuy\u00ean nghi\u1ec7p v\u00e0 kinh nghi\u1ec7m l\u00e2u n\u0103m, ch\u00fang t\u00f4i t\u1ef1 tin mang \u0111\u1ebfn cho b\u1ea1n m\u1ed9t website v\u1ec7 sinh c\u00f4ng nghi\u1ec7p ho\u00e0n h\u1ea3o v\u00e0 \u0111\u00e1p \u1ee9ng m\u1ecdi y\u00eau c\u1ea7u c\u1ee7a b\u1ea1n. H\u00e3y \u0111\u1ec3 LADIGI Agency tr\u1edf th\u00e0nh \u0111\u1ed1i t\u00e1c \u0111\u1ed3ng h\u00e0nh c\u1ee7a b\u1ea1n trong vi\u1ec7c ph\u00e1t tri\u1ec3n th\u01b0\u01a1ng hi\u1ec7u v\u00e0 kinh doanh.\n<\/p>\n<p>\n N\u1ebfu b\u1ea1n \u0111ang t\u00ecm ki\u1ebfm m\u1ed9t \u0111\u01a1n v\u1ecb thi\u1ebft k\u1ebf website chuy\u00ean nghi\u1ec7p v\u00e0 uy t\u00edn, h\u00e3y \u0111\u1ebfn v\u1edbi LADIGI Agency. Ch\u00fang t\u00f4i cam k\u1ebft mang \u0111\u1ebfn cho b\u1ea1n nh\u1eefng gi\u1ea3i ph\u00e1p t\u1ed1i \u01b0u v\u00e0 hi\u1ec7u qu\u1ea3 nh\u1ea5t. \u0110\u1ec3 bi\u1ebft th\u00eam th\u00f4ng tin chi ti\u1ebft v\u1ec1 d\u1ecbch v\u1ee5 thi\u1ebft k\u1ebf web theo y\u00eau c\u1ea7u, h\u00e3y truy c\u1eadp v\u00e0o \u0111\u01b0\u1eddng link sau:<br \/>\n <a href=\"https:\/\/ladigi.vn\/thiet-ke-website\/\"><br \/>\n  D\u1ecbch v\u1ee5 thi\u1ebft k\u1ebf web theo y\u00eau c\u1ea7u<br \/>\n <\/a><br \/>\n .\n<\/p>\n<p>\n H\u00e3y \u0111\u1ec3 LADIGI Agency gi\u00fap b\u1ea1n th\u00e0nh c\u00f4ng tr\u00ean con \u0111\u01b0\u1eddng kinh doanh c\u1ee7a m\u00ecnh! Ch\u00fang t\u00f4i lu\u00f4n s\u1eb5n s\u00e0ng h\u1ed7 tr\u1ee3 v\u00e0 t\u01b0 v\u1ea5n cho b\u1ea1n m\u1ecdi l\u00fac, m\u1ecdi n\u01a1i. H\u00e3y li\u00ean h\u1ec7 v\u1edbi ch\u00fang t\u00f4i ngay h\u00f4m nay \u0111\u1ec3 b\u1eaft \u0111\u1ea7u m\u1ed9t h\u00e0nh tr\u00ecnh m\u1edbi v\u00e0 th\u00e0nh c\u00f4ng c\u00f9ng nhau!<\/p>\n","protected":false},"excerpt":{"rendered":"<p>D\u1ecbch v\u1ee5 Thi\u1ebft k\u1ebf website Theme wordpress v\u1ec7 sinh c\u00f4ng nghi\u1ec7p mang \u0111\u1ebfn cho kh\u00e1ch h\u00e0ng m\u1ed9t giao di\u1ec7n web \u0111\u1eb9p, chuy\u00ean nghi\u1ec7p v\u00e0 d\u1ec5 s\u1eed d\u1ee5ng. V\u1edbi t\u00ednh t\u01b0\u01a1ng th\u00edch tr\u00ean m\u1ecdi thi\u1ebft b\u1ecb, kh\u00e1ch h\u00e0ng c\u00f3 th\u1ec3 d\u1ec5 d\u00e0ng truy c\u1eadp v\u00e0 s\u1eed d\u1ee5ng website b\u1ea5t k\u1ec3 thi\u1ebft b\u1ecb n\u00e0o. M\u00e3 ngu\u1ed3n Wordpress v\u1edbi Theme Flatsome v\u00e0 UX Builder gi\u00fap t\u00f9y bi\u1ebfn giao di\u1ec7n web theo \u00fd mu\u1ed1n c\u1ee7a kh\u00e1ch h\u00e0ng. \u0110\u1eb7c bi\u1ec7t, t\u1ed1c \u0111\u1ed9 t\u1ea3i trang nhanh gi\u00fap kh\u00e1ch h\u00e0ng tr\u1ea3i nghi\u1ec7m website m\u1ed9t c\u00e1ch tr\u01a1n tru v\u00e0 thu\u1eadn ti\u1ec7n.<\/p>\n","protected":false},"featured_media":9345,"comment_status":"open","ping_status":"closed","template":"","meta":[],"product_cat":[16],"product_tag":[],"class_list":{"0":"post-9344","1":"product","2":"type-product","3":"status-publish","4":"has-post-thumbnail","6":"product_cat-tat-ca","8":"first","9":"instock","10":"shipping-taxable","11":"product-type-external"},"_links":{"self":[{"href":"https:\/\/ladigi.vn\/thiet-ke-website\/wp-json\/wp\/v2\/product\/9344","targetHints":{"allow":["GET"]}}],"collection":[{"href":"https:\/\/ladigi.vn\/thiet-ke-website\/wp-json\/wp\/v2\/product"}],"about":[{"href":"https:\/\/ladigi.vn\/thiet-ke-website\/wp-json\/wp\/v2\/types\/product"}],"replies":[{"embeddable":true,"href":"https:\/\/ladigi.vn\/thiet-ke-website\/wp-json\/wp\/v2\/comments?post=9344"}],"wp:featuredmedia":[{"embeddable":true,"href":"https:\/\/ladigi.vn\/thiet-ke-website\/wp-json\/wp\/v2\/media\/9345"}],"wp:attachment":[{"href":"https:\/\/ladigi.vn\/thiet-ke-website\/wp-json\/wp\/v2\/media?parent=9344"}],"wp:term":[{"taxonomy":"product_cat","embeddable":true,"href":"https:\/\/ladigi.vn\/thiet-ke-website\/wp-json\/wp\/v2\/product_cat?post=9344"},{"taxonomy":"product_tag","embeddable":true,"href":"https:\/\/ladigi.vn\/thiet-ke-website\/wp-json\/wp\/v2\/product_tag?post=9344"}],"curies":[{"name":"wp","href":"https:\/\/api.w.org\/{rel}","templated":true}]}}