{"id":9346,"date":"2025-01-12T16:54:07","date_gmt":"2025-01-12T09:54:07","guid":{"rendered":"https:\/\/ladigi.vn\/thiet-ke-website\/?post_type=product&#038;p=9346"},"modified":"2025-01-12T16:55:49","modified_gmt":"2025-01-12T09:55:49","slug":"theme-wordpress-the-gioi-di-dong","status":"publish","type":"product","link":"https:\/\/ladigi.vn\/thiet-ke-website\/mau-web\/theme-wordpress-the-gioi-di-dong\/","title":{"rendered":"Th\u1ebf gi\u1edbi di \u0111\u1ed9ng"},"content":{"rendered":"<h1>\n Thi\u1ebft k\u1ebf website tr\u1ecdn g\u00f3i v\u1edbi Theme WordPress Th\u1ebf Gi\u1edbi Di \u0110\u1ed9ng<br \/>\n<\/h1>\n<p>\n B\u1ea1n \u0111ang mu\u1ed1n x\u00e2y d\u1ef1ng m\u1ed9t website chuy\u00ean nghi\u1ec7p, \u0111\u1eb9p m\u1eaft v\u00e0 t\u01b0\u01a1ng th\u00edch tr\u00ean m\u1ecdi thi\u1ebft b\u1ecb di \u0111\u1ed9ng? B\u1ea1n c\u1ea7n m\u1ed9t \u0111\u01a1n v\u1ecb thi\u1ebft k\u1ebf website uy t\u00edn v\u00e0 ch\u1ea5t l\u01b0\u1ee3ng? H\u00e3y \u0111\u1ebfn v\u1edbi LADIGI Agency &#8211; \u0111\u01a1n v\u1ecb chuy\u00ean cung c\u1ea5p d\u1ecbch v\u1ee5 thi\u1ebft k\u1ebf website tr\u1ecdn g\u00f3i v\u1edbi Theme WordPress Th\u1ebf Gi\u1edbi Di \u0110\u1ed9ng.\n<\/p>\n<p>\n V\u1edbi s\u1ef1 ph\u00e1t tri\u1ec3n kh\u00f4ng ng\u1eebng c\u1ee7a c\u00f4ng ngh\u1ec7, vi\u1ec7c s\u1eed d\u1ee5ng \u0111i\u1ec7n tho\u1ea1i di \u0111\u1ed9ng \u0111\u1ec3 truy c\u1eadp internet \u0111\u00e3 tr\u1edf th\u00e0nh m\u1ed9t xu h\u01b0\u1edbng kh\u00f4ng th\u1ec3 ph\u1ee7 nh\u1eadn. V\u00ec v\u1eady, vi\u1ec7c thi\u1ebft k\u1ebf website t\u01b0\u01a1ng th\u00edch tr\u00ean m\u1ecdi thi\u1ebft b\u1ecb di \u0111\u1ed9ng l\u00e0 \u0111i\u1ec1u c\u1ea7n thi\u1ebft \u0111\u1ec3 \u0111\u1ea3m b\u1ea3o s\u1ef1 ti\u1ebfp c\u1eadn v\u00e0 t\u01b0\u01a1ng t\u00e1c t\u1ed1t nh\u1ea5t v\u1edbi kh\u00e1ch h\u00e0ng.\n<\/p>\n<p>\n \u0110\u1ec3 \u0111\u00e1p \u1ee9ng nhu c\u1ea7u n\u00e0y, LADIGI Agency \u0111\u00e3 s\u1eed d\u1ee5ng Theme Flatsome v\u00e0 UX Builder &#8211; m\u1ed9t trong nh\u1eefng theme WordPress h\u00e0ng \u0111\u1ea7u v\u1ec1 thi\u1ebft k\u1ebf website th\u1ebf gi\u1edbi di \u0111\u1ed9ng. V\u1edbi giao di\u1ec7n \u0111\u1eb9p m\u1eaft, chuy\u00ean nghi\u1ec7p v\u00e0 d\u1ec5 s\u1eed d\u1ee5ng, website c\u1ee7a b\u1ea1n s\u1ebd thu h\u00fat ng\u01b0\u1eddi d\u00f9ng ngay t\u1eeb c\u00e1i nh\u00ecn \u0111\u1ea7u ti\u00ean.\n<\/p>\n<p>\n Ngo\u00e0i ra, m\u00e3 ngu\u1ed3n WordPress v\u00e0 Theme Flatsome c\u00f2n cho ph\u00e9p ch\u00fang t\u00f4i t\u00f9y bi\u1ebfn website theo \u00fd mu\u1ed1n c\u1ee7a kh\u00e1ch h\u00e0ng. B\u1ea1n c\u00f3 th\u1ec3 d\u1ec5 d\u00e0ng thay \u0111\u1ed5i m\u00e0u s\u1eafc, font ch\u1eef, b\u1ed1 c\u1ee5c v\u00e0 n\u1ed9i dung trang web m\u1ed9t c\u00e1ch linh ho\u1ea1t v\u00e0 nhanh ch\u00f3ng.\n<\/p>\n<p>\n M\u1ed9t trong nh\u1eefng y\u1ebfu t\u1ed1 quan tr\u1ecdng c\u1ee7a m\u1ed9t website l\u00e0 t\u1ed1c \u0111\u1ed9 t\u1ea3i trang. V\u1edbi Theme Flatsome v\u00e0 UX Builder, ch\u00fang t\u00f4i cam k\u1ebft \u0111\u1ea3m b\u1ea3o t\u1ed1c \u0111\u1ed9 t\u1ea3i trang nhanh, gi\u00fap ng\u01b0\u1eddi d\u00f9ng c\u00f3 tr\u1ea3i nghi\u1ec7m truy c\u1eadp website t\u1ed1t nh\u1ea5t.\n<\/p>\n<p>\n LADIGI Agency l\u00e0 \u0111\u01a1n v\u1ecb chuy\u00ean cung c\u1ea5p d\u1ecbch v\u1ee5 thi\u1ebft k\u1ebf website tr\u1ecdn g\u00f3i v\u1edbi nhi\u1ec1u n\u0103m kinh nghi\u1ec7m v\u00e0 h\u00e0ng ng\u00e0n d\u1ef1 \u00e1n th\u00e0nh c\u00f4ng. Ch\u00fang t\u00f4i cam k\u1ebft mang \u0111\u1ebfn cho kh\u00e1ch h\u00e0ng nh\u1eefng s\u1ea3n ph\u1ea9m ch\u1ea5t l\u01b0\u1ee3ng, \u0111\u00e1p \u1ee9ng \u0111\u01b0\u1ee3c m\u1ecdi y\u00eau c\u1ea7u v\u00e0 mong mu\u1ed1n c\u1ee7a h\u1ecd.\n<\/p>\n<p>\n \u0110\u1ebfn v\u1edbi LADIGI Agency, b\u1ea1n s\u1ebd \u0111\u01b0\u1ee3c t\u1eadn h\u01b0\u1edfng d\u1ecbch v\u1ee5 thi\u1ebft k\u1ebf website chuy\u00ean nghi\u1ec7p, nhanh ch\u00f3ng v\u00e0 ti\u1ebft ki\u1ec7m th\u1eddi gian. Ch\u00fang t\u00f4i s\u1ebd \u0111\u1ed3ng h\u00e0nh c\u00f9ng b\u1ea1n trong qu\u00e1 tr\u00ecnh x\u00e2y d\u1ef1ng v\u00e0 ph\u00e1t tri\u1ec3n website, \u0111\u1ea3m b\u1ea3o \u0111em l\u1ea1i hi\u1ec7u qu\u1ea3 kinh doanh cao nh\u1ea5t.\n<\/p>\n<p>\n H\u00e3y li\u00ean h\u1ec7 v\u1edbi ch\u00fang t\u00f4i ngay h\u00f4m nay \u0111\u1ec3 c\u00f3 \u0111\u01b0\u1ee3c m\u1ed9t website \u0111\u1eb9p, chuy\u00ean nghi\u1ec7p v\u00e0 t\u01b0\u01a1ng th\u00edch tr\u00ean m\u1ecdi thi\u1ebft b\u1ecb di \u0111\u1ed9ng. \u0110\u1ec3 bi\u1ebft th\u00eam th\u00f4ng tin chi ti\u1ebft v\u1ec1 d\u1ecbch v\u1ee5 thi\u1ebft k\u1ebf website tr\u1ecdn g\u00f3i c\u1ee7a LADIGI Agency, vui l\u00f2ng truy c\u1eadp<br \/>\n <a href=\"https:\/\/ladigi.vn\/thiet-ke-website\/\"><br \/>\n  \u0111\u00e2y<br \/>\n <\/a><br \/>\n . Ch\u00fang t\u00f4i lu\u00f4n s\u1eb5n s\u00e0ng h\u1ed7 tr\u1ee3 b\u1ea1n!<\/p>\n","protected":false},"excerpt":{"rendered":"<p>D\u1ecbch v\u1ee5 Thi\u1ebft k\u1ebf website Theme wordpress th\u1ebf gi\u1edbi di \u0111\u1ed9ng mang \u0111\u1ebfn cho kh\u00e1ch h\u00e0ng m\u1ed9t trang web \u0111\u1eb9p, chuy\u00ean nghi\u1ec7p v\u00e0 d\u1ec5 s\u1eed d\u1ee5ng tr\u00ean m\u1ecdi thi\u1ebft b\u1ecb. V\u1edbi m\u00e3 ngu\u1ed3n Wordpress v\u00e0 s\u1eed d\u1ee5ng Theme Flatsome c\u00f9ng UX Builder, kh\u00e1ch h\u00e0ng c\u00f3 th\u1ec3 d\u1ec5 d\u00e0ng t\u00f9y bi\u1ebfn giao di\u1ec7n web theo \u00fd mu\u1ed1n. \u0110\u1eb7c bi\u1ec7t, t\u1ed1c \u0111\u1ed9 t\u1ea3i trang nhanh gi\u00fap t\u0103ng tr\u1ea3i nghi\u1ec7m ng\u01b0\u1eddi d\u00f9ng v\u00e0 c\u1ea3i thi\u1ec7n hi\u1ec7u qu\u1ea3 kinh doanh tr\u1ef1c tuy\u1ebfn.<\/p>\n","protected":false},"featured_media":9347,"comment_status":"open","ping_status":"closed","template":"","meta":[],"product_cat":[16],"product_tag":[],"class_list":{"0":"post-9346","1":"product","2":"type-product","3":"status-publish","4":"has-post-thumbnail","6":"product_cat-tat-ca","8":"first","9":"instock","10":"shipping-taxable","11":"product-type-external"},"_links":{"self":[{"href":"https:\/\/ladigi.vn\/thiet-ke-website\/wp-json\/wp\/v2\/product\/9346","targetHints":{"allow":["GET"]}}],"collection":[{"href":"https:\/\/ladigi.vn\/thiet-ke-website\/wp-json\/wp\/v2\/product"}],"about":[{"href":"https:\/\/ladigi.vn\/thiet-ke-website\/wp-json\/wp\/v2\/types\/product"}],"replies":[{"embeddable":true,"href":"https:\/\/ladigi.vn\/thiet-ke-website\/wp-json\/wp\/v2\/comments?post=9346"}],"wp:featuredmedia":[{"embeddable":true,"href":"https:\/\/ladigi.vn\/thiet-ke-website\/wp-json\/wp\/v2\/media\/9347"}],"wp:attachment":[{"href":"https:\/\/ladigi.vn\/thiet-ke-website\/wp-json\/wp\/v2\/media?parent=9346"}],"wp:term":[{"taxonomy":"product_cat","embeddable":true,"href":"https:\/\/ladigi.vn\/thiet-ke-website\/wp-json\/wp\/v2\/product_cat?post=9346"},{"taxonomy":"product_tag","embeddable":true,"href":"https:\/\/ladigi.vn\/thiet-ke-website\/wp-json\/wp\/v2\/product_tag?post=9346"}],"curies":[{"name":"wp","href":"https:\/\/api.w.org\/{rel}","templated":true}]}}